{"id":27105,"date":"2024-09-02T11:28:41","date_gmt":"2024-09-02T14:28:41","guid":{"rendered":"https:\/\/wp.ufpel.edu.br\/proben\/?page_id=27105"},"modified":"2024-09-03T09:12:08","modified_gmt":"2024-09-03T12:12:08","slug":"proben-seleciona-bolsistas","status":"publish","type":"page","link":"https:\/\/wp.ufpel.edu.br\/proben\/proben-seleciona-bolsistas\/","title":{"rendered":"Proben Seleciona Bolsistas"},"content":{"rendered":"<p><a href=\"https:\/\/wp.ufpel.edu.br\/proben\/files\/2024\/09\/Sem-nome-910-x-512-px.png\"><img loading=\"lazy\" decoding=\"async\" class=\"alignnone size-full wp-image-27119\" src=\"https:\/\/wp.ufpel.edu.br\/proben\/files\/2024\/09\/Sem-nome-910-x-512-px.png\" alt=\"\" width=\"910\" height=\"512\" \/><\/a><\/p>\n<p>O Proben est\u00e1 selecionando 02 bolsistas, estudantes de Arquitetura e Urbanismo ou Engenharia(s) que estejam cursando a partir do segundo semestre.<\/p>\n<p>A carga hor\u00e1ria das bolsas \u00e9 de 20 horas semanais e entre as vagas, uma para ampla concorr\u00eancia e uma vaga para candidatos em vulnerabilidade social.<\/p>\n<p>Atividades do bolsista:<\/p>\n<p>a) Execu\u00e7\u00e3o das atividades do PROBEN (Programa de Bom Uso Energ\u00e9tico) da Universidade Federal<br \/>\nde Pelotas;<br \/>\nb) Apoio no desenvolvimento das atividades do LABCEE;<br \/>\nc) Apoio no desenvolvimento das atividades do LINSE (Laborat\u00f3rio de Inspe\u00e7\u00e3o de Efici\u00eancia Energ\u00e9tica em Edifica\u00e7\u00f5es).<\/p>\n<p>As inscri\u00e7\u00f5es v\u00e3o do dia 02 ao dia 13 de setembro de 2024.<br \/>\nLink para as inscri\u00e7\u00f5es: https:\/\/forms.gle\/En3mE7qz61bVcvGj9<\/p>\n<p>Para mais informa\u00e7\u00f5es :\u00a0<a href=\"https:\/\/wp.ufpel.edu.br\/proben\/files\/2024\/09\/Edital-Bolsistas-PROBEN-2024.pdf\">Edital Bolsistas PROBEN 2024<\/a><\/p>\n","protected":false},"excerpt":{"rendered":"<p>O Proben est\u00e1 selecionando 02 bolsistas, estudantes de Arquitetura e Urbanismo ou Engenharia(s) que estejam cursando a partir do segundo semestre. A carga hor\u00e1ria das bolsas \u00e9 de 20 horas semanais e entre as vagas, uma para ampla concorr\u00eancia e uma vaga para candidatos em vulnerabilidade social. Atividades do bolsista: a) Execu\u00e7\u00e3o das atividades do&#8230; <\/p>\n<div class=\"link-more\"><a href=\"https:\/\/wp.ufpel.edu.br\/proben\/proben-seleciona-bolsistas\/\">Leia mais<\/a><\/div>\n","protected":false},"author":303,"featured_media":0,"parent":0,"menu_order":0,"comment_status":"closed","ping_status":"closed","template":"","meta":{"footnotes":""},"class_list":["post-27105","page","type-page","status-publish","hentry"],"jetpack_sharing_enabled":true,"_links":{"self":[{"href":"https:\/\/wp.ufpel.edu.br\/proben\/wp-json\/wp\/v2\/pages\/27105","targetHints":{"allow":["GET"]}}],"collection":[{"href":"https:\/\/wp.ufpel.edu.br\/proben\/wp-json\/wp\/v2\/pages"}],"about":[{"href":"https:\/\/wp.ufpel.edu.br\/proben\/wp-json\/wp\/v2\/types\/page"}],"author":[{"embeddable":true,"href":"https:\/\/wp.ufpel.edu.br\/proben\/wp-json\/wp\/v2\/users\/303"}],"replies":[{"embeddable":true,"href":"https:\/\/wp.ufpel.edu.br\/proben\/wp-json\/wp\/v2\/comments?post=27105"}],"version-history":[{"count":5,"href":"https:\/\/wp.ufpel.edu.br\/proben\/wp-json\/wp\/v2\/pages\/27105\/revisions"}],"predecessor-version":[{"id":27120,"href":"https:\/\/wp.ufpel.edu.br\/proben\/wp-json\/wp\/v2\/pages\/27105\/revisions\/27120"}],"wp:attachment":[{"href":"https:\/\/wp.ufpel.edu.br\/proben\/wp-json\/wp\/v2\/media?parent=27105"}],"curies":[{"name":"wp","href":"https:\/\/api.w.org\/{rel}","templated":true}]}}