{"id":2621,"date":"2013-12-05T10:09:52","date_gmt":"2013-12-05T12:09:52","guid":{"rendered":"https:\/\/wp.ufpel.edu.br\/proben\/?page_id=2621"},"modified":"2024-07-07T20:58:05","modified_gmt":"2024-07-07T23:58:05","slug":"perguntas-frequentes","status":"publish","type":"page","link":"https:\/\/wp.ufpel.edu.br\/proben\/proben-educacao\/perguntas-frequentes\/","title":{"rendered":"Perguntas Frequentes"},"content":{"rendered":"<p><b>O Manual para Elabora\u00e7\u00e3o do Programa de Efici\u00eancia Energ\u00e9tica estabelece que todos os projetos de efici\u00eancia energ\u00e9tica cujo cliente tenha fins lucrativos devem ser realizados mediante Contrato de Desempenho. O disposto tamb\u00e9m se aplica a empresas de capital p\u00fablico?<\/b><\/p>\n<p><b><\/b>As Empresas P\u00fablicas\/Sociedades de Economia Mista, apesar de serem entidades jur\u00eddicas de capital p\u00fablico, desempenham atividades econ\u00f4micas com fins lucrativos. Portanto, os projetos que atendam a estas unidades consumidoras tamb\u00e9m devem ser realizados mediante assinatura de Contratos de Desempenho.<\/p>\n<p>&nbsp;<\/p>\n<p><b>Devo tirar da tomada aparelhos como TV, DVD, microondas e CD <em>players<\/em> enquanto n\u00e3o os estiver utilizando?\u00a0<\/b><\/p>\n<p>Sim. Al\u00e9m de economizar energia, a medida \u00e9 importante para evitar que os aparelhos sejam danificados caso ocorram \u201capag\u00f5es\u201d.<\/p>\n<p>&nbsp;<\/p>\n<p><b>H\u00e1 diferen\u00e7a entre desligar a TV no controle remoto e no <em>power<\/em> (liga\/desliga) do aparelho?\u00a0<\/b><\/p>\n<p>Sim. Desligada pelo controle, a TV fica em <em>stand by<\/em>, consumindo energia.<\/p>\n<p>&nbsp;<\/p>\n<p><b>Devo desligar a luz toda vez que saio de um ambiente? Isso n\u00e3o gera um gasto maior?<\/b><\/p>\n<p>Sim, devemos toda vez que sair de um ambiente, que ficar\u00e1 desocupado, apagar as luzes. Ao contr\u00e1rio do que se pensa esse procedimento n\u00e3o consome mais energia. Estudos mostram que apesar da corrente de partida do equipamento ser mais alta que a corrente nominal ela permanece por um tempo muito curto n\u00e3o gerando consumo mensur\u00e1vel neste per\u00edodo.<\/p>\n<p>&nbsp;<\/p>\n<p><strong>Sensores de presen\u00e7a ajudam a economizar energia?<\/strong><\/p>\n<p>\u00c9 verdade. Quando se utiliza o sensor de presen\u00e7a pode-se diminuir o uso de alguns equipamentos. Ex.: o sensor de presen\u00e7a para acionar uma l\u00e2mpada de \u00e1rea de pouca movimenta\u00e7\u00e3o de pessoas (corredores), ou para acionar uma escada rolante.<\/p>\n<p>&nbsp;<\/p>\n<p><b>Aparelhos ligados em 220 volts gastam mais energia que os ligados em 127 volts?\u00a0<\/b><\/p>\n<p>\u00c9 um mito.\u00a0 N\u00e3o h\u00e1 diferen\u00e7a significativa no consumo de energia entre um aparelho 220v e 110v. O consumo de energia depende da pot\u00eancia do aparelho e do tempo de sua utiliza\u00e7\u00e3o, n\u00e3o da tens\u00e3o.<\/p>\n<p>&nbsp;<\/p>\n<p><b>Posso colocar roupas para secar atr\u00e1s da geladeira?<\/b><\/p>\n<p>N\u00e3o.\u00a0O h\u00e1bito de secar roupas na parte traseira da geladeira sobrecarrega o aparelho e aumenta o consumo. O ideal \u00e9 manter a \u00e1rea livre para circula\u00e7\u00e3o de ar.<\/p>\n<p>&nbsp;<\/p>\n<p><b>Gelo acumulado no freezer gasta mais energia?\u00a0<\/b><\/p>\n<p>Sim. \u00c9 importante descongelar regularmente a geladeira e o freezer, evitando que se formem camadas de gelo com mais de 0,5 cent\u00edmetro de espessura.<\/p>\n<p>&nbsp;<\/p>\n<p><b>Em qual hor\u00e1rio deve-se evitar o consumo de energia?\u00a0<\/b><\/p>\n<p>No hor\u00e1rio de pico, que \u00e9 das 18 \u00e0s 21 horas.<\/p>\n<p>&nbsp;<\/p>\n<p><b>Colocar um vidro com \u00e1gua em cima do rel\u00f3gio diminui o consumo de energia ou o valor da conta?<\/b><\/p>\n<p>\u00c9 um mito. N\u00e3o h\u00e1 influ\u00eancia da garrafa de \u00e1gua sobre a corrente el\u00e9trica que circula no medidor de energia el\u00e9trica, e muito menos sobre o consumo do cliente.<\/p>\n<p style=\"text-align: center;\"><b>Fonte: <a href=\"https:\/\/www.grupocpfl.com.br\/noticia\/cpfl-revela-20-mitos-e-verdades-sobre-utilizacao-da-energia-e-equipamentos-eletricos\">CFPL<\/a><\/b><\/p>\n","protected":false},"excerpt":{"rendered":"<p>O Manual para Elabora\u00e7\u00e3o do Programa de Efici\u00eancia Energ\u00e9tica estabelece que todos os projetos de efici\u00eancia energ\u00e9tica cujo cliente tenha fins lucrativos devem ser realizados mediante Contrato de Desempenho. O disposto tamb\u00e9m se aplica a empresas de capital p\u00fablico? As Empresas P\u00fablicas\/Sociedades de Economia Mista, apesar de serem entidades jur\u00eddicas de capital p\u00fablico, desempenham atividades&#8230; <\/p>\n<div class=\"link-more\"><a href=\"https:\/\/wp.ufpel.edu.br\/proben\/proben-educacao\/perguntas-frequentes\/\">Leia mais<\/a><\/div>\n","protected":false},"author":303,"featured_media":0,"parent":3491,"menu_order":2,"comment_status":"closed","ping_status":"closed","template":"","meta":{"footnotes":""},"class_list":["post-2621","page","type-page","status-publish","hentry"],"jetpack_sharing_enabled":true,"_links":{"self":[{"href":"https:\/\/wp.ufpel.edu.br\/proben\/wp-json\/wp\/v2\/pages\/2621","targetHints":{"allow":["GET"]}}],"collection":[{"href":"https:\/\/wp.ufpel.edu.br\/proben\/wp-json\/wp\/v2\/pages"}],"about":[{"href":"https:\/\/wp.ufpel.edu.br\/proben\/wp-json\/wp\/v2\/types\/page"}],"author":[{"embeddable":true,"href":"https:\/\/wp.ufpel.edu.br\/proben\/wp-json\/wp\/v2\/users\/303"}],"replies":[{"embeddable":true,"href":"https:\/\/wp.ufpel.edu.br\/proben\/wp-json\/wp\/v2\/comments?post=2621"}],"version-history":[{"count":28,"href":"https:\/\/wp.ufpel.edu.br\/proben\/wp-json\/wp\/v2\/pages\/2621\/revisions"}],"predecessor-version":[{"id":19318,"href":"https:\/\/wp.ufpel.edu.br\/proben\/wp-json\/wp\/v2\/pages\/2621\/revisions\/19318"}],"up":[{"embeddable":true,"href":"https:\/\/wp.ufpel.edu.br\/proben\/wp-json\/wp\/v2\/pages\/3491"}],"wp:attachment":[{"href":"https:\/\/wp.ufpel.edu.br\/proben\/wp-json\/wp\/v2\/media?parent=2621"}],"curies":[{"name":"wp","href":"https:\/\/api.w.org\/{rel}","templated":true}]}}