{"id":26,"date":"2013-08-28T15:00:39","date_gmt":"2013-08-28T18:00:39","guid":{"rendered":"https:\/\/wp.ufpel.edu.br\/proben\/?page_id=26"},"modified":"2024-09-10T09:53:32","modified_gmt":"2024-09-10T12:53:32","slug":"regimento","status":"publish","type":"page","link":"https:\/\/wp.ufpel.edu.br\/proben\/o-que-e\/regimento\/","title":{"rendered":"Regimento"},"content":{"rendered":"<h3 style=\"text-align: center\"><strong>RESOLU\u00c7\u00c3O N\u00ba 03, DE 13 DE DEZEMBRO DE 2011<\/strong><\/h3>\n<p style=\"text-align: center\">O PRESIDENTE DO CONSELHO UNIVERSIT\u00c1RIO, no uso de suas atribui\u00e7\u00f5es legais,<\/p>\n<p style=\"text-align: center\">CONSIDERANDO a necessidade de minimizar os gastos com energia el\u00e9trica na Universidade,<\/p>\n<p style=\"text-align: center\">CONSIDERANDO o conte\u00fado do processo UFPel protocolado sob o n\u00ba 23110.006991\/2010-72,<\/p>\n<p style=\"text-align: center\">CONSIDERANDO o que foi deliberado na reuni\u00e3o do dia 13 de dezembro de dois mil e onze, conforme ata n\u00ba 01\/2011,<\/p>\n<p style=\"text-align: justify\"><strong>RESOLVE:<\/strong><\/p>\n<p style=\"text-align: justify\">APROVAR o Regimento do Programa de Bom Uso Energ\u00e9tico \u2013 PROBEN da Universidade Federal de Pelotas como segue:<\/p>\n<h3 style=\"text-align: center\">CAP\u00cdTULO I<\/h3>\n<p style=\"text-align: center\"><span style=\"text-decoration: underline\">Da Conceitua\u00e7\u00e3o e dos Objetivos<\/span><\/p>\n<p style=\"text-align: justify\"><strong>Art. 1\u00ba.<\/strong>\u00a0 O PROBEN \u2013 Programa de Bom Uso Energ\u00e9tico \u00e9 um programa institucional da Universidade Federal de Pelotas subordinado diretamente ao Gabinete do Reitor, tendo suas a\u00e7\u00f5es coordenadas pelo Laborat\u00f3rio de Conforto e Efici\u00eancia Energ\u00e9tica (LABCEE), da Faculdade de Arquitetura e Urbanismo, e submetidas \u00e0 Comiss\u00e3o de Uso Racional de Energia (CURE).<\/p>\n<p><strong>Art. 2\u00ba.<\/strong> S\u00e3o objetivos do PROBEN:<\/p>\n<p style=\"text-align: justify\"><strong>\u00a7 1\u00ba &#8211;<\/strong> Constitui objetivo geral: implementar o bom uso da energia el\u00e9trica no \u00e2mbito da UFPel, atrav\u00e9s da educa\u00e7\u00e3o do usu\u00e1rio e da implementa\u00e7\u00e3o de tecnologias e t\u00e9cnicas mais eficientes, buscando a redu\u00e7\u00e3o do consumo, das despesas com energia el\u00e9trica mais eficientes, buscando a redu\u00e7\u00e3o do consumo, das despesas com energia el\u00e9trica e a dissemina\u00e7\u00e3o do conhecimento na Institui\u00e7\u00e3o e para elem das fronteiras da universidade. Em outras palavras, promover o uso racional da energia el\u00e9trica, tratando-a com responsabilidade e sem desperd\u00edcios.<\/p>\n<p><strong>\u00a7 2\u00ba &#8211;<\/strong> Constituem objetivos espec\u00edficos:<\/p>\n<div>\n<p style=\"text-align: justify\"><strong>I \u2013<\/strong> Organiza\u00e7\u00e3o das informa\u00e7\u00f5es dispon\u00edveis e caracteriza\u00e7\u00e3o do perfil de consumo de energia el\u00e9trica da UFPel;<\/p>\n<\/div>\n<div>\n<p><strong>II \u2013<\/strong> Revis\u00e3o dos contratos de energia (demanda e estrutura tarif\u00e1ria) das unidades da UFPel que sejam atendidas atrav\u00e9s de alta e baixa tens\u00e3o;<\/p>\n<\/div>\n<div>\n<p style=\"text-align: justify\"><strong>III \u2013<\/strong> Corre\u00e7\u00e3o do fator de pot\u00eancia das diversas instala\u00e7\u00f5es, evitando-se desperd\u00edcios com componentes reativas de pot\u00eancia;<\/p>\n<p style=\"text-align: justify\"><strong>IV \u2013<\/strong> Eficientiza\u00e7\u00e3o do sistema de ilumina\u00e7\u00e3o utilizado nas depend\u00eancias da UFPel;<\/p>\n<\/div>\n<div><strong>V \u2013<\/strong> Eficientiza\u00e7\u00e3o do sistema de condicionamento de ar utilizado nas depend\u00eancias;<\/div>\n<div><\/div>\n<div><strong>VI \u2013<\/strong> Diagn\u00f3stico de funcionamento de motores el\u00e9tricos;<\/div>\n<div><\/div>\n<div><strong>VII \u2013<\/strong> Orienta\u00e7\u00e3o na elabora\u00e7\u00e3o de novos projetos arquitet\u00f4nicos;<\/div>\n<div>\n<p style=\"text-align: justify\"><strong>VIII \u2013<\/strong> Implanta\u00e7\u00e3o de um programa de conscientiza\u00e7\u00e3o e orienta\u00e7\u00e3o da comunidade universit\u00e1ria;<\/p>\n<\/div>\n<div>\n<p style=\"text-align: justify\"><strong>IX \u2013<\/strong> Implanta\u00e7\u00e3o de um sistema de acompanhamento e gerenciamento permanente de todo o sistema de energia el\u00e9trica da UFPel;<\/p>\n<p style=\"text-align: justify\"><strong>X \u2013<\/strong> Capta\u00e7\u00e3o de recursos para implementa\u00e7\u00e3o de projetos de efici\u00eancia energ\u00e9tica;<\/p>\n<\/div>\n<p><strong>XI \u2013<\/strong> Divulga\u00e7\u00e3o de resultados de a\u00e7\u00f5es e pesquisas na \u00e1rea de conforto ambiental e efici\u00eancia energ\u00e9tica<\/p>\n<p style=\"text-align: justify\"><strong>Art. 5\u00ba.<\/strong> Constituem-se recursos financeiros permanentes para gerenciamento e desenvolvimento do PROBEN e a manuten\u00e7\u00e3o e capacita\u00e7\u00e3o do LABCEE, o percentual de 60% daqueles oriundos da economia gerada na a\u00e7\u00e3o espec\u00edfica da corre\u00e7\u00e3o do fator de pot\u00eancia e recontrata\u00e7\u00e3o de demanda, alocados em UGR pr\u00f3prio.<\/p>\n<p><strong>\u00a7 1<\/strong> \u2013 A quantifica\u00e7\u00e3o destes recursos \u00e9 definida tomando-se o ano anterior como refer\u00eancia.<\/p>\n<p><strong>\u00a7 2<\/strong> \u2013 A administra\u00e7\u00e3o destes recursos ser\u00e1 feita pelo Coordenador do LABCEE, segundo as normas vigentes na UFPel.<\/p>\n<p>&nbsp;<\/p>\n<h3 style=\"text-align: center\">CAP\u00cdTULO II<\/h3>\n<p style=\"text-align: center\"><span style=\"text-decoration: underline\">Das Atividades Desenvolvidas<\/span><\/p>\n<p><strong>Art. 3\u00ba.<\/strong> As atividades do PROBEN dever\u00e3o obedecer ao Regimento Geral da Universidade Federal de Pelotas e \u00e0s normas vigentes na UFPel, n\u00e3o podendo estar dissociadas do ensino, da pesquisa ou da extens\u00e3o.<\/p>\n<p><strong>\u00a7 \u00danico \u2013<\/strong> As atividades do PROBEN ser\u00e3o executadas atrav\u00e9s da coordena\u00e7\u00e3o do LABCEE, que as submeter\u00e1 \u00e0 aprova\u00e7\u00e3o da Comiss\u00e3o de Uso Racional de Energia, vinculada ao Gabinete do Reitor.<\/p>\n<h3 style=\"text-align: center\">CAP\u00cdTULO III<\/h3>\n<p style=\"text-align: center\"><span style=\"text-decoration: underline\">Dos Recursos Financeiros<\/span><\/p>\n<p style=\"text-align: justify\"><strong>Art. 4\u00ba.<\/strong> Constituem-se recursos financeiros para aplica\u00e7\u00e3o no PROBEN aqueles obtidos por interm\u00e9dio da economia de energia advinda da aplica\u00e7\u00e3o das diversas etapas do pr\u00f3prio programa, de conv\u00eanio com outras institui\u00e7\u00f5es, oriundos de financiamento a projetos espec\u00edficos ou, ainda, recursos destinados pela administra\u00e7\u00e3o superior da UFPel.<\/p>\n<p style=\"text-align: justify\"><strong>\u00a7 \u00danico \u2013<\/strong> As prioridades de aplica\u00e7\u00e3o destes recursos s\u00e3o definidas pela Comiss\u00e3o de Uso Racional de Energia (CURE) e submetidas \u00e0 aprecia\u00e7\u00e3o do Reitor,segundo as normas vigentes na UFPel.<\/p>\n<p style=\"text-align: justify\"><strong>Art. 5\u00ba.<\/strong> Constituem-se recursos financeiros permanentes para gerenciamento e desenvolvimento do PROBEN e a manuten\u00e7\u00e3o e capacita\u00e7\u00e3o do LABCEE, o percentual de 60% daqueles oriundos da economia gerada na a\u00e7\u00e3o espec\u00edfica da corre\u00e7\u00e3o do fator de pot\u00eancia e recontrata\u00e7\u00e3o de demanda, alocados em UGR pr\u00f3prio.<\/p>\n<p><strong>\u00a7 1 \u2013<\/strong> A quantifica\u00e7\u00e3o destes recursos \u00e9 definida tomando-se o ano anterior como refer\u00eancia.<\/p>\n<p><strong>\u00a7 2 \u2013<\/strong> A administra\u00e7\u00e3o destes recursos ser\u00e1 feita pelo Coordenador do LABCEE, segundo as normas vigentes na UFPel.<\/p>\n<h3 style=\"text-align: center\">\u00a0CAP\u00cdTULO IV<\/h3>\n<p style=\"text-align: center\"><span style=\"text-decoration: underline\">Da Comiss\u00e3o de Uso Racional de Energia<\/span><\/p>\n<div>\n<p style=\"text-align: justify\"><strong>Art. 6\u00ba.<\/strong> A Comiss\u00e3o de Uso Racional de Energia (CURE) ser\u00e1 composta por cinco (05) membros, assim definida: um (01) representante do Gabinete do Reitor, um (01) representante da Pr\u00f3-Reitoria Administrativa, um (01) representante da Pr\u00f3-Reitoria de Planejamento, um (01) representante da Pr\u00f3-Reitoria de Infra-Estrutura e Desenvolvimento e um (01) representante do LABCEE.<\/p>\n<\/div>\n<p><strong>Art. 7\u00ba.<\/strong> S\u00e3o atribui\u00e7\u00f5es da Comiss\u00e3o de Uso Racional de Energia (CURE):<\/p>\n<p><strong>I \u2013<\/strong> Definir plano de a\u00e7\u00e3o de efici\u00eancia energ\u00e9tica em curto, m\u00e9dio e longo prazo;<\/p>\n<p><strong>II \u2013<\/strong> Aprovar o plano de a\u00e7\u00e3o anual;<\/p>\n<p><strong>III \u2013<\/strong> Analisar os resultados parciais obtidos com a aplica\u00e7\u00e3o das diversas etapas do PROBEN, submetidos trimestralmente pelo LABCEE;<\/p>\n<h3 style=\"text-align: center\">CAP\u00cdTULO V<\/h3>\n<p style=\"text-align: center\"><span style=\"text-decoration: underline\">Das Disposi\u00e7\u00f5es Gerais e Transit\u00f3rias<\/span><\/p>\n<p><strong>Art. 8\u00ba.<\/strong> Estas normas entrar\u00e3o em vigor a partir da data de sua homologa\u00e7\u00e3o pelo Conselho Universit\u00e1rio.<\/p>\n<p><strong>Art. 9\u00ba.<\/strong> Os casos omissos ser\u00e3o resolvidos pela Comiss\u00e3o de Uso Racional de Energia (CURE).<\/p>\n<p>&nbsp;<\/p>\n<div>\n<p style=\"text-align: center\">Secretaria dos Conselhos Superiores da Universidade Federal de Pelotas, aos treze dias do m\u00eas de dezembro de 2011.<\/p>\n<p>&nbsp;<\/p>\n<\/div>\n<p style=\"text-align: center\"><strong>Prof. Antonio Cesar Gon\u00e7alves Borges<\/strong><\/p>\n<p style=\"text-align: center\"><strong>Presidente do CONSUN<\/strong><\/p>\n","protected":false},"excerpt":{"rendered":"<p>RESOLU\u00c7\u00c3O N\u00ba 03, DE 13 DE DEZEMBRO DE 2011 O PRESIDENTE DO CONSELHO UNIVERSIT\u00c1RIO, no uso de suas atribui\u00e7\u00f5es legais, CONSIDERANDO a necessidade de minimizar os gastos com energia el\u00e9trica na Universidade, CONSIDERANDO o conte\u00fado do processo UFPel protocolado sob o n\u00ba 23110.006991\/2010-72, CONSIDERANDO o que foi deliberado na reuni\u00e3o do dia 13 de dezembro&#8230; <\/p>\n<div class=\"link-more\"><a href=\"https:\/\/wp.ufpel.edu.br\/proben\/o-que-e\/regimento\/\">Leia mais<\/a><\/div>\n","protected":false},"author":303,"featured_media":0,"parent":8,"menu_order":2,"comment_status":"closed","ping_status":"closed","template":"","meta":{"footnotes":""},"class_list":["post-26","page","type-page","status-publish","hentry"],"jetpack_sharing_enabled":true,"_links":{"self":[{"href":"https:\/\/wp.ufpel.edu.br\/proben\/wp-json\/wp\/v2\/pages\/26","targetHints":{"allow":["GET"]}}],"collection":[{"href":"https:\/\/wp.ufpel.edu.br\/proben\/wp-json\/wp\/v2\/pages"}],"about":[{"href":"https:\/\/wp.ufpel.edu.br\/proben\/wp-json\/wp\/v2\/types\/page"}],"author":[{"embeddable":true,"href":"https:\/\/wp.ufpel.edu.br\/proben\/wp-json\/wp\/v2\/users\/303"}],"replies":[{"embeddable":true,"href":"https:\/\/wp.ufpel.edu.br\/proben\/wp-json\/wp\/v2\/comments?post=26"}],"version-history":[{"count":16,"href":"https:\/\/wp.ufpel.edu.br\/proben\/wp-json\/wp\/v2\/pages\/26\/revisions"}],"predecessor-version":[{"id":3942,"href":"https:\/\/wp.ufpel.edu.br\/proben\/wp-json\/wp\/v2\/pages\/26\/revisions\/3942"}],"up":[{"embeddable":true,"href":"https:\/\/wp.ufpel.edu.br\/proben\/wp-json\/wp\/v2\/pages\/8"}],"wp:attachment":[{"href":"https:\/\/wp.ufpel.edu.br\/proben\/wp-json\/wp\/v2\/media?parent=26"}],"curies":[{"name":"wp","href":"https:\/\/api.w.org\/{rel}","templated":true}]}}