{"id":216,"date":"2013-09-05T11:27:09","date_gmt":"2013-09-05T14:27:09","guid":{"rendered":"https:\/\/wp.ufpel.edu.br\/proben\/?page_id=216"},"modified":"2024-08-20T11:25:40","modified_gmt":"2024-08-20T14:25:40","slug":"explore-a-vontade","status":"publish","type":"page","link":"https:\/\/wp.ufpel.edu.br\/proben\/acoes-e-resultados\/acoes\/909-2\/explore-a-vontade\/","title":{"rendered":"Curiosidades"},"content":{"rendered":"<h3>Sites e aplicativos que voc\u00ea pode olhar \u00e0 vontade:<\/h3>\n<p style=\"text-align: justify;\">N\u00e3o tem nada mais interessante pra fazer do que ficar na telinha do seu celular, tablet ou micro? Aproveite para instalar esses aplicativos e conhecer melhor sites que ajudam a cuidar bem do planeta. \u00c9 a desculpa que voc\u00ea precisava para se manter viciado no <em>touchscreen<\/em>.<\/p>\n<p style=\"text-align: justify;\"><span style=\"color: #ffffff;\">&#8211;<\/span><\/p>\n<p style=\"text-align: justify;\"><span class=\"materia_detalhe_texto\"><a href=\"https:\/\/wp.ufpel.edu.br\/proben\/files\/2016\/06\/logo_procel.jpg\"><img loading=\"lazy\" decoding=\"async\" class=\"wp-image-5985 alignleft\" src=\"https:\/\/wp.ufpel.edu.br\/proben\/files\/2016\/06\/logo_procel.jpg\" alt=\"logo_procel\" width=\"189\" height=\"156\" srcset=\"https:\/\/wp.ufpel.edu.br\/proben\/files\/2016\/06\/logo_procel.jpg 245w, https:\/\/wp.ufpel.edu.br\/proben\/files\/2016\/06\/logo_procel-193x159.jpg 193w\" sizes=\"auto, (max-width: 189px) 100vw, 189px\" \/><\/a>O <b>Procel &#8211; Programa Nacional de Conserva\u00e7\u00e3o de Energia El\u00e9trica <\/b>\u00e9 um programa de governo, coordenado pelo Minist\u00e9rio de Minas e Energia \u2013 MME e executado pela Eletrobras.<\/span><\/p>\n<p><a href=\"http:\/\/www.procelinfo.com.br\/main.asp\">http:\/\/www.procelinfo.com.br\/main.asp<\/a><\/p>\n<p>&nbsp;<\/p>\n<p><span style=\"color: #ffffff;\">&#8211;<\/span><\/p>\n<p><span style=\"color: #ffffff;\">&#8211;<\/span><\/p>\n<p style=\"text-align: justify;\"><a href=\"https:\/\/wp.ufpel.edu.br\/proben\/files\/2013\/09\/Imagem7.png\"><img loading=\"lazy\" decoding=\"async\" class=\"alignleft\" src=\"https:\/\/wp.ufpel.edu.br\/proben\/files\/2013\/09\/Imagem7.png\" alt=\"Imagem7\" width=\"191\" height=\"63\" \/><\/a>O <strong>INEE<\/strong> \u00e9 uma organiza\u00e7\u00e3o n\u00e3o governamental sem fins lucrativos. Seu objetivo \u00e9 promover o aumento da efici\u00eancia na transforma\u00e7\u00e3o e na utiliza\u00e7\u00e3o de todas as modalidades de energia em benef\u00edcio da economia, do meio ambiente e da maior seguran\u00e7a quanto ao acesso \u00e0 energia e bem estar da sociedade.<\/p>\n<p style=\"text-align: justify;\"><a href=\"http:\/\/www.inee.org.br\/\">http:\/\/www.inee.org.br<\/a><\/p>\n<p>&nbsp;<\/p>\n<p>&nbsp;<\/p>\n<p><a href=\"https:\/\/wp.ufpel.edu.br\/proben\/files\/2013\/09\/Imagem5.png\"><img loading=\"lazy\" decoding=\"async\" class=\"alignleft\" src=\"https:\/\/wp.ufpel.edu.br\/proben\/files\/2013\/09\/Imagem5.png\" alt=\"Imagem5\" width=\"196\" height=\"74\" \/><\/a><\/p>\n<p><strong>Companhia Estadual de Energia El\u00e9trica<\/strong> \u2013 Rio Grande do Sul<br \/>\nNesse site al\u00e9m de voc\u00ea encontrar os tipos de faturas e tarifas, voc\u00ea pode calcular o consumo de cada aparelho que voc\u00ea usa em sua casa ou na Universidade e ver o quanto simples atitudes fazem diferen\u00e7a no bolso.<\/p>\n<p><a href=\"http:\/\/www.ceee.com.br\/\">http:\/\/www.ceee.com.br\/<\/a><\/p>\n<p>&nbsp;<\/p>\n<p>&nbsp;<\/p>\n<p><strong><img loading=\"lazy\" decoding=\"async\" class=\"size-full wp-image-10083 alignleft\" src=\"https:\/\/wp.ufpel.edu.br\/proben\/files\/2018\/09\/logo.png\" alt=\"\" width=\"286\" height=\"86\" \/>Portal de Not\u00edcias e Empregos sobre Energias Renov\u00e1veis, economia sustent\u00e1vel e efici\u00eancia energ\u00e9tica.<\/strong><\/p>\n<p><a href=\"http:\/\/www.portal-energia.com\/\">http:\/\/www.portal-energia.com\/<\/a><\/p>\n<p>&nbsp;<\/p>\n<p>&nbsp;<\/p>\n<h3>Aplicativos para tornar seu celular um guia para efici\u00eancia energ\u00e9tica:<\/h3>\n<p>&nbsp;<\/p>\n<p><a href=\"https:\/\/wp.ufpel.edu.br\/proben\/files\/2013\/09\/Imagem8.png\"><img loading=\"lazy\" decoding=\"async\" class=\" wp-image-273 alignleft\" src=\"https:\/\/wp.ufpel.edu.br\/proben\/files\/2013\/09\/Imagem8.png\" alt=\"Imagem8\" width=\"76\" height=\"88\" \/><\/a><\/p>\n<p><strong>Fake Shower:<\/strong><\/p>\n<p>Simule o som da \u00e1gua e calcule a quantidade que seria gasta se\u00a0o chuveiro ou a torneira estivessem abertos. Em portugu\u00eas, para iPhone.<\/p>\n<p>&nbsp;<\/p>\n<p>&nbsp;<\/p>\n<p>&nbsp;<\/p>\n<p><a href=\"https:\/\/wp.ufpel.edu.br\/proben\/files\/2013\/09\/Imagem9.png\"><img loading=\"lazy\" decoding=\"async\" class=\"alignleft wp-image-274\" src=\"https:\/\/wp.ufpel.edu.br\/proben\/files\/2013\/09\/Imagem9.png\" alt=\"Imagem9\" width=\"80\" height=\"83\" \/><\/a><\/p>\n<p><strong>Battery Doctor:<\/strong><\/p>\n<p>Veja como economizar a bateria do seu smartphone. Em ingl\u00eas para IOS e Android.<\/p>\n<p>&nbsp;<\/p>\n<p>&nbsp;<\/p>\n<p>&nbsp;<\/p>\n<p><a href=\"https:\/\/wp.ufpel.edu.br\/proben\/files\/2013\/09\/Imagem10.png\"><img loading=\"lazy\" decoding=\"async\" class=\" wp-image-275 alignleft\" src=\"https:\/\/wp.ufpel.edu.br\/proben\/files\/2013\/09\/Imagem10.png\" alt=\"Imagem10\" width=\"69\" height=\"69\" \/><\/a><\/p>\n<p><strong>Good Guide:<\/strong><\/p>\n<p>Traz dados sociais e ambientais para\u00a0 170 mil produtos. Em ingl\u00eas para IOS e Android.<\/p>\n","protected":false},"excerpt":{"rendered":"<p>Sites e aplicativos que voc\u00ea pode olhar \u00e0 vontade: N\u00e3o tem nada mais interessante pra fazer do que ficar na telinha do seu celular, tablet ou micro? Aproveite para instalar esses aplicativos e conhecer melhor sites que ajudam a cuidar bem do planeta. \u00c9 a desculpa que voc\u00ea precisava para se manter viciado no touchscreen&#8230;. <\/p>\n<div class=\"link-more\"><a href=\"https:\/\/wp.ufpel.edu.br\/proben\/acoes-e-resultados\/acoes\/909-2\/explore-a-vontade\/\">Leia mais<\/a><\/div>\n","protected":false},"author":303,"featured_media":0,"parent":909,"menu_order":4,"comment_status":"closed","ping_status":"closed","template":"","meta":{"footnotes":""},"class_list":["post-216","page","type-page","status-publish","hentry"],"jetpack_sharing_enabled":true,"_links":{"self":[{"href":"https:\/\/wp.ufpel.edu.br\/proben\/wp-json\/wp\/v2\/pages\/216","targetHints":{"allow":["GET"]}}],"collection":[{"href":"https:\/\/wp.ufpel.edu.br\/proben\/wp-json\/wp\/v2\/pages"}],"about":[{"href":"https:\/\/wp.ufpel.edu.br\/proben\/wp-json\/wp\/v2\/types\/page"}],"author":[{"embeddable":true,"href":"https:\/\/wp.ufpel.edu.br\/proben\/wp-json\/wp\/v2\/users\/303"}],"replies":[{"embeddable":true,"href":"https:\/\/wp.ufpel.edu.br\/proben\/wp-json\/wp\/v2\/comments?post=216"}],"version-history":[{"count":76,"href":"https:\/\/wp.ufpel.edu.br\/proben\/wp-json\/wp\/v2\/pages\/216\/revisions"}],"predecessor-version":[{"id":18967,"href":"https:\/\/wp.ufpel.edu.br\/proben\/wp-json\/wp\/v2\/pages\/216\/revisions\/18967"}],"up":[{"embeddable":true,"href":"https:\/\/wp.ufpel.edu.br\/proben\/wp-json\/wp\/v2\/pages\/909"}],"wp:attachment":[{"href":"https:\/\/wp.ufpel.edu.br\/proben\/wp-json\/wp\/v2\/media?parent=216"}],"curies":[{"name":"wp","href":"https:\/\/api.w.org\/{rel}","templated":true}]}}