{"id":19413,"date":"2022-06-21T22:21:25","date_gmt":"2022-06-22T01:21:25","guid":{"rendered":"https:\/\/wp.ufpel.edu.br\/proben\/?page_id=19413"},"modified":"2026-01-20T18:05:06","modified_gmt":"2026-01-20T21:05:06","slug":"conservatorio-de-musica-3","status":"publish","type":"page","link":"https:\/\/wp.ufpel.edu.br\/proben\/proben-educacao\/transparencia-de-contas-3\/conservatorio-de-musica-3\/","title":{"rendered":"Conservat\u00f3rio de M\u00fasica 3"},"content":{"rendered":"<p style=\"text-align: center;\"><strong>Conservat\u00f3rio de M\u00fasica 3<\/strong><\/p>\n<p style=\"text-align: center;\"><span style=\"font-size: 8pt;\"><img loading=\"lazy\" decoding=\"async\" class=\"aligncenter\" src=\"http:\/\/ccs2.ufpel.edu.br\/wp\/wp-content\/uploads\/2021\/09\/Conservatorio-de-Musica-scaled.jpg\" alt=\"Coordena\u00e7\u00e3o de Comunica\u00e7\u00e3o Social \u00bb Pr\u00e9dio do Conservat\u00f3rio de M\u00fasica ser\u00e1 revitalizado\" width=\"492\" height=\"327\" \/>Fonte: Google<\/span><\/p>\n<p style=\"text-align: center;\"><em>Rua Sete de Setembro, n\u00b0212<\/em><\/p>\n<p style=\"text-align: center;\"><em>Utilizado pelo curso de M\u00fasica;<\/em><\/p>\n<p style=\"text-align: center;\"><a href=\"https:\/\/wp.ufpel.edu.br\/proben\/acoes-4\/adequacao-do-sistema-tarifario\/\">Sistema Tarif\u00e1rio: Baixa Tens\u00e3o<\/a>*<\/p>\n<p style=\"text-align: center;\">N\u00famero de<strong>\u00a0<\/strong>instala\u00e7\u00e3o: 2442173-1<\/p>\n<p style=\"text-align: center;\">&#8211;<\/p>\n<p style=\"text-align: center;\"><strong>Hist\u00f3rico de consumo:<\/strong><\/p>\n<p><a href=\"https:\/\/wp.ufpel.edu.br\/proben\/files\/2026\/01\/conservatorio_03_2025.png\"><img loading=\"lazy\" decoding=\"async\" class=\"size-full wp-image-29454 aligncenter\" src=\"https:\/\/wp.ufpel.edu.br\/proben\/files\/2026\/01\/conservatorio_03_2025.png\" alt=\"\" width=\"603\" height=\"552\" srcset=\"https:\/\/wp.ufpel.edu.br\/proben\/files\/2026\/01\/conservatorio_03_2025.png 603w, https:\/\/wp.ufpel.edu.br\/proben\/files\/2026\/01\/conservatorio_03_2025-400x366.png 400w, https:\/\/wp.ufpel.edu.br\/proben\/files\/2026\/01\/conservatorio_03_2025-328x300.png 328w\" sizes=\"auto, (max-width: 603px) 100vw, 603px\" \/><\/a><\/p>\n<p>&nbsp;<\/p>\n<p style=\"text-align: center;\">&#8211;<\/p>\n<p style=\"text-align: center;\"><strong>Consumo dos \u00faltimos meses:<\/strong><\/p>\n<p><a href=\"https:\/\/wp.ufpel.edu.br\/proben\/files\/2026\/01\/conservatorio_03_2026_JAN.png\"><img loading=\"lazy\" decoding=\"async\" class=\"size-full wp-image-29457 aligncenter\" src=\"https:\/\/wp.ufpel.edu.br\/proben\/files\/2026\/01\/conservatorio_03_2026_JAN.png\" alt=\"\" width=\"1083\" height=\"527\" srcset=\"https:\/\/wp.ufpel.edu.br\/proben\/files\/2026\/01\/conservatorio_03_2026_JAN.png 1083w, https:\/\/wp.ufpel.edu.br\/proben\/files\/2026\/01\/conservatorio_03_2026_JAN-400x195.png 400w, https:\/\/wp.ufpel.edu.br\/proben\/files\/2026\/01\/conservatorio_03_2026_JAN-1024x498.png 1024w, https:\/\/wp.ufpel.edu.br\/proben\/files\/2026\/01\/conservatorio_03_2026_JAN-768x374.png 768w, https:\/\/wp.ufpel.edu.br\/proben\/files\/2026\/01\/conservatorio_03_2026_JAN-600x292.png 600w\" sizes=\"auto, (max-width: 1083px) 100vw, 1083px\" \/><\/a><\/p>\n<p>&nbsp;<\/p>\n<p style=\"text-align: center;\"><a href=\"https:\/\/wp.ufpel.edu.br\/proben\/files\/2026\/01\/conservatorio_03_2026_JAN.xlsx\">Conservat\u00f3rio M\u00fasica 3<\/a>\u00a0 &#8211; Tabela para Download<\/p>\n<p style=\"text-align: center;\">*\u00a0<a href=\"https:\/\/wp.ufpel.edu.br\/proben\/acoes-4\/adequacao-do-sistema-tarifario\/\">clique aqui para entender como fazemos a adequa\u00e7\u00e3o do sistema tarif\u00e1rio<\/a><\/p>\n","protected":false},"excerpt":{"rendered":"<p>Conservat\u00f3rio de M\u00fasica 3 Fonte: Google Rua Sete de Setembro, n\u00b0212 Utilizado pelo curso de M\u00fasica; Sistema Tarif\u00e1rio: Baixa Tens\u00e3o* N\u00famero de\u00a0instala\u00e7\u00e3o: 2442173-1 &#8211; Hist\u00f3rico de consumo: &nbsp; &#8211; Consumo dos \u00faltimos meses: &nbsp; Conservat\u00f3rio M\u00fasica 3\u00a0 &#8211; Tabela para Download *\u00a0clique aqui para entender como fazemos a adequa\u00e7\u00e3o do sistema tarif\u00e1rio<\/p>\n","protected":false},"author":303,"featured_media":0,"parent":1056,"menu_order":0,"comment_status":"closed","ping_status":"closed","template":"","meta":{"footnotes":""},"class_list":["post-19413","page","type-page","status-publish","hentry"],"jetpack_sharing_enabled":true,"_links":{"self":[{"href":"https:\/\/wp.ufpel.edu.br\/proben\/wp-json\/wp\/v2\/pages\/19413","targetHints":{"allow":["GET"]}}],"collection":[{"href":"https:\/\/wp.ufpel.edu.br\/proben\/wp-json\/wp\/v2\/pages"}],"about":[{"href":"https:\/\/wp.ufpel.edu.br\/proben\/wp-json\/wp\/v2\/types\/page"}],"author":[{"embeddable":true,"href":"https:\/\/wp.ufpel.edu.br\/proben\/wp-json\/wp\/v2\/users\/303"}],"replies":[{"embeddable":true,"href":"https:\/\/wp.ufpel.edu.br\/proben\/wp-json\/wp\/v2\/comments?post=19413"}],"version-history":[{"count":3,"href":"https:\/\/wp.ufpel.edu.br\/proben\/wp-json\/wp\/v2\/pages\/19413\/revisions"}],"predecessor-version":[{"id":29460,"href":"https:\/\/wp.ufpel.edu.br\/proben\/wp-json\/wp\/v2\/pages\/19413\/revisions\/29460"}],"up":[{"embeddable":true,"href":"https:\/\/wp.ufpel.edu.br\/proben\/wp-json\/wp\/v2\/pages\/1056"}],"wp:attachment":[{"href":"https:\/\/wp.ufpel.edu.br\/proben\/wp-json\/wp\/v2\/media?parent=19413"}],"curies":[{"name":"wp","href":"https:\/\/api.w.org\/{rel}","templated":true}]}}