{"id":19408,"date":"2022-06-21T22:16:26","date_gmt":"2022-06-22T01:16:26","guid":{"rendered":"https:\/\/wp.ufpel.edu.br\/proben\/?page_id=19408"},"modified":"2026-01-20T18:04:25","modified_gmt":"2026-01-20T21:04:25","slug":"conservatorio-de-musica-2","status":"publish","type":"page","link":"https:\/\/wp.ufpel.edu.br\/proben\/proben-educacao\/transparencia-de-contas-3\/conservatorio-de-musica-2\/","title":{"rendered":"Conservat\u00f3rio de M\u00fasica 2"},"content":{"rendered":"<p style=\"text-align: center;\"><strong>Conservat\u00f3rio de M\u00fasica 2<\/strong><\/p>\n<p style=\"text-align: center;\"><img loading=\"lazy\" decoding=\"async\" class=\"aligncenter wp-image-12399\" src=\"https:\/\/wp.ufpel.edu.br\/proben\/files\/2019\/03\/fachada-3.jpg\" alt=\"\" width=\"554\" height=\"416\" srcset=\"https:\/\/wp.ufpel.edu.br\/proben\/files\/2019\/03\/fachada-3.jpg 1066w, https:\/\/wp.ufpel.edu.br\/proben\/files\/2019\/03\/fachada-3-400x301.jpg 400w, https:\/\/wp.ufpel.edu.br\/proben\/files\/2019\/03\/fachada-3-768x577.jpg 768w, https:\/\/wp.ufpel.edu.br\/proben\/files\/2019\/03\/fachada-3-1024x769.jpg 1024w\" sizes=\"auto, (max-width: 554px) 100vw, 554px\" \/><span style=\"font-size: 8pt;\">Fonte: Google<\/span><\/p>\n<p style=\"text-align: center;\"><em>Rua F\u00e9lix da Cunha, n\u00b0649<\/em><\/p>\n<p style=\"text-align: center;\"><em>Utilizado pelo curso de M\u00fasica;<\/em><\/p>\n<p style=\"text-align: center;\"><a href=\"https:\/\/wp.ufpel.edu.br\/proben\/acoes-4\/adequacao-do-sistema-tarifario\/\">Sistema Tarif\u00e1rio: Baixa Tens\u00e3o<\/a>*<\/p>\n<p style=\"text-align: center;\">N\u00famero de<strong>\u00a0<\/strong>instala\u00e7\u00e3o: 2439591-9<\/p>\n<p>&nbsp;<\/p>\n<p style=\"text-align: center;\">&#8211;<\/p>\n<p style=\"text-align: center;\"><strong>Hist\u00f3rico de consumo:<\/strong><\/p>\n<p><a href=\"https:\/\/wp.ufpel.edu.br\/proben\/files\/2026\/01\/conservatorio_02_2025.png\"><img loading=\"lazy\" decoding=\"async\" class=\"size-full wp-image-29453 aligncenter\" src=\"https:\/\/wp.ufpel.edu.br\/proben\/files\/2026\/01\/conservatorio_02_2025.png\" alt=\"\" width=\"667\" height=\"545\" srcset=\"https:\/\/wp.ufpel.edu.br\/proben\/files\/2026\/01\/conservatorio_02_2025.png 667w, https:\/\/wp.ufpel.edu.br\/proben\/files\/2026\/01\/conservatorio_02_2025-400x327.png 400w, https:\/\/wp.ufpel.edu.br\/proben\/files\/2026\/01\/conservatorio_02_2025-367x300.png 367w\" sizes=\"auto, (max-width: 667px) 100vw, 667px\" \/><\/a><\/p>\n<p>&nbsp;<\/p>\n<p style=\"text-align: center;\">&#8211;<\/p>\n<p style=\"text-align: center;\"><strong>Consumo dos \u00faltimos meses:<\/strong><\/p>\n<p><a href=\"https:\/\/wp.ufpel.edu.br\/proben\/files\/2026\/01\/conservatorio_02_2026_JAN.png\"><img loading=\"lazy\" decoding=\"async\" class=\"alignnone size-full wp-image-29455\" src=\"https:\/\/wp.ufpel.edu.br\/proben\/files\/2026\/01\/conservatorio_02_2026_JAN.png\" alt=\"\" width=\"1068\" height=\"512\" srcset=\"https:\/\/wp.ufpel.edu.br\/proben\/files\/2026\/01\/conservatorio_02_2026_JAN.png 1068w, https:\/\/wp.ufpel.edu.br\/proben\/files\/2026\/01\/conservatorio_02_2026_JAN-400x192.png 400w, https:\/\/wp.ufpel.edu.br\/proben\/files\/2026\/01\/conservatorio_02_2026_JAN-1024x491.png 1024w, https:\/\/wp.ufpel.edu.br\/proben\/files\/2026\/01\/conservatorio_02_2026_JAN-768x368.png 768w, https:\/\/wp.ufpel.edu.br\/proben\/files\/2026\/01\/conservatorio_02_2026_JAN-600x288.png 600w\" sizes=\"auto, (max-width: 1068px) 100vw, 1068px\" \/><\/a><\/p>\n<p>&nbsp;<\/p>\n<p style=\"text-align: center;\"><a href=\"https:\/\/wp.ufpel.edu.br\/proben\/files\/2026\/01\/conservatorio_02_2026_JAN.xlsx\">Conservat\u00f3rio M\u00fasica 2<\/a> &#8211; Tabela para Download<\/p>\n<p style=\"text-align: center;\">*\u00a0<a href=\"https:\/\/wp.ufpel.edu.br\/proben\/acoes-4\/adequacao-do-sistema-tarifario\/\">clique aqui para entender como fazemos a adequa\u00e7\u00e3o do sistema tarif\u00e1rio\u00a0<\/a><\/p>\n<p>&nbsp;<\/p>\n","protected":false},"excerpt":{"rendered":"<p>Conservat\u00f3rio de M\u00fasica 2 Fonte: Google Rua F\u00e9lix da Cunha, n\u00b0649 Utilizado pelo curso de M\u00fasica; Sistema Tarif\u00e1rio: Baixa Tens\u00e3o* N\u00famero de\u00a0instala\u00e7\u00e3o: 2439591-9 &nbsp; &#8211; Hist\u00f3rico de consumo: &nbsp; &#8211; Consumo dos \u00faltimos meses: &nbsp; Conservat\u00f3rio M\u00fasica 2 &#8211; Tabela para Download *\u00a0clique aqui para entender como fazemos a adequa\u00e7\u00e3o do sistema tarif\u00e1rio\u00a0 &nbsp;<\/p>\n","protected":false},"author":303,"featured_media":0,"parent":1056,"menu_order":0,"comment_status":"closed","ping_status":"closed","template":"","meta":{"footnotes":""},"class_list":["post-19408","page","type-page","status-publish","hentry"],"jetpack_sharing_enabled":true,"_links":{"self":[{"href":"https:\/\/wp.ufpel.edu.br\/proben\/wp-json\/wp\/v2\/pages\/19408","targetHints":{"allow":["GET"]}}],"collection":[{"href":"https:\/\/wp.ufpel.edu.br\/proben\/wp-json\/wp\/v2\/pages"}],"about":[{"href":"https:\/\/wp.ufpel.edu.br\/proben\/wp-json\/wp\/v2\/types\/page"}],"author":[{"embeddable":true,"href":"https:\/\/wp.ufpel.edu.br\/proben\/wp-json\/wp\/v2\/users\/303"}],"replies":[{"embeddable":true,"href":"https:\/\/wp.ufpel.edu.br\/proben\/wp-json\/wp\/v2\/comments?post=19408"}],"version-history":[{"count":4,"href":"https:\/\/wp.ufpel.edu.br\/proben\/wp-json\/wp\/v2\/pages\/19408\/revisions"}],"predecessor-version":[{"id":29459,"href":"https:\/\/wp.ufpel.edu.br\/proben\/wp-json\/wp\/v2\/pages\/19408\/revisions\/29459"}],"up":[{"embeddable":true,"href":"https:\/\/wp.ufpel.edu.br\/proben\/wp-json\/wp\/v2\/pages\/1056"}],"wp:attachment":[{"href":"https:\/\/wp.ufpel.edu.br\/proben\/wp-json\/wp\/v2\/media?parent=19408"}],"curies":[{"name":"wp","href":"https:\/\/api.w.org\/{rel}","templated":true}]}}