{"id":1936,"date":"2013-10-22T15:54:04","date_gmt":"2013-10-22T17:54:04","guid":{"rendered":"https:\/\/wp.ufpel.edu.br\/proben\/?page_id=1936"},"modified":"2026-01-18T21:19:18","modified_gmt":"2026-01-19T00:19:18","slug":"nucleo-de-transporte","status":"publish","type":"page","link":"https:\/\/wp.ufpel.edu.br\/proben\/proben-educacao\/transparencia-de-contas-3\/nucleo-de-transporte\/","title":{"rendered":"N\u00facleo de Transporte"},"content":{"rendered":"<p style=\"text-align: center;\"><strong>N\u00facleo de Transporte<\/strong><\/p>\n<p><img loading=\"lazy\" decoding=\"async\" class=\"aligncenter wp-image-12782\" src=\"https:\/\/wp.ufpel.edu.br\/proben\/files\/2019\/04\/nucleo-de-transporte.jpg\" alt=\"\" width=\"630\" height=\"381\" srcset=\"https:\/\/wp.ufpel.edu.br\/proben\/files\/2019\/04\/nucleo-de-transporte.jpg 889w, https:\/\/wp.ufpel.edu.br\/proben\/files\/2019\/04\/nucleo-de-transporte-400x242.jpg 400w, https:\/\/wp.ufpel.edu.br\/proben\/files\/2019\/04\/nucleo-de-transporte-768x464.jpg 768w\" sizes=\"auto, (max-width: 630px) 100vw, 630px\" \/><\/p>\n<p style=\"text-align: center;\"><span style=\"font-size: 8pt;\">Fonte: Google<\/span><\/p>\n<p style=\"text-align: center;\">Rua Conde de Porto Alegre, n\u00b099<\/p>\n<p style=\"text-align: center;\"><em>Usu\u00e1rios;<\/em><\/p>\n<p style=\"text-align: center;\"><a href=\"https:\/\/wp.ufpel.edu.br\/proben\/acoes-4\/adequacao-do-sistema-tarifario\/\">Sistema Tarif\u00e1rio: Baixa Tens\u00e3o<\/a>*<\/p>\n<p style=\"text-align: center;\">N\u00famero de<strong>\u00a0<\/strong>instala\u00e7\u00e3o:\u00a06103725-7<\/p>\n<p style=\"text-align: center;\">&#8211;<\/p>\n<p style=\"text-align: center;\"><strong>Hist\u00f3rico de consumo (anos):<\/strong><\/p>\n<p><a href=\"https:\/\/wp.ufpel.edu.br\/proben\/files\/2026\/01\/NUCLEO-DE-TRANSPORTES-2025.png\"><img loading=\"lazy\" decoding=\"async\" class=\"size-full wp-image-29139 aligncenter\" src=\"https:\/\/wp.ufpel.edu.br\/proben\/files\/2026\/01\/NUCLEO-DE-TRANSPORTES-2025.png\" alt=\"\" width=\"892\" height=\"465\" srcset=\"https:\/\/wp.ufpel.edu.br\/proben\/files\/2026\/01\/NUCLEO-DE-TRANSPORTES-2025.png 892w, https:\/\/wp.ufpel.edu.br\/proben\/files\/2026\/01\/NUCLEO-DE-TRANSPORTES-2025-400x209.png 400w, https:\/\/wp.ufpel.edu.br\/proben\/files\/2026\/01\/NUCLEO-DE-TRANSPORTES-2025-768x400.png 768w, https:\/\/wp.ufpel.edu.br\/proben\/files\/2026\/01\/NUCLEO-DE-TRANSPORTES-2025-575x300.png 575w\" sizes=\"auto, (max-width: 892px) 100vw, 892px\" \/><\/a><\/p>\n<p style=\"text-align: center;\">&#8211;<\/p>\n<p style=\"text-align: center;\"><strong>Consumo nos \u00faltimos 12 meses:<\/strong><\/p>\n<p><a href=\"https:\/\/wp.ufpel.edu.br\/proben\/files\/2026\/01\/NUCLEO-DE-TRANSPORTES-JANEIRO-26.png\"><img loading=\"lazy\" decoding=\"async\" class=\"size-full wp-image-29140 aligncenter\" src=\"https:\/\/wp.ufpel.edu.br\/proben\/files\/2026\/01\/NUCLEO-DE-TRANSPORTES-JANEIRO-26.png\" alt=\"\" width=\"810\" height=\"444\" srcset=\"https:\/\/wp.ufpel.edu.br\/proben\/files\/2026\/01\/NUCLEO-DE-TRANSPORTES-JANEIRO-26.png 810w, https:\/\/wp.ufpel.edu.br\/proben\/files\/2026\/01\/NUCLEO-DE-TRANSPORTES-JANEIRO-26-400x219.png 400w, https:\/\/wp.ufpel.edu.br\/proben\/files\/2026\/01\/NUCLEO-DE-TRANSPORTES-JANEIRO-26-768x421.png 768w, https:\/\/wp.ufpel.edu.br\/proben\/files\/2026\/01\/NUCLEO-DE-TRANSPORTES-JANEIRO-26-547x300.png 547w\" sizes=\"auto, (max-width: 810px) 100vw, 810px\" \/><\/a><\/p>\n<p style=\"text-align: center;\"><a href=\"https:\/\/wp.ufpel.edu.br\/proben\/files\/2026\/01\/NUCLEO-DE-TRANSPORTES-JANEIRO-26.xlsx\">N\u00facleo de Transporte<\/a> &#8211; tabela para download<\/p>\n<p style=\"text-align: center;\">*\u00a0<a href=\"https:\/\/wp.ufpel.edu.br\/proben\/acoes-4\/adequacao-do-sistema-tarifario\/\">clique aqui para entender como fazemos a\u00a0adequa\u00e7\u00e3o do sistema \u00a0tarif\u00e1rio<\/a><\/p>\n","protected":false},"excerpt":{"rendered":"<p>N\u00facleo de Transporte Fonte: Google Rua Conde de Porto Alegre, n\u00b099 Usu\u00e1rios; Sistema Tarif\u00e1rio: Baixa Tens\u00e3o* N\u00famero de\u00a0instala\u00e7\u00e3o:\u00a06103725-7 &#8211; Hist\u00f3rico de consumo (anos): &#8211; Consumo nos \u00faltimos 12 meses: N\u00facleo de Transporte &#8211; tabela para download *\u00a0clique aqui para entender como fazemos a\u00a0adequa\u00e7\u00e3o do sistema \u00a0tarif\u00e1rio<\/p>\n","protected":false},"author":303,"featured_media":0,"parent":1056,"menu_order":0,"comment_status":"closed","ping_status":"closed","template":"","meta":{"footnotes":""},"class_list":["post-1936","page","type-page","status-publish","hentry"],"jetpack_sharing_enabled":true,"_links":{"self":[{"href":"https:\/\/wp.ufpel.edu.br\/proben\/wp-json\/wp\/v2\/pages\/1936","targetHints":{"allow":["GET"]}}],"collection":[{"href":"https:\/\/wp.ufpel.edu.br\/proben\/wp-json\/wp\/v2\/pages"}],"about":[{"href":"https:\/\/wp.ufpel.edu.br\/proben\/wp-json\/wp\/v2\/types\/page"}],"author":[{"embeddable":true,"href":"https:\/\/wp.ufpel.edu.br\/proben\/wp-json\/wp\/v2\/users\/303"}],"replies":[{"embeddable":true,"href":"https:\/\/wp.ufpel.edu.br\/proben\/wp-json\/wp\/v2\/comments?post=1936"}],"version-history":[{"count":4,"href":"https:\/\/wp.ufpel.edu.br\/proben\/wp-json\/wp\/v2\/pages\/1936\/revisions"}],"predecessor-version":[{"id":29143,"href":"https:\/\/wp.ufpel.edu.br\/proben\/wp-json\/wp\/v2\/pages\/1936\/revisions\/29143"}],"up":[{"embeddable":true,"href":"https:\/\/wp.ufpel.edu.br\/proben\/wp-json\/wp\/v2\/pages\/1056"}],"wp:attachment":[{"href":"https:\/\/wp.ufpel.edu.br\/proben\/wp-json\/wp\/v2\/media?parent=1936"}],"curies":[{"name":"wp","href":"https:\/\/api.w.org\/{rel}","templated":true}]}}