{"id":1821,"date":"2013-10-22T15:02:57","date_gmt":"2013-10-22T17:02:57","guid":{"rendered":"https:\/\/wp.ufpel.edu.br\/proben\/?page_id=1821"},"modified":"2026-01-20T16:51:26","modified_gmt":"2026-01-20T19:51:26","slug":"pomar","status":"publish","type":"page","link":"https:\/\/wp.ufpel.edu.br\/proben\/proben-educacao\/transparencia-de-contas-3\/pomar\/","title":{"rendered":"Fazenda da Palma &#8211; POMAR"},"content":{"rendered":"<p style=\"text-align: center;\"><strong>Fazenda da Palma &#8211; POMAR<\/strong><\/p>\n<p><img loading=\"lazy\" decoding=\"async\" class=\"aligncenter size-full wp-image-14694\" src=\"https:\/\/wp.ufpel.edu.br\/proben\/files\/2019\/10\/Imagem-Palma.jpg\" alt=\"\" width=\"770\" height=\"569\" srcset=\"https:\/\/wp.ufpel.edu.br\/proben\/files\/2019\/10\/Imagem-Palma.jpg 770w, https:\/\/wp.ufpel.edu.br\/proben\/files\/2019\/10\/Imagem-Palma-400x296.jpg 400w, https:\/\/wp.ufpel.edu.br\/proben\/files\/2019\/10\/Imagem-Palma-768x568.jpg 768w\" sizes=\"auto, (max-width: 770px) 100vw, 770px\" \/><\/p>\n<p style=\"text-align: center;\"><span style=\"font-size: 8pt;\">Fonte: UFPEL<\/span><\/p>\n<p style=\"text-align: center;\">Estrada BR 116, n\u00b011455, Cap\u00e3o do Le\u00e3o<\/p>\n<p style=\"text-align: center;\"><em>Usu\u00e1rios;<\/em><\/p>\n<p style=\"text-align: center;\"><a href=\"https:\/\/wp.ufpel.edu.br\/proben\/acoes-4\/adequacao-do-sistema-tarifario\/\">\u00a0Sistema Tarif\u00e1rio: Baixa Tens\u00e3o<\/a>*<\/p>\n<p style=\"text-align: center;\">N\u00famero de<strong>\u00a0<\/strong>instala\u00e7\u00e3o:\u00a03136314-8<\/p>\n<p style=\"text-align: center;\">&#8211;<\/p>\n<p style=\"text-align: center;\"><strong>Hist\u00f3rico de consumo:<\/strong><\/p>\n<p><a href=\"https:\/\/wp.ufpel.edu.br\/proben\/files\/2026\/01\/FazendaPalmaPomar_2025.png\"><img loading=\"lazy\" decoding=\"async\" class=\"alignnone size-full wp-image-29348\" src=\"https:\/\/wp.ufpel.edu.br\/proben\/files\/2026\/01\/FazendaPalmaPomar_2025.png\" alt=\"\" width=\"1070\" height=\"573\" srcset=\"https:\/\/wp.ufpel.edu.br\/proben\/files\/2026\/01\/FazendaPalmaPomar_2025.png 1070w, https:\/\/wp.ufpel.edu.br\/proben\/files\/2026\/01\/FazendaPalmaPomar_2025-400x214.png 400w, https:\/\/wp.ufpel.edu.br\/proben\/files\/2026\/01\/FazendaPalmaPomar_2025-1024x548.png 1024w, https:\/\/wp.ufpel.edu.br\/proben\/files\/2026\/01\/FazendaPalmaPomar_2025-768x411.png 768w, https:\/\/wp.ufpel.edu.br\/proben\/files\/2026\/01\/FazendaPalmaPomar_2025-560x300.png 560w\" sizes=\"auto, (max-width: 1070px) 100vw, 1070px\" \/><\/a><\/p>\n<p style=\"text-align: center;\"><strong>Consumo dos \u00faltimos 12 meses:<\/strong><\/p>\n<p><a href=\"https:\/\/wp.ufpel.edu.br\/proben\/files\/2026\/01\/FazendaPalmaPomar_2026_JAN.png\"><img loading=\"lazy\" decoding=\"async\" class=\"alignnone size-full wp-image-29349\" src=\"https:\/\/wp.ufpel.edu.br\/proben\/files\/2026\/01\/FazendaPalmaPomar_2026_JAN.png\" alt=\"\" width=\"1077\" height=\"545\" srcset=\"https:\/\/wp.ufpel.edu.br\/proben\/files\/2026\/01\/FazendaPalmaPomar_2026_JAN.png 1077w, https:\/\/wp.ufpel.edu.br\/proben\/files\/2026\/01\/FazendaPalmaPomar_2026_JAN-400x202.png 400w, https:\/\/wp.ufpel.edu.br\/proben\/files\/2026\/01\/FazendaPalmaPomar_2026_JAN-1024x518.png 1024w, https:\/\/wp.ufpel.edu.br\/proben\/files\/2026\/01\/FazendaPalmaPomar_2026_JAN-768x389.png 768w, https:\/\/wp.ufpel.edu.br\/proben\/files\/2026\/01\/FazendaPalmaPomar_2026_JAN-593x300.png 593w\" sizes=\"auto, (max-width: 1077px) 100vw, 1077px\" \/><\/a><\/p>\n<p style=\"text-align: center;\"><a href=\"https:\/\/wp.ufpel.edu.br\/proben\/files\/2026\/01\/FAZENDA-DA-PALMA-POMAR_2026_JAN.xlsx\">Fazenda da Palma\/Pomar &#8211; Consumo<\/a>\u00a0&#8211; \u00a0tabela para download<\/p>\n<p style=\"text-align: center;\">\u00a0<a href=\"https:\/\/wp.ufpel.edu.br\/proben\/acoes-e-resultados\/adequacao-do-sistema-tarifario\/\">clique aqui\u00a0para entender como fazemos a\u00a0adequa\u00e7\u00e3o do sistema \u00a0tarif\u00e1rio<\/a><\/p>\n","protected":false},"excerpt":{"rendered":"<p>Fazenda da Palma &#8211; POMAR Fonte: UFPEL Estrada BR 116, n\u00b011455, Cap\u00e3o do Le\u00e3o Usu\u00e1rios; \u00a0Sistema Tarif\u00e1rio: Baixa Tens\u00e3o* N\u00famero de\u00a0instala\u00e7\u00e3o:\u00a03136314-8 &#8211; Hist\u00f3rico de consumo: Consumo dos \u00faltimos 12 meses: Fazenda da Palma\/Pomar &#8211; Consumo\u00a0&#8211; \u00a0tabela para download \u00a0clique aqui\u00a0para entender como fazemos a\u00a0adequa\u00e7\u00e3o do sistema \u00a0tarif\u00e1rio<\/p>\n","protected":false},"author":303,"featured_media":0,"parent":1056,"menu_order":0,"comment_status":"closed","ping_status":"closed","template":"","meta":{"footnotes":""},"class_list":["post-1821","page","type-page","status-publish","hentry"],"jetpack_sharing_enabled":true,"_links":{"self":[{"href":"https:\/\/wp.ufpel.edu.br\/proben\/wp-json\/wp\/v2\/pages\/1821","targetHints":{"allow":["GET"]}}],"collection":[{"href":"https:\/\/wp.ufpel.edu.br\/proben\/wp-json\/wp\/v2\/pages"}],"about":[{"href":"https:\/\/wp.ufpel.edu.br\/proben\/wp-json\/wp\/v2\/types\/page"}],"author":[{"embeddable":true,"href":"https:\/\/wp.ufpel.edu.br\/proben\/wp-json\/wp\/v2\/users\/303"}],"replies":[{"embeddable":true,"href":"https:\/\/wp.ufpel.edu.br\/proben\/wp-json\/wp\/v2\/comments?post=1821"}],"version-history":[{"count":4,"href":"https:\/\/wp.ufpel.edu.br\/proben\/wp-json\/wp\/v2\/pages\/1821\/revisions"}],"predecessor-version":[{"id":29351,"href":"https:\/\/wp.ufpel.edu.br\/proben\/wp-json\/wp\/v2\/pages\/1821\/revisions\/29351"}],"up":[{"embeddable":true,"href":"https:\/\/wp.ufpel.edu.br\/proben\/wp-json\/wp\/v2\/pages\/1056"}],"wp:attachment":[{"href":"https:\/\/wp.ufpel.edu.br\/proben\/wp-json\/wp\/v2\/media?parent=1821"}],"curies":[{"name":"wp","href":"https:\/\/api.w.org\/{rel}","templated":true}]}}