{"id":18,"date":"2013-08-28T14:51:01","date_gmt":"2013-08-28T17:51:01","guid":{"rendered":"https:\/\/wp.ufpel.edu.br\/proben\/?page_id=18"},"modified":"2024-09-10T09:53:13","modified_gmt":"2024-09-10T12:53:13","slug":"objetivos","status":"publish","type":"page","link":"https:\/\/wp.ufpel.edu.br\/proben\/o-que-e\/objetivos\/","title":{"rendered":"Objetivos"},"content":{"rendered":"<h3 style=\"text-align: center\">O nosso objetivo n\u00e3o \u00e9 racionar\u00a0e sim <strong>racionalizar<\/strong> o uso da energia el\u00e9trica.<\/h3>\n<h3 style=\"text-align: left\"><\/h3>\n<h3 style=\"text-align: left\"><strong>Gerais:<\/strong><\/h3>\n<div style=\"text-align: justify\">\n<p style=\"text-align: justify\">Implanta\u00e7\u00e3o do bom uso de energia el\u00e9trica na UFPel, atrav\u00e9s do uso de tecnologias mais eficientes com a finalidade de redu\u00e7\u00e3o de consumo e redu\u00e7\u00e3o das despesas com energia el\u00e9trica na universidade.<\/p>\n<\/div>\n<h3 style=\"text-align: justify\"><strong>Secund\u00e1rios:<\/strong><\/h3>\n<div style=\"text-align: justify\">Dissemina\u00e7\u00e3o do conhecimento para al\u00e9m das fronteiras da universidade;<\/div>\n<div style=\"text-align: justify\">\n<p style=\"text-align: justify\">Aplica\u00e7\u00e3o pr\u00e1tica de arquitetura e engenharias com oportunidades permanentes de bolsas para acad\u00eamicos de diversas \u00e1reas com pesquisa e extens\u00e3o.<\/p>\n<h3 style=\"text-align: justify\"><strong>Espec\u00edficos:<\/strong><\/h3>\n<\/div>\n<div>\n<div style=\"text-align: justify\">\n<p style=\"text-align: justify\">\u2022 Organiza\u00e7\u00e3o das informa\u00e7\u00f5es dispon\u00edveis e caracteriza\u00e7\u00e3o do perfil de consumo de energia el\u00e9trica da UFPel.<\/p>\n<p style=\"text-align: justify\">\u2022 Revis\u00e3o dos contratos de energia (demanda e estrutura tarif\u00e1ria) das unidades da UFPel que sejam atendidas atrav\u00e9s de m\u00e9dia e baixa tens\u00e3o.<\/p>\n<\/div>\n<div style=\"text-align: justify\">\n<p style=\"text-align: justify\">\u2022 Corre\u00e7\u00e3o do fator de pot\u00eancia das diversas instala\u00e7\u00f5es, evitando-se desperd\u00edcios com componentes reativas de pot\u00eancia.<\/p>\n<\/div>\n<div style=\"text-align: justify\">\n<p style=\"text-align: justify\">\u2022 Eficientiza\u00e7\u00e3o do sistema de ilumina\u00e7\u00e3o utilizado nas depend\u00eancias da UFPel.<\/p>\n<\/div>\n<div style=\"text-align: justify\">\u2022 Diagn\u00f3stico de funcionamento de motores el\u00e9tricos;<\/div>\n<div><\/div>\n<div style=\"text-align: justify\">\u2022 Orienta\u00e7\u00e3o na elabora\u00e7\u00e3o de novos projetos arquitet\u00f4nicos;<\/div>\n<\/div>\n<div><\/div>\n<div>\n<div style=\"text-align: justify\">\u2022 Implanta\u00e7\u00e3o de um programa de conscientiza\u00e7\u00e3o e orienta\u00e7\u00e3o da comunidade universit\u00e1ria.<\/div>\n<div style=\"text-align: justify\"><\/div>\n<div style=\"text-align: justify\"><\/div>\n<div style=\"text-align: justify\">\n<h2 style=\"text-align: center\"><\/h2>\n<h2 style=\"text-align: center\"><\/h2>\n<\/div>\n<\/div>\n","protected":false},"excerpt":{"rendered":"<p>O nosso objetivo n\u00e3o \u00e9 racionar\u00a0e sim racionalizar o uso da energia el\u00e9trica. Gerais: Implanta\u00e7\u00e3o do bom uso de energia el\u00e9trica na UFPel, atrav\u00e9s do uso de tecnologias mais eficientes com a finalidade de redu\u00e7\u00e3o de consumo e redu\u00e7\u00e3o das despesas com energia el\u00e9trica na universidade. Secund\u00e1rios: Dissemina\u00e7\u00e3o do conhecimento para al\u00e9m das fronteiras da&#8230; <\/p>\n<div class=\"link-more\"><a href=\"https:\/\/wp.ufpel.edu.br\/proben\/o-que-e\/objetivos\/\">Leia mais<\/a><\/div>\n","protected":false},"author":303,"featured_media":0,"parent":8,"menu_order":2,"comment_status":"closed","ping_status":"closed","template":"","meta":{"footnotes":""},"class_list":["post-18","page","type-page","status-publish","hentry"],"jetpack_sharing_enabled":true,"_links":{"self":[{"href":"https:\/\/wp.ufpel.edu.br\/proben\/wp-json\/wp\/v2\/pages\/18","targetHints":{"allow":["GET"]}}],"collection":[{"href":"https:\/\/wp.ufpel.edu.br\/proben\/wp-json\/wp\/v2\/pages"}],"about":[{"href":"https:\/\/wp.ufpel.edu.br\/proben\/wp-json\/wp\/v2\/types\/page"}],"author":[{"embeddable":true,"href":"https:\/\/wp.ufpel.edu.br\/proben\/wp-json\/wp\/v2\/users\/303"}],"replies":[{"embeddable":true,"href":"https:\/\/wp.ufpel.edu.br\/proben\/wp-json\/wp\/v2\/comments?post=18"}],"version-history":[{"count":26,"href":"https:\/\/wp.ufpel.edu.br\/proben\/wp-json\/wp\/v2\/pages\/18\/revisions"}],"predecessor-version":[{"id":15239,"href":"https:\/\/wp.ufpel.edu.br\/proben\/wp-json\/wp\/v2\/pages\/18\/revisions\/15239"}],"up":[{"embeddable":true,"href":"https:\/\/wp.ufpel.edu.br\/proben\/wp-json\/wp\/v2\/pages\/8"}],"wp:attachment":[{"href":"https:\/\/wp.ufpel.edu.br\/proben\/wp-json\/wp\/v2\/media?parent=18"}],"curies":[{"name":"wp","href":"https:\/\/api.w.org\/{rel}","templated":true}]}}