{"id":1738,"date":"2013-10-22T11:18:51","date_gmt":"2013-10-22T13:18:51","guid":{"rendered":"https:\/\/wp.ufpel.edu.br\/proben\/?page_id=1738"},"modified":"2026-01-18T21:25:02","modified_gmt":"2026-01-19T00:25:02","slug":"p-areal","status":"publish","type":"page","link":"https:\/\/wp.ufpel.edu.br\/proben\/proben-educacao\/transparencia-de-contas-3\/p-areal\/","title":{"rendered":"Posto de Sa\u00fade Areal"},"content":{"rendered":"<p style=\"text-align: center;\"><strong>Posto de Sa\u00fade Areal<\/strong><\/p>\n<p><img loading=\"lazy\" decoding=\"async\" class=\"aligncenter wp-image-12832\" src=\"https:\/\/wp.ufpel.edu.br\/proben\/files\/2019\/04\/posto-de-sa\u00fade-areal.jpg\" alt=\"\" width=\"616\" height=\"346\" srcset=\"https:\/\/wp.ufpel.edu.br\/proben\/files\/2019\/04\/posto-de-sa\u00fade-areal.jpg 1157w, https:\/\/wp.ufpel.edu.br\/proben\/files\/2019\/04\/posto-de-sa\u00fade-areal-400x225.jpg 400w, https:\/\/wp.ufpel.edu.br\/proben\/files\/2019\/04\/posto-de-sa\u00fade-areal-768x431.jpg 768w, https:\/\/wp.ufpel.edu.br\/proben\/files\/2019\/04\/posto-de-sa\u00fade-areal-1024x575.jpg 1024w\" sizes=\"auto, (max-width: 616px) 100vw, 616px\" \/><\/p>\n<p style=\"text-align: center;\"><span style=\"font-size: 8pt;\">Fonte: Google<\/span><\/p>\n<p style=\"text-align: center;\">Rua Um Penadez, n\u00b080<\/p>\n<p style=\"text-align: center;\"><a href=\"https:\/\/wp.ufpel.edu.br\/proben\/acoes-e-resultados\/adequacao-do-sistema-tarifario\/\">Sistema Tarif\u00e1rio : Baixa tens\u00e3o*<\/a><\/p>\n<p style=\"text-align: center;\">N\u00famero de<strong>\u00a0<\/strong>instala\u00e7\u00e3o:\u00a05811327-4<\/p>\n<p style=\"text-align: center;\">&#8211;<\/p>\n<p style=\"text-align: center;\"><strong>Hist\u00f3rico de consumo (anos):<\/strong><\/p>\n<p style=\"text-align: center;\"><a href=\"https:\/\/wp.ufpel.edu.br\/proben\/files\/2026\/01\/POSTO-DE-SAUDE-AREAL_2025.png\"><img loading=\"lazy\" decoding=\"async\" class=\"alignnone size-full wp-image-29144\" src=\"https:\/\/wp.ufpel.edu.br\/proben\/files\/2026\/01\/POSTO-DE-SAUDE-AREAL_2025.png\" alt=\"\" width=\"847\" height=\"422\" srcset=\"https:\/\/wp.ufpel.edu.br\/proben\/files\/2026\/01\/POSTO-DE-SAUDE-AREAL_2025.png 847w, https:\/\/wp.ufpel.edu.br\/proben\/files\/2026\/01\/POSTO-DE-SAUDE-AREAL_2025-400x199.png 400w, https:\/\/wp.ufpel.edu.br\/proben\/files\/2026\/01\/POSTO-DE-SAUDE-AREAL_2025-768x383.png 768w, https:\/\/wp.ufpel.edu.br\/proben\/files\/2026\/01\/POSTO-DE-SAUDE-AREAL_2025-600x300.png 600w\" sizes=\"auto, (max-width: 847px) 100vw, 847px\" \/><\/a><\/p>\n<p style=\"text-align: center;\">&#8211;<\/p>\n<p style=\"text-align: center;\"><strong>Consumo nos \u00faltimos 12 meses:<\/strong><\/p>\n<p style=\"text-align: center;\"><a href=\"https:\/\/wp.ufpel.edu.br\/proben\/files\/2026\/01\/POSTO-DE-SAUDE-AREAL_DEZEMBRO-25.png\"><img loading=\"lazy\" decoding=\"async\" class=\"alignnone size-full wp-image-29145\" src=\"https:\/\/wp.ufpel.edu.br\/proben\/files\/2026\/01\/POSTO-DE-SAUDE-AREAL_DEZEMBRO-25.png\" alt=\"\" width=\"812\" height=\"426\" srcset=\"https:\/\/wp.ufpel.edu.br\/proben\/files\/2026\/01\/POSTO-DE-SAUDE-AREAL_DEZEMBRO-25.png 812w, https:\/\/wp.ufpel.edu.br\/proben\/files\/2026\/01\/POSTO-DE-SAUDE-AREAL_DEZEMBRO-25-400x210.png 400w, https:\/\/wp.ufpel.edu.br\/proben\/files\/2026\/01\/POSTO-DE-SAUDE-AREAL_DEZEMBRO-25-768x403.png 768w, https:\/\/wp.ufpel.edu.br\/proben\/files\/2026\/01\/POSTO-DE-SAUDE-AREAL_DEZEMBRO-25-572x300.png 572w\" sizes=\"auto, (max-width: 812px) 100vw, 812px\" \/><\/a><\/p>\n<p style=\"text-align: center;\"><a href=\"https:\/\/wp.ufpel.edu.br\/proben\/files\/2026\/01\/POSTO-DE-SAUDE-AREAL_DEZEMBRO-25.xlsx\">Posto de Sa\u00fade Areal<\/a> &#8211; tabela para download<\/p>\n<p style=\"text-align: center;\"><span style=\"color: #2c2b2b;\">*\u00a0<\/span><a style=\"color: #092749;\" href=\"https:\/\/wp.ufpel.edu.br\/proben\/acoes-e-resultados\/adequacao-do-sistema-tarifario\/\">clique aqui para entender como fazemos a\u00a0adequa\u00e7\u00e3o do sistema \u00a0tarif\u00e1rio<\/a><\/p>\n","protected":false},"excerpt":{"rendered":"<p>Posto de Sa\u00fade Areal Fonte: Google Rua Um Penadez, n\u00b080 Sistema Tarif\u00e1rio : Baixa tens\u00e3o* N\u00famero de\u00a0instala\u00e7\u00e3o:\u00a05811327-4 &#8211; Hist\u00f3rico de consumo (anos): &#8211; Consumo nos \u00faltimos 12 meses: Posto de Sa\u00fade Areal &#8211; tabela para download *\u00a0clique aqui para entender como fazemos a\u00a0adequa\u00e7\u00e3o do sistema \u00a0tarif\u00e1rio<\/p>\n","protected":false},"author":303,"featured_media":0,"parent":1056,"menu_order":0,"comment_status":"closed","ping_status":"closed","template":"","meta":{"footnotes":""},"class_list":["post-1738","page","type-page","status-publish","hentry"],"jetpack_sharing_enabled":true,"_links":{"self":[{"href":"https:\/\/wp.ufpel.edu.br\/proben\/wp-json\/wp\/v2\/pages\/1738","targetHints":{"allow":["GET"]}}],"collection":[{"href":"https:\/\/wp.ufpel.edu.br\/proben\/wp-json\/wp\/v2\/pages"}],"about":[{"href":"https:\/\/wp.ufpel.edu.br\/proben\/wp-json\/wp\/v2\/types\/page"}],"author":[{"embeddable":true,"href":"https:\/\/wp.ufpel.edu.br\/proben\/wp-json\/wp\/v2\/users\/303"}],"replies":[{"embeddable":true,"href":"https:\/\/wp.ufpel.edu.br\/proben\/wp-json\/wp\/v2\/comments?post=1738"}],"version-history":[{"count":4,"href":"https:\/\/wp.ufpel.edu.br\/proben\/wp-json\/wp\/v2\/pages\/1738\/revisions"}],"predecessor-version":[{"id":29148,"href":"https:\/\/wp.ufpel.edu.br\/proben\/wp-json\/wp\/v2\/pages\/1738\/revisions\/29148"}],"up":[{"embeddable":true,"href":"https:\/\/wp.ufpel.edu.br\/proben\/wp-json\/wp\/v2\/pages\/1056"}],"wp:attachment":[{"href":"https:\/\/wp.ufpel.edu.br\/proben\/wp-json\/wp\/v2\/media?parent=1738"}],"curies":[{"name":"wp","href":"https:\/\/api.w.org\/{rel}","templated":true}]}}