{"id":1733,"date":"2013-10-22T10:48:14","date_gmt":"2013-10-22T12:48:14","guid":{"rendered":"https:\/\/wp.ufpel.edu.br\/proben\/?page_id=1733"},"modified":"2026-01-31T14:07:50","modified_gmt":"2026-01-31T17:07:50","slug":"aabb-1","status":"publish","type":"page","link":"https:\/\/wp.ufpel.edu.br\/proben\/proben-educacao\/transparencia-de-contas-3\/aabb-1\/","title":{"rendered":"AABB"},"content":{"rendered":"<p style=\"text-align: center;\"><strong>AABB\u00a0<\/strong><\/p>\n<p><img loading=\"lazy\" decoding=\"async\" class=\"aligncenter wp-image-17092\" src=\"https:\/\/wp.ufpel.edu.br\/proben\/files\/2021\/02\/2021-02-16-2.png\" alt=\"\" width=\"706\" height=\"408\" srcset=\"https:\/\/wp.ufpel.edu.br\/proben\/files\/2021\/02\/2021-02-16-2.png 1028w, https:\/\/wp.ufpel.edu.br\/proben\/files\/2021\/02\/2021-02-16-2-400x231.png 400w, https:\/\/wp.ufpel.edu.br\/proben\/files\/2021\/02\/2021-02-16-2-1024x592.png 1024w, https:\/\/wp.ufpel.edu.br\/proben\/files\/2021\/02\/2021-02-16-2-768x444.png 768w\" sizes=\"auto, (max-width: 706px) 100vw, 706px\" \/><\/p>\n<p><strong style=\"text-align: center;\">\u00a0<\/strong><\/p>\n<p style=\"text-align: center;\"><span style=\"font-size: 8pt;\">Fonte: Google<\/span><\/p>\n<p style=\"text-align: center;\">Rua Alberto Rosa, n\u00b0580<\/p>\n<p style=\"text-align: center;\"><em>Utilizado por todos os alunos;<\/em><\/p>\n<p>&nbsp;<\/p>\n<p style=\"text-align: center;\"><a href=\"https:\/\/wp.ufpel.edu.br\/proben\/acoes-4\/adequacao-do-sistema-tarifario\/\">\u00a0Sistema Tarif\u00e1rio: Baixa Tens\u00e3o<\/a>*<\/p>\n<p style=\"text-align: center;\">N\u00famero de<strong>\u00a0<\/strong>instala\u00e7\u00e3o:\u00a06277946-0<\/p>\n<p style=\"text-align: center;\">&#8211;<\/p>\n<p style=\"text-align: center;\"><strong>Hist\u00f3rico do consumo:<\/strong><\/p>\n<p><a href=\"https:\/\/wp.ufpel.edu.br\/proben\/files\/2026\/01\/imagem_2026-01-31_140651010.png\"><img loading=\"lazy\" decoding=\"async\" class=\"alignnone wp-image-29485 size-full\" src=\"https:\/\/wp.ufpel.edu.br\/proben\/files\/2026\/01\/imagem_2026-01-31_140651010.png\" alt=\"\" width=\"930\" height=\"536\" srcset=\"https:\/\/wp.ufpel.edu.br\/proben\/files\/2026\/01\/imagem_2026-01-31_140651010.png 930w, https:\/\/wp.ufpel.edu.br\/proben\/files\/2026\/01\/imagem_2026-01-31_140651010-400x231.png 400w, https:\/\/wp.ufpel.edu.br\/proben\/files\/2026\/01\/imagem_2026-01-31_140651010-768x443.png 768w, https:\/\/wp.ufpel.edu.br\/proben\/files\/2026\/01\/imagem_2026-01-31_140651010-521x300.png 521w\" sizes=\"auto, (max-width: 930px) 100vw, 930px\" \/><\/a><\/p>\n<p>&nbsp;<\/p>\n<p style=\"text-align: center;\">&#8211;<\/p>\n<p style=\"text-align: center;\"><strong>Consumo nos \u00faltimos 12 meses:<\/strong><\/p>\n<p>&nbsp;<\/p>\n<p><a href=\"https:\/\/wp.ufpel.edu.br\/proben\/files\/2025\/12\/imagem_2025-12-19_134246314.png\"><img loading=\"lazy\" decoding=\"async\" class=\"alignnone wp-image-29017 size-full\" src=\"https:\/\/wp.ufpel.edu.br\/proben\/files\/2025\/12\/imagem_2025-12-19_134246314.png\" alt=\"\" width=\"991\" height=\"416\" srcset=\"https:\/\/wp.ufpel.edu.br\/proben\/files\/2025\/12\/imagem_2025-12-19_134246314.png 991w, https:\/\/wp.ufpel.edu.br\/proben\/files\/2025\/12\/imagem_2025-12-19_134246314-400x168.png 400w, https:\/\/wp.ufpel.edu.br\/proben\/files\/2025\/12\/imagem_2025-12-19_134246314-768x322.png 768w, https:\/\/wp.ufpel.edu.br\/proben\/files\/2025\/12\/imagem_2025-12-19_134246314-600x252.png 600w\" sizes=\"auto, (max-width: 991px) 100vw, 991px\" \/><\/a><\/p>\n<p style=\"text-align: center;\"><strong><a href=\"https:\/\/wp.ufpel.edu.br\/proben\/files\/2026\/01\/AABB_jan_26.xlsx\">AABB<\/a><a href=\"http:\/\/www.ufpel.edu.br\/faurb\/labcee\/site\/adm_\/content\/home\/arquivos\/aabb_marco_2016.xlsx\">\u00a0<\/a>&#8211; tabela para download<\/strong><\/p>\n<p style=\"text-align: center;\">*\u00a0<a href=\"https:\/\/wp.ufpel.edu.br\/proben\/acoes-4\/adequacao-do-sistema-tarifario\/\">clique aqui\u00a0para entender como fazemos a\u00a0adequa\u00e7\u00e3o do sistema \u00a0tarif\u00e1rio<\/a><\/p>\n<p>&nbsp;<\/p>\n<p>&nbsp;<\/p>\n","protected":false},"excerpt":{"rendered":"<p>AABB\u00a0 \u00a0 Fonte: Google Rua Alberto Rosa, n\u00b0580 Utilizado por todos os alunos; &nbsp; \u00a0Sistema Tarif\u00e1rio: Baixa Tens\u00e3o* N\u00famero de\u00a0instala\u00e7\u00e3o:\u00a06277946-0 &#8211; Hist\u00f3rico do consumo: &nbsp; &#8211; Consumo nos \u00faltimos 12 meses: &nbsp; AABB\u00a0&#8211; tabela para download *\u00a0clique aqui\u00a0para entender como fazemos a\u00a0adequa\u00e7\u00e3o do sistema \u00a0tarif\u00e1rio &nbsp; &nbsp;<\/p>\n","protected":false},"author":303,"featured_media":0,"parent":1056,"menu_order":0,"comment_status":"closed","ping_status":"closed","template":"","meta":{"footnotes":""},"class_list":["post-1733","page","type-page","status-publish","hentry"],"jetpack_sharing_enabled":true,"_links":{"self":[{"href":"https:\/\/wp.ufpel.edu.br\/proben\/wp-json\/wp\/v2\/pages\/1733","targetHints":{"allow":["GET"]}}],"collection":[{"href":"https:\/\/wp.ufpel.edu.br\/proben\/wp-json\/wp\/v2\/pages"}],"about":[{"href":"https:\/\/wp.ufpel.edu.br\/proben\/wp-json\/wp\/v2\/types\/page"}],"author":[{"embeddable":true,"href":"https:\/\/wp.ufpel.edu.br\/proben\/wp-json\/wp\/v2\/users\/303"}],"replies":[{"embeddable":true,"href":"https:\/\/wp.ufpel.edu.br\/proben\/wp-json\/wp\/v2\/comments?post=1733"}],"version-history":[{"count":4,"href":"https:\/\/wp.ufpel.edu.br\/proben\/wp-json\/wp\/v2\/pages\/1733\/revisions"}],"predecessor-version":[{"id":29487,"href":"https:\/\/wp.ufpel.edu.br\/proben\/wp-json\/wp\/v2\/pages\/1733\/revisions\/29487"}],"up":[{"embeddable":true,"href":"https:\/\/wp.ufpel.edu.br\/proben\/wp-json\/wp\/v2\/pages\/1056"}],"wp:attachment":[{"href":"https:\/\/wp.ufpel.edu.br\/proben\/wp-json\/wp\/v2\/media?parent=1733"}],"curies":[{"name":"wp","href":"https:\/\/api.w.org\/{rel}","templated":true}]}}