{"id":1421,"date":"2013-10-15T14:51:17","date_gmt":"2013-10-15T17:51:17","guid":{"rendered":"https:\/\/wp.ufpel.edu.br\/proben\/?page_id=1421"},"modified":"2026-03-05T10:41:59","modified_gmt":"2026-03-05T13:41:59","slug":"cepel-arquivo-ufpel","status":"publish","type":"page","link":"https:\/\/wp.ufpel.edu.br\/proben\/proben-educacao\/transparencia-de-contas-3\/cepel-arquivo-ufpel\/","title":{"rendered":"CEHUS-Centro de P\u00f3s-Gradua\u00e7\u00e3o e Pesquisa em Ci\u00eancias Humanas,  Sociais, Sociais Aplicadas, Artes e Linguagem"},"content":{"rendered":"<p style=\"text-align: center;\"><strong>CEHUS- Centro de P\u00f3s-Gradua\u00e7\u00e3o\u00a0 e Pesquisa em Ci\u00eancias Humanas, Sociais, Sociais Aplicadas, Artes e Linguagem<br \/>\n<\/strong><\/p>\n<p><img loading=\"lazy\" decoding=\"async\" class=\"aligncenter wp-image-14776\" src=\"https:\/\/wp.ufpel.edu.br\/proben\/files\/2019\/10\/CEHUS.jpg\" alt=\"\" width=\"740\" height=\"490\" srcset=\"https:\/\/wp.ufpel.edu.br\/proben\/files\/2019\/10\/CEHUS.jpg 1631w, https:\/\/wp.ufpel.edu.br\/proben\/files\/2019\/10\/CEHUS-400x265.jpg 400w, https:\/\/wp.ufpel.edu.br\/proben\/files\/2019\/10\/CEHUS-768x509.jpg 768w, https:\/\/wp.ufpel.edu.br\/proben\/files\/2019\/10\/CEHUS-1024x678.jpg 1024w\" sizes=\"auto, (max-width: 740px) 100vw, 740px\" \/><\/p>\n<p style=\"text-align: center;\">Fonte: UFPel<\/p>\n<p style=\"text-align: center;\">Rua Almirante Barroso, n\u00b0850<\/p>\n<p style=\"text-align: center;\"><em>Usu\u00e1rios;<\/em><\/p>\n<p style=\"text-align: center;\"><a href=\"https:\/\/wp.ufpel.edu.br\/proben\/acoes-4\/adequacao-do-sistema-tarifario\/\">\u00a0Sistema Tarif\u00e1rio: Baixa Tens\u00e3o<\/a>*<\/p>\n<p style=\"text-align: center;\">N\u00famero de<strong>\u00a0<\/strong>instala\u00e7\u00e3o:\u00a05606421-7<\/p>\n<p style=\"text-align: center;\">&#8211;<\/p>\n<p style=\"text-align: center;\"><strong>Hist\u00f3rico de consumo (anos):<\/strong><\/p>\n<p><a href=\"https:\/\/wp.ufpel.edu.br\/proben\/files\/2026\/01\/CEHUS_2025.png\"><img loading=\"lazy\" decoding=\"async\" class=\"size-full wp-image-29113 aligncenter\" src=\"https:\/\/wp.ufpel.edu.br\/proben\/files\/2026\/01\/CEHUS_2025.png\" alt=\"\" width=\"733\" height=\"446\" srcset=\"https:\/\/wp.ufpel.edu.br\/proben\/files\/2026\/01\/CEHUS_2025.png 733w, https:\/\/wp.ufpel.edu.br\/proben\/files\/2026\/01\/CEHUS_2025-400x243.png 400w, https:\/\/wp.ufpel.edu.br\/proben\/files\/2026\/01\/CEHUS_2025-493x300.png 493w\" sizes=\"auto, (max-width: 733px) 100vw, 733px\" \/><\/a><\/p>\n<p style=\"text-align: center;\">&#8211;<\/p>\n<p style=\"text-align: center;\"><strong>Consumo nos \u00faltimos 12 meses:<\/strong><\/p>\n<p><a href=\"https:\/\/wp.ufpel.edu.br\/proben\/files\/2026\/03\/CEHUS_FEVEREIRO_2026.png\"><img loading=\"lazy\" decoding=\"async\" class=\"size-full wp-image-29608 aligncenter\" src=\"https:\/\/wp.ufpel.edu.br\/proben\/files\/2026\/03\/CEHUS_FEVEREIRO_2026.png\" alt=\"\" width=\"764\" height=\"330\" srcset=\"https:\/\/wp.ufpel.edu.br\/proben\/files\/2026\/03\/CEHUS_FEVEREIRO_2026.png 764w, https:\/\/wp.ufpel.edu.br\/proben\/files\/2026\/03\/CEHUS_FEVEREIRO_2026-400x173.png 400w, https:\/\/wp.ufpel.edu.br\/proben\/files\/2026\/03\/CEHUS_FEVEREIRO_2026-600x259.png 600w\" sizes=\"auto, (max-width: 764px) 100vw, 764px\" \/><\/a><\/p>\n<p style=\"text-align: center;\"><a href=\"https:\/\/wp.ufpel.edu.br\/proben\/files\/2026\/03\/CEHUS_FEVEREIRO_2026.xlsx\">CEHUS UFPel<\/a> &#8211; tabela para download<\/p>\n<p style=\"text-align: center;\">*\u00a0<a href=\"https:\/\/wp.ufpel.edu.br\/proben\/acoes-4\/adequacao-do-sistema-tarifario\/\">clique aqui para entender como fazemos a\u00a0adequa\u00e7\u00e3o do sistema tarif\u00e1rio<\/a><\/p>\n<p>&nbsp;<\/p>\n","protected":false},"excerpt":{"rendered":"<p>CEHUS- Centro de P\u00f3s-Gradua\u00e7\u00e3o\u00a0 e Pesquisa em Ci\u00eancias Humanas, Sociais, Sociais Aplicadas, Artes e Linguagem Fonte: UFPel Rua Almirante Barroso, n\u00b0850 Usu\u00e1rios; \u00a0Sistema Tarif\u00e1rio: Baixa Tens\u00e3o* N\u00famero de\u00a0instala\u00e7\u00e3o:\u00a05606421-7 &#8211; Hist\u00f3rico de consumo (anos): &#8211; Consumo nos \u00faltimos 12 meses: CEHUS UFPel &#8211; tabela para download *\u00a0clique aqui para entender como fazemos a\u00a0adequa\u00e7\u00e3o do sistema tarif\u00e1rio&#8230; <\/p>\n<div class=\"link-more\"><a href=\"https:\/\/wp.ufpel.edu.br\/proben\/proben-educacao\/transparencia-de-contas-3\/cepel-arquivo-ufpel\/\">Leia mais<\/a><\/div>\n","protected":false},"author":303,"featured_media":0,"parent":1056,"menu_order":0,"comment_status":"closed","ping_status":"closed","template":"","meta":{"footnotes":""},"class_list":["post-1421","page","type-page","status-publish","hentry"],"jetpack_sharing_enabled":true,"_links":{"self":[{"href":"https:\/\/wp.ufpel.edu.br\/proben\/wp-json\/wp\/v2\/pages\/1421","targetHints":{"allow":["GET"]}}],"collection":[{"href":"https:\/\/wp.ufpel.edu.br\/proben\/wp-json\/wp\/v2\/pages"}],"about":[{"href":"https:\/\/wp.ufpel.edu.br\/proben\/wp-json\/wp\/v2\/types\/page"}],"author":[{"embeddable":true,"href":"https:\/\/wp.ufpel.edu.br\/proben\/wp-json\/wp\/v2\/users\/303"}],"replies":[{"embeddable":true,"href":"https:\/\/wp.ufpel.edu.br\/proben\/wp-json\/wp\/v2\/comments?post=1421"}],"version-history":[{"count":4,"href":"https:\/\/wp.ufpel.edu.br\/proben\/wp-json\/wp\/v2\/pages\/1421\/revisions"}],"predecessor-version":[{"id":29611,"href":"https:\/\/wp.ufpel.edu.br\/proben\/wp-json\/wp\/v2\/pages\/1421\/revisions\/29611"}],"up":[{"embeddable":true,"href":"https:\/\/wp.ufpel.edu.br\/proben\/wp-json\/wp\/v2\/pages\/1056"}],"wp:attachment":[{"href":"https:\/\/wp.ufpel.edu.br\/proben\/wp-json\/wp\/v2\/media?parent=1421"}],"curies":[{"name":"wp","href":"https:\/\/api.w.org\/{rel}","templated":true}]}}