{"id":14179,"date":"2019-08-22T15:55:58","date_gmt":"2019-08-22T18:55:58","guid":{"rendered":"https:\/\/wp.ufpel.edu.br\/proben\/?page_id=14179"},"modified":"2026-01-18T21:05:11","modified_gmt":"2026-01-19T00:05:11","slug":"museu-carlos-ritter-2","status":"publish","type":"page","link":"https:\/\/wp.ufpel.edu.br\/proben\/proben-educacao\/transparencia-de-contas-3\/museu-carlos-ritter-2\/","title":{"rendered":"Museu Carlos Ritter"},"content":{"rendered":"<p style=\"text-align: center;\"><strong>Museu Carlos Ritter<\/strong><\/p>\n<p><img loading=\"lazy\" decoding=\"async\" class=\"aligncenter wp-image-14181\" src=\"https:\/\/wp.ufpel.edu.br\/proben\/files\/2019\/08\/foto.png\" alt=\"\" width=\"748\" height=\"395\" srcset=\"https:\/\/wp.ufpel.edu.br\/proben\/files\/2019\/08\/foto.png 1575w, https:\/\/wp.ufpel.edu.br\/proben\/files\/2019\/08\/foto-400x211.png 400w, https:\/\/wp.ufpel.edu.br\/proben\/files\/2019\/08\/foto-768x405.png 768w, https:\/\/wp.ufpel.edu.br\/proben\/files\/2019\/08\/foto-1024x540.png 1024w\" sizes=\"auto, (max-width: 748px) 100vw, 748px\" \/><\/p>\n<p style=\"text-align: center;\">Fonte: Google<\/p>\n<p style=\"text-align: center;\">Pra\u00e7a Coronel Pedro Os\u00f3rio, n\u00b01<\/p>\n<p style=\"text-align: center;\"><em>Usu\u00e1rios;<\/em><\/p>\n<p style=\"text-align: center;\"><a href=\"https:\/\/wp.ufpel.edu.br\/proben\/acoes-4\/adequacao-do-sistema-tarifario\/\">\u00a0Sistema Tarif\u00e1rio: Baixa Tens\u00e3o<\/a>*<\/p>\n<p style=\"text-align: center;\">N\u00famero de<strong>\u00a0<\/strong>instala\u00e7\u00e3o: 6648338-7<\/p>\n<p style=\"text-align: center;\">\u2013<\/p>\n<p style=\"text-align: center;\"><strong>Hist\u00f3rico de consumo (anos):<\/strong><\/p>\n<p><a href=\"https:\/\/wp.ufpel.edu.br\/proben\/files\/2026\/01\/MUSEU-CARLOS-RITTER_2025-1.png\"><img loading=\"lazy\" decoding=\"async\" class=\"size-full wp-image-29129 aligncenter\" src=\"https:\/\/wp.ufpel.edu.br\/proben\/files\/2026\/01\/MUSEU-CARLOS-RITTER_2025-1.png\" alt=\"\" width=\"739\" height=\"480\" srcset=\"https:\/\/wp.ufpel.edu.br\/proben\/files\/2026\/01\/MUSEU-CARLOS-RITTER_2025-1.png 739w, https:\/\/wp.ufpel.edu.br\/proben\/files\/2026\/01\/MUSEU-CARLOS-RITTER_2025-1-400x260.png 400w, https:\/\/wp.ufpel.edu.br\/proben\/files\/2026\/01\/MUSEU-CARLOS-RITTER_2025-1-462x300.png 462w\" sizes=\"auto, (max-width: 739px) 100vw, 739px\" \/><\/a><\/p>\n<p style=\"text-align: center;\">\u2013<\/p>\n<p style=\"text-align: center;\"><strong>Consumo dos \u00faltimos 12 meses:<\/strong><\/p>\n<p><a href=\"https:\/\/wp.ufpel.edu.br\/proben\/files\/2026\/01\/MUSEU-CARLOS-RITTER_JANEIRO-2026.png\"><img loading=\"lazy\" decoding=\"async\" class=\"size-full wp-image-29130 aligncenter\" src=\"https:\/\/wp.ufpel.edu.br\/proben\/files\/2026\/01\/MUSEU-CARLOS-RITTER_JANEIRO-2026.png\" alt=\"\" width=\"770\" height=\"381\" srcset=\"https:\/\/wp.ufpel.edu.br\/proben\/files\/2026\/01\/MUSEU-CARLOS-RITTER_JANEIRO-2026.png 770w, https:\/\/wp.ufpel.edu.br\/proben\/files\/2026\/01\/MUSEU-CARLOS-RITTER_JANEIRO-2026-400x198.png 400w, https:\/\/wp.ufpel.edu.br\/proben\/files\/2026\/01\/MUSEU-CARLOS-RITTER_JANEIRO-2026-768x380.png 768w, https:\/\/wp.ufpel.edu.br\/proben\/files\/2026\/01\/MUSEU-CARLOS-RITTER_JANEIRO-2026-600x297.png 600w\" sizes=\"auto, (max-width: 770px) 100vw, 770px\" \/><\/a><\/p>\n<p style=\"text-align: center;\"><a href=\"https:\/\/wp.ufpel.edu.br\/proben\/files\/2026\/01\/MUSEU-CARLOS-RITTER_JANEIRO-2026.xlsx\">Museu Carlos Ritter<\/a>\u00a0\u2013 tabela para download<\/p>\n<p style=\"text-align: center;\">*<a href=\"https:\/\/wp.ufpel.edu.br\/proben\/acoes-e-resultados\/adequacao-do-sistema-tarifario\/\">\u00a0clique aqui para entender como fazemos a\u00a0adequa\u00e7\u00e3o do sistema \u00a0tarif\u00e1rio<\/a><\/p>\n","protected":false},"excerpt":{"rendered":"<p>Museu Carlos Ritter Fonte: Google Pra\u00e7a Coronel Pedro Os\u00f3rio, n\u00b01 Usu\u00e1rios; \u00a0Sistema Tarif\u00e1rio: Baixa Tens\u00e3o* N\u00famero de\u00a0instala\u00e7\u00e3o: 6648338-7 \u2013 Hist\u00f3rico de consumo (anos): \u2013 Consumo dos \u00faltimos 12 meses: Museu Carlos Ritter\u00a0\u2013 tabela para download *\u00a0clique aqui para entender como fazemos a\u00a0adequa\u00e7\u00e3o do sistema \u00a0tarif\u00e1rio<\/p>\n","protected":false},"author":303,"featured_media":0,"parent":1056,"menu_order":0,"comment_status":"closed","ping_status":"closed","template":"","meta":{"footnotes":""},"class_list":["post-14179","page","type-page","status-publish","hentry"],"jetpack_sharing_enabled":true,"_links":{"self":[{"href":"https:\/\/wp.ufpel.edu.br\/proben\/wp-json\/wp\/v2\/pages\/14179","targetHints":{"allow":["GET"]}}],"collection":[{"href":"https:\/\/wp.ufpel.edu.br\/proben\/wp-json\/wp\/v2\/pages"}],"about":[{"href":"https:\/\/wp.ufpel.edu.br\/proben\/wp-json\/wp\/v2\/types\/page"}],"author":[{"embeddable":true,"href":"https:\/\/wp.ufpel.edu.br\/proben\/wp-json\/wp\/v2\/users\/303"}],"replies":[{"embeddable":true,"href":"https:\/\/wp.ufpel.edu.br\/proben\/wp-json\/wp\/v2\/comments?post=14179"}],"version-history":[{"count":4,"href":"https:\/\/wp.ufpel.edu.br\/proben\/wp-json\/wp\/v2\/pages\/14179\/revisions"}],"predecessor-version":[{"id":29133,"href":"https:\/\/wp.ufpel.edu.br\/proben\/wp-json\/wp\/v2\/pages\/14179\/revisions\/29133"}],"up":[{"embeddable":true,"href":"https:\/\/wp.ufpel.edu.br\/proben\/wp-json\/wp\/v2\/pages\/1056"}],"wp:attachment":[{"href":"https:\/\/wp.ufpel.edu.br\/proben\/wp-json\/wp\/v2\/media?parent=14179"}],"curies":[{"name":"wp","href":"https:\/\/api.w.org\/{rel}","templated":true}]}}