{"id":14078,"date":"2019-08-16T15:16:35","date_gmt":"2019-08-16T18:16:35","guid":{"rendered":"https:\/\/wp.ufpel.edu.br\/proben\/?page_id=14078"},"modified":"2026-01-18T21:36:06","modified_gmt":"2026-01-19T00:36:06","slug":"radio-federal-fm","status":"publish","type":"page","link":"https:\/\/wp.ufpel.edu.br\/proben\/proben-educacao\/transparencia-de-contas-3\/radio-federal-fm\/","title":{"rendered":"RADIO FEDERAL FM"},"content":{"rendered":"<p style=\"text-align: center;\">R\u00e1dio Federal FM<\/p>\n<p><img loading=\"lazy\" decoding=\"async\" class=\"aligncenter wp-image-14082\" src=\"https:\/\/wp.ufpel.edu.br\/proben\/files\/2019\/08\/Radio-federal-FM.png\" alt=\"\" width=\"809\" height=\"445\" srcset=\"https:\/\/wp.ufpel.edu.br\/proben\/files\/2019\/08\/Radio-federal-FM.png 1593w, https:\/\/wp.ufpel.edu.br\/proben\/files\/2019\/08\/Radio-federal-FM-400x220.png 400w, https:\/\/wp.ufpel.edu.br\/proben\/files\/2019\/08\/Radio-federal-FM-768x423.png 768w, https:\/\/wp.ufpel.edu.br\/proben\/files\/2019\/08\/Radio-federal-FM-1024x564.png 1024w\" sizes=\"auto, (max-width: 809px) 100vw, 809px\" \/><\/p>\n<p style=\"text-align: center;\">Fonte: Google<\/p>\n<p style=\"text-align: center;\">Rua Sete de Setembro, 25<\/p>\n<p style=\"text-align: center;\"><a href=\"https:\/\/wp.ufpel.edu.br\/proben\/acoes-e-resultados\/adequacao-do-sistema-tarifario\/\" target=\"_blank\" rel=\"noopener noreferrer\">Sistema Tarif\u00e1rio: Baixa Tens\u00e3o*<\/a><\/p>\n<p style=\"text-align: center;\">N\u00famero de instala\u00e7\u00e3o: 4121856-6<\/p>\n<p style=\"text-align: center;\">\u2013<\/p>\n<p style=\"text-align: center;\"><strong>Hist\u00f3rico de consumo (anos):<\/strong><\/p>\n<p><a href=\"https:\/\/wp.ufpel.edu.br\/proben\/files\/2026\/01\/RADIO-FEDERAL-FM_2025.png\"><img loading=\"lazy\" decoding=\"async\" class=\"size-full wp-image-29154 aligncenter\" src=\"https:\/\/wp.ufpel.edu.br\/proben\/files\/2026\/01\/RADIO-FEDERAL-FM_2025.png\" alt=\"\" width=\"646\" height=\"385\" srcset=\"https:\/\/wp.ufpel.edu.br\/proben\/files\/2026\/01\/RADIO-FEDERAL-FM_2025.png 646w, https:\/\/wp.ufpel.edu.br\/proben\/files\/2026\/01\/RADIO-FEDERAL-FM_2025-400x238.png 400w, https:\/\/wp.ufpel.edu.br\/proben\/files\/2026\/01\/RADIO-FEDERAL-FM_2025-503x300.png 503w\" sizes=\"auto, (max-width: 646px) 100vw, 646px\" \/><\/a><\/p>\n<p style=\"text-align: center;\">\u2013<\/p>\n<p style=\"text-align: center;\"><strong>Consumo nos \u00faltimos 12 meses:<\/strong><\/p>\n<p><a href=\"https:\/\/wp.ufpel.edu.br\/proben\/files\/2026\/01\/RADIO-FEDERAL-FM_DEZEMBRO-25.png\"><img loading=\"lazy\" decoding=\"async\" class=\"size-full wp-image-29155 aligncenter\" src=\"https:\/\/wp.ufpel.edu.br\/proben\/files\/2026\/01\/RADIO-FEDERAL-FM_DEZEMBRO-25.png\" alt=\"\" width=\"752\" height=\"368\" srcset=\"https:\/\/wp.ufpel.edu.br\/proben\/files\/2026\/01\/RADIO-FEDERAL-FM_DEZEMBRO-25.png 752w, https:\/\/wp.ufpel.edu.br\/proben\/files\/2026\/01\/RADIO-FEDERAL-FM_DEZEMBRO-25-400x196.png 400w, https:\/\/wp.ufpel.edu.br\/proben\/files\/2026\/01\/RADIO-FEDERAL-FM_DEZEMBRO-25-600x294.png 600w\" sizes=\"auto, (max-width: 752px) 100vw, 752px\" \/><\/a><\/p>\n<p style=\"text-align: center;\">\u00a0<a href=\"https:\/\/wp.ufpel.edu.br\/proben\/files\/2026\/01\/RADIO-FEDERAL-FM_DEZEMBRO-25.xlsx\">R\u00e1dio Federal FM<\/a> \u2013 Tabela para Download<\/p>\n<p style=\"text-align: center;\"><a href=\"https:\/\/wp.ufpel.edu.br\/proben\/acoes-e-resultados\/adequacao-do-sistema-tarifario\/\" target=\"_blank\" rel=\"noopener noreferrer\">*clique aqui para entender como fazemos a adequa\u00e7\u00e3o do sistema tarif\u00e1rio<\/a><\/p>\n","protected":false},"excerpt":{"rendered":"<p>R\u00e1dio Federal FM Fonte: Google Rua Sete de Setembro, 25 Sistema Tarif\u00e1rio: Baixa Tens\u00e3o* N\u00famero de instala\u00e7\u00e3o: 4121856-6 \u2013 Hist\u00f3rico de consumo (anos): \u2013 Consumo nos \u00faltimos 12 meses: \u00a0R\u00e1dio Federal FM \u2013 Tabela para Download *clique aqui para entender como fazemos a adequa\u00e7\u00e3o do sistema tarif\u00e1rio<\/p>\n","protected":false},"author":303,"featured_media":0,"parent":1056,"menu_order":0,"comment_status":"closed","ping_status":"closed","template":"","meta":{"footnotes":""},"class_list":["post-14078","page","type-page","status-publish","hentry"],"jetpack_sharing_enabled":true,"_links":{"self":[{"href":"https:\/\/wp.ufpel.edu.br\/proben\/wp-json\/wp\/v2\/pages\/14078","targetHints":{"allow":["GET"]}}],"collection":[{"href":"https:\/\/wp.ufpel.edu.br\/proben\/wp-json\/wp\/v2\/pages"}],"about":[{"href":"https:\/\/wp.ufpel.edu.br\/proben\/wp-json\/wp\/v2\/types\/page"}],"author":[{"embeddable":true,"href":"https:\/\/wp.ufpel.edu.br\/proben\/wp-json\/wp\/v2\/users\/303"}],"replies":[{"embeddable":true,"href":"https:\/\/wp.ufpel.edu.br\/proben\/wp-json\/wp\/v2\/comments?post=14078"}],"version-history":[{"count":4,"href":"https:\/\/wp.ufpel.edu.br\/proben\/wp-json\/wp\/v2\/pages\/14078\/revisions"}],"predecessor-version":[{"id":29158,"href":"https:\/\/wp.ufpel.edu.br\/proben\/wp-json\/wp\/v2\/pages\/14078\/revisions\/29158"}],"up":[{"embeddable":true,"href":"https:\/\/wp.ufpel.edu.br\/proben\/wp-json\/wp\/v2\/pages\/1056"}],"wp:attachment":[{"href":"https:\/\/wp.ufpel.edu.br\/proben\/wp-json\/wp\/v2\/media?parent=14078"}],"curies":[{"name":"wp","href":"https:\/\/api.w.org\/{rel}","templated":true}]}}