{"id":1311,"date":"2013-10-11T11:34:40","date_gmt":"2013-10-11T14:34:40","guid":{"rendered":"https:\/\/wp.ufpel.edu.br\/proben\/?page_id=1311"},"modified":"2026-01-20T16:57:48","modified_gmt":"2026-01-20T19:57:48","slug":"amilcar-gig","status":"publish","type":"page","link":"https:\/\/wp.ufpel.edu.br\/proben\/proben-educacao\/transparencia-de-contas-3\/amilcar-gig\/","title":{"rendered":"CPAG &#8211; Amilcar Gigante"},"content":{"rendered":"<p style=\"text-align: center;\"><strong>\u00a0CPAG &#8211; Amilcar Gigante<\/strong><\/p>\n<p><img loading=\"lazy\" decoding=\"async\" class=\"aligncenter wp-image-17115\" src=\"https:\/\/wp.ufpel.edu.br\/proben\/files\/2021\/02\/Capturar.png\" alt=\"\" width=\"579\" height=\"385\" srcset=\"https:\/\/wp.ufpel.edu.br\/proben\/files\/2021\/02\/Capturar.png 913w, https:\/\/wp.ufpel.edu.br\/proben\/files\/2021\/02\/Capturar-400x266.png 400w, https:\/\/wp.ufpel.edu.br\/proben\/files\/2021\/02\/Capturar-768x511.png 768w\" sizes=\"auto, (max-width: 579px) 100vw, 579px\" \/><\/p>\n<p style=\"text-align: center;\"><span style=\"font-size: 8pt;\">Fonte: Google<\/span><\/p>\n<p style=\"text-align: center;\"><em>Rua Marechal Deodoro, n\u00b01160<\/em><\/p>\n<p style=\"text-align: center;\"><em>Usu\u00e1rios;<\/em><\/p>\n<p style=\"text-align: center;\"><a href=\"https:\/\/wp.ufpel.edu.br\/proben\/acoes-4\/adequacao-do-sistema-tarifario\/\">\u00a0Sistema Tarif\u00e1rio: Horo-Sazonal Verde\u00a0<\/a>*<\/p>\n<p style=\"text-align: center;\">N\u00famero de<strong>\u00a0<\/strong>instala\u00e7\u00e3o:\u00a05428327-2 (alta tens\u00e3o)<\/p>\n<p style=\"text-align: center;\">&#8211;<\/p>\n<p style=\"text-align: center;\"><strong>Hist\u00f3rico de consumo:<\/strong><\/p>\n<p><a href=\"https:\/\/wp.ufpel.edu.br\/proben\/files\/2026\/01\/CPAG_2025.png\"><img loading=\"lazy\" decoding=\"async\" class=\"alignnone size-full wp-image-29364\" src=\"https:\/\/wp.ufpel.edu.br\/proben\/files\/2026\/01\/CPAG_2025.png\" alt=\"\" width=\"1295\" height=\"530\" srcset=\"https:\/\/wp.ufpel.edu.br\/proben\/files\/2026\/01\/CPAG_2025.png 1295w, https:\/\/wp.ufpel.edu.br\/proben\/files\/2026\/01\/CPAG_2025-400x164.png 400w, https:\/\/wp.ufpel.edu.br\/proben\/files\/2026\/01\/CPAG_2025-1024x419.png 1024w, https:\/\/wp.ufpel.edu.br\/proben\/files\/2026\/01\/CPAG_2025-768x314.png 768w, https:\/\/wp.ufpel.edu.br\/proben\/files\/2026\/01\/CPAG_2025-600x246.png 600w\" sizes=\"auto, (max-width: 1295px) 100vw, 1295px\" \/><\/a><\/p>\n<p>&nbsp;<\/p>\n<p style=\"text-align: center;\"><strong>Consumo dos \u00faltimos 12 meses:<\/strong><\/p>\n<p><a href=\"https:\/\/wp.ufpel.edu.br\/proben\/files\/2026\/01\/cpag_2026_JAN.png\"><img loading=\"lazy\" decoding=\"async\" class=\"alignnone size-full wp-image-29365\" src=\"https:\/\/wp.ufpel.edu.br\/proben\/files\/2026\/01\/cpag_2026_JAN.png\" alt=\"\" width=\"1058\" height=\"537\" srcset=\"https:\/\/wp.ufpel.edu.br\/proben\/files\/2026\/01\/cpag_2026_JAN.png 1058w, https:\/\/wp.ufpel.edu.br\/proben\/files\/2026\/01\/cpag_2026_JAN-400x203.png 400w, https:\/\/wp.ufpel.edu.br\/proben\/files\/2026\/01\/cpag_2026_JAN-1024x520.png 1024w, https:\/\/wp.ufpel.edu.br\/proben\/files\/2026\/01\/cpag_2026_JAN-768x390.png 768w, https:\/\/wp.ufpel.edu.br\/proben\/files\/2026\/01\/cpag_2026_JAN-591x300.png 591w\" sizes=\"auto, (max-width: 1058px) 100vw, 1058px\" \/><\/a><\/p>\n<p>&nbsp;<\/p>\n<p>&nbsp;<\/p>\n<p style=\"text-align: center;\"><a href=\"https:\/\/wp.ufpel.edu.br\/proben\/files\/2026\/01\/cpag_2026_JAN.xlsx\">CPAG-Amilcar Gigante<\/a>\u00a0&#8211; Tabela para Download<\/p>\n<p style=\"text-align: center;\"><a href=\"https:\/\/wp.ufpel.edu.br\/proben\/acoes-e-resultados\/adequacao-do-sistema-tarifario\/\">* clique aqui para entender como fazemos a\u00a0adequa\u00e7\u00e3o do sistema \u00a0tarif\u00e1rio<\/a><\/p>\n","protected":false},"excerpt":{"rendered":"<p>\u00a0CPAG &#8211; Amilcar Gigante Fonte: Google Rua Marechal Deodoro, n\u00b01160 Usu\u00e1rios; \u00a0Sistema Tarif\u00e1rio: Horo-Sazonal Verde\u00a0* N\u00famero de\u00a0instala\u00e7\u00e3o:\u00a05428327-2 (alta tens\u00e3o) &#8211; Hist\u00f3rico de consumo: &nbsp; Consumo dos \u00faltimos 12 meses: &nbsp; &nbsp; CPAG-Amilcar Gigante\u00a0&#8211; Tabela para Download * clique aqui para entender como fazemos a\u00a0adequa\u00e7\u00e3o do sistema \u00a0tarif\u00e1rio<\/p>\n","protected":false},"author":303,"featured_media":0,"parent":1056,"menu_order":0,"comment_status":"closed","ping_status":"closed","template":"","meta":{"footnotes":""},"class_list":["post-1311","page","type-page","status-publish","hentry"],"jetpack_sharing_enabled":true,"_links":{"self":[{"href":"https:\/\/wp.ufpel.edu.br\/proben\/wp-json\/wp\/v2\/pages\/1311","targetHints":{"allow":["GET"]}}],"collection":[{"href":"https:\/\/wp.ufpel.edu.br\/proben\/wp-json\/wp\/v2\/pages"}],"about":[{"href":"https:\/\/wp.ufpel.edu.br\/proben\/wp-json\/wp\/v2\/types\/page"}],"author":[{"embeddable":true,"href":"https:\/\/wp.ufpel.edu.br\/proben\/wp-json\/wp\/v2\/users\/303"}],"replies":[{"embeddable":true,"href":"https:\/\/wp.ufpel.edu.br\/proben\/wp-json\/wp\/v2\/comments?post=1311"}],"version-history":[{"count":4,"href":"https:\/\/wp.ufpel.edu.br\/proben\/wp-json\/wp\/v2\/pages\/1311\/revisions"}],"predecessor-version":[{"id":29367,"href":"https:\/\/wp.ufpel.edu.br\/proben\/wp-json\/wp\/v2\/pages\/1311\/revisions\/29367"}],"up":[{"embeddable":true,"href":"https:\/\/wp.ufpel.edu.br\/proben\/wp-json\/wp\/v2\/pages\/1056"}],"wp:attachment":[{"href":"https:\/\/wp.ufpel.edu.br\/proben\/wp-json\/wp\/v2\/media?parent=1311"}],"curies":[{"name":"wp","href":"https:\/\/api.w.org\/{rel}","templated":true}]}}