{"id":1307,"date":"2013-10-11T11:28:50","date_gmt":"2013-10-11T14:28:50","guid":{"rendered":"https:\/\/wp.ufpel.edu.br\/proben\/?page_id=1307"},"modified":"2026-01-31T14:15:28","modified_gmt":"2026-01-31T17:15:28","slug":"agencia-da-lagoa-mirin-5","status":"publish","type":"page","link":"https:\/\/wp.ufpel.edu.br\/proben\/proben-educacao\/transparencia-de-contas-3\/agencias-lagoa-mirim\/agencia-da-lagoa-mirin-5\/","title":{"rendered":"Ag\u00eancia Lagoa Mirim &#8211; Barragem do Chasqueiro"},"content":{"rendered":"<p style=\"text-align: center;\"><strong>Ag\u00eancia Lagoa Mirim &#8211;\u00a0Barragem do Chasqueiro<\/strong><\/p>\n<p><img loading=\"lazy\" decoding=\"async\" class=\"aligncenter wp-image-12453\" src=\"https:\/\/wp.ufpel.edu.br\/proben\/files\/2019\/03\/fachada-18.jpg\" alt=\"\" width=\"536\" height=\"402\" srcset=\"https:\/\/wp.ufpel.edu.br\/proben\/files\/2019\/03\/fachada-18.jpg 1024w, https:\/\/wp.ufpel.edu.br\/proben\/files\/2019\/03\/fachada-18-400x300.jpg 400w, https:\/\/wp.ufpel.edu.br\/proben\/files\/2019\/03\/fachada-18-768x576.jpg 768w\" sizes=\"auto, (max-width: 536px) 100vw, 536px\" \/><\/p>\n<p style=\"text-align: center;\"><span style=\"font-size: 8pt;\">Fonte: Google<\/span><\/p>\n<p style=\"text-align: center;\">Est. Br 116\u00a0&#8211; \u00a0Arroio Grande<\/p>\n<p style=\"text-align: center;\"><em>Usu\u00e1rios;<\/em><\/p>\n<p style=\"text-align: center;\"><a href=\"https:\/\/wp.ufpel.edu.br\/proben\/acoes-4\/adequacao-do-sistema-tarifario\/\">\u00a0Sistema Tarif\u00e1rio: Baixa Tens\u00e3o<\/a>*<\/p>\n<p style=\"text-align: center;\">N\u00famero de<strong>\u00a0<\/strong>instala\u00e7\u00e3o:\u00a04484143-4<\/p>\n<p style=\"text-align: center;\">&#8211;<\/p>\n<p style=\"text-align: center;\"><strong>Hist\u00f3rico de consumo:<\/strong><\/p>\n<p><a href=\"https:\/\/wp.ufpel.edu.br\/proben\/files\/2026\/01\/imagem_2026-01-31_141436886.png\"><img loading=\"lazy\" decoding=\"async\" class=\"alignnone wp-image-29492 size-full\" src=\"https:\/\/wp.ufpel.edu.br\/proben\/files\/2026\/01\/imagem_2026-01-31_141436886.png\" alt=\"\" width=\"980\" height=\"456\" srcset=\"https:\/\/wp.ufpel.edu.br\/proben\/files\/2026\/01\/imagem_2026-01-31_141436886.png 980w, https:\/\/wp.ufpel.edu.br\/proben\/files\/2026\/01\/imagem_2026-01-31_141436886-400x186.png 400w, https:\/\/wp.ufpel.edu.br\/proben\/files\/2026\/01\/imagem_2026-01-31_141436886-768x357.png 768w, https:\/\/wp.ufpel.edu.br\/proben\/files\/2026\/01\/imagem_2026-01-31_141436886-600x279.png 600w\" sizes=\"auto, (max-width: 980px) 100vw, 980px\" \/><\/a><\/p>\n<p style=\"text-align: center;\">&#8211;<\/p>\n<p style=\"text-align: center;\"><strong>Consumo nos \u00faltimos 12 meses:<\/strong><\/p>\n<p><a href=\"https:\/\/wp.ufpel.edu.br\/proben\/files\/2025\/12\/imagem_2025-12-19_135241410.png\"><img loading=\"lazy\" decoding=\"async\" class=\"alignnone wp-image-29022 size-full\" src=\"https:\/\/wp.ufpel.edu.br\/proben\/files\/2025\/12\/imagem_2025-12-19_135241410.png\" alt=\"\" width=\"1124\" height=\"472\" srcset=\"https:\/\/wp.ufpel.edu.br\/proben\/files\/2025\/12\/imagem_2025-12-19_135241410.png 1124w, https:\/\/wp.ufpel.edu.br\/proben\/files\/2025\/12\/imagem_2025-12-19_135241410-400x168.png 400w, https:\/\/wp.ufpel.edu.br\/proben\/files\/2025\/12\/imagem_2025-12-19_135241410-1024x430.png 1024w, https:\/\/wp.ufpel.edu.br\/proben\/files\/2025\/12\/imagem_2025-12-19_135241410-768x323.png 768w, https:\/\/wp.ufpel.edu.br\/proben\/files\/2025\/12\/imagem_2025-12-19_135241410-600x252.png 600w\" sizes=\"auto, (max-width: 1124px) 100vw, 1124px\" \/><\/a><\/p>\n<p>&nbsp;<\/p>\n<p>&nbsp;<\/p>\n<p style=\"text-align: center;\"><a href=\"https:\/\/wp.ufpel.edu.br\/proben\/files\/2026\/01\/ALM_BarragemDoChasqueiro_dez_2025.xlsx\">ALM &#8211; Barragem do Chasqueiro<\/a>\u00a0&#8211; tabela para download<\/p>\n<p style=\"text-align: center;\">*\u00a0<a href=\"https:\/\/wp.ufpel.edu.br\/proben\/acoes-e-resultados\/adequacao-do-sistema-tarifario\/\">clique aqui para entender como fazemos a\u00a0adequa\u00e7\u00e3o do sistema \u00a0tarif\u00e1rio<\/a><\/p>\n","protected":false},"excerpt":{"rendered":"<p>Ag\u00eancia Lagoa Mirim &#8211;\u00a0Barragem do Chasqueiro Fonte: Google Est. Br 116\u00a0&#8211; \u00a0Arroio Grande Usu\u00e1rios; \u00a0Sistema Tarif\u00e1rio: Baixa Tens\u00e3o* N\u00famero de\u00a0instala\u00e7\u00e3o:\u00a04484143-4 &#8211; Hist\u00f3rico de consumo: &#8211; Consumo nos \u00faltimos 12 meses: &nbsp; &nbsp; ALM &#8211; Barragem do Chasqueiro\u00a0&#8211; tabela para download *\u00a0clique aqui para entender como fazemos a\u00a0adequa\u00e7\u00e3o do sistema \u00a0tarif\u00e1rio<\/p>\n","protected":false},"author":303,"featured_media":0,"parent":26995,"menu_order":0,"comment_status":"closed","ping_status":"closed","template":"","meta":{"footnotes":""},"class_list":["post-1307","page","type-page","status-publish","hentry"],"jetpack_sharing_enabled":true,"_links":{"self":[{"href":"https:\/\/wp.ufpel.edu.br\/proben\/wp-json\/wp\/v2\/pages\/1307","targetHints":{"allow":["GET"]}}],"collection":[{"href":"https:\/\/wp.ufpel.edu.br\/proben\/wp-json\/wp\/v2\/pages"}],"about":[{"href":"https:\/\/wp.ufpel.edu.br\/proben\/wp-json\/wp\/v2\/types\/page"}],"author":[{"embeddable":true,"href":"https:\/\/wp.ufpel.edu.br\/proben\/wp-json\/wp\/v2\/users\/303"}],"replies":[{"embeddable":true,"href":"https:\/\/wp.ufpel.edu.br\/proben\/wp-json\/wp\/v2\/comments?post=1307"}],"version-history":[{"count":4,"href":"https:\/\/wp.ufpel.edu.br\/proben\/wp-json\/wp\/v2\/pages\/1307\/revisions"}],"predecessor-version":[{"id":29494,"href":"https:\/\/wp.ufpel.edu.br\/proben\/wp-json\/wp\/v2\/pages\/1307\/revisions\/29494"}],"up":[{"embeddable":true,"href":"https:\/\/wp.ufpel.edu.br\/proben\/wp-json\/wp\/v2\/pages\/26995"}],"wp:attachment":[{"href":"https:\/\/wp.ufpel.edu.br\/proben\/wp-json\/wp\/v2\/media?parent=1307"}],"curies":[{"name":"wp","href":"https:\/\/api.w.org\/{rel}","templated":true}]}}