{"id":1180,"date":"2013-10-07T15:40:33","date_gmt":"2013-10-07T18:40:33","guid":{"rendered":"https:\/\/wp.ufpel.edu.br\/proben\/?page_id=1180"},"modified":"2026-01-20T17:01:48","modified_gmt":"2026-01-20T20:01:48","slug":"esef","status":"publish","type":"page","link":"https:\/\/wp.ufpel.edu.br\/proben\/proben-educacao\/transparencia-de-contas-3\/campi\/esef\/","title":{"rendered":"ESEF &#8211; Escola Superior de Educa\u00e7\u00e3o F\u00edsica"},"content":{"rendered":"<p style=\"text-align: center;\"><strong>ESEF &#8211; Escola Superior de Educa\u00e7\u00e3o F\u00edsica<\/strong><\/p>\n<p style=\"text-align: center;\"><img loading=\"lazy\" decoding=\"async\" class=\"aligncenter wp-image-12421\" src=\"https:\/\/wp.ufpel.edu.br\/proben\/files\/2019\/03\/fachada-8.jpg\" alt=\"\" width=\"560\" height=\"407\" srcset=\"https:\/\/wp.ufpel.edu.br\/proben\/files\/2019\/03\/fachada-8.jpg 1018w, https:\/\/wp.ufpel.edu.br\/proben\/files\/2019\/03\/fachada-8-400x291.jpg 400w, https:\/\/wp.ufpel.edu.br\/proben\/files\/2019\/03\/fachada-8-768x558.jpg 768w\" sizes=\"auto, (max-width: 560px) 100vw, 560px\" \/><span style=\"font-size: 8pt;\">Fonte: Google<\/span><\/p>\n<p style=\"text-align: center;\"><em>Rua Luiz de Cam\u00f5es, n\u00b0625<\/em><\/p>\n<p style=\"text-align: center;\"><em>Utilizado pelo curso de Educa\u00e7\u00e3o F\u00edsica;<\/em><\/p>\n<p style=\"text-align: center;\"><a href=\"https:\/\/wp.ufpel.edu.br\/proben\/acoes-4\/adequacao-do-sistema-tarifario\/\">\u00a0Sistema Tarif\u00e1rio : Amarela Convencional (Alta tens\u00e3o)<\/a>*<\/p>\n<p style=\"text-align: center;\">N\u00famero de<strong>\u00a0<\/strong>instala\u00e7\u00e3o:\u00a07271940-1<\/p>\n<p style=\"text-align: center;\">&#8211;<\/p>\n<p style=\"text-align: center;\"><strong>Hist\u00f3rico de consumo:<\/strong><\/p>\n<p><a href=\"https:\/\/wp.ufpel.edu.br\/proben\/files\/2026\/01\/esef_2025.png\"><img loading=\"lazy\" decoding=\"async\" class=\"size-full wp-image-29374 aligncenter\" src=\"https:\/\/wp.ufpel.edu.br\/proben\/files\/2026\/01\/esef_2025.png\" alt=\"\" width=\"1263\" height=\"527\" srcset=\"https:\/\/wp.ufpel.edu.br\/proben\/files\/2026\/01\/esef_2025.png 1263w, https:\/\/wp.ufpel.edu.br\/proben\/files\/2026\/01\/esef_2025-400x167.png 400w, https:\/\/wp.ufpel.edu.br\/proben\/files\/2026\/01\/esef_2025-1024x427.png 1024w, https:\/\/wp.ufpel.edu.br\/proben\/files\/2026\/01\/esef_2025-768x320.png 768w, https:\/\/wp.ufpel.edu.br\/proben\/files\/2026\/01\/esef_2025-600x250.png 600w\" sizes=\"auto, (max-width: 1263px) 100vw, 1263px\" \/><\/a><\/p>\n<p style=\"text-align: center;\"><strong>Consumo dos \u00faltimos 12 meses:<\/strong><\/p>\n<p><a href=\"https:\/\/wp.ufpel.edu.br\/proben\/files\/2026\/01\/ESEF_2026_JAN.png\"><img loading=\"lazy\" decoding=\"async\" class=\"alignnone size-full wp-image-29372\" src=\"https:\/\/wp.ufpel.edu.br\/proben\/files\/2026\/01\/ESEF_2026_JAN.png\" alt=\"\" width=\"1178\" height=\"582\" srcset=\"https:\/\/wp.ufpel.edu.br\/proben\/files\/2026\/01\/ESEF_2026_JAN.png 1178w, https:\/\/wp.ufpel.edu.br\/proben\/files\/2026\/01\/ESEF_2026_JAN-400x198.png 400w, https:\/\/wp.ufpel.edu.br\/proben\/files\/2026\/01\/ESEF_2026_JAN-1024x506.png 1024w, https:\/\/wp.ufpel.edu.br\/proben\/files\/2026\/01\/ESEF_2026_JAN-768x379.png 768w, https:\/\/wp.ufpel.edu.br\/proben\/files\/2026\/01\/ESEF_2026_JAN-600x296.png 600w\" sizes=\"auto, (max-width: 1178px) 100vw, 1178px\" \/><\/a><\/p>\n<p>&nbsp;<\/p>\n<p style=\"text-align: center;\"><a href=\"https:\/\/wp.ufpel.edu.br\/proben\/files\/2026\/01\/ESEF_2026_JAN.xlsx\">ESEF &#8211;<\/a> tabela para download<\/p>\n<p style=\"text-align: center;\">* <a href=\"https:\/\/wp.ufpel.edu.br\/proben\/acoes-4\/adequacao-do-sistema-tarifario\/\">clique aqui para entender como fazemos a\u00a0adequa\u00e7\u00e3o do sistema tarif\u00e1rio<\/a><\/p>\n","protected":false},"excerpt":{"rendered":"<p>ESEF &#8211; Escola Superior de Educa\u00e7\u00e3o F\u00edsica Fonte: Google Rua Luiz de Cam\u00f5es, n\u00b0625 Utilizado pelo curso de Educa\u00e7\u00e3o F\u00edsica; \u00a0Sistema Tarif\u00e1rio : Amarela Convencional (Alta tens\u00e3o)* N\u00famero de\u00a0instala\u00e7\u00e3o:\u00a07271940-1 &#8211; Hist\u00f3rico de consumo: Consumo dos \u00faltimos 12 meses: &nbsp; ESEF &#8211; tabela para download * clique aqui para entender como fazemos a\u00a0adequa\u00e7\u00e3o do sistema tarif\u00e1rio<\/p>\n","protected":false},"author":303,"featured_media":0,"parent":27014,"menu_order":0,"comment_status":"closed","ping_status":"closed","template":"","meta":{"footnotes":""},"class_list":["post-1180","page","type-page","status-publish","hentry"],"jetpack_sharing_enabled":true,"_links":{"self":[{"href":"https:\/\/wp.ufpel.edu.br\/proben\/wp-json\/wp\/v2\/pages\/1180","targetHints":{"allow":["GET"]}}],"collection":[{"href":"https:\/\/wp.ufpel.edu.br\/proben\/wp-json\/wp\/v2\/pages"}],"about":[{"href":"https:\/\/wp.ufpel.edu.br\/proben\/wp-json\/wp\/v2\/types\/page"}],"author":[{"embeddable":true,"href":"https:\/\/wp.ufpel.edu.br\/proben\/wp-json\/wp\/v2\/users\/303"}],"replies":[{"embeddable":true,"href":"https:\/\/wp.ufpel.edu.br\/proben\/wp-json\/wp\/v2\/comments?post=1180"}],"version-history":[{"count":4,"href":"https:\/\/wp.ufpel.edu.br\/proben\/wp-json\/wp\/v2\/pages\/1180\/revisions"}],"predecessor-version":[{"id":29375,"href":"https:\/\/wp.ufpel.edu.br\/proben\/wp-json\/wp\/v2\/pages\/1180\/revisions\/29375"}],"up":[{"embeddable":true,"href":"https:\/\/wp.ufpel.edu.br\/proben\/wp-json\/wp\/v2\/pages\/27014"}],"wp:attachment":[{"href":"https:\/\/wp.ufpel.edu.br\/proben\/wp-json\/wp\/v2\/media?parent=1180"}],"curies":[{"name":"wp","href":"https:\/\/api.w.org\/{rel}","templated":true}]}}