{"id":1095,"date":"2013-10-03T10:36:37","date_gmt":"2013-10-03T13:36:37","guid":{"rendered":"https:\/\/wp.ufpel.edu.br\/proben\/?page_id=1095"},"modified":"2026-01-18T21:58:04","modified_gmt":"2026-01-19T00:58:04","slug":"anglo","status":"publish","type":"page","link":"https:\/\/wp.ufpel.edu.br\/proben\/proben-educacao\/transparencia-de-contas-3\/campi\/anglo\/","title":{"rendered":"Campus Anglo"},"content":{"rendered":"<p style=\"text-align: center;\"><strong><span style=\"font-family: georgia, palatino, serif; font-size: 12pt;\">Campus Anglo<\/span><\/strong><\/p>\n<p><img loading=\"lazy\" decoding=\"async\" class=\"aligncenter wp-image-12439\" src=\"https:\/\/wp.ufpel.edu.br\/proben\/files\/2019\/03\/fachada-14.jpg\" alt=\"\" width=\"542\" height=\"373\" srcset=\"https:\/\/wp.ufpel.edu.br\/proben\/files\/2019\/03\/fachada-14.jpg 478w, https:\/\/wp.ufpel.edu.br\/proben\/files\/2019\/03\/fachada-14-400x275.jpg 400w\" sizes=\"auto, (max-width: 542px) 100vw, 542px\" \/><\/p>\n<p style=\"text-align: center;\"><span style=\"font-size: 8pt;\">Fonte: Google<\/span><\/p>\n<p style=\"text-align: center;\">Rua Gomes Carneiro, n\u00b01<\/p>\n<p style=\"text-align: center;\"><em>Utilizado por administra\u00e7\u00e3o, reitoria, e os cursos de Nutri\u00e7\u00e3o, Gastronomia, Engenharias, (&#8230;)<\/em><\/p>\n<p style=\"text-align: center;\"><a href=\"https:\/\/wp.ufpel.edu.br\/proben\/acoes-4\/adequacao-do-sistema-tarifario\/\">\u00a0Sistema Tarif\u00e1rio: Horossazonal Verde\u00a0<\/a>*<\/p>\n<p style=\"text-align: center;\">N\u00famero de<strong>\u00a0<\/strong>instala\u00e7\u00e3o:\u00a06374609-3\u00a0 (<i>alta tens\u00e3o)<\/i><\/p>\n<p style=\"text-align: center;\">&#8211;<\/p>\n<p style=\"text-align: center;\"><strong>Hist\u00f3rico de consumo:<\/strong><\/p>\n<p><a href=\"https:\/\/wp.ufpel.edu.br\/proben\/files\/2026\/01\/anglo_2025.png\"><img loading=\"lazy\" decoding=\"async\" class=\"alignnone size-full wp-image-29169\" src=\"https:\/\/wp.ufpel.edu.br\/proben\/files\/2026\/01\/anglo_2025.png\" alt=\"\" width=\"1085\" height=\"460\" srcset=\"https:\/\/wp.ufpel.edu.br\/proben\/files\/2026\/01\/anglo_2025.png 1085w, https:\/\/wp.ufpel.edu.br\/proben\/files\/2026\/01\/anglo_2025-400x170.png 400w, https:\/\/wp.ufpel.edu.br\/proben\/files\/2026\/01\/anglo_2025-1024x434.png 1024w, https:\/\/wp.ufpel.edu.br\/proben\/files\/2026\/01\/anglo_2025-768x326.png 768w, https:\/\/wp.ufpel.edu.br\/proben\/files\/2026\/01\/anglo_2025-600x254.png 600w\" sizes=\"auto, (max-width: 1085px) 100vw, 1085px\" \/><\/a><\/p>\n<p>&nbsp;<\/p>\n<p style=\"text-align: center;\">&#8211;<\/p>\n<p style=\"text-align: center;\"><strong>Consumo nos \u00faltimos 12 meses:<\/strong><\/p>\n<p><a href=\"https:\/\/wp.ufpel.edu.br\/proben\/files\/2026\/01\/anglo_JANEIRO-2026.png\"><img loading=\"lazy\" decoding=\"async\" class=\"size-full wp-image-29170 aligncenter\" src=\"https:\/\/wp.ufpel.edu.br\/proben\/files\/2026\/01\/anglo_JANEIRO-2026.png\" alt=\"\" width=\"843\" height=\"363\" srcset=\"https:\/\/wp.ufpel.edu.br\/proben\/files\/2026\/01\/anglo_JANEIRO-2026.png 843w, https:\/\/wp.ufpel.edu.br\/proben\/files\/2026\/01\/anglo_JANEIRO-2026-400x172.png 400w, https:\/\/wp.ufpel.edu.br\/proben\/files\/2026\/01\/anglo_JANEIRO-2026-768x331.png 768w, https:\/\/wp.ufpel.edu.br\/proben\/files\/2026\/01\/anglo_JANEIRO-2026-600x258.png 600w\" sizes=\"auto, (max-width: 843px) 100vw, 843px\" \/><\/a><\/p>\n<p style=\"text-align: center;\"><a href=\"https:\/\/wp.ufpel.edu.br\/proben\/files\/2026\/01\/anglo_JANEIRO-2026.xlsx\">Campus Anglo<\/a>\u00a0&#8211; tabela para download<\/p>\n<p style=\"text-align: center;\">*\u00a0<a href=\"https:\/\/wp.ufpel.edu.br\/proben\/acoes-4\/adequacao-do-sistema-tarifario\/\">clique aqui\u00a0para entender como fazemos a\u00a0adequa\u00e7\u00e3o do sistema \u00a0tarif\u00e1rio<\/a><\/p>\n<p>&nbsp;<\/p>\n<p>&nbsp;<\/p>\n","protected":false},"excerpt":{"rendered":"<p>Campus Anglo Fonte: Google Rua Gomes Carneiro, n\u00b01 Utilizado por administra\u00e7\u00e3o, reitoria, e os cursos de Nutri\u00e7\u00e3o, Gastronomia, Engenharias, (&#8230;) \u00a0Sistema Tarif\u00e1rio: Horossazonal Verde\u00a0* N\u00famero de\u00a0instala\u00e7\u00e3o:\u00a06374609-3\u00a0 (alta tens\u00e3o) &#8211; Hist\u00f3rico de consumo: &nbsp; &#8211; Consumo nos \u00faltimos 12 meses: Campus Anglo\u00a0&#8211; tabela para download *\u00a0clique aqui\u00a0para entender como fazemos a\u00a0adequa\u00e7\u00e3o do sistema \u00a0tarif\u00e1rio &nbsp; &nbsp;<\/p>\n","protected":false},"author":303,"featured_media":0,"parent":27014,"menu_order":0,"comment_status":"closed","ping_status":"closed","template":"","meta":{"footnotes":""},"class_list":["post-1095","page","type-page","status-publish","hentry"],"jetpack_sharing_enabled":true,"_links":{"self":[{"href":"https:\/\/wp.ufpel.edu.br\/proben\/wp-json\/wp\/v2\/pages\/1095","targetHints":{"allow":["GET"]}}],"collection":[{"href":"https:\/\/wp.ufpel.edu.br\/proben\/wp-json\/wp\/v2\/pages"}],"about":[{"href":"https:\/\/wp.ufpel.edu.br\/proben\/wp-json\/wp\/v2\/types\/page"}],"author":[{"embeddable":true,"href":"https:\/\/wp.ufpel.edu.br\/proben\/wp-json\/wp\/v2\/users\/303"}],"replies":[{"embeddable":true,"href":"https:\/\/wp.ufpel.edu.br\/proben\/wp-json\/wp\/v2\/comments?post=1095"}],"version-history":[{"count":4,"href":"https:\/\/wp.ufpel.edu.br\/proben\/wp-json\/wp\/v2\/pages\/1095\/revisions"}],"predecessor-version":[{"id":29173,"href":"https:\/\/wp.ufpel.edu.br\/proben\/wp-json\/wp\/v2\/pages\/1095\/revisions\/29173"}],"up":[{"embeddable":true,"href":"https:\/\/wp.ufpel.edu.br\/proben\/wp-json\/wp\/v2\/pages\/27014"}],"wp:attachment":[{"href":"https:\/\/wp.ufpel.edu.br\/proben\/wp-json\/wp\/v2\/media?parent=1095"}],"curies":[{"name":"wp","href":"https:\/\/api.w.org\/{rel}","templated":true}]}}