{"id":1088,"date":"2013-10-03T10:25:43","date_gmt":"2013-10-03T13:25:43","guid":{"rendered":"https:\/\/wp.ufpel.edu.br\/proben\/?page_id=1088"},"modified":"2026-01-31T14:13:32","modified_gmt":"2026-01-31T17:13:32","slug":"agencia-da-lagoa-mirin-4-2","status":"publish","type":"page","link":"https:\/\/wp.ufpel.edu.br\/proben\/proben-educacao\/transparencia-de-contas-3\/agencias-lagoa-mirim\/agencia-da-lagoa-mirin-4-2\/","title":{"rendered":"Ag\u00eancia Lagoa Mirim &#8211; Arroio Grande"},"content":{"rendered":"<p style=\"text-align: center;\"><strong>Ag\u00eancia Lagoa Mirim &#8211;\u00a0Arroio Grande<\/strong><\/p>\n<p style=\"text-align: center;\">Rua da Praia, n\u00b0300 &#8211; Sta Isabel &#8211; \u00a0Arroio Grande<\/p>\n<p style=\"text-align: center;\"><em>Usu\u00e1rios;<\/em><\/p>\n<p style=\"text-align: center;\"><a href=\"https:\/\/wp.ufpel.edu.br\/proben\/acoes-4\/adequacao-do-sistema-tarifario\/\">\u00a0Sistema Tarif\u00e1rio: Rural: Baixa Tens\u00e3o<\/a>*<\/p>\n<p style=\"text-align: center;\">N\u00famero de<strong>\u00a0<\/strong>instala\u00e7\u00e3o:\u00a03987201-7<\/p>\n<p style=\"text-align: center;\">&#8211;<\/p>\n<p style=\"text-align: center;\"><strong>Hist\u00f3rico de consumo:<\/strong><\/p>\n<p><a href=\"https:\/\/wp.ufpel.edu.br\/proben\/files\/2026\/01\/imagem_2026-01-31_141015160.png\"><img loading=\"lazy\" decoding=\"async\" class=\"alignnone wp-image-29488 size-full\" src=\"https:\/\/wp.ufpel.edu.br\/proben\/files\/2026\/01\/imagem_2026-01-31_141015160.png\" alt=\"\" width=\"993\" height=\"401\" srcset=\"https:\/\/wp.ufpel.edu.br\/proben\/files\/2026\/01\/imagem_2026-01-31_141015160.png 993w, https:\/\/wp.ufpel.edu.br\/proben\/files\/2026\/01\/imagem_2026-01-31_141015160-400x162.png 400w, https:\/\/wp.ufpel.edu.br\/proben\/files\/2026\/01\/imagem_2026-01-31_141015160-768x310.png 768w, https:\/\/wp.ufpel.edu.br\/proben\/files\/2026\/01\/imagem_2026-01-31_141015160-600x242.png 600w\" sizes=\"auto, (max-width: 993px) 100vw, 993px\" \/><\/a><\/p>\n<p style=\"text-align: center;\">&#8211;<\/p>\n<p style=\"text-align: center;\"><strong>Consumo nos \u00faltimos 12 meses<\/strong><\/p>\n<p><a href=\"https:\/\/wp.ufpel.edu.br\/proben\/files\/2026\/01\/imagem_2026-01-31_141054219.png\"><img loading=\"lazy\" decoding=\"async\" class=\"alignnone wp-image-29489 size-full\" src=\"https:\/\/wp.ufpel.edu.br\/proben\/files\/2026\/01\/imagem_2026-01-31_141054219.png\" alt=\"\" width=\"732\" height=\"324\" srcset=\"https:\/\/wp.ufpel.edu.br\/proben\/files\/2026\/01\/imagem_2026-01-31_141054219.png 732w, https:\/\/wp.ufpel.edu.br\/proben\/files\/2026\/01\/imagem_2026-01-31_141054219-400x177.png 400w, https:\/\/wp.ufpel.edu.br\/proben\/files\/2026\/01\/imagem_2026-01-31_141054219-600x266.png 600w\" sizes=\"auto, (max-width: 732px) 100vw, 732px\" \/><\/a><\/p>\n<p>&nbsp;<\/p>\n<p>&nbsp;<\/p>\n<p style=\"text-align: center;\"><a href=\"https:\/\/wp.ufpel.edu.br\/proben\/files\/2026\/01\/ALM-ArroioGrande_dez_2025.xlsx\">ALM &#8211; Arroio Grande<\/a>\u00a0&#8211; tabela para download<\/p>\n<p style=\"text-align: center;\">*\u00a0<a href=\"https:\/\/wp.ufpel.edu.br\/proben\/acoes-4\/adequacao-do-sistema-tarifario\/\">clique aqui para entender como fazemos a\u00a0adequa\u00e7\u00e3o do sistema \u00a0tarif\u00e1rio<\/a><\/p>\n","protected":false},"excerpt":{"rendered":"<p>Ag\u00eancia Lagoa Mirim &#8211;\u00a0Arroio Grande Rua da Praia, n\u00b0300 &#8211; Sta Isabel &#8211; \u00a0Arroio Grande Usu\u00e1rios; \u00a0Sistema Tarif\u00e1rio: Rural: Baixa Tens\u00e3o* N\u00famero de\u00a0instala\u00e7\u00e3o:\u00a03987201-7 &#8211; Hist\u00f3rico de consumo: &#8211; Consumo nos \u00faltimos 12 meses &nbsp; &nbsp; ALM &#8211; Arroio Grande\u00a0&#8211; tabela para download *\u00a0clique aqui para entender como fazemos a\u00a0adequa\u00e7\u00e3o do sistema \u00a0tarif\u00e1rio<\/p>\n","protected":false},"author":303,"featured_media":0,"parent":26995,"menu_order":0,"comment_status":"closed","ping_status":"closed","template":"","meta":{"footnotes":""},"class_list":["post-1088","page","type-page","status-publish","hentry"],"jetpack_sharing_enabled":true,"_links":{"self":[{"href":"https:\/\/wp.ufpel.edu.br\/proben\/wp-json\/wp\/v2\/pages\/1088","targetHints":{"allow":["GET"]}}],"collection":[{"href":"https:\/\/wp.ufpel.edu.br\/proben\/wp-json\/wp\/v2\/pages"}],"about":[{"href":"https:\/\/wp.ufpel.edu.br\/proben\/wp-json\/wp\/v2\/types\/page"}],"author":[{"embeddable":true,"href":"https:\/\/wp.ufpel.edu.br\/proben\/wp-json\/wp\/v2\/users\/303"}],"replies":[{"embeddable":true,"href":"https:\/\/wp.ufpel.edu.br\/proben\/wp-json\/wp\/v2\/comments?post=1088"}],"version-history":[{"count":4,"href":"https:\/\/wp.ufpel.edu.br\/proben\/wp-json\/wp\/v2\/pages\/1088\/revisions"}],"predecessor-version":[{"id":29491,"href":"https:\/\/wp.ufpel.edu.br\/proben\/wp-json\/wp\/v2\/pages\/1088\/revisions\/29491"}],"up":[{"embeddable":true,"href":"https:\/\/wp.ufpel.edu.br\/proben\/wp-json\/wp\/v2\/pages\/26995"}],"wp:attachment":[{"href":"https:\/\/wp.ufpel.edu.br\/proben\/wp-json\/wp\/v2\/media?parent=1088"}],"curies":[{"name":"wp","href":"https:\/\/api.w.org\/{rel}","templated":true}]}}