{"id":1081,"date":"2013-10-03T10:11:16","date_gmt":"2013-10-03T13:11:16","guid":{"rendered":"https:\/\/wp.ufpel.edu.br\/proben\/?page_id=1081"},"modified":"2026-01-31T14:31:16","modified_gmt":"2026-01-31T17:31:16","slug":"agencia-da-lagoa-mirin-4","status":"publish","type":"page","link":"https:\/\/wp.ufpel.edu.br\/proben\/proben-educacao\/transparencia-de-contas-3\/agencias-lagoa-mirim\/agencia-da-lagoa-mirin-4\/","title":{"rendered":"Ag\u00eancia Lagoa Mirim &#8211; Eclusa do Canal S\u00e3o Gon\u00e7alo"},"content":{"rendered":"<p style=\"text-align: center;\" align=\"center\"><strong>Ag\u00eancia Lagoa Mirim &#8211; Eclusa do Canal S\u00e3o Gon\u00e7alo<\/strong><\/p>\n<p align=\"center\"><img loading=\"lazy\" decoding=\"async\" class=\"aligncenter wp-image-12451\" src=\"https:\/\/wp.ufpel.edu.br\/proben\/files\/2019\/03\/fachada.png\" alt=\"\" width=\"542\" height=\"406\" srcset=\"https:\/\/wp.ufpel.edu.br\/proben\/files\/2019\/03\/fachada.png 1024w, https:\/\/wp.ufpel.edu.br\/proben\/files\/2019\/03\/fachada-400x300.png 400w, https:\/\/wp.ufpel.edu.br\/proben\/files\/2019\/03\/fachada-768x576.png 768w\" sizes=\"auto, (max-width: 542px) 100vw, 542px\" \/><\/p>\n<p style=\"text-align: center;\" align=\"center\"><span style=\"font-size: 8pt;\">Fonte: Google<\/span><\/p>\n<p style=\"text-align: center;\" align=\"center\">Av. Eliseu Maciel, n\u00b05000 &#8211; Cap\u00e3o do Le\u00e3o<\/p>\n<p style=\"text-align: center;\" align=\"center\"><em>Usu\u00e1rios;<\/em><\/p>\n<p style=\"text-align: center;\" align=\"center\"><a href=\"https:\/\/wp.ufpel.edu.br\/proben\/acoes-4\/adequacao-do-sistema-tarifario\/\">\u00a0Sistema Tarif\u00e1rio : Rural : Horossazonal Verde<\/a>*<\/p>\n<p style=\"text-align: center;\" align=\"center\">N\u00famero de<strong>\u00a0<\/strong>instala\u00e7\u00e3o:\u00a02399621-8<\/p>\n<p style=\"text-align: center;\" align=\"center\">&#8211;<\/p>\n<p style=\"text-align: center;\" align=\"center\"><strong>Hist\u00f3rico de consumo:<\/strong><\/p>\n<p align=\"center\"><a href=\"https:\/\/wp.ufpel.edu.br\/proben\/files\/2026\/01\/imagem_2026-01-31_143042018.png\"><img loading=\"lazy\" decoding=\"async\" class=\"alignnone wp-image-29517 size-full\" src=\"https:\/\/wp.ufpel.edu.br\/proben\/files\/2026\/01\/imagem_2026-01-31_143042018.png\" alt=\"\" width=\"1254\" height=\"526\" srcset=\"https:\/\/wp.ufpel.edu.br\/proben\/files\/2026\/01\/imagem_2026-01-31_143042018.png 1254w, https:\/\/wp.ufpel.edu.br\/proben\/files\/2026\/01\/imagem_2026-01-31_143042018-400x168.png 400w, https:\/\/wp.ufpel.edu.br\/proben\/files\/2026\/01\/imagem_2026-01-31_143042018-1024x430.png 1024w, https:\/\/wp.ufpel.edu.br\/proben\/files\/2026\/01\/imagem_2026-01-31_143042018-768x322.png 768w, https:\/\/wp.ufpel.edu.br\/proben\/files\/2026\/01\/imagem_2026-01-31_143042018-600x252.png 600w\" sizes=\"auto, (max-width: 1254px) 100vw, 1254px\" \/><\/a><\/p>\n<p style=\"text-align: center;\" align=\"center\">&#8211;<\/p>\n<p style=\"text-align: center;\" align=\"center\"><strong>Consumo nos \u00faltimos 12 meses:<\/strong><\/p>\n<p><a href=\"https:\/\/wp.ufpel.edu.br\/proben\/files\/2025\/12\/imagem_2025-12-19_141158906.png\"><img loading=\"lazy\" decoding=\"async\" class=\"alignnone wp-image-29034 size-full\" src=\"https:\/\/wp.ufpel.edu.br\/proben\/files\/2025\/12\/imagem_2025-12-19_141158906.png\" alt=\"\" width=\"1034\" height=\"447\" srcset=\"https:\/\/wp.ufpel.edu.br\/proben\/files\/2025\/12\/imagem_2025-12-19_141158906.png 1034w, https:\/\/wp.ufpel.edu.br\/proben\/files\/2025\/12\/imagem_2025-12-19_141158906-400x173.png 400w, https:\/\/wp.ufpel.edu.br\/proben\/files\/2025\/12\/imagem_2025-12-19_141158906-1024x443.png 1024w, https:\/\/wp.ufpel.edu.br\/proben\/files\/2025\/12\/imagem_2025-12-19_141158906-768x332.png 768w, https:\/\/wp.ufpel.edu.br\/proben\/files\/2025\/12\/imagem_2025-12-19_141158906-600x259.png 600w\" sizes=\"auto, (max-width: 1034px) 100vw, 1034px\" \/><\/a><\/p>\n<p>&nbsp;<\/p>\n<p>&nbsp;<\/p>\n<p style=\"text-align: center;\" align=\"center\"><a href=\"https:\/\/wp.ufpel.edu.br\/proben\/files\/2026\/01\/almeclusa_dez_2025.xlsx\">ALM &#8211; Eclusa<\/a>\u00a0&#8211; tabela para download<\/p>\n<p style=\"text-align: center;\" align=\"center\">*\u00a0<a href=\"https:\/\/wp.ufpel.edu.br\/proben\/acoes-4\/adequacao-do-sistema-tarifario\/\">clique aqui\u00a0para entender como fazemos a\u00a0adequa\u00e7\u00e3o do sistema \u00a0tarif\u00e1rio<\/a><\/p>\n<p>&nbsp;<\/p>\n","protected":false},"excerpt":{"rendered":"<p>Ag\u00eancia Lagoa Mirim &#8211; Eclusa do Canal S\u00e3o Gon\u00e7alo Fonte: Google Av. Eliseu Maciel, n\u00b05000 &#8211; Cap\u00e3o do Le\u00e3o Usu\u00e1rios; \u00a0Sistema Tarif\u00e1rio : Rural : Horossazonal Verde* N\u00famero de\u00a0instala\u00e7\u00e3o:\u00a02399621-8 &#8211; Hist\u00f3rico de consumo: &#8211; Consumo nos \u00faltimos 12 meses: &nbsp; &nbsp; ALM &#8211; Eclusa\u00a0&#8211; tabela para download *\u00a0clique aqui\u00a0para entender como fazemos a\u00a0adequa\u00e7\u00e3o do sistema&#8230; <\/p>\n<div class=\"link-more\"><a href=\"https:\/\/wp.ufpel.edu.br\/proben\/proben-educacao\/transparencia-de-contas-3\/agencias-lagoa-mirim\/agencia-da-lagoa-mirin-4\/\">Leia mais<\/a><\/div>\n","protected":false},"author":303,"featured_media":0,"parent":26995,"menu_order":0,"comment_status":"closed","ping_status":"closed","template":"","meta":{"footnotes":""},"class_list":["post-1081","page","type-page","status-publish","hentry"],"jetpack_sharing_enabled":true,"_links":{"self":[{"href":"https:\/\/wp.ufpel.edu.br\/proben\/wp-json\/wp\/v2\/pages\/1081","targetHints":{"allow":["GET"]}}],"collection":[{"href":"https:\/\/wp.ufpel.edu.br\/proben\/wp-json\/wp\/v2\/pages"}],"about":[{"href":"https:\/\/wp.ufpel.edu.br\/proben\/wp-json\/wp\/v2\/types\/page"}],"author":[{"embeddable":true,"href":"https:\/\/wp.ufpel.edu.br\/proben\/wp-json\/wp\/v2\/users\/303"}],"replies":[{"embeddable":true,"href":"https:\/\/wp.ufpel.edu.br\/proben\/wp-json\/wp\/v2\/comments?post=1081"}],"version-history":[{"count":4,"href":"https:\/\/wp.ufpel.edu.br\/proben\/wp-json\/wp\/v2\/pages\/1081\/revisions"}],"predecessor-version":[{"id":29519,"href":"https:\/\/wp.ufpel.edu.br\/proben\/wp-json\/wp\/v2\/pages\/1081\/revisions\/29519"}],"up":[{"embeddable":true,"href":"https:\/\/wp.ufpel.edu.br\/proben\/wp-json\/wp\/v2\/pages\/26995"}],"wp:attachment":[{"href":"https:\/\/wp.ufpel.edu.br\/proben\/wp-json\/wp\/v2\/media?parent=1081"}],"curies":[{"name":"wp","href":"https:\/\/api.w.org\/{rel}","templated":true}]}}