{"id":1056,"date":"2013-10-03T08:32:33","date_gmt":"2013-10-03T11:32:33","guid":{"rendered":"https:\/\/wp.ufpel.edu.br\/proben\/?page_id=1056"},"modified":"2026-01-20T18:20:08","modified_gmt":"2026-01-20T21:20:08","slug":"transparencia-de-contas-3","status":"publish","type":"page","link":"https:\/\/wp.ufpel.edu.br\/proben\/proben-educacao\/transparencia-de-contas-3\/","title":{"rendered":"Transpar\u00eancia de Contas"},"content":{"rendered":"<h3><em>\u00a0<\/em>Clique no nome da unidade para ver o seu hist\u00f3rico de consumo:<\/h3>\n<h3>\u00a0&#8211; Unidades Consumidoras:<\/h3>\n<ul>\n<li><a href=\"https:\/\/wp.ufpel.edu.br\/proben\/aabb-1\/\">AABB<\/a><\/li>\n<li><a href=\"https:\/\/wp.ufpel.edu.br\/proben\/agencia-da-lagoa-mirin-4-2\/\">ALM &#8211; Arroio Grande<\/a><\/li>\n<li><a href=\"https:\/\/wp.ufpel.edu.br\/proben\/agencia-da-lagoa-mirin-5\/\">ALM &#8211; Barragem do Chasqueiro<\/a><\/li>\n<li><a href=\"https:\/\/wp.ufpel.edu.br\/proben\/agencia-da-lagoa-mirin-4\/\">ALM &#8211; Eclusa do Canal S\u00e3o Gon\u00e7alo<\/a><\/li>\n<li><a href=\"https:\/\/wp.ufpel.edu.br\/proben\/transparencia-de-contas-2\/agencia-da-lagoa-mirin\">\u00a0ALM &#8211; Lobo da Costa<\/a><\/li>\n<li><a href=\"https:\/\/wp.ufpel.edu.br\/proben\/barroso-antiga-ucpel-campus-ii\/\">Barroso, Antiga UCPel &#8211; Campus II<\/a><\/li>\n<li><a href=\"https:\/\/wp.ufpel.edu.br\/proben\/benjamin-1001\/\">Benjamin, 1001 &#8211; Dep\u00f3sito PRAINFRA<\/a><\/li>\n<li><a href=\"https:\/\/wp.ufpel.edu.br\/proben\/transparencia-de-contas-2\/campus-capao-do-leao\/\">Campus Cap\u00e3o do Le\u00e3o<\/a><\/li>\n<li><a href=\"https:\/\/wp.ufpel.edu.br\/proben\/anglo\/\">Campus\u00a0Anglo<\/a><\/li>\n<li><a href=\"https:\/\/wp.ufpel.edu.br\/proben\/museu-do-doce\/\">Casar\u00e3o 8 &#8211; Museu do Doce<\/a><\/li>\n<li><a href=\"https:\/\/wp.ufpel.edu.br\/proben\/?p=809\">CEng &#8211; Alf\u00e2ndega<\/a><\/li>\n<li><a href=\"https:\/\/wp.ufpel.edu.br\/proben\/transparencia-de-contas-2\/engenharia-industrial-madeireira\/\">CEng &#8211; Engenharia Ind. Madeireira<\/a><\/li>\n<li><a href=\"https:\/\/wp.ufpel.edu.br\/proben\/centro-de-artes-2\/\">Centro de Artes\u00a0&#8211; Bloco 2<\/a><\/li>\n<li><span style=\"font-size: 12pt;\"><a href=\"https:\/\/wp.ufpel.edu.br\/proben\/?p=1421\">CEHUS-Centro de P\u00f3s-Gradua\u00e7\u00e3o e Pesquisa em Ci\u00eancias Humanas, <\/a><\/span><span style=\"font-size: 12pt;\"><a href=\"https:\/\/wp.ufpel.edu.br\/proben\/?p=1421\">Sociais, Sociais Aplicadas, Artes e Linguagem<\/a><\/span><\/li>\n<li><a href=\"https:\/\/wp.ufpel.edu.br\/proben\/mercosul\/\">CIM &#8211; Centro de Integra\u00e7\u00e3o do Mercosul 1<\/a><\/li>\n<li><a href=\"https:\/\/wp.ufpel.edu.br\/proben\/transparencia-de-contas-2\/merc-2\/\">CIM &#8211; Centro de Integra\u00e7\u00e3o do Mercosul 2<\/a><\/li>\n<li><a href=\"https:\/\/wp.ufpel.edu.br\/proben\/conde-de-porto-alegre-2\/\">Conde de POA 2 &#8211; Dep\u00f3sito PRAINFRA<\/a><\/li>\n<li><a href=\"https:\/\/wp.ufpel.edu.br\/proben\/?p=3137\">Conde de POA 4\u00a0&#8211; Dep\u00f3sito PRAINFRA<\/a><\/li>\n<li><a href=\"https:\/\/wp.ufpel.edu.br\/proben\/condominio-estudantil\/\">Condom\u00ednio Estudantil<\/a><\/li>\n<li><a href=\"https:\/\/wp.ufpel.edu.br\/proben\/centro-de-engenharias\/\">Curso de Gest\u00e3o Ambiental<\/a><\/li>\n<li><a href=\"https:\/\/wp.ufpel.edu.br\/proben\/conserv-musica\/\">Conservat\u00f3rio de M\u00fasica<\/a><\/li>\n<li><a href=\"https:\/\/wp.ufpel.edu.br\/proben\/conservatorio-de-musica-2\/\">Conservat\u00f3rio de M\u00fasica 2<\/a><\/li>\n<li><a href=\"https:\/\/wp.ufpel.edu.br\/proben\/conservatorio-de-musica-3\/\">Conservat\u00f3rio de M\u00fasica 3<\/a><\/li>\n<li><a href=\"https:\/\/wp.ufpel.edu.br\/proben\/cotada\/\">Cotada &#8211; Centro de Engenharias<\/a><\/li>\n<li><a href=\"https:\/\/wp.ufpel.edu.br\/proben\/amilcar-gig\/\">CPAG &#8211; Amilcar Gigante<\/a><\/li>\n<li><a href=\"https:\/\/wp.ufpel.edu.br\/proben\/crinter-lobo-da-costa\/\">CRInter &#8211; Lobo da Costa<\/a><\/li>\n<li><a href=\"https:\/\/wp.ufpel.edu.br\/proben\/transparencia-de-contas-2\/faculdade-de-direito\/\">Direito<\/a><\/li>\n<li><a href=\"https:\/\/wp.ufpel.edu.br\/proben\/bloco-a-ebserh\/\">EBSERH Laneira<\/a><\/li>\n<li><a href=\"https:\/\/wp.ufpel.edu.br\/proben\/esef\/\">ESEF\u00a0&#8211;\u00a0Escola Superior de Educa\u00e7\u00e3o F\u00edsica\u00a0<\/a><\/li>\n<li><a href=\"https:\/\/wp.ufpel.edu.br\/proben\/transparencia-de-contas-2\/mercosul-multicultural\/\">Espa\u00e7o Cultural UFPel\u00a0<\/a><\/li>\n<li><a href=\"https:\/\/wp.ufpel.edu.br\/proben\/?p=424\">Faculdade de Direito &#8211; Servi\u00e7o de Assist\u00eancia Judici\u00e1ria\u00a0<\/a><\/li>\n<li><a href=\"https:\/\/wp.ufpel.edu.br\/proben\/transparencia-de-contas-2\/faculdade-de-odontologia\/\">Faculdade de Odontologia<\/a><\/li>\n<li><a href=\"https:\/\/wp.ufpel.edu.br\/proben\/transparencia-de-contas-2\/faculdade-de-medicina\/\">FAMED &#8211; Faculdade de\u00a0Medicina<\/a><\/li>\n<li><a href=\"https:\/\/wp.ufpel.edu.br\/proben\/transparencia-de-contas-2\/faurb-e-iad\/\">FAURB\/Centro de Artes &#8211; Bloco 1<\/a><\/li>\n<li><a href=\"https:\/\/wp.ufpel.edu.br\/proben\/pomar\/\">Fazenda da Palma &#8211; Pomar<\/a><\/li>\n<li><a href=\"https:\/\/wp.ufpel.edu.br\/proben\/transparencia-de-contas-2\/horto-florestal-2\/\">Fazenda da Palma 1<\/a><\/li>\n<li><a href=\"https:\/\/wp.ufpel.edu.br\/proben\/transparencia-de-contas-2\/fazenda-da-palma\/\">Fazenda da Palma 2<\/a><\/li>\n<li><a href=\"https:\/\/wp.ufpel.edu.br\/proben\/transparencia-de-contas-2\/horto\/\">Horto Florestal\u00a0<\/a><\/li>\n<li><a href=\"https:\/\/wp.ufpel.edu.br\/proben\/transparencia-de-contas-2\/grande-hotel\/\">Hotelaria &#8211; Grande Hotel\u00a0<\/a><\/li>\n<li><a href=\"https:\/\/wp.ufpel.edu.br\/proben\/transparencia-de-contas-2\/ccs\/\">CCHS &#8211; Campus Alberto Rosa<\/a><\/li>\n<li><a href=\"https:\/\/wp.ufpel.edu.br\/proben\/transparencia-de-contas-2\/escola-de-belas-artes\/\">ICH &#8211; Campus L\u00c2MINA<\/a><\/li>\n<li><a href=\"https:\/\/wp.ufpel.edu.br\/proben\/museu-carlos-ritter-2\/\">Museu Carlos Ritter<\/a><\/li>\n<li><a href=\"https:\/\/wp.ufpel.edu.br\/proben\/proben-educacao\/transparencia-de-contas-3\/liceu-2\/\">Museu Leopoldo Gotuzzo<\/a><\/li>\n<li><a href=\"https:\/\/wp.ufpel.edu.br\/proben\/moradia-indigena-e-quilombola-2-2\/\">Moradia Ind\u00edgena e Quilombola\u00a0<\/a><\/li>\n<li><a href=\"https:\/\/wp.ufpel.edu.br\/proben\/nucleo-de-transporte\/\">N\u00facleo de Transporte<\/a><\/li>\n<li><a href=\"https:\/\/wp.ufpel.edu.br\/proben\/p-areal\/\">Posto de Sa\u00fade Areal<\/a><\/li>\n<li><a href=\"https:\/\/wp.ufpel.edu.br\/proben\/radio-andrade-neves\/\">Radio &#8211; Andrade Neves<\/a><\/li>\n<li><a href=\"https:\/\/wp.ufpel.edu.br\/proben\/radio-federal-fm\/\">R\u00e1dio Federal FM<\/a><\/li>\n<li><a href=\"https:\/\/wp.ufpel.edu.br\/proben\/tablado\/\">Teatro e Dan\u00e7a II<\/a><\/li>\n<\/ul>\n<p>&nbsp;<\/p>\n<p>&nbsp;<\/p>\n<p>&nbsp;<\/p>\n<p>&nbsp;<\/p>\n<p>&nbsp;<\/p>\n<p>&nbsp;<\/p>\n<p>&nbsp;<\/p>\n<p>&nbsp;<\/p>\n<p>&nbsp;<\/p>\n<p>&nbsp;<\/p>\n<p>&nbsp;<\/p>\n<p>&nbsp;<\/p>\n<p>&nbsp;<\/p>\n<p>&nbsp;<\/p>\n<p>&nbsp;<\/p>\n<p>&nbsp;<\/p>\n","protected":false},"excerpt":{"rendered":"<p>\u00a0Clique no nome da unidade para ver o seu hist\u00f3rico de consumo: \u00a0&#8211; Unidades Consumidoras: AABB ALM &#8211; Arroio Grande ALM &#8211; Barragem do Chasqueiro ALM &#8211; Eclusa do Canal S\u00e3o Gon\u00e7alo \u00a0ALM &#8211; Lobo da Costa Barroso, Antiga UCPel &#8211; Campus II Benjamin, 1001 &#8211; Dep\u00f3sito PRAINFRA Campus Cap\u00e3o do Le\u00e3o Campus\u00a0Anglo Casar\u00e3o 8&#8230; <\/p>\n<div class=\"link-more\"><a href=\"https:\/\/wp.ufpel.edu.br\/proben\/proben-educacao\/transparencia-de-contas-3\/\">Leia mais<\/a><\/div>\n","protected":false},"author":303,"featured_media":0,"parent":3491,"menu_order":1,"comment_status":"closed","ping_status":"closed","template":"","meta":{"footnotes":""},"class_list":["post-1056","page","type-page","status-publish","hentry"],"jetpack_sharing_enabled":true,"_links":{"self":[{"href":"https:\/\/wp.ufpel.edu.br\/proben\/wp-json\/wp\/v2\/pages\/1056","targetHints":{"allow":["GET"]}}],"collection":[{"href":"https:\/\/wp.ufpel.edu.br\/proben\/wp-json\/wp\/v2\/pages"}],"about":[{"href":"https:\/\/wp.ufpel.edu.br\/proben\/wp-json\/wp\/v2\/types\/page"}],"author":[{"embeddable":true,"href":"https:\/\/wp.ufpel.edu.br\/proben\/wp-json\/wp\/v2\/users\/303"}],"replies":[{"embeddable":true,"href":"https:\/\/wp.ufpel.edu.br\/proben\/wp-json\/wp\/v2\/comments?post=1056"}],"version-history":[{"count":4,"href":"https:\/\/wp.ufpel.edu.br\/proben\/wp-json\/wp\/v2\/pages\/1056\/revisions"}],"predecessor-version":[{"id":29466,"href":"https:\/\/wp.ufpel.edu.br\/proben\/wp-json\/wp\/v2\/pages\/1056\/revisions\/29466"}],"up":[{"embeddable":true,"href":"https:\/\/wp.ufpel.edu.br\/proben\/wp-json\/wp\/v2\/pages\/3491"}],"wp:attachment":[{"href":"https:\/\/wp.ufpel.edu.br\/proben\/wp-json\/wp\/v2\/media?parent=1056"}],"curies":[{"name":"wp","href":"https:\/\/api.w.org\/{rel}","templated":true}]}}