{"id":119,"date":"2016-07-28T23:45:09","date_gmt":"2016-07-29T02:45:09","guid":{"rendered":"https:\/\/wp.ufpel.edu.br\/probabilidadeintervalar\/?page_id=119"},"modified":"2016-07-29T14:16:33","modified_gmt":"2016-07-29T17:16:33","slug":"validando-probabilidades-para-variaveis-aleatorias-discretas-e-continuas","status":"publish","type":"page","link":"https:\/\/wp.ufpel.edu.br\/probabilidadeintervalar\/projetos\/validando-probabilidades-para-variaveis-aleatorias-discretas-e-continuas\/","title":{"rendered":"Validando Probabilidades para Vari\u00e1veis Aleat\u00f3rias Discretas e Cont\u00ednuas"},"content":{"rendered":"<h3><a href=\"http:\/\/dgp.cnpq.br\/dgp\/espelholinha\/1771283371460682153846\">Defini\u00e7\u00e3o:<\/a><\/h3>\n<p style=\"text-align: justify\" align=\"left\">\n<h3>Objetivos:<\/h3>\n<p>A probabilidade intervalar foi proposta como uma solu\u00e7\u00e3o para os problemas num\u00e9ricos no c\u00e1lculo de probabilidades. Em problemas pr\u00e1ticos, probabilidades s\u00e3o calculadas atrav\u00e9s de vari\u00e1veis aleat\u00f3rias. Neste contexto, esta linha de pesquisa tem como objetivo propor um m\u00e9todo para calcular probabilidades intervalares para vari\u00e1veis aleat\u00f3rias discretas e cont\u00ednuas. Pesquisa t\u00eam sido desenvolvida com respeito a vari\u00e1veis aleat\u00f3rias discretas e uma tese relacionada com cont\u00ednuas.<\/p>\n<h3><\/h3>\n<h3>Publica\u00e7\u00f5es:<\/h3>\n<h3>Participantes:<\/h3>\n<table style=\"width: 600px\">\n<tbody>\n<tr>\n<td style=\"width: 300px\">Marcilia Andrade Campos<\/td>\n<td style=\"width: 300px\">nda@nda.com<\/td>\n<\/tr>\n<tr>\n<td style=\"width: 300px\">Maria das Gra\u00e7as dos Santos<\/td>\n<td style=\"width: 300px\">nda@nda.com<\/td>\n<\/tr>\n<\/tbody>\n<\/table>\n<p>&nbsp;<\/p>\n<p>&nbsp;<\/p>\n","protected":false},"excerpt":{"rendered":"<p>Defini\u00e7\u00e3o: Objetivos: A probabilidade intervalar foi proposta como uma solu\u00e7\u00e3o para os problemas num\u00e9ricos no c\u00e1lculo de probabilidades. Em problemas pr\u00e1ticos, probabilidades s\u00e3o calculadas atrav\u00e9s de vari\u00e1veis aleat\u00f3rias. Neste contexto, esta linha de pesquisa tem como objetivo propor um m\u00e9todo&#8230; <a class=\"more-link\" href=\"https:\/\/wp.ufpel.edu.br\/probabilidadeintervalar\/projetos\/validando-probabilidades-para-variaveis-aleatorias-discretas-e-continuas\/\">Continue lendo &rarr;<\/a><\/p>\n","protected":false},"author":657,"featured_media":0,"parent":10,"menu_order":0,"comment_status":"closed","ping_status":"closed","template":"","meta":{"footnotes":""},"class_list":["post-119","page","type-page","status-publish","hentry"],"jetpack_sharing_enabled":true,"_links":{"self":[{"href":"https:\/\/wp.ufpel.edu.br\/probabilidadeintervalar\/wp-json\/wp\/v2\/pages\/119","targetHints":{"allow":["GET"]}}],"collection":[{"href":"https:\/\/wp.ufpel.edu.br\/probabilidadeintervalar\/wp-json\/wp\/v2\/pages"}],"about":[{"href":"https:\/\/wp.ufpel.edu.br\/probabilidadeintervalar\/wp-json\/wp\/v2\/types\/page"}],"author":[{"embeddable":true,"href":"https:\/\/wp.ufpel.edu.br\/probabilidadeintervalar\/wp-json\/wp\/v2\/users\/657"}],"replies":[{"embeddable":true,"href":"https:\/\/wp.ufpel.edu.br\/probabilidadeintervalar\/wp-json\/wp\/v2\/comments?post=119"}],"version-history":[{"count":3,"href":"https:\/\/wp.ufpel.edu.br\/probabilidadeintervalar\/wp-json\/wp\/v2\/pages\/119\/revisions"}],"predecessor-version":[{"id":167,"href":"https:\/\/wp.ufpel.edu.br\/probabilidadeintervalar\/wp-json\/wp\/v2\/pages\/119\/revisions\/167"}],"up":[{"embeddable":true,"href":"https:\/\/wp.ufpel.edu.br\/probabilidadeintervalar\/wp-json\/wp\/v2\/pages\/10"}],"wp:attachment":[{"href":"https:\/\/wp.ufpel.edu.br\/probabilidadeintervalar\/wp-json\/wp\/v2\/media?parent=119"}],"curies":[{"name":"wp","href":"https:\/\/api.w.org\/{rel}","templated":true}]}}