{"id":113,"date":"2016-07-28T23:44:40","date_gmt":"2016-07-29T02:44:40","guid":{"rendered":"https:\/\/wp.ufpel.edu.br\/probabilidadeintervalar\/?page_id=113"},"modified":"2016-07-29T14:02:51","modified_gmt":"2016-07-29T17:02:51","slug":"definicao-propriedades-e-aplicacoes-da-probabilidade-intervalar","status":"publish","type":"page","link":"https:\/\/wp.ufpel.edu.br\/probabilidadeintervalar\/projetos\/definicao-propriedades-e-aplicacoes-da-probabilidade-intervalar\/","title":{"rendered":"Defini\u00e7\u00e3o, Propriedades e Aplica\u00e7\u00f5es da Probabilidade Intervalar"},"content":{"rendered":"<h3><a href=\"http:\/\/dgp.cnpq.br\/dgp\/espelholinha\/1771283371460682153848\">Defini\u00e7\u00e3o:<\/a><\/h3>\n<p style=\"text-align: justify\" align=\"left\">Visa o estudo da Probilidade Intervalar e suas aplica\u00e7\u00f5es<\/p>\n<h3>Objetivos:<\/h3>\n<p style=\"text-align: justify\">Esta linha de pesquisa tem tido como principal objetivo a defini\u00e7\u00e3o da probabilidade intervalar e suas principais propriedades, para, em seguida aplic\u00e1-la em problemas pr\u00e1ticos de interesse, tais como cadeias de Markov.<\/p>\n<h3>Publica\u00e7\u00f5es:<\/h3>\n<h3>Participantes:<\/h3>\n<table style=\"width: 600px\">\n<tbody>\n<tr>\n<td style=\"width: 300px\">Marcilia Andrade Campos<\/td>\n<td style=\"width: 300px\">nda@nda.nda<\/td>\n<\/tr>\n<\/tbody>\n<\/table>\n<p><\/p>\n","protected":false},"excerpt":{"rendered":"<p>Defini\u00e7\u00e3o: Visa o estudo da Probilidade Intervalar e suas aplica\u00e7\u00f5es Objetivos: Esta linha de pesquisa tem tido como principal objetivo a defini\u00e7\u00e3o da probabilidade intervalar e suas principais propriedades, para, em seguida aplic\u00e1-la em problemas pr\u00e1ticos de interesse, tais como&#8230; <a class=\"more-link\" href=\"https:\/\/wp.ufpel.edu.br\/probabilidadeintervalar\/projetos\/definicao-propriedades-e-aplicacoes-da-probabilidade-intervalar\/\">Continue lendo &rarr;<\/a><\/p>\n","protected":false},"author":657,"featured_media":0,"parent":10,"menu_order":0,"comment_status":"closed","ping_status":"closed","template":"","meta":{"footnotes":""},"class_list":["post-113","page","type-page","status-publish","hentry"],"jetpack_sharing_enabled":true,"_links":{"self":[{"href":"https:\/\/wp.ufpel.edu.br\/probabilidadeintervalar\/wp-json\/wp\/v2\/pages\/113","targetHints":{"allow":["GET"]}}],"collection":[{"href":"https:\/\/wp.ufpel.edu.br\/probabilidadeintervalar\/wp-json\/wp\/v2\/pages"}],"about":[{"href":"https:\/\/wp.ufpel.edu.br\/probabilidadeintervalar\/wp-json\/wp\/v2\/types\/page"}],"author":[{"embeddable":true,"href":"https:\/\/wp.ufpel.edu.br\/probabilidadeintervalar\/wp-json\/wp\/v2\/users\/657"}],"replies":[{"embeddable":true,"href":"https:\/\/wp.ufpel.edu.br\/probabilidadeintervalar\/wp-json\/wp\/v2\/comments?post=113"}],"version-history":[{"count":3,"href":"https:\/\/wp.ufpel.edu.br\/probabilidadeintervalar\/wp-json\/wp\/v2\/pages\/113\/revisions"}],"predecessor-version":[{"id":162,"href":"https:\/\/wp.ufpel.edu.br\/probabilidadeintervalar\/wp-json\/wp\/v2\/pages\/113\/revisions\/162"}],"up":[{"embeddable":true,"href":"https:\/\/wp.ufpel.edu.br\/probabilidadeintervalar\/wp-json\/wp\/v2\/pages\/10"}],"wp:attachment":[{"href":"https:\/\/wp.ufpel.edu.br\/probabilidadeintervalar\/wp-json\/wp\/v2\/media?parent=113"}],"curies":[{"name":"wp","href":"https:\/\/api.w.org\/{rel}","templated":true}]}}