{"id":110,"date":"2016-07-28T23:44:24","date_gmt":"2016-07-29T02:44:24","guid":{"rendered":"https:\/\/wp.ufpel.edu.br\/probabilidadeintervalar\/?page_id=110"},"modified":"2016-07-29T14:01:11","modified_gmt":"2016-07-29T17:01:11","slug":"computacao-cientifica-com-controle-automatico-do-erro","status":"publish","type":"page","link":"https:\/\/wp.ufpel.edu.br\/probabilidadeintervalar\/computacao-cientifica-com-controle-automatico-do-erro\/","title":{"rendered":"Computa\u00e7\u00e3o Cient\u00edfica com Controle Autom\u00e1tico do Erro"},"content":{"rendered":"<h3><a href=\"http:\/\/dgp.cnpq.br\/dgp\/espelholinha\/1771283371460682153847\">Defini\u00e7\u00e3o:<\/a><\/h3>\n<p style=\"text-align: justify\" align=\"left\">A aritm\u00e9tica de ponto flutuante como conhecemos cont\u00e9m erros, estes gerados atrav\u00e9s da impossibilidade da m\u00e1quina de representar valor reais. Desta maneira prop\u00f5e-se o desenvolvimento de m\u00e9todos te\u00f3ricos na arim\u00e9tica intervalar.<\/p>\n<h3>Objetivos:<\/h3>\n<p style=\"text-align: justify\">O objetivo deste projeto \u00e9 associar ao desenvolvimento te\u00f3rico do problema proposto um estudo computacional do mesmo atrav\u00e9s da Matem\u00e1tica Intervalar e da Aritm\u00e9tica de Exatid\u00e3o M\u00e1xima.<\/p>\n<h3>Publica\u00e7\u00f5es:<\/h3>\n<h3>Participantes:<\/h3>\n<table style=\"width: 600px\">\n<tbody>\n<tr>\n<td style=\"width: 300px\">Alice Fonseca Finger<\/td>\n<td style=\"width: 300px\">affinger@gmail.com<\/td>\n<\/tr>\n<tr>\n<td style=\"width: 300px\">Aline Brum Loreto<\/td>\n<td style=\"width: 300px\">aline.loreto@gmail.com<\/td>\n<\/tr>\n<tr>\n<td style=\"width: 300px\">Andr\u00e9 Feitoza de Mendon\u00e7a<\/td>\n<td style=\"width: 300px\">nda@nda.com<\/td>\n<\/tr>\n<tr>\n<td style=\"width: 300px\">Jonnatas Matias Ribeiro Cabral<\/td>\n<td style=\"width: 300px\">nda@nda.com<\/td>\n<\/tr>\n<tr>\n<td style=\"width: 300px\">Lucas Mendes Tortelli<\/td>\n<td style=\"width: 300px\">lmtortelli@inf.ufpel.edu.br<\/td>\n<\/tr>\n<tr>\n<td style=\"width: 300px\">Marcilia Andrade Campos<\/td>\n<td style=\"width: 300px\">nda@nda.nda<\/td>\n<\/tr>\n<tr>\n<td style=\"width: 300px\">Maria das Gra\u00e7as dos Santos<\/td>\n<td style=\"width: 300px\">nda@nda.nda<\/td>\n<\/tr>\n<tr>\n<td style=\"width: 300px\">Maur\u00edcio Dorneles Caldeira Balboni<\/td>\n<td style=\"width: 300px\">mdcbalboni@inf.ufpel.edu.br<\/td>\n<\/tr>\n<\/tbody>\n<\/table>\n<p><\/p>\n","protected":false},"excerpt":{"rendered":"<p>Defini\u00e7\u00e3o: A aritm\u00e9tica de ponto flutuante como conhecemos cont\u00e9m erros, estes gerados atrav\u00e9s da impossibilidade da m\u00e1quina de representar valor reais. Desta maneira prop\u00f5e-se o desenvolvimento de m\u00e9todos te\u00f3ricos na arim\u00e9tica intervalar. Objetivos: O objetivo deste projeto \u00e9 associar ao&#8230; <a class=\"more-link\" href=\"https:\/\/wp.ufpel.edu.br\/probabilidadeintervalar\/computacao-cientifica-com-controle-automatico-do-erro\/\">Continue lendo &rarr;<\/a><\/p>\n","protected":false},"author":657,"featured_media":0,"parent":0,"menu_order":0,"comment_status":"closed","ping_status":"closed","template":"","meta":{"footnotes":""},"class_list":["post-110","page","type-page","status-publish","hentry"],"jetpack_sharing_enabled":true,"_links":{"self":[{"href":"https:\/\/wp.ufpel.edu.br\/probabilidadeintervalar\/wp-json\/wp\/v2\/pages\/110","targetHints":{"allow":["GET"]}}],"collection":[{"href":"https:\/\/wp.ufpel.edu.br\/probabilidadeintervalar\/wp-json\/wp\/v2\/pages"}],"about":[{"href":"https:\/\/wp.ufpel.edu.br\/probabilidadeintervalar\/wp-json\/wp\/v2\/types\/page"}],"author":[{"embeddable":true,"href":"https:\/\/wp.ufpel.edu.br\/probabilidadeintervalar\/wp-json\/wp\/v2\/users\/657"}],"replies":[{"embeddable":true,"href":"https:\/\/wp.ufpel.edu.br\/probabilidadeintervalar\/wp-json\/wp\/v2\/comments?post=110"}],"version-history":[{"count":3,"href":"https:\/\/wp.ufpel.edu.br\/probabilidadeintervalar\/wp-json\/wp\/v2\/pages\/110\/revisions"}],"predecessor-version":[{"id":160,"href":"https:\/\/wp.ufpel.edu.br\/probabilidadeintervalar\/wp-json\/wp\/v2\/pages\/110\/revisions\/160"}],"wp:attachment":[{"href":"https:\/\/wp.ufpel.edu.br\/probabilidadeintervalar\/wp-json\/wp\/v2\/media?parent=110"}],"curies":[{"name":"wp","href":"https:\/\/api.w.org\/{rel}","templated":true}]}}