{"id":6,"date":"2021-04-16T12:12:17","date_gmt":"2021-04-16T15:12:17","guid":{"rendered":"https:\/\/wp.ufpel.edu.br\/privacidade\/?page_id=6"},"modified":"2021-04-19T17:19:01","modified_gmt":"2021-04-19T20:19:01","slug":"apresentacao","status":"publish","type":"page","link":"https:\/\/wp.ufpel.edu.br\/privacidade\/apresentacao\/","title":{"rendered":"Apresenta\u00e7\u00e3o"},"content":{"rendered":"<p>A Lei Geral de Prote\u00e7\u00e3o de Dados Pessoais (LGPD \u2013 <a href=\"http:\/\/www.planalto.gov.br\/ccivil_03\/_ato2015-2018\/2018\/lei\/L13709compilado.htm\">Lei n\u00b0 13.709, de 14 de agosto de 2018<\/a>) foi promulgada para proteger os direitos fundamentais de liberdade e de privacidade e a livre forma\u00e7\u00e3o da personalidade de cada indiv\u00edduo. Essa Lei versa sobre o tratamento de dados pessoais, dispostos em meio f\u00edsico ou digital, feito por pessoa f\u00edsica ou jur\u00eddica de direito p\u00fablico ou privado e engloba um amplo conjunto de opera\u00e7\u00f5es efetuadas em meios manuais ou digitais [<a href=\"https:\/\/www.gov.br\/governodigital\/pt-br\/governanca-de-dados\/GuiaLGPD.pdf\">1<\/a>].<\/p>\n<p>Esta Lei trouxe um novo desafio para os \u00f3rg\u00e3os e entidades: a sua adequa\u00e7\u00e3o a essa nova legisla\u00e7\u00e3o. Desta forma, a Universidade Federal de Pelotas estabeleceu uma<span style=\"font-weight: 400\"> Comiss\u00e3o de Adequa\u00e7\u00e3o \u00e0 LGDP, vinculado ao Gabinete do Reitor e de car\u00e1ter tempor\u00e1rio, respons\u00e1vel pela elabora\u00e7\u00e3o do Plano de Adequa\u00e7\u00e3o da UFPel \u00e0 <a href=\"http:\/\/www.planalto.gov.br\/ccivil_03\/_ato2015-2018\/2018\/lei\/L13709compilado.htm\">Lei 13.709\/2018<\/a> (Lei Geral de Prote\u00e7\u00e3o de Dados &#8211; LGPD).\u00a0<\/span><\/p>\n<p>Este site reunir\u00e1 as a\u00e7\u00f5es da Universidade Federal de Pelotas em rela\u00e7\u00e3o \u00e0 adequa\u00e7\u00e3o \u00e0 LGPD.<\/p>\n","protected":false},"excerpt":{"rendered":"<p>A Lei Geral de Prote\u00e7\u00e3o de Dados Pessoais (LGPD \u2013 Lei n\u00b0 13.709, de 14 de agosto de 2018) foi promulgada para proteger os direitos fundamentais de liberdade e de privacidade e a livre forma\u00e7\u00e3o da personalidade de cada indiv\u00edduo. Essa Lei versa sobre o tratamento de dados pessoais, dispostos em meio f\u00edsico ou digital, [&hellip;]<\/p>\n","protected":false},"author":1132,"featured_media":0,"parent":0,"menu_order":0,"comment_status":"closed","ping_status":"closed","template":"","meta":{"footnotes":""},"class_list":["post-6","page","type-page","status-publish","hentry"],"_links":{"self":[{"href":"https:\/\/wp.ufpel.edu.br\/privacidade\/wp-json\/wp\/v2\/pages\/6","targetHints":{"allow":["GET"]}}],"collection":[{"href":"https:\/\/wp.ufpel.edu.br\/privacidade\/wp-json\/wp\/v2\/pages"}],"about":[{"href":"https:\/\/wp.ufpel.edu.br\/privacidade\/wp-json\/wp\/v2\/types\/page"}],"author":[{"embeddable":true,"href":"https:\/\/wp.ufpel.edu.br\/privacidade\/wp-json\/wp\/v2\/users\/1132"}],"replies":[{"embeddable":true,"href":"https:\/\/wp.ufpel.edu.br\/privacidade\/wp-json\/wp\/v2\/comments?post=6"}],"version-history":[{"count":6,"href":"https:\/\/wp.ufpel.edu.br\/privacidade\/wp-json\/wp\/v2\/pages\/6\/revisions"}],"predecessor-version":[{"id":41,"href":"https:\/\/wp.ufpel.edu.br\/privacidade\/wp-json\/wp\/v2\/pages\/6\/revisions\/41"}],"wp:attachment":[{"href":"https:\/\/wp.ufpel.edu.br\/privacidade\/wp-json\/wp\/v2\/media?parent=6"}],"curies":[{"name":"wp","href":"https:\/\/api.w.org\/{rel}","templated":true}]}}