{"id":12,"date":"2021-04-16T12:14:29","date_gmt":"2021-04-16T15:14:29","guid":{"rendered":"https:\/\/wp.ufpel.edu.br\/privacidade\/?page_id=12"},"modified":"2021-04-23T16:16:46","modified_gmt":"2021-04-23T19:16:46","slug":"integrantes","status":"publish","type":"page","link":"https:\/\/wp.ufpel.edu.br\/privacidade\/integrantes\/","title":{"rendered":"Integrantes"},"content":{"rendered":"<p>A Universidade Federal de Pelotas estabeleceu uma<span style=\"font-weight: 400\"> Comiss\u00e3o de Adequa\u00e7\u00e3o \u00e0 LGDP, vinculado ao Gabinete do Reitor e de car\u00e1ter tempor\u00e1rio, respons\u00e1vel pela elabora\u00e7\u00e3o do Plano de Adequa\u00e7\u00e3o da UFPel \u00e0 Lei 13.709\/2018 (Lei Geral de Prote\u00e7\u00e3o de Dados &#8211; LGPD) atrav\u00e9s da atrav\u00e9s da <a href=\"https:\/\/sei.ufpel.edu.br\/sei\/publicacoes\/controlador_publicacoes.php?acao=publicacao_visualizar&amp;id_documento=1447670&amp;id_orgao_publicacao=0\">PORTARIA N\u00ba 651, DE 22 DE ABRIL DE 2021<\/a>. Esta comiss\u00e3o \u00e9 composta pelos seguintes servidores:<\/span><\/p>\n<ul>\n<li><span style=\"font-weight: 400\">MARCO AUR\u00c9LIO ROMEU FERNANDES &#8211; Presidente da Comiss\u00e3o (Encarregado de Dados)<\/span><\/li>\n<li>MARIANA SCHARDOSIM TAVARES (GR)<\/li>\n<li>EMILENI TESSMER (PRE)<\/li>\n<li>EVANDRO DOTTO DIAS (PRPPGI)<\/li>\n<li>CASSIO SOARES CARVALHO (PROGIC)<\/li>\n<li>RICARDO BORGES ALMEIDA (PROGIC)<\/li>\n<li>JERUSA DE OLIVEIRA MICHEL (PROGIC)<\/li>\n<li>MICHELE MULLER DA ROCHA (PRA)<\/li>\n<li>RENATO BRASIL KOURROWSKI (PRA)<\/li>\n<li>JORGE LUIZ MORAES PEREIRA JUNIOR (PROGEP)<\/li>\n<li>ANA CLARA CORR\u00caA HENNING (PROPLAN)<\/li>\n<\/ul>\n","protected":false},"excerpt":{"rendered":"<p>A Universidade Federal de Pelotas estabeleceu uma Comiss\u00e3o de Adequa\u00e7\u00e3o \u00e0 LGDP, vinculado ao Gabinete do Reitor e de car\u00e1ter tempor\u00e1rio, respons\u00e1vel pela elabora\u00e7\u00e3o do Plano de Adequa\u00e7\u00e3o da UFPel \u00e0 Lei 13.709\/2018 (Lei Geral de Prote\u00e7\u00e3o de Dados &#8211; LGPD) atrav\u00e9s da atrav\u00e9s da PORTARIA N\u00ba 651, DE 22 DE ABRIL DE 2021. Esta [&hellip;]<\/p>\n","protected":false},"author":1132,"featured_media":0,"parent":0,"menu_order":0,"comment_status":"closed","ping_status":"closed","template":"","meta":{"footnotes":""},"class_list":["post-12","page","type-page","status-publish","hentry"],"_links":{"self":[{"href":"https:\/\/wp.ufpel.edu.br\/privacidade\/wp-json\/wp\/v2\/pages\/12","targetHints":{"allow":["GET"]}}],"collection":[{"href":"https:\/\/wp.ufpel.edu.br\/privacidade\/wp-json\/wp\/v2\/pages"}],"about":[{"href":"https:\/\/wp.ufpel.edu.br\/privacidade\/wp-json\/wp\/v2\/types\/page"}],"author":[{"embeddable":true,"href":"https:\/\/wp.ufpel.edu.br\/privacidade\/wp-json\/wp\/v2\/users\/1132"}],"replies":[{"embeddable":true,"href":"https:\/\/wp.ufpel.edu.br\/privacidade\/wp-json\/wp\/v2\/comments?post=12"}],"version-history":[{"count":7,"href":"https:\/\/wp.ufpel.edu.br\/privacidade\/wp-json\/wp\/v2\/pages\/12\/revisions"}],"predecessor-version":[{"id":49,"href":"https:\/\/wp.ufpel.edu.br\/privacidade\/wp-json\/wp\/v2\/pages\/12\/revisions\/49"}],"wp:attachment":[{"href":"https:\/\/wp.ufpel.edu.br\/privacidade\/wp-json\/wp\/v2\/media?parent=12"}],"curies":[{"name":"wp","href":"https:\/\/api.w.org\/{rel}","templated":true}]}}