{"id":928,"date":"2020-05-08T16:04:23","date_gmt":"2020-05-08T19:04:23","guid":{"rendered":"https:\/\/wp.ufpel.edu.br\/prectaolongetaoperto\/?page_id=928"},"modified":"2020-06-23T09:08:36","modified_gmt":"2020-06-23T12:08:36","slug":"sala-8-artes-oficios","status":"publish","type":"page","link":"https:\/\/wp.ufpel.edu.br\/prectaolongetaoperto\/sala-8-artes-oficios\/","title":{"rendered":"Sala 8 \u2013 Artes &amp; Of\u00edcios"},"content":{"rendered":"<p><em><strong>Mediador:<\/strong> Jo\u00e3o Fernando Igansi Nunes &#8211; Professor do CA\/UFPEL<br \/>\n<\/em><\/p>\n<p><strong>Acesso livre<\/strong><span style=\"font-size: 10pt\"> (Dados para certifica\u00e7\u00e3o devem ser informados durante a confer\u00eancia)<\/span><\/p>\n<p>Acesse a sala\u00a0<a href=\"https:\/\/webconf2.ufpel.edu.br\/b\/joa-ck2-uxq\"><strong>aqui<\/strong><\/a>.<\/p>\n<p><b>Conte\u00fado das conversas\u00a0<\/b><\/p>\n<p style=\"text-align: justify\">Dedicada \u00e0s reflex\u00f5es acerca da cria\u00e7\u00e3o, desenvolvimento e agenciamento da produ\u00e7\u00e3o de artefatos art\u00edsticos\/culturais, a Sala Artes &amp; Of\u00edcios destina-se a promover a economia criativa e sustent\u00e1vel nesse per\u00edodo de isolamento social, buscando alternativas para pensar um cotidiano, al\u00e9m de prazeroso, extensamente produtivo.<\/p>\n<p><strong>AGENDA<\/strong><\/p>\n<p>CONFER\u00caNCIAS PASSADAS:<\/p>\n<table style=\"border-collapse: collapse;width: 100%\" border=\"1\">\n<tbody>\n<tr>\n<td style=\"width: 47.7334%\"><b>Ateli\u00ea Aberto: Espa\u00e7o de trabalho; Ferramentas e processos; Fa\u00e7a voc\u00ea mesmo.<\/b><\/td>\n<td style=\"width: 17.0665%;text-align: center\">\n<p>13\/05 \u2013 10h<\/p>\n<p><a href=\"https:\/\/webconf2.ufpel.edu.br\/playback\/presentation\/2.0\/playback.html?meetingId=4b67878310933c91f3ca043a994e9ab663263f4c-1589373347521\"><span style=\"font-size: 10pt\">Acesse aqui o conte\u00fado da sala<\/span><\/a><\/td>\n<td style=\"width: 35.2%\">Convidado:<\/p>\n<ul>\n<li>Lucas Stuczynski<br \/>\nAka Lucas NLC<br \/>\nInstagram: @lucas_stuczynski<br \/>\nE-mail: lucas.zynski@gmail.com<\/li>\n<\/ul>\n<\/td>\n<\/tr>\n<tr>\n<td style=\"width: 47.7334%\"><b>Ateli\u00ea Aberto: Espa\u00e7o de trabalho; Ferramentas e processos; Fa\u00e7a voc\u00ea mesmo.<\/b><\/td>\n<td style=\"width: 17.0665%;text-align: center\">\n<p>15\/05 \u2013 10h<\/p>\n<p><a href=\"https:\/\/webconf2.ufpel.edu.br\/playback\/presentation\/2.0\/playback.html?meetingId=4b67878310933c91f3ca043a994e9ab663263f4c-1589545734545\"><span style=\"font-size: 10pt\">Acesse aqui o conte\u00fado da sala<\/span><\/a><\/td>\n<td style=\"width: 35.2%\">Convidado:<\/p>\n<ul>\n<li>Paulo Junior<br \/>\nAka ASNOUM<br \/>\nInstagram: @juniorasnoum<br \/>\nEmail: asnoum@gmail.com<\/li>\n<\/ul>\n<\/td>\n<\/tr>\n<tr>\n<td style=\"width: 47.7334%\"><b>Ateli\u00ea Aberto: Espa\u00e7o de trabalho; Ferramentas e processos; Fa\u00e7a voc\u00ea mesmo.<\/b><\/td>\n<td style=\"width: 17.0665%;text-align: center\">\n<p>21\/05 \u2013 10h<\/p>\n<p><a href=\"https:\/\/webconf2.ufpel.edu.br\/playback\/presentation\/2.0\/playback.html?meetingId=4b67878310933c91f3ca043a994e9ab663263f4c-1590064056950\"><span style=\"font-size: 10pt\">Acesse aqui o conte\u00fado da sala<\/span><\/a><\/td>\n<td style=\"width: 35.2%\">Convidado:<\/p>\n<ul>\n<li>Guilherme Nunes da Rosa<br \/>\nAka GUINR<br \/>\nInstagram: @guinr<br \/>\nSite: www.guinr.com<br \/>\nEmail: guindrosa@gmail.com<\/li>\n<\/ul>\n<\/td>\n<\/tr>\n<tr>\n<td style=\"width: 47.7334%\"><strong>A Materialidade do Design<\/strong><\/td>\n<td style=\"width: 17.0665%;text-align: center\">\n<p>21\/05 \u2013 15h30<\/p>\n<p><a href=\"https:\/\/webconf2.ufpel.edu.br\/playback\/presentation\/2.0\/playback.html?meetingId=4b67878310933c91f3ca043a994e9ab663263f4c-1590083011645\"><span style=\"font-size: 10pt\">Acesse aqui o conte\u00fado da sala<\/span><\/a><\/td>\n<td style=\"width: 35.2%\">Convidado:<\/p>\n<ul>\n<li>Chico Homem de Melo<\/li>\n<\/ul>\n<div><span style=\"font-size: 10pt\"><a href=\"http:\/\/www.homemdemelotroia.com.br\/\" target=\"_blank\" rel=\"noopener noreferrer\" data-saferedirecturl=\"https:\/\/www.google.com\/url?q=http:\/\/www.homemdemelotroia.com.br&amp;source=gmail&amp;ust=1589720506896000&amp;usg=AFQjCNGX4D7ijOA0nH2Ju5f_yjw95dL49g\">http:\/\/www.homemdemelotroia.com.br<\/a><\/span><\/div>\n<\/td>\n<\/tr>\n<tr>\n<td style=\"width: 47.7334%\"><b>Ateli\u00ea Aberto: Espa\u00e7o de trabalho; Ferramentas e processos; Fa\u00e7a voc\u00ea mesmo.<\/b><\/td>\n<td style=\"width: 17.0665%;text-align: center\">\n<p>26\/05 \u2013 10h<\/p>\n<p><a href=\"https:\/\/webconf2.ufpel.edu.br\/playback\/presentation\/2.0\/playback.html?meetingId=4b67878310933c91f3ca043a994e9ab663263f4c-1590495700876\"><span style=\"font-size: 10pt\">Acesse aqui o conte\u00fado da sala<\/span><\/a><\/td>\n<td style=\"width: 35.2%\">\n<div>Convidado:<\/div>\n<div><\/div>\n<ul>\n<li>Leandro Selister<\/li>\n<\/ul>\n<div>@lselister<\/div>\n<div>@leandroselister_atelier<\/div>\n<div><a href=\"http:\/\/www.leandroselister.com.br\/\" target=\"_blank\" rel=\"noopener noreferrer\" data-saferedirecturl=\"https:\/\/www.google.com\/url?q=http:\/\/www.leandroselister.com.br&amp;source=gmail&amp;ust=1590149623537000&amp;usg=AFQjCNEKQOn4GId7ENsBPc0HOHz4741aUA\"><span style=\"font-size: 10pt\">www.leandroselister.com.br<\/span><\/a><\/div>\n<\/td>\n<\/tr>\n<tr>\n<td style=\"width: 47.7334%\"><b>Ateli\u00ea Aberto: Espa\u00e7o de trabalho; Ferramentas e processos; Fa\u00e7a voc\u00ea mesmo.<\/b><\/td>\n<td style=\"width: 17.0665%;text-align: center\">\n<p>27\/05 \u2013 10h<\/p>\n<p><a href=\"https:\/\/webconf2.ufpel.edu.br\/playback\/presentation\/2.0\/playback.html?meetingId=4b67878310933c91f3ca043a994e9ab663263f4c-1590584389761\"><span style=\"font-size: 10pt\">Acesse aqui o conte\u00fado da sala<\/span><\/a><\/td>\n<td style=\"width: 35.2%\">\n<div>Convidada:<\/div>\n<div><\/div>\n<ul>\n<li>Cl\u00e1u Paranhos<\/li>\n<\/ul>\n<div>@clauparanhos<\/div>\n<div><span style=\"font-size: 10pt\"><a href=\"http:\/\/www.bonecasfeias.com.br\/\" target=\"_blank\" rel=\"noopener noreferrer\" data-saferedirecturl=\"https:\/\/www.google.com\/url?q=http:\/\/www.bonecasfeias.com.br&amp;source=gmail&amp;ust=1590149623537000&amp;usg=AFQjCNGhERRDm10POXZciezvgDgGmaGNDw\">www.bonecasfeias.com.br<\/a><\/span><\/div>\n<\/td>\n<\/tr>\n<tr>\n<td style=\"width: 47.7334%\"><b>Ateli\u00ea Aberto: Espa\u00e7o de trabalho; Ferramentas e processos; Fa\u00e7a voc\u00ea mesmo.<\/b><\/td>\n<td style=\"width: 17.0665%;text-align: center\">\n<p>16\/06 \u2013 10h<\/p>\n<p><a href=\"https:\/\/youtu.be\/e6l_rr-wHYw\"><span style=\"font-size: 10pt\">Acesse aqui o conte\u00fado da sala<\/span><\/a><\/td>\n<td style=\"width: 35.2%\">\n<div>Convidado:<\/div>\n<div><\/div>\n<ul>\n<li>Mario Schuster<\/li>\n<\/ul>\n<div>@mariopizarroschuster<\/div>\n<div><a href=\"http:\/\/www.marioschuster.com.br\/\" target=\"_blank\" rel=\"noopener noreferrer\" data-saferedirecturl=\"https:\/\/www.google.com\/url?q=http:\/\/www.marioschuster.com.br&amp;source=gmail&amp;ust=1590149623537000&amp;usg=AFQjCNHZahJZxtdqbTJFxKwTptagkgVRmA\"><span style=\"font-size: 10pt\">www.marioschuster.com.br<\/span><\/a><\/div>\n<\/td>\n<\/tr>\n<tr>\n<td style=\"width: 47.7334%\"><strong>Destravando o desenho<\/strong><\/td>\n<td style=\"width: 17.0665%;text-align: center\">\n<p>17\/06 \u2013 10h<\/p>\n<p><a href=\"https:\/\/youtu.be\/KWXhgNOHUZg\"><span style=\"font-size: 10pt\">Acesse aqui o conte\u00fado da sala<\/span><\/a><\/td>\n<td style=\"width: 35.2%\">\n<div>Convidado:<\/div>\n<div><\/div>\n<ul>\n<li>Z\u00e9ca Nogueira &#8211; Professor do CA\/UFPel<\/li>\n<\/ul>\n<\/td>\n<\/tr>\n<tr>\n<td style=\"width: 47.7334%\"><strong>Conta\u00e7\u00e3o de hist\u00f3rias na quarentena<\/strong><\/td>\n<td style=\"width: 17.0665%;text-align: center\">\n<p>18\/06 \u2013 10h<\/p>\n<p><a href=\"https:\/\/youtu.be\/VFnwzxscIK4\"><span style=\"font-size: 10pt\">Acesse aqui o conte\u00fado da sala<\/span><\/a><\/td>\n<td style=\"width: 35.2%\">\n<div>Convidado:<\/div>\n<div><\/div>\n<ul>\n<li>Gabriel Almeida Nogueira &#8211; Professor Oficineiro na Escola UPI\u00c1<\/li>\n<\/ul>\n<\/td>\n<\/tr>\n<\/tbody>\n<\/table>\n<p>&nbsp;<\/p>\n","protected":false},"excerpt":{"rendered":"<p>Mediador: Jo\u00e3o Fernando Igansi Nunes &#8211; Professor do CA\/UFPEL Acesso livre (Dados para certifica\u00e7\u00e3o devem ser informados durante a confer\u00eancia) Acesse a sala\u00a0aqui. Conte\u00fado das conversas\u00a0 Dedicada \u00e0s reflex\u00f5es acerca da cria\u00e7\u00e3o, desenvolvimento e agenciamento da produ\u00e7\u00e3o de artefatos art\u00edsticos\/culturais, a Sala Artes &amp; Of\u00edcios destina-se a promover a economia criativa e sustent\u00e1vel nesse per\u00edodo &hellip; <\/p>\n<p><a class=\"more-link btn\" href=\"https:\/\/wp.ufpel.edu.br\/prectaolongetaoperto\/sala-8-artes-oficios\/\">Continue lendo<\/a><\/p>\n","protected":false},"author":990,"featured_media":408,"parent":0,"menu_order":0,"comment_status":"closed","ping_status":"closed","template":"","meta":{"footnotes":""},"class_list":["post-928","page","type-page","status-publish","has-post-thumbnail","hentry","nodate","item-wrap"],"jetpack_sharing_enabled":true,"jetpack-related-posts":[],"_links":{"self":[{"href":"https:\/\/wp.ufpel.edu.br\/prectaolongetaoperto\/wp-json\/wp\/v2\/pages\/928","targetHints":{"allow":["GET"]}}],"collection":[{"href":"https:\/\/wp.ufpel.edu.br\/prectaolongetaoperto\/wp-json\/wp\/v2\/pages"}],"about":[{"href":"https:\/\/wp.ufpel.edu.br\/prectaolongetaoperto\/wp-json\/wp\/v2\/types\/page"}],"author":[{"embeddable":true,"href":"https:\/\/wp.ufpel.edu.br\/prectaolongetaoperto\/wp-json\/wp\/v2\/users\/990"}],"replies":[{"embeddable":true,"href":"https:\/\/wp.ufpel.edu.br\/prectaolongetaoperto\/wp-json\/wp\/v2\/comments?post=928"}],"version-history":[{"count":24,"href":"https:\/\/wp.ufpel.edu.br\/prectaolongetaoperto\/wp-json\/wp\/v2\/pages\/928\/revisions"}],"predecessor-version":[{"id":1255,"href":"https:\/\/wp.ufpel.edu.br\/prectaolongetaoperto\/wp-json\/wp\/v2\/pages\/928\/revisions\/1255"}],"wp:featuredmedia":[{"embeddable":true,"href":"https:\/\/wp.ufpel.edu.br\/prectaolongetaoperto\/wp-json\/wp\/v2\/media\/408"}],"wp:attachment":[{"href":"https:\/\/wp.ufpel.edu.br\/prectaolongetaoperto\/wp-json\/wp\/v2\/media?parent=928"}],"curies":[{"name":"wp","href":"https:\/\/api.w.org\/{rel}","templated":true}]}}