{"id":681,"date":"2020-04-14T17:17:22","date_gmt":"2020-04-14T20:17:22","guid":{"rendered":"https:\/\/wp.ufpel.edu.br\/prectaolongetaoperto\/?page_id=681"},"modified":"2020-05-09T15:39:09","modified_gmt":"2020-05-09T18:39:09","slug":"sala-7-plano-de-cultura-da-ufpel","status":"publish","type":"page","link":"https:\/\/wp.ufpel.edu.br\/prectaolongetaoperto\/sala-7-plano-de-cultura-da-ufpel\/","title":{"rendered":"Sala 7 &#8211; Plano de Cultura da UFPEL"},"content":{"rendered":"<p><em><strong>Mediador:<\/strong> Jo\u00e3o Fernando Igansi Nunes &#8211; Professor do CA\/UFPEL<br \/>\n<\/em><\/p>\n<p><strong>Acesso livre<\/strong> <span style=\"font-size: 10pt\">(Dados para certifica\u00e7\u00e3o devem ser informados durante a confer\u00eancia)<\/span><\/p>\n<p>Acesse a sala\u00a0<a href=\"https:\/\/webconf2.ufpel.edu.br\/b\/joa-ck2-uxq\"><strong>aqui<\/strong><\/a>.<\/p>\n<p><b>Conte\u00fado das conversas\u00a0<\/b><\/p>\n<p style=\"text-align: justify\">Com base no Plano Nacional de Cultura (PNC) do Minist\u00e9rio da Cidadania, nas Metas e Objetivos do Plano de Desenvolvimento Institucional (PDI) e nos itens que tangem o Planejamento da Pr\u00f3-Reitoria de Extens\u00e3o e Cultura (PREC), a Sala Plano de Cultura da UFPEL oportuniza refletir sobre a constru\u00e7\u00e3o do Plano de Cultura da UFPEL\u00a0 a partir das experi\u00eancias de agentes culturais em di\u00e1logo com a sociedade. De maneira colaborativa, atrav\u00e9s da participa\u00e7\u00e3o da comunidade interna e externa, as conversas se estabelecer\u00e3o a partir das realidades encontradas no munic\u00edpio de Pelotas e seu entorno identificando pol\u00edticas e diretrizes praticados \u00e0 cultura.<\/p>\n<p><strong>AGENDA<\/strong><\/p>\n<table style=\"border-collapse: collapse;width: 100%\" border=\"1\">\n<tbody>\n<tr style=\"height: 162px\">\n<td style=\"width: 37.3333%;height: 162px\"><strong>Cultura: pol\u00edticas e diretrizes na FURG<\/strong><\/td>\n<td style=\"width: 18.4%;text-align: center;height: 162px\">\n<p>Dia 14\/04 &#8211; 10h<\/p>\n<p><a href=\"https:\/\/webconf.ufpel.edu.br\/playback\/presentation\/2.0\/playback.html?meetingId=a066a753eb7d2eaaf3b5f8d31d44c0f0478ae643-1586867986484\"><span style=\"font-size: 10pt\">Acesse aqui o conte\u00fado da sala<\/span><\/a><\/td>\n<td style=\"width: 44.2666%;height: 162px\">Apresentadora:<\/p>\n<ul>\n<li>Debora Amaral &#8211; Diretora de Arte e Cultura &#8211; PROEXC \/ FURG<\/li>\n<\/ul>\n<p><span style=\"font-size: 8pt\"><a href=\"https:\/\/proexc.furg.br\/\">https:\/\/proexc.furg.br\/<\/a><\/span><\/td>\n<\/tr>\n<tr style=\"height: 164px\">\n<td style=\"width: 37.3333%;height: 164px\"><strong>Cultura: trajet\u00f3ria e contexto atual na UTFPR<\/strong><\/td>\n<td style=\"width: 18.4%;text-align: center;height: 164px\">\n<p>Dia 22\/04 &#8211; 10h<\/p>\n<p><a href=\"https:\/\/webconf2.ufpel.edu.br\/playback\/presentation\/2.0\/playback.html?meetingId=4b67878310933c91f3ca043a994e9ab663263f4c-1587559756078\"><span style=\"font-size: 10pt\">Acesse aqui o conte\u00fado da sala<\/span><\/a><\/td>\n<td style=\"width: 44.2666%;height: 164px\">\n<div>Apresentadora:<\/div>\n<div><\/div>\n<ul>\n<li>Priscilla Prueter &#8211; Assessora de Cultura e Comunica\u00e7\u00e3o &#8211; Universidade Tecnol\u00f3gica Federal do Paran\u00e1 &#8211; UTFPR<\/li>\n<\/ul>\n<div><span style=\"font-size: 8pt\"><a href=\"http:\/\/portal.utfpr.edu.br\/\" target=\"_blank\" rel=\"noopener noreferrer\" data-saferedirecturl=\"https:\/\/www.google.com\/url?q=http:\/\/portal.utfpr.edu.br&amp;source=gmail&amp;ust=1587155757013000&amp;usg=AFQjCNHbJRTvzXq5aMLOTFE0SkWoSK57nA\">http:\/\/portal.utfpr.edu.br<\/a>.<\/span><\/div>\n<\/td>\n<\/tr>\n<tr style=\"height: 164px\">\n<td style=\"width: 37.3333%;height: 164px\"><strong>Cultura: pol\u00edticas e diretrizes da Secult<\/strong><\/td>\n<td style=\"width: 18.4%;text-align: center;height: 164px\">\n<p>Dia 23\/04 &#8211; 15h<\/p>\n<p><span style=\"font-size: 10pt\"><a href=\"https:\/\/webconf2.ufpel.edu.br\/playback\/presentation\/2.0\/playback.html?meetingId=4b67878310933c91f3ca043a994e9ab663263f4c-1587661888823\">Acesse aqui o conte\u00fado da sala<\/a><\/span><\/td>\n<td style=\"width: 44.2666%;height: 164px\">\n<div>Apresentador:<\/div>\n<div><\/div>\n<ul>\n<li>Giorgio Ronna &#8211; Secret\u00e1rio Municipal de Cultura de Pelotas<\/li>\n<\/ul>\n<p><span style=\"font-size: 8pt\"><a href=\"https:\/\/www.pelotas.com.br\/governo\/secult\" target=\"_blank\" rel=\"noopener noreferrer\" data-saferedirecturl=\"https:\/\/www.google.com\/url?q=https:\/\/www.pelotas.com.br\/governo\/secult&amp;source=gmail&amp;ust=1587155757013000&amp;usg=AFQjCNHiV4gqNJJK1xSGgpcswIaMonr72w\">https:\/\/www.pelotas.com.br\/governo\/secult<\/a><\/span><\/td>\n<\/tr>\n<tr style=\"height: 208px\">\n<td style=\"width: 37.3333%;height: 208px\"><strong>Cultura: pol\u00edticas e diretrizes no IFSul<\/strong><\/td>\n<td style=\"width: 18.4%;text-align: center;height: 208px\">\n<p>Dia 27\/04 &#8211; 10h<\/p>\n<p><a href=\"https:\/\/webconf2.ufpel.edu.br\/playback\/presentation\/2.0\/playback.html?meetingId=4b67878310933c91f3ca043a994e9ab663263f4c-1587990199517\"><span style=\"font-size: 10pt\">Acesse aqui o conte\u00fado da sala<\/span><\/a><\/td>\n<td style=\"width: 44.2666%;height: 208px\">\n<div>\n<p>Apresentadoras:<\/p>\n<ul>\n<li>Gisela Loureiro Duarte &#8211; Pr\u00f3 reitora de Extens\u00e3o e Cultura do IFSul<\/li>\n<li>\n<div>Sandra Camerini Vieira &#8211; Coordenadora de Cultura e Eventos do IFSul<\/div>\n<\/li>\n<\/ul>\n<p><span style=\"font-size: 8pt\"><a href=\"http:\/\/www.ifsul.edu.br\/en\/pro-reitorias\/extensao-e-cultura\" target=\"_blank\" rel=\"noopener noreferrer\" data-saferedirecturl=\"https:\/\/www.google.com\/url?q=http:\/\/www.ifsul.edu.br\/en\/pro-reitorias\/extensao-e-cultura&amp;source=gmail&amp;ust=1587155757013000&amp;usg=AFQjCNHiufIVyyAdSREscxLrUBp5cuw-yA\">http:\/\/www.ifsul.edu.br\/en\/pro-reitorias\/extensao-e-cultura<\/a><\/span><\/p>\n<\/div>\n<\/td>\n<\/tr>\n<tr style=\"height: 162px\">\n<td style=\"width: 37.3333%;height: 162px\"><strong>Cultura: pol\u00edticas e diretrizes do Governo do Estado \/ RS<\/strong><\/td>\n<td style=\"width: 18.4%;text-align: center;height: 162px\">\n<p><span style=\"font-size: 12pt\">Dia 28\/04 &#8211; 10h<\/span><\/p>\n<p><a href=\"https:\/\/webconf2.ufpel.edu.br\/playback\/presentation\/2.0\/playback.html?meetingId=4b67878310933c91f3ca043a994e9ab663263f4c-1588076473822\"><span style=\"font-size: 10pt\">Acesse aqui o conte\u00fado da sala<\/span><\/a><\/td>\n<td style=\"width: 44.2666%;height: 162px\">\n<div>\n<p><span style=\"font-size: 12pt\">Apresentadora:<\/span><\/p>\n<ul>\n<li><span style=\"font-size: 12pt\">Beatriz Ara\u00fajo &#8211; Secret\u00e1ria Estadual de Cultura do RS<\/span><\/li>\n<\/ul>\n<p><span style=\"font-size: 8pt\"><a href=\"https:\/\/www.cultura.rs.gov.br\/inicial\" target=\"_blank\" rel=\"noopener noreferrer\" data-saferedirecturl=\"https:\/\/www.google.com\/url?q=https:\/\/www.cultura.rs.gov.br\/inicial&amp;source=gmail&amp;ust=1587155757013000&amp;usg=AFQjCNHlgp8RqJT3j0hKR-XtTb4hNkVO_w\">https:\/\/www.cultura.rs.gov.br\/inicial<\/a><\/span><\/p>\n<\/div>\n<\/td>\n<\/tr>\n<tr style=\"height: 61px\">\n<td style=\"width: 37.3333%;height: 61px\"><strong>Cultura: Gest\u00e3o e pol\u00edtica cultural do Departamento de Difus\u00e3o Cultural da UFRGS<\/strong><\/td>\n<td style=\"width: 18.4%;text-align: center;height: 61px\">\n<p>Dia 30\/04 \u2013 10h<\/p>\n<p><a href=\"https:\/\/webconf2.ufpel.edu.br\/playback\/presentation\/2.0\/playback.html?meetingId=4b67878310933c91f3ca043a994e9ab663263f4c-1588249521847\"><span style=\"font-size: 10pt\">Acesse aqui o conte\u00fado da sala<\/span><\/a><\/td>\n<td style=\"width: 44.2666%;height: 61px\">\n<div>\n<p><span style=\"font-size: 12pt\">Apresentadoras:<\/span><\/p>\n<ul>\n<li>Cl\u00e1udia Boettcher e Ligia Petrucci &#8211; Departamento de Difus\u00e3o Cultural \/ UFRGS<\/li>\n<\/ul>\n<p><a href=\"https:\/\/www.ufrgs.br\/difusaocultural\/\" target=\"_blank\" rel=\"noopener noreferrer\" data-saferedirecturl=\"https:\/\/www.google.com\/url?q=https:\/\/www.ufrgs.br\/difusaocultural\/&amp;source=gmail&amp;ust=1587764518333000&amp;usg=AFQjCNFfKpLVmC9_BpPyFR7fq8OTYoA4JQ\"><span style=\"font-size: 8pt\">https:\/\/www.ufrgs.br\/difusaocultural\/<\/span><\/a><\/p>\n<div>Mediador:<\/div>\n<ul>\n<li>Leandro Maia &#8211; Professor CA\/ UFPEL<\/li>\n<\/ul>\n<\/div>\n<\/td>\n<\/tr>\n<\/tbody>\n<\/table>\n<p>&nbsp;<\/p>\n","protected":false},"excerpt":{"rendered":"<p>Mediador: Jo\u00e3o Fernando Igansi Nunes &#8211; Professor do CA\/UFPEL Acesso livre (Dados para certifica\u00e7\u00e3o devem ser informados durante a confer\u00eancia) Acesse a sala\u00a0aqui. Conte\u00fado das conversas\u00a0 Com base no Plano Nacional de Cultura (PNC) do Minist\u00e9rio da Cidadania, nas Metas e Objetivos do Plano de Desenvolvimento Institucional (PDI) e nos itens que tangem o Planejamento &hellip; <\/p>\n<p><a class=\"more-link btn\" href=\"https:\/\/wp.ufpel.edu.br\/prectaolongetaoperto\/sala-7-plano-de-cultura-da-ufpel\/\">Continue lendo<\/a><\/p>\n","protected":false},"author":990,"featured_media":408,"parent":0,"menu_order":0,"comment_status":"closed","ping_status":"closed","template":"","meta":{"footnotes":""},"class_list":["post-681","page","type-page","status-publish","has-post-thumbnail","hentry","nodate","item-wrap"],"jetpack_sharing_enabled":true,"jetpack-related-posts":[],"_links":{"self":[{"href":"https:\/\/wp.ufpel.edu.br\/prectaolongetaoperto\/wp-json\/wp\/v2\/pages\/681","targetHints":{"allow":["GET"]}}],"collection":[{"href":"https:\/\/wp.ufpel.edu.br\/prectaolongetaoperto\/wp-json\/wp\/v2\/pages"}],"about":[{"href":"https:\/\/wp.ufpel.edu.br\/prectaolongetaoperto\/wp-json\/wp\/v2\/types\/page"}],"author":[{"embeddable":true,"href":"https:\/\/wp.ufpel.edu.br\/prectaolongetaoperto\/wp-json\/wp\/v2\/users\/990"}],"replies":[{"embeddable":true,"href":"https:\/\/wp.ufpel.edu.br\/prectaolongetaoperto\/wp-json\/wp\/v2\/comments?post=681"}],"version-history":[{"count":21,"href":"https:\/\/wp.ufpel.edu.br\/prectaolongetaoperto\/wp-json\/wp\/v2\/pages\/681\/revisions"}],"predecessor-version":[{"id":824,"href":"https:\/\/wp.ufpel.edu.br\/prectaolongetaoperto\/wp-json\/wp\/v2\/pages\/681\/revisions\/824"}],"wp:featuredmedia":[{"embeddable":true,"href":"https:\/\/wp.ufpel.edu.br\/prectaolongetaoperto\/wp-json\/wp\/v2\/media\/408"}],"wp:attachment":[{"href":"https:\/\/wp.ufpel.edu.br\/prectaolongetaoperto\/wp-json\/wp\/v2\/media?parent=681"}],"curies":[{"name":"wp","href":"https:\/\/api.w.org\/{rel}","templated":true}]}}