{"id":626,"date":"2020-04-13T19:23:54","date_gmt":"2020-04-13T22:23:54","guid":{"rendered":"https:\/\/wp.ufpel.edu.br\/prectaolongetaoperto\/?page_id=626"},"modified":"2020-08-21T14:24:20","modified_gmt":"2020-08-21T17:24:20","slug":"sala-6-conversas-sobre-arte-e-cultura-durante-a-pandemia","status":"publish","type":"page","link":"https:\/\/wp.ufpel.edu.br\/prectaolongetaoperto\/sala-6-conversas-sobre-arte-e-cultura-durante-a-pandemia\/","title":{"rendered":"Sala 6 &#8211; Conversas sobre arte e cultura durante a pandemia"},"content":{"rendered":"\n<p class=\"has-text-align-center has-medium-font-size\">Link de acesso \u00e0 sala<strong>&nbsp;<strong><a href=\"https:\/\/webconf2.ufpel.edu.br\/b\/sil-zpf-ak2\" target=\"_blank\" rel=\"noreferrer noopener\">aqui<\/a><\/strong>.<\/strong><\/p>\n\n\n\n<div class=\"wp-block-columns is-layout-flex wp-container-core-columns-is-layout-9d6595d7 wp-block-columns-is-layout-flex\">\n<div class=\"wp-block-column is-layout-flow wp-block-column-is-layout-flow\">\n<p><em><strong>Mediadoras:<\/strong> Silvana Bojanoski e Andr\u00e9a Bachettini \u2013 PREC\/UFPel<\/em><\/p>\n<\/div>\n\n\n\n<div class=\"wp-block-column is-layout-flow wp-block-column-is-layout-flow\">\n<p style=\"font-size:12px\"><strong>Acesso livre<\/strong>&nbsp;(Dados para certifica\u00e7\u00e3o devem ser informados durante a confer\u00eancia)<\/p>\n<\/div>\n<\/div>\n\n\n\n<p><strong><em>Conte\u00fado das conversas:&nbsp;<\/em><\/strong><\/p>\n\n\n\n<p class=\"has-text-align-justify\">Em tempos de pandemia, em um cen\u00e1rio com tantas incertezas, falar de arte e de cultura \u00e9 criar um espa\u00e7o de di\u00e1logo, que pode resultar em reflex\u00f5es instigantes, como somente a arte pode proporcionar. Mas, para al\u00e9m disso, os objetivos ter\u00e3o sido alcan\u00e7ados se conseguirmos criar um lugar em que as pessoas possam falar, ouvir e conversar sobre as in\u00fameras manifesta\u00e7\u00f5es poss\u00edveis das artes e da cultura. Que este seja um espa\u00e7o de agrad\u00e1veis conversas sobre arte, artesanato, m\u00fasica, cinema, patrim\u00f4nios, mem\u00f3rias, museus, livros, hist\u00f3rias e tudo o mais que possa nos encantar neste momento.<\/p>\n\n\n\n<h3 class=\"has-text-align-center wp-block-heading\"><strong>AGENDA: <\/strong><\/h3>\n\n\n\n<p style=\"color:#ffffff\" class=\"has-text-color\"><strong>PR\u00d3XIMAS CONFER\u00caNCIAS:<\/strong><\/p>\n\n\n\n<hr class=\"wp-block-separator\" \/>\n\n\n<p><strong>CONFER\u00caNCIAS PASSADAS:<\/strong><\/p>\n<table style=\"height: 1590px\">\n<tbody>\n<tr style=\"height: 185px\">\n<td style=\"width: 233px;text-align: left;height: 185px\"><strong>Conversa sobre Patrim\u00f4nio cultural: As Miss\u00f5es Jesu\u00edtico-Guarani no Rio Grande do Sul<\/strong><\/td>\n<td style=\"width: 117px;text-align: center;height: 185px\">\n<p>14 de abril \u2013 Ter\u00e7a feira \u2013 17 h<\/p>\n<p><a href=\"https:\/\/youtu.be\/2SnIIWVwBss\"><span style=\"font-size: 10pt\">Acesse aqui o conte\u00fado da sala<\/span><\/a><\/p>\n<\/td>\n<td style=\"width: 399px;height: 185px\">Convidado:\n<p>\u00a0<\/p>\n<ul>\n<li>Darlan de Mamann Marchi, professor substituto do Departamento de Museologia, Conserva\u00e7\u00e3o e Restauro e P\u00f3s-doutorando do PPG Mem\u00f3ria Social e Patrim\u00f4nio Cultural do Instituto de Ci\u00eancias Humanas da UFPel.<\/li>\n<\/ul>\n<\/td>\n<\/tr>\n<tr style=\"height: 180px\">\n<td style=\"width: 233px;text-align: left;height: 180px\"><strong>Conversa sobre arte: Introdu\u00e7\u00e3o \u00e0 Arte Contempor\u00e2nea<\/strong><\/td>\n<td style=\"width: 117px;text-align: center;height: 180px\">\n<p>15 de abril \u2013 Quarta feira \u2013 17 h<\/p>\n<p><a href=\"https:\/\/youtu.be\/kWnvTDRpmfU\"><span style=\"font-size: 10pt\">Acesse aqui o conte\u00fado da sala<\/span><\/a><\/p>\n<\/td>\n<td style=\"width: 399px;height: 180px\">Convidado:\n<p>\u00a0<\/p>\n<ul>\n<li>Roberto Heiden, professor efetivo do Departamento de Museologia, Conserva\u00e7\u00e3o e Restauro e Diretor do Museu do Doce do Instituto de Ci\u00eancias Humanas da UFPel.<\/li>\n<\/ul>\n<\/td>\n<\/tr>\n<tr style=\"height: 183px\">\n<td style=\"width: 233px;text-align: left;height: 183px\"><strong>&#8220;L\u00ea uma hist\u00f3ria pra mim?&#8221; &#8211; dicas para criar e manter o h\u00e1bito de leitura.<\/strong><\/td>\n<td style=\"width: 117px;text-align: center;height: 183px\">\n<p>\u00a016 de abril \u2013 Quinta feira \u2013 17 h<\/p>\n<p><a href=\"https:\/\/youtu.be\/m8wAEwEk88U\"><span style=\"font-size: 10pt\">Acesse aqui o conte\u00fado da sala<\/span><\/a><\/p>\n<\/td>\n<td style=\"width: 399px;height: 183px\">Convidada:\n<p>\u00a0<\/p>\n<ul>\n<li>Beatriz Helena Pereira, professora e leitora volunt\u00e1ria, respons\u00e1vel pelos \u00e1udios do \u201cOra, direis, ouvir poemas\u201d.<\/li>\n<\/ul>\n<\/td>\n<\/tr>\n<tr style=\"height: 180px\">\n<td style=\"width: 233px;text-align: left;height: 180px\"><b>A peste negra e as representa\u00e7\u00f5es do cont\u00e1gio no Ocidente<\/b><\/td>\n<td style=\"width: 117px;text-align: center;height: 180px\">\n<p>22 de abril &#8211; Quarta feira \u2013 17 h<\/p>\n<p><a href=\"https:\/\/webconf2.ufpel.edu.br\/playback\/presentation\/2.0\/playback.html?meetingId=2281805da5bcbd353e2a5aae01c2675a8162463b-1587584460919\"><span style=\"font-size: 10pt\">Acesse aqui o conte\u00fado da sala<\/span><\/a><\/p>\n<\/td>\n<td style=\"width: 399px;height: 180px\">Convidada:\n<p>\u00a0<\/p>\n<ul>\n<li>Maria Leticia Mazzucchi Ferreira \u2013 Professora do Departamento de Conserva\u00e7\u00e3o e Restauro e do PPG Mem\u00f3ria Social e Patrim\u00f4nio Cultural -UFPel<\/li>\n<\/ul>\n<\/td>\n<\/tr>\n<tr style=\"height: 180px\">\n<td style=\"width: 233px;text-align: left;height: 180px\"><b>Conserva\u00e7\u00e3o e restaura\u00e7\u00e3o de escaiolas em Pelotas <\/b><b><br \/><\/b><\/td>\n<td style=\"width: 117px;text-align: center;height: 180px\">\n<p>23 de abril &#8211; Quinta feira \u2013 17 h<\/p>\n<p><a href=\"https:\/\/youtu.be\/anfGsQ7CP6w\"><span style=\"font-size: 10pt\">Acesse aqui o conte\u00fado da sala<\/span><\/a><\/p>\n<\/td>\n<td style=\"width: 399px;height: 180px\">Convidada:\n<p>\u00a0<\/p>\n<ul>\n<li>Prof. Daniele Baltz da Fonseca \u2013 Professora do Departamento de Conserva\u00e7\u00e3o e Restauro e do PPG Mem\u00f3ria Social e Patrim\u00f4nio Cultural -UFPel<\/li>\n<\/ul>\n<\/td>\n<\/tr>\n<tr style=\"height: 180px\">\n<td style=\"width: 233px;text-align: left;height: 180px\"><b>Laborat\u00f3rio Aberto de Conserva\u00e7\u00e3o e Restaura\u00e7\u00e3o: relato sobre a restaura\u00e7\u00e3o de obras do Museu hist\u00f3rico Farroupilha de Piratini. <\/b><\/td>\n<td style=\"width: 117px;text-align: center;height: 180px\">\n<p>28 de abril Ter\u00e7a feira \u2013 17 h<\/p>\n<p><a href=\"https:\/\/youtu.be\/-XeSRAhzU6w\"><span style=\"font-size: 10pt\">Acesse aqui o conte\u00fado da sala<\/span><\/a><\/p>\n<\/td>\n<td style=\"width: 399px;height: 180px\">Convidada:\n<p>\u00a0<\/p>\n<ul>\n<li>Andr\u00e9a Lacerda Bachettini \u2013 Professora do Instituto de Ci\u00eancias Humanas \u2013 UFPel<\/li>\n<\/ul>\n<\/td>\n<\/tr>\n<tr style=\"height: 116px\">\n<td style=\"width: 233px;text-align: left;height: 116px\"><b>Laborat\u00f3rio de curadoria do MALG: a\u00e7\u00f5es e import\u00e2ncia da curadoria no museu de arte<\/b><\/td>\n<td style=\"width: 117px;text-align: center;height: 116px\">\n<p>29 de abril Quarta feira \u2013 17 h<\/p>\n<p><a href=\"https:\/\/youtu.be\/8cL6PZW3ggc\"><span style=\"font-size: 10pt\">Acesse aqui o conte\u00fado da sala<\/span><\/a><\/p>\n<\/td>\n<td style=\"width: 399px;height: 116px\">Convidado:\n<p>\u00a0<\/p>\n<ul>\n<li>Lauer Alves Nunes dos Santos &#8211; Professor do Centro de Artes \u2013 UFPel<\/li>\n<\/ul>\n<\/td>\n<\/tr>\n<tr style=\"height: 116px\">\n<td style=\"width: 233px;text-align: left;height: 116px\"><b>Reflex\u00f5es sobre a exposi\u00e7\u00e3o \u201cLeopoldo Gotuzzo e a constitui\u00e7\u00e3o do MALG\u201d (2019-2020)<\/b><\/td>\n<td style=\"width: 117px;text-align: center;height: 116px\">\n<p>30 de abril Quinta feira \u2013 17 h<\/p>\n<p><a href=\"https:\/\/youtu.be\/BJkItnFD6NM\"><span style=\"font-size: 10pt\">Acesse aqui o conte\u00fado da sala<\/span><\/a><\/p>\n<\/td>\n<td style=\"width: 399px;height: 116px\">Convidada:\n<p>\u00a0<\/p>\n<ul>\n<li>Raquel Santos \u2013 Professora do Centro de Artes \u2013 UFPel<\/li>\n<\/ul>\n<\/td>\n<\/tr>\n<tr style=\"height: 273px\">\n<td style=\"width: 233px;height: 273px\"><b>A arte funer\u00e1ria como tema para a pesquisa acad\u00eamica <\/b><\/td>\n<td style=\"width: 117px;text-align: center;height: 273px\">\n<p>05 de maio Ter\u00e7a feira \u2013 17 h<\/p>\n<p><a href=\"https:\/\/youtu.be\/jm1XVWRP9fo\"><span style=\"font-size: 10pt\">Acesse aqui o conte\u00fado da sala<\/span><\/a><\/p>\n<\/td>\n<td style=\"width: 399px;height: 273px\">Convidada:\n<p>\u00a0<\/p>\n<ul>\n<li>Luiza Fabiana Neitzke de Carvalho \u2013 Professora do Instituto de Ci\u00eancias Humanas da UFPel.<\/li>\n<\/ul>\n<\/td>\n<\/tr>\n<tr style=\"height: 273px\">\n<td style=\"width: 233px;height: 273px\"><b>Arte e Humanidade: caminhos para felicidade nos dias de hoje<\/b><\/td>\n<td style=\"width: 117px;text-align: center;height: 273px\">\n<p>06 de maio Quarta feira \u2013 17 h<\/p>\n<p><a href=\"https:\/\/webconf2.ufpel.edu.br\/playback\/presentation\/2.0\/playback.html?meetingId=2010b940cf7df543a50db7eea151b977b1444ae8-1588794311773\"><span style=\"font-size: 10pt\">Acesse aqui o conte\u00fado da sala<\/span><\/a><\/p>\n<\/td>\n<td style=\"width: 399px;height: 273px\">Convidada:\n<p>\u00a0<\/p>\n<ul>\n<li>\u00darsula Rosa da Silva \u2013 Professora e Diretora do Centro de Artes da UFPel.<\/li>\n<\/ul>\n<\/td>\n<\/tr>\n<tr style=\"height: 273px\">\n<td style=\"width: 233px;height: 273px\"><b>Ant\u00f4nio Caringi, o criador de s\u00edmbolos<\/b><\/td>\n<td style=\"width: 117px;text-align: center;height: 273px\">\n<p>07 de maio Quinta feira \u2013 17 h<\/p>\n<p><a href=\"https:\/\/webconf2.ufpel.edu.br\/playback\/presentation\/2.0\/playback.html?meetingId=2010b940cf7df543a50db7eea151b977b1444ae8-1588879424899\"><span style=\"font-size: 10pt\">Acesse aqui o conte\u00fado da sala<\/span><\/a><\/p>\n<\/td>\n<td style=\"width: 399px;height: 273px\">Convidado:\n<p>\u00a0<\/p>\n<ul>\n<li>Jos\u00e9 Francisco Alves \u2013 Curador e professor do Atelier Livre da Prefeitura de Porto Alegre.<\/li>\n<\/ul>\n<\/td>\n<\/tr>\n<tr style=\"height: 273px\">\n<td style=\"width: 233px;height: 273px\"><b>Ant\u00f4nio Caringi \u2013 um olhar intimista<\/b><\/td>\n<td style=\"width: 117px;text-align: center;height: 273px\">\n<p>08 de maio Sexta feira \u2013 17 h<\/p>\n<p><a href=\"https:\/\/youtu.be\/jxghuRrzKS8\"><span style=\"font-size: 10pt\">Acesse aqui o conte\u00fado da sala<\/span><\/a><\/p>\n<\/td>\n<td style=\"width: 399px;height: 273px\">Convidado:\n<p>\u00a0<\/p>\n<ul>\n<li>Amadeu Caringi \u2013 Empres\u00e1rio da ind\u00fastria criativa e fundador da plataforma de startups e projetos de inova\u00e7\u00e3o <i>Plateau<\/i>.<\/li>\n<\/ul>\n<\/td>\n<\/tr>\n<tr style=\"height: 273px\">\n<td style=\"width: 233px;height: 273px\"><b>A produ\u00e7\u00e3o art\u00edstica em per\u00edodo de quarentena \u2013 a casa \u00e9 o atelier, seus fazeres os fazeres da arte<\/b><\/td>\n<td style=\"width: 117px;text-align: center;height: 273px\">\n<p>12 de maio Ter\u00e7a feira \u2013 17 h<\/p>\n<p><a href=\"https:\/\/youtu.be\/OmcOkw5f3qA\"><span style=\"font-size: 10pt\">Acesse aqui o conte\u00fado da sala<\/span><\/a><\/p>\n<\/td>\n<td style=\"width: 399px;height: 273px\">Convidada:\n<p>\u00a0<\/p>\n<ul>\n<li>Eduarda Gon\u00e7alves \u2013 Professora do Centro de Artes da UFPel<\/li>\n<\/ul>\n<\/td>\n<\/tr>\n<tr style=\"height: 273px\">\n<td style=\"width: 233px;height: 273px\"><b>A salvaguarda de acervos de museus universit\u00e1rios atrav\u00e9s da documenta\u00e7\u00e3o museol\u00f3gica<\/b><\/td>\n<td style=\"width: 117px;text-align: center;height: 273px\">\n<p>13 de maio Quarta feira \u2013 17 h<\/p>\n<p><a href=\"https:\/\/youtu.be\/4sPa_52XUMo\"><span style=\"font-size: 10pt\">Acesse aqui o conte\u00fado da sala<\/span><\/a><\/p>\n<\/td>\n<td style=\"width: 399px;height: 273px\">Convidada:\n<p>\u00a0<\/p>\n<ul>\n<li>Noris Leal \u2013 Professora do Instituto de Ci\u00eancias Humanas da UFPel<\/li>\n<\/ul>\n<\/td>\n<\/tr>\n<tr style=\"height: 273px\">\n<td style=\"width: 233px;height: 273px\"><b>Conserva\u00e7\u00e3o de esculturas met\u00e1licas em \u00e1reas externas<\/b><\/td>\n<td style=\"width: 117px;text-align: center;height: 273px\">\n<p>14 de maio Quinta feira \u2013 17 h<\/p>\n<p><a href=\"https:\/\/youtu.be\/coZNK7NhQEU\"><span style=\"font-size: 10pt\">Acesse aqui o conte\u00fado da sala<\/span><\/a><\/p>\n<\/td>\n<td style=\"width: 399px;height: 273px\">Convidada:\n<p>\u00a0<\/p>\n<ul>\n<li>Tatiana Russo dos Reis \u2013 Conservadora-restauradora da Pinacoteca de S\u00e3o Paulo<\/li>\n<\/ul>\n<\/td>\n<\/tr>\n<tr style=\"height: 273px\">\n<td style=\"width: 233px;height: 273px\"><strong>O Restauro Formal: origem e desdobramentos<\/strong><\/td>\n<td style=\"width: 117px;text-align: center;height: 273px\">\n<p>10 de junho \u2013 Quarta feira \u2013 17 h<\/p>\n<p><a href=\"https:\/\/youtu.be\/Ei2dZKrDiOk\"><span style=\"font-size: 10pt\">Acesse aqui o conte\u00fado da sala<\/span><\/a><\/p>\n<\/td>\n<td style=\"width: 399px;height: 273px\">Convidado:\n<p>\u00a0<\/p>\n<ul>\n<li>Edson Motta Junior \u2013 Professor da Universidade Federal do Rio de Janeiro \u2013 UFRJ<\/li>\n<\/ul>\n<\/td>\n<\/tr>\n<tr style=\"height: 273px\">\n<td style=\"width: 233px;height: 273px\"><strong><b>Entre Chorinhos e Chor\u00f5es: a constru\u00e7\u00e3o de um arquivo virtual colaborativo sobre o choro de Pelotas<\/b><\/strong><\/td>\n<td style=\"width: 117px;text-align: center;height: 273px\">\n<p>17 de junho Quarta feira \u2013 17 h<\/p>\n<p><a href=\"https:\/\/youtu.be\/HjhYoEj7JcQ\"><span style=\"font-size: 10pt\">Acesse aqui o conte\u00fado da sala<\/span><\/a><\/p>\n<\/td>\n<td style=\"width: 399px;height: 273px\">Convidado:\n<p>\u00a0<\/p>\n<ul>\n<li>Rafael Henrique Soares Velloso \u2013 Professor do Centro de Artes da UFPel<\/li>\n<\/ul>\n<\/td>\n<\/tr>\n<tr style=\"height: 273px\">\n<td style=\"width: 233px;height: 273px\"><strong><b>Museus em tempos de pandemia: h\u00e1 presente para o nosso passado?<\/b><\/strong><\/td>\n<td style=\"width: 117px;text-align: center;height: 273px\">\n<p>18 de junho Quinta feira \u2013 17 h<\/p>\n<p><a href=\"https:\/\/youtu.be\/zfEY4r7VFVs\"><span style=\"font-size: 10pt\">Acesse aqui o conte\u00fado da sala<\/span><\/a><\/p>\n<\/td>\n<td style=\"width: 399px;height: 273px\">Convidado:\n<p>\u00a0<\/p>\n<ul>\n<li>Diego Lemos Ribeiro \u2013 Professor do Instituto de Ci\u00eancias Humanas da UFPel<\/li>\n<\/ul>\n<\/td>\n<\/tr>\n<tr style=\"height: 273px\">\n<td style=\"width: 233px;height: 273px\"><b>Pr\u00e1ticas de isolamento para doen\u00e7as contagiosas no RS nos s\u00e9culos XIX e XX<\/b><\/td>\n<td style=\"width: 117px;text-align: center;height: 273px\">\n<p>24 de junho Quarta feira \u2013 17 h<\/p>\n<p><a href=\"https:\/\/youtu.be\/pBfimjlO1EA\"><span style=\"font-size: 10pt\">Acesse aqui o conte\u00fado da sala<\/span><\/a><\/p>\n<\/td>\n<td style=\"width: 399px;height: 273px\">Convidada:\n<p>\u00a0<\/p>\n<ul>\n<li>Juliane Serres \u2013 Professora do Instituto de Ci\u00eancias Humanas \u2013 UFPel<\/li>\n<\/ul>\n<\/td>\n<\/tr>\n<tr style=\"height: 273px\">\n<td style=\"width: 233px;height: 273px\"><b>A gest\u00e3o de uma empresa de restauro \u2013 relato de uma experi\u00eancia<\/b><\/td>\n<td style=\"width: 117px;text-align: center;height: 273px\">\n<p>01 de julho \u2013 Quarta feira \u2013 17 h<\/p>\n<p><a href=\"https:\/\/youtu.be\/5hS3bby3Odc\"><span style=\"font-size: 10pt\">Acesse aqui o conte\u00fado da sala<\/span><\/a><\/p>\n<\/td>\n<td style=\"width: 399px;height: 273px\">Convidado:\n<p>\u00a0<\/p>\n<ul>\n<li>Julio Moraes &#8211; Conservador-restaurador de bens culturais, propriet\u00e1rio da empresa Julio Moraes Conserva\u00e7\u00e3o e Restauro Ltda.<\/li>\n<\/ul>\n<\/td>\n<\/tr>\n<tr style=\"height: 273px\">\n<td style=\"width: 233px;height: 273px\"><b>A ci\u00eancia a servi\u00e7o do restauro<\/b><\/td>\n<td style=\"width: 117px;text-align: center;height: 273px\">\n<p>09 de julho Quinta feira \u2013 17 h<\/p>\n<p><a href=\"https:\/\/youtu.be\/jzHTXFYyKNY\"><span style=\"font-size: 10pt\">Acesse aqui o conte\u00fado da sala<\/span><\/a><\/p>\n<\/td>\n<td style=\"width: 399px;height: 273px\">Convidada:\n<p>\u00a0<\/p>\n<ul>\n<li>M\u00e1rcia Rizzo \u2013 Conservadora-restauradora e Professora do Curso de Conserva\u00e7\u00e3o e Restaura\u00e7\u00e3o da UFRJ<\/li>\n<\/ul>\n<\/td>\n<\/tr>\n<tr style=\"height: 341px\">\n<td style=\"width: 233px;height: 341px\">\n<p><b>A escrita de memoriais no Ensino Superior<\/b><\/p>\n<p>Media\u00e7\u00e3o de Francisca Ferreira Michelon &#8211; PREC\/UFPel<\/p>\n<\/td>\n<td style=\"width: 117px;text-align: center;height: 341px\">\n<p>10 de julho Sexta feira \u2013 18 h<\/p>\n<p><a href=\"https:\/\/youtu.be\/jajwiZY92_U\"><span style=\"font-size: 10pt\">Acesse aqui o conte\u00fado da sala<\/span><\/a><\/p>\n<\/td>\n<td style=\"width: 399px;height: 341px\">Convidadas:\n<p>\u00a0<\/p>\n<ul>\n<li>Maria da Concei\u00e7\u00e3o Ferrer Botelho Sgadari Passeggi \u2013 Professora da UFRN<\/li>\n<li>L\u00facia Maria Vaz Peres \u2013 Professora da UFPel<\/li>\n<li>Patr\u00edcia de Borba Pereira \u2013 Coordenadora do Sistema de Bibliotecas da UFPel<\/li>\n<\/ul>\n<\/td>\n<\/tr>\n<tr style=\"height: 283px\">\n<td style=\"width: 233px;height: 283px\"><b>O reentelamento com compostos de cera-resina: o aprendizado de Edson Motta no Fogg Museum e a adapta\u00e7\u0101o \u00e0 realidade Brasileira.<\/b><\/td>\n<td style=\"width: 117px;height: 283px\">\n<p style=\"text-align: center\">15 de julho Quarta feira \u2013 17 h<\/p>\n<p style=\"text-align: center\"><a href=\"https:\/\/youtu.be\/Pyx_qzUXu7g\"><span style=\"font-size: 10pt\">Acesse aqui o conte\u00fado da sala<\/span><\/a><\/p>\n<\/td>\n<td style=\"width: 399px;height: 283px\">Convidada:\n<p>\u00a0<\/p>\n<ul>\n<li>May Christina Cunha de Paiva \u2013 doutoranda em Conserva\u00e7\u00e3o e Restauro de Bens Culturais na Universidade Cat\u00f3lica Portuguesa<\/li>\n<\/ul>\n<\/td>\n<\/tr>\n<tr>\n<td style=\"width: 233px\"><strong>Aspectos hist\u00f3ricos, iconogr\u00e1ficos e metodol\u00f3gicos na restaura\u00e7\u00e3o da Igreja Matriz da Freguesia do \u00d3 (SP)<\/strong><\/td>\n<td style=\"width: 117px\">\n<p style=\"text-align: center\">22 de julho Quarta feira \u2013 17 h<\/p>\n<p style=\"text-align: center\"><a href=\"https:\/\/youtu.be\/zzI9GzqOJi4\"><span style=\"font-size: 10pt\">Acesse aqui o conte\u00fado da sala<\/span><\/a><\/p>\n<\/td>\n<td style=\"width: 399px\">Convidada:\n<p>\u00a0<\/p>\n<ul>\n<li>Silvana Borges da Silva &#8211; Arquiteta e especialista em Conserva\u00e7\u00e3o e Restauro<\/li>\n<\/ul>\n<\/td>\n<\/tr>\n<tr>\n<td style=\"width: 233px\"><strong>Grupo Mem\u00f3ria Gr\u00e1fica: Design, Tradi\u00e7\u00e3o e Sociedade em uma pesquisa sobre design e g\u00eanero nos Almanachs de Pelotas<\/strong><\/td>\n<td style=\"width: 117px\">\n<p style=\"text-align: center\">29 de julho Quarta feira \u2013 17 h<\/p>\n<p style=\"text-align: center\"><a href=\"https:\/\/youtu.be\/i51YUhhDun8\"><span style=\"font-size: 10pt\">Acesse aqui o conte\u00fado da sala<\/span><\/a><\/p>\n<\/td>\n<td style=\"width: 399px\">Convidada:\n<p>\u00a0<\/p>\n<ul>\n<li>Paula Garcia Lima &#8211; Centro de Artes &#8211; UFPel<\/li>\n<\/ul>\n<\/td>\n<\/tr>\n<tr>\n<td style=\"width: 233px\"><strong>Restaura\u00e7\u00e3o de arte contempor\u00e2nea em museus<\/strong><\/td>\n<td style=\"width: 117px\">\n<p style=\"text-align: center\">06 de agosto Quinta feira \u2013 17 h<\/p>\n<p style=\"text-align: center\"><a href=\"https:\/\/youtu.be\/i51YUhhDun8\"><span style=\"font-size: 10pt\">Acesse aqui o conte\u00fado da sala<\/span><\/a><\/p>\n<\/td>\n<td style=\"width: 399px\">Convidada:\n<p>\u00a0<\/p>\n<ul>\n<li>Ariane Lavezzo &#8211; Conservadora e Restauradora do Museu de Arte Contempor\u00e2nea da USP<\/li>\n<\/ul>\n<\/td>\n<\/tr>\n<tr>\n<td style=\"width: 233px\"><strong>Hist\u00f3ria, Mem\u00f3ria e patrim\u00f4nio industrial adquirido pela UFPel<\/strong><\/td>\n<td style=\"width: 117px\">\n<p style=\"text-align: center\">12 de agosto Quarta feira \u2013 17 h<\/p>\n<p style=\"text-align: center\"><a href=\"https:\/\/youtu.be\/HOuUZqDo1QQ\"><span style=\"font-size: 10pt\">Acesse aqui o conte\u00fado da sala<\/span><\/a><\/p>\n<\/td>\n<td style=\"width: 399px\">\n<div class=\"text_exposed_show\">\n<p>Convidada:<\/p>\n<ul>\n<li>Ana Maria Sosa Gonzales &#8211; Professora Visitante no Programa de P\u00f3s-Gradua\u00e7\u00e3o em Hist\u00f3ria &#8211; UFPel<\/li>\n<\/ul>\n<\/div>\n<\/td>\n<\/tr>\n<tr>\n<td style=\"width: 233px\"><strong>Museu das coisas banais e a exposi\u00e7\u00e3o Objetos que aproximam<\/strong><\/td>\n<td style=\"width: 117px\">\n<p style=\"text-align: center\">19 de agosto Quarta feira \u2013 17 h<\/p>\n<p style=\"text-align: center\"><a href=\"https:\/\/youtu.be\/pHg6X35Wypk\"><span style=\"font-size: 10pt\">Acesse aqui o conte\u00fado da sala<\/span><\/a><\/p>\n<\/td>\n<td style=\"width: 399px\">\n<div class=\"text_exposed_show\">\n<p>Convidados:<\/p>\n<ul>\n<li>Juliane Serres<\/li>\n<li>Joana Schneider<\/li>\n<li>Leonardo Monteiro<\/li>\n<li>Nara \u00c1vila<\/li>\n<li>Rafaela Alvetti<\/li>\n<li>Rafael Nascimento<\/li>\n<\/ul>\n<\/div>\n<\/td>\n<\/tr>\n<tr>\n<td style=\"width: 233px\"><strong>Patrim\u00f4nio imaterial em meio digital: a cria\u00e7\u00e3o do Museu Afro-Brasil-Sul<\/strong><\/td>\n<td style=\"width: 117px\">\n<p style=\"text-align: center\">20 de agosto Quinta feira \u2013 17 h<\/p>\n<p style=\"text-align: center\"><a href=\"https:\/\/youtu.be\/TiXO_9jPu9E\"><span style=\"font-size: 10pt\">Acesse aqui o conte\u00fado da sala<\/span><\/a><\/p>\n<\/td>\n<td style=\"width: 399px\">\n<div class=\"text_exposed_show\">\n<p>Convidada:<\/p>\n<ul>\n<li>Rosemar Gomes Lemos &#8211; Centro de Artes &#8211; UFPel<\/li>\n<\/ul>\n<\/div>\n<\/td>\n<\/tr>\n<\/tbody>\n<\/table>\n<p style=\"text-align: justify\">\u00a0<\/p>","protected":false},"excerpt":{"rendered":"<p>Link de acesso \u00e0 sala&nbsp;aqui. Mediadoras: Silvana Bojanoski e Andr\u00e9a Bachettini \u2013 PREC\/UFPel Acesso livre&nbsp;(Dados para certifica\u00e7\u00e3o devem ser informados durante a confer\u00eancia) Conte\u00fado das conversas:&nbsp; Em tempos de pandemia, em um cen\u00e1rio com tantas incertezas, falar de arte e de cultura \u00e9 criar um espa\u00e7o de di\u00e1logo, que pode resultar em reflex\u00f5es instigantes, como &hellip; <\/p>\n<p><a class=\"more-link btn\" href=\"https:\/\/wp.ufpel.edu.br\/prectaolongetaoperto\/sala-6-conversas-sobre-arte-e-cultura-durante-a-pandemia\/\">Continue lendo<\/a><\/p>\n","protected":false},"author":990,"featured_media":408,"parent":0,"menu_order":0,"comment_status":"closed","ping_status":"closed","template":"","meta":{"footnotes":""},"class_list":["post-626","page","type-page","status-publish","has-post-thumbnail","hentry","nodate","item-wrap"],"jetpack_sharing_enabled":true,"jetpack-related-posts":[],"_links":{"self":[{"href":"https:\/\/wp.ufpel.edu.br\/prectaolongetaoperto\/wp-json\/wp\/v2\/pages\/626","targetHints":{"allow":["GET"]}}],"collection":[{"href":"https:\/\/wp.ufpel.edu.br\/prectaolongetaoperto\/wp-json\/wp\/v2\/pages"}],"about":[{"href":"https:\/\/wp.ufpel.edu.br\/prectaolongetaoperto\/wp-json\/wp\/v2\/types\/page"}],"author":[{"embeddable":true,"href":"https:\/\/wp.ufpel.edu.br\/prectaolongetaoperto\/wp-json\/wp\/v2\/users\/990"}],"replies":[{"embeddable":true,"href":"https:\/\/wp.ufpel.edu.br\/prectaolongetaoperto\/wp-json\/wp\/v2\/comments?post=626"}],"version-history":[{"count":62,"href":"https:\/\/wp.ufpel.edu.br\/prectaolongetaoperto\/wp-json\/wp\/v2\/pages\/626\/revisions"}],"predecessor-version":[{"id":1724,"href":"https:\/\/wp.ufpel.edu.br\/prectaolongetaoperto\/wp-json\/wp\/v2\/pages\/626\/revisions\/1724"}],"wp:featuredmedia":[{"embeddable":true,"href":"https:\/\/wp.ufpel.edu.br\/prectaolongetaoperto\/wp-json\/wp\/v2\/media\/408"}],"wp:attachment":[{"href":"https:\/\/wp.ufpel.edu.br\/prectaolongetaoperto\/wp-json\/wp\/v2\/media?parent=626"}],"curies":[{"name":"wp","href":"https:\/\/api.w.org\/{rel}","templated":true}]}}