{"id":623,"date":"2020-04-13T19:22:48","date_gmt":"2020-04-13T22:22:48","guid":{"rendered":"https:\/\/wp.ufpel.edu.br\/prectaolongetaoperto\/?page_id=623"},"modified":"2020-07-16T19:22:11","modified_gmt":"2020-07-16T22:22:11","slug":"sala-5-a-vida-com-gastronomia-no-enfrentamento-ao-covid-19","status":"publish","type":"page","link":"https:\/\/wp.ufpel.edu.br\/prectaolongetaoperto\/sala-5-a-vida-com-gastronomia-no-enfrentamento-ao-covid-19\/","title":{"rendered":"Sala 5 &#8211;\u00a0A vida com gastronomia no enfrentamento ao covid-19"},"content":{"rendered":"<p style=\"text-align: justify\"><b><i>Mediador: <\/i><\/b><i>Prof Valdecir Ferri &#8211; Coordenador do Curso de Gastronomia<\/i><\/p>\n<p><strong>Acesso livre<\/strong> <span style=\"font-size: 10pt\">(Dados para certifica\u00e7\u00e3o devem ser informados durante a confer\u00eancia)<\/span><\/p>\n<p style=\"text-align: justify\">Acesse a sala <a href=\"https:\/\/webconf2.ufpel.edu.br\/b\/fer-pge-9aq\"><strong>aqui<\/strong><\/a>.<\/p>\n<p style=\"text-align: justify\"><b>Conte\u00fado das conversas\u00a0<\/b><\/p>\n<p style=\"text-align: justify\">O isolamento social trouxe uma nova din\u00e2mica de vida, neste novo modelo, o retorno \u00e0 cozinha torna-se imprescind\u00edvel. Contudo, nesse momento de redimensionamento, \u00e9 preciso desconstruir o olhar sobre o que se cozinha e como se cozinha. Convido todos para pensar a alimenta\u00e7\u00e3o a partir de uma perspectiva de sustentabilidade, propondo usos para o uso integral dos alimentos, transformando o lixo, a mesa, o corpo e a mente<\/p>\n<p><strong>AGENDA\u00a0<\/strong><\/p>\n<p>PR\u00d3XIMAS CONFER\u00caNCIAS:<\/p>\n<table border=\"1\">\n<tbody>\n<tr>\n<td style=\"width: 285px\"><\/td>\n<td style=\"width: 111px\"><\/td>\n<td style=\"width: 354px\"><\/td>\n<\/tr>\n<\/tbody>\n<\/table>\n<p>CONFER\u00caNCIAS PASSADAS:<\/p>\n<table style=\"border-collapse: collapse;width: 100%\" border=\"1\">\n<tbody>\n<tr>\n<td style=\"width: 36.9334%\"><strong>Aproveitamento dos alimentos em tempo de escassez<\/strong><\/td>\n<td style=\"width: 16.2665%;text-align: center\">\n<p>09 de abril, 15h<\/p>\n<p><a href=\"https:\/\/webconf.ufpel.edu.br\/playback\/presentation\/2.0\/playback.html?meetingId=df8869c3d9c31f040c8f10f0a5cc7018a3e1fd14-1586451668268\"><span style=\"font-size: 10pt\">Acesse aqui o conte\u00fado da sala<\/span><\/a><\/td>\n<td style=\"width: 46.8%\">Apresentadores:<\/p>\n<ul>\n<li>Profa Jamile Wayne Ferreira &#8211; Gastronomia\/UFPel<\/li>\n<li>Profa Giovana Mendes &#8211; Coordenadora Projeto de Extens\u00e3o Hortas Urbanas<\/li>\n<\/ul>\n<\/td>\n<\/tr>\n<tr>\n<td style=\"width: 36.9334%\"><strong>Vida durante e ap\u00f3s o Covid-19<\/strong><\/td>\n<td style=\"width: 16.2665%;text-align: center\">\n<p>15 de abril, 17h30<\/p>\n<p><a href=\"https:\/\/webconf.ufpel.edu.br\/playback\/presentation\/2.0\/playback.html?meetingId=0e5dbcab27bc1f741f06bdc5cbb38a2124aed509-1586981276863\"><span style=\"font-size: 10pt\">Acesse aqui o conte\u00fado da sala<\/span><\/a><\/td>\n<td style=\"width: 46.8%\">Apresentador:<\/p>\n<ul>\n<li>Dr. Eduardo Soares Devens<\/li>\n<\/ul>\n<\/td>\n<\/tr>\n<tr>\n<td style=\"width: 36.9334%\"><strong>Past\u00e9is de Santa Clara: do\u00e7aria tradicional em tempos modernos<\/strong><\/td>\n<td style=\"width: 16.2665%;text-align: center\">\n<div>30 de abril, 15h<\/div>\n<\/td>\n<td style=\"width: 46.8%\">Apresentadora:<\/p>\n<ul>\n<li>Prof\u00aa Kriss Fernandes &#8211; Gastr\u00f4noma,\u00a0 Empres\u00e1ria, Especialista em gastronomia e cozinha autoral e, Mestranda em Ci\u00eancia e Tecnologia de Alimentos pela UFPel.<\/li>\n<\/ul>\n<\/td>\n<\/tr>\n<tr>\n<td style=\"width: 36.9334%\"><strong>Caf\u00e9s especiais e seus m\u00e9todos de preparo<\/strong><\/td>\n<td style=\"width: 16.2665%\">\n<div style=\"text-align: center\">05 de maio, 10h<\/div>\n<\/td>\n<td style=\"width: 46.8%\">Apresentadora:<\/p>\n<ul>\n<li>\u00c2ngela Galvan de Lima &#8211; Professora do Curso de gastronomia da UFPel.<\/li>\n<\/ul>\n<\/td>\n<\/tr>\n<tr>\n<td style=\"width: 36.9334%\"><strong>Empreendedorismo Feminino \u2013 Como come\u00e7ar um neg\u00f3cio pr\u00f3prio?<\/strong><\/td>\n<td style=\"width: 16.2665%\">\n<div style=\"text-align: center\">07 de maio, 15h<\/div>\n<\/td>\n<td style=\"width: 46.8%\">Apresentadora:<\/p>\n<ul>\n<li>Renata Louzada &#8211; Graduada em letras e em Propaganda e Publicidade.<\/li>\n<\/ul>\n<\/td>\n<\/tr>\n<\/tbody>\n<\/table>\n<p><\/p>\n","protected":false},"excerpt":{"rendered":"<p>Mediador: Prof Valdecir Ferri &#8211; Coordenador do Curso de Gastronomia Acesso livre (Dados para certifica\u00e7\u00e3o devem ser informados durante a confer\u00eancia) Acesse a sala aqui. Conte\u00fado das conversas\u00a0 O isolamento social trouxe uma nova din\u00e2mica de vida, neste novo modelo, o retorno \u00e0 cozinha torna-se imprescind\u00edvel. Contudo, nesse momento de redimensionamento, \u00e9 preciso desconstruir o &hellip; <\/p>\n<p><a class=\"more-link btn\" href=\"https:\/\/wp.ufpel.edu.br\/prectaolongetaoperto\/sala-5-a-vida-com-gastronomia-no-enfrentamento-ao-covid-19\/\">Continue lendo<\/a><\/p>\n","protected":false},"author":990,"featured_media":408,"parent":0,"menu_order":0,"comment_status":"closed","ping_status":"closed","template":"","meta":{"footnotes":""},"class_list":["post-623","page","type-page","status-publish","has-post-thumbnail","hentry","nodate","item-wrap"],"jetpack_sharing_enabled":true,"jetpack-related-posts":[],"_links":{"self":[{"href":"https:\/\/wp.ufpel.edu.br\/prectaolongetaoperto\/wp-json\/wp\/v2\/pages\/623","targetHints":{"allow":["GET"]}}],"collection":[{"href":"https:\/\/wp.ufpel.edu.br\/prectaolongetaoperto\/wp-json\/wp\/v2\/pages"}],"about":[{"href":"https:\/\/wp.ufpel.edu.br\/prectaolongetaoperto\/wp-json\/wp\/v2\/types\/page"}],"author":[{"embeddable":true,"href":"https:\/\/wp.ufpel.edu.br\/prectaolongetaoperto\/wp-json\/wp\/v2\/users\/990"}],"replies":[{"embeddable":true,"href":"https:\/\/wp.ufpel.edu.br\/prectaolongetaoperto\/wp-json\/wp\/v2\/comments?post=623"}],"version-history":[{"count":22,"href":"https:\/\/wp.ufpel.edu.br\/prectaolongetaoperto\/wp-json\/wp\/v2\/pages\/623\/revisions"}],"predecessor-version":[{"id":1454,"href":"https:\/\/wp.ufpel.edu.br\/prectaolongetaoperto\/wp-json\/wp\/v2\/pages\/623\/revisions\/1454"}],"wp:featuredmedia":[{"embeddable":true,"href":"https:\/\/wp.ufpel.edu.br\/prectaolongetaoperto\/wp-json\/wp\/v2\/media\/408"}],"wp:attachment":[{"href":"https:\/\/wp.ufpel.edu.br\/prectaolongetaoperto\/wp-json\/wp\/v2\/media?parent=623"}],"curies":[{"name":"wp","href":"https:\/\/api.w.org\/{rel}","templated":true}]}}