{"id":620,"date":"2020-04-13T19:20:59","date_gmt":"2020-04-13T22:20:59","guid":{"rendered":"https:\/\/wp.ufpel.edu.br\/prectaolongetaoperto\/?page_id=620"},"modified":"2020-09-14T11:02:48","modified_gmt":"2020-09-14T14:02:48","slug":"sala-4-profissionais-da-frente-de-combate-a-covid-19-entre-acoes-e-reflexoes","status":"publish","type":"page","link":"https:\/\/wp.ufpel.edu.br\/prectaolongetaoperto\/sala-4-profissionais-da-frente-de-combate-a-covid-19-entre-acoes-e-reflexoes\/","title":{"rendered":"Sala 4 &#8211; Profissionais da frente de combate \u00e0 Covid-19: entre a\u00e7\u00f5es e reflex\u00f5es"},"content":{"rendered":"\n<p class=\"has-text-align-center has-medium-font-size\">Link de acesso \u00e0 sala <a href=\"https:\/\/webconf.ufpel.edu.br\/b\/nor-r3d-huq\"><strong>aqui<\/strong><\/a>.<\/p>\n\n\n\n<div class=\"wp-block-columns is-layout-flex wp-container-core-columns-is-layout-9d6595d7 wp-block-columns-is-layout-flex\">\n<div class=\"wp-block-column is-layout-flow wp-block-column-is-layout-flow\">\n<p><strong><em>Mediadora: <\/em><\/strong><em>Prof<\/em><em>\u00aa<\/em><em>. Norlai Alves de Azevedo &#8211; Faculdade de Enfermagem e Obstetr\u00edcia\/ UFPel<\/em><\/p>\n<\/div>\n\n\n\n<div class=\"wp-block-column is-layout-flow wp-block-column-is-layout-flow\">\n<p style=\"font-size:12px\"><strong><strong>Acesso livre<\/strong><\/strong>&nbsp;(Dados para certifica\u00e7\u00e3o devem ser informados durante a confer\u00eancia)<\/p>\n<\/div>\n<\/div>\n\n\n\n<p><strong><em>Conte\u00fado das conversas&nbsp;<\/em><\/strong><\/p>\n\n\n\n<p class=\"has-text-align-justify\">Profissionais de sa\u00fade e professores envolvidos nas a\u00e7\u00f5es da linha de frente de combate ao corona v\u00edrus comentar\u00e3o suas viv\u00eancias neste trabalho que est\u00e1 sendo a base para conter a epidemia no local onde estamos.<\/p>\n\n\n\n<p>Falar\u00e3o dos fatos e dos sentimentos vividos, seja o medo, a inseguran\u00e7a ou a solidariedade.<\/p>\n\n\n\n<p>Participe e saiba como est\u00e1 sendo viver este momento na linha de frente do combate.<\/p>\n\n\n\n<h3 class=\"has-text-align-center wp-block-heading\"><strong>AGENDA:<\/strong><\/h3>\n\n\n\n<h4 class=\"has-black-color has-text-color wp-block-heading\">PR\u00d3XIMOS EVENTOS:<\/h4>\n\n\n\n<figure class=\"wp-block-image size-large\"><img data-recalc-dims=\"1\" loading=\"lazy\" decoding=\"async\" width=\"750\" height=\"394\" data-attachment-id=\"1752\" data-permalink=\"https:\/\/wp.ufpel.edu.br\/prectaolongetaoperto\/sala-4-profissionais-da-frente-de-combate-a-covid-19-entre-acoes-e-reflexoes\/whatsapp-image-2020-09-10-at-16-16-17\/\" data-orig-file=\"https:\/\/i0.wp.com\/wp.ufpel.edu.br\/prectaolongetaoperto\/files\/2020\/09\/WhatsApp-Image-2020-09-10-at-16.16.17.jpeg?fit=1000%2C525&amp;ssl=1\" data-orig-size=\"1000,525\" data-comments-opened=\"0\" data-image-meta=\"{&quot;aperture&quot;:&quot;0&quot;,&quot;credit&quot;:&quot;&quot;,&quot;camera&quot;:&quot;&quot;,&quot;caption&quot;:&quot;&quot;,&quot;created_timestamp&quot;:&quot;0&quot;,&quot;copyright&quot;:&quot;&quot;,&quot;focal_length&quot;:&quot;0&quot;,&quot;iso&quot;:&quot;0&quot;,&quot;shutter_speed&quot;:&quot;0&quot;,&quot;title&quot;:&quot;&quot;,&quot;orientation&quot;:&quot;0&quot;}\" data-image-title=\"WhatsApp-Image-2020-09-10-at-16.16.17\" data-image-description=\"\" data-image-caption=\"\" data-medium-file=\"https:\/\/i0.wp.com\/wp.ufpel.edu.br\/prectaolongetaoperto\/files\/2020\/09\/WhatsApp-Image-2020-09-10-at-16.16.17.jpeg?fit=400%2C210&amp;ssl=1\" data-large-file=\"https:\/\/i0.wp.com\/wp.ufpel.edu.br\/prectaolongetaoperto\/files\/2020\/09\/WhatsApp-Image-2020-09-10-at-16.16.17.jpeg?fit=750%2C394&amp;ssl=1\" src=\"https:\/\/i0.wp.com\/wp.ufpel.edu.br\/prectaolongetaoperto\/files\/2020\/09\/WhatsApp-Image-2020-09-10-at-16.16.17.jpeg?resize=750%2C394&#038;ssl=1\" alt=\"\" class=\"wp-image-1752\" srcset=\"https:\/\/i0.wp.com\/wp.ufpel.edu.br\/prectaolongetaoperto\/files\/2020\/09\/WhatsApp-Image-2020-09-10-at-16.16.17.jpeg?w=1000&amp;ssl=1 1000w, https:\/\/i0.wp.com\/wp.ufpel.edu.br\/prectaolongetaoperto\/files\/2020\/09\/WhatsApp-Image-2020-09-10-at-16.16.17.jpeg?resize=400%2C210&amp;ssl=1 400w, https:\/\/i0.wp.com\/wp.ufpel.edu.br\/prectaolongetaoperto\/files\/2020\/09\/WhatsApp-Image-2020-09-10-at-16.16.17.jpeg?resize=768%2C403&amp;ssl=1 768w, https:\/\/i0.wp.com\/wp.ufpel.edu.br\/prectaolongetaoperto\/files\/2020\/09\/WhatsApp-Image-2020-09-10-at-16.16.17.jpeg?resize=750%2C394&amp;ssl=1 750w\" sizes=\"auto, (max-width: 750px) 100vw, 750px\" \/><\/figure>\n\n\n\n<hr class=\"wp-block-separator\" \/>\n\n\n<p><strong>CONFER\u00caNCIAS PASSADAS:<\/strong><\/p>\n<table style=\"border-collapse: collapse;width: 100%\" border=\"1\">\n<tbody>\n<tr style=\"height: 139px\">\n<td style=\"width: 42.1334%;height: 139px\"><b>Na linha de frente do combate ao corona v\u00edrus desafios, percep\u00e7\u00f5es e sentimentos dos profissionais envolvidos<\/b><\/td>\n<td style=\"width: 17.8665%;text-align: center;height: 139px\">\n<p>02 de abril, 10h<\/p>\n<p><span style=\"font-size: 10pt\">Conte\u00fado gravado n\u00e3o dispon\u00edvel<\/span><\/p>\n<\/td>\n<td style=\"width: 40%;height: 139px\">Apresentadores:<p><\/p>\n<ul>\n<li>Enfermeira Evelyn Castro Robalo<\/li>\n<li>Enfermeiro Gabriel Vitolla<\/li>\n<li>Psic\u00f3loga M\u00e1rcia Le\u00e3o de Lima<\/li>\n<\/ul>\n<\/td>\n<\/tr>\n<tr style=\"height: 132px\">\n<td style=\"width: 42.1334%;height: 132px\"><strong>Rec\u00e9m- nascido e crian\u00e7as em tempo de pandemia Covid-19: onde estamos e para onde vamos?<\/strong><\/td>\n<td style=\"width: 17.8665%;text-align: center;height: 132px\">\n<p>09 de abril, 10h<\/p>\n<p><span style=\"font-size: 10pt\">Conte\u00fado gravado n\u00e3o dispon\u00edvel<\/span><\/p>\n<\/td>\n<td style=\"width: 40%;height: 132px\">Apresentadoras:<p><\/p>\n<ul>\n<li>Prof\u00aa. Ana Claudia Vieira<\/li>\n<li>Prof\u00aa. Cec\u00edlia a Fernandes Lorea<\/li>\n<\/ul>\n<\/td>\n<\/tr>\n<tr style=\"height: 139px\">\n<td style=\"width: 42.1334%;height: 139px\"><strong>Uso de EPIs nos diferentes cen\u00e1rios: orienta\u00e7\u00f5es e contradi\u00e7\u00f5es<\/strong><\/td>\n<td style=\"width: 17.8665%;text-align: center;height: 139px\">\n<p>16 de abril, 15h<\/p>\n<p><span style=\"font-size: 10pt\">Conte\u00fado gravado n\u00e3o dispon\u00edvel<\/span><\/p>\n<\/td>\n<td style=\"width: 40%;height: 139px\">Apresentadoras:<p><\/p>\n<ul>\n<li>Dr\u00aa Enf\u00aa Ana Am\u00e1lia Torres<\/li>\n<li>Ma. Enf\u00aa Tatiane Soares<\/li>\n<li>Psic\u00f3loga M\u00e1rcia Lima Dia<\/li>\n<\/ul>\n<\/td>\n<\/tr>\n<tr>\n<td style=\"width: 42.1334%\"><strong>Crian\u00e7as com doen\u00e7as cr\u00f4nicas e condi\u00e7\u00f5es de sa\u00fade especiais na pandemia do Covid-19<\/strong><\/td>\n<td style=\"width: 17.8665%;text-align: center\">\n<p>23 de abril, 10h<\/p>\n<p><span style=\"font-size: 10pt\">Conte\u00fado gravado n\u00e3o dispon\u00edvel<\/span><\/p>\n<\/td>\n<td style=\"width: 40%\">Apresentadoras:<p><\/p>\n<ul>\n<li>Dra. Ivone Cabral &#8211; UFRJ<\/li>\n<li>Dra. Ana Claudia Vieira &#8211; UFPel<\/li>\n<\/ul>\n<\/td>\n<\/tr>\n<tr>\n<td style=\"width: 42.1334%\"><strong>Controle de infec\u00e7\u00e3o hospitalar: A\u00e7\u00f5es de preven\u00e7\u00e3o e promo\u00e7\u00e3o diante da pandemia do Covid-19<br><\/strong><\/td>\n<td style=\"width: 17.8665%;text-align: center\">\n<p>30 de abril, 10h<\/p>\n<p><span style=\"font-size: 10pt\">Conte\u00fado gravado n\u00e3o dispon\u00edvel<\/span><\/p>\n<\/td>\n<td style=\"width: 40%\">Apresentadoras:<p><\/p>\n<ul>\n<li>Enf\u00aa. Ana L\u00facia Martins Costa &#8211;&nbsp; Pronto Socorro de Pelotas<\/li>\n<li>Enf\u00aa. Daniela Nunes Schaun &#8211;&nbsp; Hospital Escola UFPEL\/EBSERH<\/li>\n<li>Enf\u00aa. Luanda Silva Oleiro&nbsp; &#8211; UPA Areal<\/li>\n<\/ul>\n<\/td>\n<\/tr>\n<tr>\n<td style=\"width: 42.1334%\"><strong>Escuta na quarentena e Canal conta comigo: a\u00e7\u00f5es desenvolvidas em tempo de pandemia pelo grupo de pesquisa em enfermagem em sa\u00fade mental e sa\u00fade coletiva<\/strong><\/td>\n<td style=\"width: 17.8665%\">\n<p style=\"text-align: center\">14 de maio, 10h<\/p>\n<p style=\"text-align: center\"><span style=\"font-size: 10pt\">Conte\u00fado gravado n\u00e3o dispon\u00edvel<\/span><\/p>\n<\/td>\n<td style=\"width: 40%\">Apresentadoras:<p><\/p>\n<ul>\n<li>Luana Ribeiro Borges &#8211; Prof. da UNIPAMPA campus Uruguaiana<\/li>\n<li>Enf. Roberta Antunes Machado &#8211;&nbsp; IFSUL Rio Grande<\/li>\n<li>Enf. Thylia Teixeira Souza&nbsp; &#8211; P\u00f3s-gradua\u00e7\u00e3o FEN\/UFPEL<\/li>\n<\/ul>\n<\/td>\n<\/tr>\n<tr>\n<td style=\"width: 42.1334%\"><strong>Preven\u00e7\u00e3o de les\u00f5es na pele relacionadas ao uso de prote\u00e7\u00e3o individual em tempo de pandemia por Covid 19<\/strong><\/td>\n<td style=\"width: 17.8665%;text-align: center\">\n<p>21 de maio, 10h<\/p>\n<p><span style=\"font-size: 10pt\">Conte\u00fado gravado n\u00e3o dispon\u00edvel<\/span><\/p>\n<\/td>\n<td style=\"width: 40%\">Apresentadoras:<p><\/p>\n<ul>\n<li>Maria Ang\u00e9lica Padilha &#8211; Coordenadora do grupo de pele do HE\/UFPEL\/ EBSERH<\/li>\n<li>D\u00f3ris Baratz de Menegon &#8211; Coordenadora do grupo de pele do Hospital de Cl\u00ednicas de Porto Alegre<\/li>\n<\/ul>\n<\/td>\n<\/tr>\n<tr>\n<td style=\"width: 42.1334%\"><strong>A espiritualidade em tempos de pandemia por covid-19<\/strong><\/td>\n<td style=\"width: 17.8665%\">\n<p style=\"text-align: center\">04 de junho, 10h<\/p>\n<p style=\"text-align: center\"><span style=\"font-size: 10pt\">Conte\u00fado gravado n\u00e3o dispon\u00edvel<\/span><\/p>\n<\/td>\n<td style=\"width: 40%\">Palestrantes:<p><\/p>\n<ul>\n<li>Renata Cunha da silva<\/li>\n<li>Sueine Valad\u00e3o da Rosa<\/li>\n<\/ul>\n<p>Enfermeiras da FEN\/UFPEL<\/p>\n<\/td>\n<\/tr>\n<tr>\n<td style=\"width: 42.1334%\"><strong>Sa\u00fade mental dos profissionais de Enfermagem em tempos de pandemia e viv\u00eancias no Front de combate ao v\u00edrus<\/strong><\/td>\n<td style=\"width: 17.8665%\">\n<p style=\"text-align: center\">Ter\u00e7a-feira, 14 de julho<\/p>\n<p style=\"text-align: center\">17h<\/p>\n<p style=\"text-align: center\"><span style=\"font-size: 10pt\">Conte\u00fado gravado n\u00e3o dispon\u00edvel<\/span><\/p>\n<\/td>\n<td style=\"width: 40%\">\n<p dir=\"ltr\">Convidadas:<\/p>\n<ul>\n<li>Prof\u00aa Luciane Prado Kantorski &#8211; Faculdade de Enfermagem UFPel<\/li>\n<li>Lu\u00edsa Helena Maurell Bammann &#8211; Acad\u00eamica\n<div class=\"chevronOverlay\">Enfermagem UFPel \/ Estagi\u00e1ria UBS Dunas<\/div>\n<\/li>\n<\/ul>\n<\/td>\n<\/tr>\n<tr>\n<td style=\"width: 42.1334%\"><strong>Ontem hoje amanh\u00e3: Profissionais da linha de frente do combate ao Covid &#8211; 19 &#8211; A\u00e7\u00f5es e Reflex\u00f5es<\/strong><\/td>\n<td style=\"width: 17.8665%\">\n<p style=\"text-align: center\">Sexta-feira, 31 de julho<\/p>\n<p style=\"text-align: center\">17h<\/p>\n<p style=\"text-align: center\"><span style=\"font-size: 10pt\">Conte\u00fado gravado n\u00e3o dispon\u00edvel<\/span><\/p>\n<\/td>\n<td style=\"width: 40%\">\n<p dir=\"ltr\">Convidados:<\/p>\n<ul>\n<li>Dra. Cleuza Marfiza Jaccottet \u2013 Cirurgi\u00e3-Dentista do Hospital Escola UFPel\/ EBSERH<\/li>\n<li>Prof. Rafael Oliv\u00e9 Leite \u2013 M\u00e9dico Intensivista &#8211; Departamento de Cl\u00ednica M\u00e9dica\/ UFPel<\/li>\n<\/ul>\n<\/td>\n<\/tr>\n<tr>\n<td style=\"width: 42.1334%\"><strong>Primeiros Socorros em Queimaduras: A\u00e7\u00f5es em tempos de pandemia<\/strong><\/td>\n<td style=\"width: 17.8665%\">\n<p style=\"text-align: center\">Quarta-feira, 19 de agosto<\/p>\n<p style=\"text-align: center\">18h<\/p>\n<p style=\"text-align: center\"><span style=\"font-size: 10pt\">Conte\u00fado gravado n\u00e3o dispon\u00edvel<\/span><\/p>\n<\/td>\n<td style=\"width: 40%\">\n<p dir=\"ltr\">Convidados:<\/p>\n<ul>\n<li>Maur\u00edlio da Luz Rodrigues Fernandes<\/li>\n<li>Olivia Natalia da Silva Velloso<\/li>\n<\/ul>\n<\/td>\n<\/tr>\n<\/tbody>\n<\/table>\n<p><\/p>","protected":false},"excerpt":{"rendered":"<p>Link de acesso \u00e0 sala aqui. Mediadora: Prof\u00aa. Norlai Alves de Azevedo &#8211; Faculdade de Enfermagem e Obstetr\u00edcia\/ UFPel Acesso livre&nbsp;(Dados para certifica\u00e7\u00e3o devem ser informados durante a confer\u00eancia) Conte\u00fado das conversas&nbsp; Profissionais de sa\u00fade e professores envolvidos nas a\u00e7\u00f5es da linha de frente de combate ao corona v\u00edrus comentar\u00e3o suas viv\u00eancias neste trabalho que &hellip; <\/p>\n<p><a class=\"more-link btn\" href=\"https:\/\/wp.ufpel.edu.br\/prectaolongetaoperto\/sala-4-profissionais-da-frente-de-combate-a-covid-19-entre-acoes-e-reflexoes\/\">Continue lendo<\/a><\/p>\n","protected":false},"author":990,"featured_media":408,"parent":0,"menu_order":0,"comment_status":"closed","ping_status":"closed","template":"","meta":{"footnotes":""},"class_list":["post-620","page","type-page","status-publish","has-post-thumbnail","hentry","nodate","item-wrap"],"jetpack_sharing_enabled":true,"jetpack-related-posts":[],"_links":{"self":[{"href":"https:\/\/wp.ufpel.edu.br\/prectaolongetaoperto\/wp-json\/wp\/v2\/pages\/620","targetHints":{"allow":["GET"]}}],"collection":[{"href":"https:\/\/wp.ufpel.edu.br\/prectaolongetaoperto\/wp-json\/wp\/v2\/pages"}],"about":[{"href":"https:\/\/wp.ufpel.edu.br\/prectaolongetaoperto\/wp-json\/wp\/v2\/types\/page"}],"author":[{"embeddable":true,"href":"https:\/\/wp.ufpel.edu.br\/prectaolongetaoperto\/wp-json\/wp\/v2\/users\/990"}],"replies":[{"embeddable":true,"href":"https:\/\/wp.ufpel.edu.br\/prectaolongetaoperto\/wp-json\/wp\/v2\/comments?post=620"}],"version-history":[{"count":34,"href":"https:\/\/wp.ufpel.edu.br\/prectaolongetaoperto\/wp-json\/wp\/v2\/pages\/620\/revisions"}],"predecessor-version":[{"id":1753,"href":"https:\/\/wp.ufpel.edu.br\/prectaolongetaoperto\/wp-json\/wp\/v2\/pages\/620\/revisions\/1753"}],"wp:featuredmedia":[{"embeddable":true,"href":"https:\/\/wp.ufpel.edu.br\/prectaolongetaoperto\/wp-json\/wp\/v2\/media\/408"}],"wp:attachment":[{"href":"https:\/\/wp.ufpel.edu.br\/prectaolongetaoperto\/wp-json\/wp\/v2\/media?parent=620"}],"curies":[{"name":"wp","href":"https:\/\/api.w.org\/{rel}","templated":true}]}}