{"id":617,"date":"2020-04-13T19:18:52","date_gmt":"2020-04-13T22:18:52","guid":{"rendered":"https:\/\/wp.ufpel.edu.br\/prectaolongetaoperto\/?page_id=617"},"modified":"2020-05-22T20:03:21","modified_gmt":"2020-05-22T23:03:21","slug":"sala-3-aprenda-a-enfrentar-a-crise-do-coronavirus","status":"publish","type":"page","link":"https:\/\/wp.ufpel.edu.br\/prectaolongetaoperto\/sala-3-aprenda-a-enfrentar-a-crise-do-coronavirus\/","title":{"rendered":"Sala 3 &#8211; Aprenda a enfrentar a crise do Coronav\u00edrus"},"content":{"rendered":"<p style=\"text-align: justify\"><b><i>Mediador: <\/i><\/b><i>Prof. Felipe Fehlberg Herrmann \u2013 Faculdade de Nutri\u00e7\u00e3o<\/i><\/p>\n<p><strong>Acesso livre<\/strong> <span style=\"font-size: 10pt\">(Dados para certifica\u00e7\u00e3o devem ser informados durante a confer\u00eancia)<\/span><\/p>\n<p style=\"text-align: justify\">Acesse a sala <a href=\"https:\/\/webconf2.ufpel.edu.br\/b\/fel-h63-9ve\"><strong>aqui<\/strong><\/a>.<\/p>\n<p style=\"text-align: justify\"><b>Conte\u00fado das conversas\u00a0<\/b><\/p>\n<p style=\"text-align: justify\">A economia mundial foi surpreendida de maneira abrupta com a r\u00e1pida dissemina\u00e7\u00e3o do <i>Coronav\u00edrus<\/i> e a economia brasileira tamb\u00e9m est\u00e1 inserida nesse cen\u00e1rio. Nesse ambiente de incertezas os gestores s\u00e3o desafiados a constru\u00edrem e a pensarem em estrat\u00e9gia que consigam, no m\u00ednimo, suavizar o impacto da crise na sa\u00fade financeira dos neg\u00f3cios.<\/p>\n<p style=\"text-align: justify\">Como uma forma de enfrentamento a crise originada pelo <i>Coronav\u00edrus<\/i> as empresas e organiza\u00e7\u00f5es est\u00e3o reformulando suas estrat\u00e9gias e planos de neg\u00f3cio em outras situa\u00e7\u00f5es come\u00e7ando do zero seu planejamento, tudo objetivando buscar alternativas para estancar\u00a0 o surto financeiro no neg\u00f3cio.<\/p>\n<p style=\"text-align: justify\">A economia brasileira j\u00e1 precifica o impacto do Coronav\u00edrus sobre a economia, no entanto muita incerteza existe sobre o impacto a longo prazo. O dimensionamento e compartilhamento da crise surge como uma alternativa para projetar cen\u00e1rios futuros.<\/p>\n<p style=\"text-align: justify\">Portanto, esse ambiente visa compartilhar as estrat\u00e9gias de enfrentamento a crise dimensionando seus impactos, desafios e pontos fortes e fracos em diferente situa\u00e7\u00f5es. O p\u00fablico alvo das web confer\u00eancias ser\u00e3o prefeitos e secret\u00e1rios municipais, e interessados dos munic\u00edpios da Zona Sul do Rio Grande do Sul. A Associa\u00e7\u00e3o dos Munic\u00edpios da Zona Sul \u00e9 parceira na promo\u00e7\u00e3o.<\/p>\n<p style=\"text-align: justify\"><strong>AGENDA<\/strong><\/p>\n<table style=\"border-collapse: collapse;width: 100%\" border=\"1\">\n<tbody>\n<tr>\n<td style=\"width: 38.6667%\"><b>Estrat\u00e9gias empresariais emergenciais de enfrentamento ao Coronav\u00edrus para pequenas e m\u00e9dias empresas<\/b><\/td>\n<td style=\"width: 16.7999%;text-align: center\">Sexta feira, 03 de abril, 15h<\/td>\n<td style=\"width: 44.5333%\">Apresentadores:<\/p>\n<ul>\n<li>Profa Ana Centeno e Prof. Maurel Oliveira &#8211; UFPel<\/li>\n<\/ul>\n<\/td>\n<\/tr>\n<tr>\n<td style=\"width: 38.6667%\"><b>Aprendendo a enfrentar o Coronav\u00edrus<\/b><\/td>\n<td style=\"width: 16.7999%;text-align: center\">Quarta feira, 08 de abril, 15h<\/td>\n<td style=\"width: 44.5333%\">Apresentador:<\/p>\n<ul>\n<li>Prof. Laercio Friedrich \u2013 UNISC<\/li>\n<\/ul>\n<\/td>\n<\/tr>\n<tr>\n<td style=\"width: 38.6667%\"><strong>Estrat\u00e9gias e pol\u00edticas p\u00fablicas de enfrentamento ao COVID-19<\/strong><\/td>\n<td style=\"width: 16.7999%;text-align: center\">\n<p>Quarta feira, 15 de abril, 10h<\/p>\n<p><a href=\"https:\/\/webconf.ufpel.edu.br\/playback\/presentation\/2.0\/playback.html?meetingId=338cc1533cbab380f34294c9e638f8172b51d2ce-1586952802418\"><span style=\"font-size: 12pt\"><span style=\"font-size: 10pt\">Acesse aqui o conte\u00fado da sala<\/span><\/span><\/a><\/td>\n<td style=\"width: 44.5333%\">Apresentador:<\/p>\n<ul>\n<li>Prof. Felipe Garcia Ribeiro<\/li>\n<\/ul>\n<\/td>\n<\/tr>\n<tr>\n<td style=\"width: 38.6667%\"><strong>Possibilidades e desafios para o Poder Judici\u00e1rio em tempos de Covid-19<\/strong><\/td>\n<td style=\"width: 16.7999%;text-align: center\">Quarta feira, 29 de abril, 15h<\/td>\n<td style=\"width: 44.5333%\">\n<div>Apresentador:<\/div>\n<ul>\n<li>Marcelo Malizia Cabral, Juiz de Direito &#8211; Diretor do Foro de Pelotas<\/li>\n<\/ul>\n<div><\/div>\n<\/td>\n<\/tr>\n<tr>\n<td style=\"width: 38.6667%\"><strong>O papel da ci\u00eancia no enfrentamento da covid-19<\/strong><\/td>\n<td style=\"width: 16.7999%;text-align: center\">\n<div>Segunda feira, 04 de maio,<\/div>\n<div>15h<\/div>\n<\/td>\n<td style=\"width: 44.5333%\">\n<div>Apresentador:<\/div>\n<ul>\n<li>Prof Odir Dellagostin &#8211; Diretor-presidente da FAPERGS <span style=\"font-size: 10pt\">(Funda\u00e7\u00e3o de Amparo \u00e0 Pesquisa do Rio Grande do Sul)<\/span><\/li>\n<\/ul>\n<\/td>\n<\/tr>\n<tr>\n<td style=\"width: 38.6667%\"><strong>As contribui\u00e7\u00f5es das pesquisas da Embrapa para o desenvolvimento da Zona Sul<\/strong><\/td>\n<td style=\"width: 16.7999%;text-align: center\">Quinta feira, 14 de maio, 10h<\/td>\n<td style=\"width: 44.5333%\">Apresentadores:<\/p>\n<ul>\n<li>Roberto Pedroso \u2013 Chefe geral da Embrapa Clima Temperado<\/li>\n<li>Alberi Noronha \u2013 analista de Transfer\u00eancia de Tecnologia<\/li>\n<li>Ariano Magalh\u00e3es Jr \u2013 pesquisador<\/li>\n<li>Maira Zanela \u2013 pesquisadora<\/li>\n<\/ul>\n<\/td>\n<\/tr>\n<tr>\n<td style=\"width: 38.6667%\"><strong>As Universidades no enfrentamento ao covid-19: a\u00e7\u00f5es e desafios<\/strong><\/td>\n<td style=\"width: 16.7999%;text-align: center\">Sexta feira, 15 de maio, 15h<\/td>\n<td style=\"width: 44.5333%\">Apresentador:<\/p>\n<ul>\n<li>Prof Dr Pedro Hallal &#8211; Reitor da Universidade Federal de Pelotas<\/li>\n<\/ul>\n<\/td>\n<\/tr>\n<\/tbody>\n<\/table>\n<p>&nbsp;<\/p>\n","protected":false},"excerpt":{"rendered":"<p>Mediador: Prof. Felipe Fehlberg Herrmann \u2013 Faculdade de Nutri\u00e7\u00e3o Acesso livre (Dados para certifica\u00e7\u00e3o devem ser informados durante a confer\u00eancia) Acesse a sala aqui. Conte\u00fado das conversas\u00a0 A economia mundial foi surpreendida de maneira abrupta com a r\u00e1pida dissemina\u00e7\u00e3o do Coronav\u00edrus e a economia brasileira tamb\u00e9m est\u00e1 inserida nesse cen\u00e1rio. Nesse ambiente de incertezas os &hellip; <\/p>\n<p><a class=\"more-link btn\" href=\"https:\/\/wp.ufpel.edu.br\/prectaolongetaoperto\/sala-3-aprenda-a-enfrentar-a-crise-do-coronavirus\/\">Continue lendo<\/a><\/p>\n","protected":false},"author":990,"featured_media":408,"parent":0,"menu_order":0,"comment_status":"closed","ping_status":"closed","template":"","meta":{"footnotes":""},"class_list":["post-617","page","type-page","status-publish","has-post-thumbnail","hentry","nodate","item-wrap"],"jetpack_sharing_enabled":true,"jetpack-related-posts":[],"_links":{"self":[{"href":"https:\/\/wp.ufpel.edu.br\/prectaolongetaoperto\/wp-json\/wp\/v2\/pages\/617","targetHints":{"allow":["GET"]}}],"collection":[{"href":"https:\/\/wp.ufpel.edu.br\/prectaolongetaoperto\/wp-json\/wp\/v2\/pages"}],"about":[{"href":"https:\/\/wp.ufpel.edu.br\/prectaolongetaoperto\/wp-json\/wp\/v2\/types\/page"}],"author":[{"embeddable":true,"href":"https:\/\/wp.ufpel.edu.br\/prectaolongetaoperto\/wp-json\/wp\/v2\/users\/990"}],"replies":[{"embeddable":true,"href":"https:\/\/wp.ufpel.edu.br\/prectaolongetaoperto\/wp-json\/wp\/v2\/comments?post=617"}],"version-history":[{"count":22,"href":"https:\/\/wp.ufpel.edu.br\/prectaolongetaoperto\/wp-json\/wp\/v2\/pages\/617\/revisions"}],"predecessor-version":[{"id":1123,"href":"https:\/\/wp.ufpel.edu.br\/prectaolongetaoperto\/wp-json\/wp\/v2\/pages\/617\/revisions\/1123"}],"wp:featuredmedia":[{"embeddable":true,"href":"https:\/\/wp.ufpel.edu.br\/prectaolongetaoperto\/wp-json\/wp\/v2\/media\/408"}],"wp:attachment":[{"href":"https:\/\/wp.ufpel.edu.br\/prectaolongetaoperto\/wp-json\/wp\/v2\/media?parent=617"}],"curies":[{"name":"wp","href":"https:\/\/api.w.org\/{rel}","templated":true}]}}