{"id":609,"date":"2020-04-13T19:12:46","date_gmt":"2020-04-13T22:12:46","guid":{"rendered":"https:\/\/wp.ufpel.edu.br\/prectaolongetaoperto\/?page_id=609"},"modified":"2020-05-09T15:34:06","modified_gmt":"2020-05-09T18:34:06","slug":"sala-1-estudantes-brasileiros-pelo-mundo-em-epoca-de-coronavirus","status":"publish","type":"page","link":"https:\/\/wp.ufpel.edu.br\/prectaolongetaoperto\/sala-1-estudantes-brasileiros-pelo-mundo-em-epoca-de-coronavirus\/","title":{"rendered":"Sala 1 \u2013 Estudantes brasileiros pelo mundo em \u00e9poca de coronav\u00edrus"},"content":{"rendered":"<p style=\"text-align: justify\"><em><strong>Mediadora:<\/strong> Prof\u00aa. Francisca Ferreira Michelon \u2013 Pr\u00f3-Reitora de Extens\u00e3o e Cultura \/ UFPel<\/em><\/p>\n<p><strong>Acesso livre<\/strong> <span style=\"font-size: 10pt\">(Dados para certifica\u00e7\u00e3o devem ser informados durante a confer\u00eancia)<\/span><\/p>\n<p style=\"text-align: justify\">Acesse a sala\u00a0<a href=\"https:\/\/webconf2.ufpel.edu.br\/b\/fra-qkv-k2w\"><strong>aqui<\/strong><\/a>.<\/p>\n<p style=\"text-align: justify\"><b>Conte\u00fado das conversas\u00a0<\/b><\/p>\n<p style=\"text-align: justify\">Eles e elas estavam l\u00e1 quando foi anunciada a pandemia, ou est\u00e3o l\u00e1, vivendo essa pandemia em outro lugar, talvez em um pa\u00eds muito diferente do nosso. Como foi, como \u00e9 estar em um desses pa\u00edses? Como foi ser surpreendido por um fato que iria mudar tudo? Talvez, mudar o mundo. Como \u00e9 estar longe, vivendo isso? Como \u00e9 ser estudante estrangeiro em um pa\u00eds, que como o nosso, est\u00e1 assustado, mas que talvez tenha outros modos de viver o desconhecido.<br \/>\nVem conversar com eles e elas, saber o que foi essa experi\u00eancia ou como est\u00e1 sendo viver assim. Vem saber, de uma maneira mais pr\u00f3xima, mesmo que eles e elas estejam distantes, deste tempo agora em outros lugares, bem longe.<\/p>\n<p style=\"text-align: justify\"><strong>AGENDA<\/strong><\/p>\n<table style=\"border-collapse: collapse;width: 100%\" border=\"1\">\n<tbody>\n<tr>\n<td style=\"width: 36.6667%\"><strong>T\u00f3quio: a metr\u00f3pole mais populosa do mundo na pandemia Covid-19<\/strong><\/td>\n<td style=\"width: 14.9332%;text-align: center\">Ter\u00e7a feira, 14 de abril, 10h<\/td>\n<td style=\"width: 48.4%\">Apresentadora:<\/p>\n<ul>\n<li>Giulia Ferreira Michelon, aluna do curso de Ci\u00eancias Sociais de Hitotsubashi University, cidade de T\u00f3quio, Jap\u00e3o.<\/li>\n<\/ul>\n<\/td>\n<\/tr>\n<tr>\n<td style=\"width: 36.6667%\"><strong>Vivendo na It\u00e1lia na pandemia do Coronav\u00edrus<\/strong><\/td>\n<td style=\"width: 14.9332%;text-align: center\">Quinta feira, 16 de abril, 14h<\/td>\n<td style=\"width: 48.4%\">Apresentadora:<\/p>\n<ul>\n<li>Veridiana Borges &#8211; Doutoranda em Letras na UFPel &#8211; est\u00e1 em Mil\u00e3o<\/li>\n<\/ul>\n<\/td>\n<\/tr>\n<tr>\n<td style=\"width: 36.6667%\"><strong>Mobilidade Acad\u00eamica em tempos de COVID-19: Como decidi voltar.<\/strong><\/td>\n<td style=\"width: 14.9332%;text-align: center\">Quinta feira, 23 de abril, 14h.<\/td>\n<td style=\"width: 48.4%\">Apresentadora:<\/p>\n<ul>\n<li>Victoria Hecktheuer Hallal, aluna do Curso de Psicologia da UCPel. Estava na Universidade de Beira, Portugal.<\/li>\n<\/ul>\n<\/td>\n<\/tr>\n<tr>\n<td style=\"width: 36.6667%\"><strong>A Alemanha durante tempos de Corona v\u00edrus<\/strong><\/td>\n<td style=\"width: 14.9332%;text-align: center\">Quinta feira, 30 de abril, 14h<\/td>\n<td style=\"width: 48.4%\">Apresentador:<\/p>\n<ul>\n<li>Martin Schymiczek Larangeira de Almeida, aluno do curso de Ci\u00eancia da Computa\u00e7\u00e3o da RWTH Aachen University, cidade de Aachen, Alemanha.<\/li>\n<\/ul>\n<\/td>\n<\/tr>\n<\/tbody>\n<\/table>\n<p style=\"text-align: justify\">\n","protected":false},"excerpt":{"rendered":"<p>Mediadora: Prof\u00aa. Francisca Ferreira Michelon \u2013 Pr\u00f3-Reitora de Extens\u00e3o e Cultura \/ UFPel Acesso livre (Dados para certifica\u00e7\u00e3o devem ser informados durante a confer\u00eancia) Acesse a sala\u00a0aqui. Conte\u00fado das conversas\u00a0 Eles e elas estavam l\u00e1 quando foi anunciada a pandemia, ou est\u00e3o l\u00e1, vivendo essa pandemia em outro lugar, talvez em um pa\u00eds muito diferente &hellip; <\/p>\n<p><a class=\"more-link btn\" href=\"https:\/\/wp.ufpel.edu.br\/prectaolongetaoperto\/sala-1-estudantes-brasileiros-pelo-mundo-em-epoca-de-coronavirus\/\">Continue lendo<\/a><\/p>\n","protected":false},"author":990,"featured_media":408,"parent":0,"menu_order":0,"comment_status":"closed","ping_status":"closed","template":"","meta":{"footnotes":""},"class_list":["post-609","page","type-page","status-publish","has-post-thumbnail","hentry","nodate","item-wrap"],"jetpack_sharing_enabled":true,"jetpack-related-posts":[],"_links":{"self":[{"href":"https:\/\/wp.ufpel.edu.br\/prectaolongetaoperto\/wp-json\/wp\/v2\/pages\/609","targetHints":{"allow":["GET"]}}],"collection":[{"href":"https:\/\/wp.ufpel.edu.br\/prectaolongetaoperto\/wp-json\/wp\/v2\/pages"}],"about":[{"href":"https:\/\/wp.ufpel.edu.br\/prectaolongetaoperto\/wp-json\/wp\/v2\/types\/page"}],"author":[{"embeddable":true,"href":"https:\/\/wp.ufpel.edu.br\/prectaolongetaoperto\/wp-json\/wp\/v2\/users\/990"}],"replies":[{"embeddable":true,"href":"https:\/\/wp.ufpel.edu.br\/prectaolongetaoperto\/wp-json\/wp\/v2\/comments?post=609"}],"version-history":[{"count":12,"href":"https:\/\/wp.ufpel.edu.br\/prectaolongetaoperto\/wp-json\/wp\/v2\/pages\/609\/revisions"}],"predecessor-version":[{"id":760,"href":"https:\/\/wp.ufpel.edu.br\/prectaolongetaoperto\/wp-json\/wp\/v2\/pages\/609\/revisions\/760"}],"wp:featuredmedia":[{"embeddable":true,"href":"https:\/\/wp.ufpel.edu.br\/prectaolongetaoperto\/wp-json\/wp\/v2\/media\/408"}],"wp:attachment":[{"href":"https:\/\/wp.ufpel.edu.br\/prectaolongetaoperto\/wp-json\/wp\/v2\/media?parent=609"}],"curies":[{"name":"wp","href":"https:\/\/api.w.org\/{rel}","templated":true}]}}