{"id":59,"date":"2020-03-26T16:27:15","date_gmt":"2020-03-26T19:27:15","guid":{"rendered":"https:\/\/wp.ufpel.edu.br\/prectaolongetaoperto\/?page_id=59"},"modified":"2020-07-16T08:45:33","modified_gmt":"2020-07-16T11:45:33","slug":"salas-de-conferencia","status":"publish","type":"page","link":"https:\/\/wp.ufpel.edu.br\/prectaolongetaoperto\/salas-de-conferencia\/","title":{"rendered":"&#8220;\u00c9 hora de conversar&#8221;"},"content":{"rendered":"<p style=\"text-align: justify\"><span style=\"font-weight: 400\">Um lugar virtual para ouvir, perguntar e conversar sobre temas diversos relacionados ao combate do COVID-19 e a nova rotina de isolamento social.<br \/>\n<\/span><\/p>\n<p style=\"text-align: justify\"><strong><span style=\"font-size: 14pt\"><span style=\"font-size: 18pt\">SALAS:<\/span> <\/span><\/strong><span style=\"font-size: 10pt\">(Clique no t\u00edtulo da sala para acessar a agenda, inscri\u00e7\u00f5es e demais informa\u00e7\u00f5es)<\/span><\/p>\n<p style=\"text-align: justify\"><a href=\"https:\/\/wp.ufpel.edu.br\/prectaolongetaoperto\/sala-1-estudantes-brasileiros-pelo-mundo-em-epoca-de-coronavirus\/\">Sala 1 &#8211; <strong>Estudantes brasileiros pelo mundo em \u00e9poca de coronav\u00edrus<\/strong><\/a><\/p>\n<p style=\"text-align: justify\"><a href=\"https:\/\/wp.ufpel.edu.br\/prectaolongetaoperto\/sala-2-desempenho-ocupacional-em-tempos-de-isolamento-social\/\">Sala 2 &#8211;\u00a0<b><strong>Desempenho Ocupacional em tempos de isolamento social<\/strong><\/b><\/a><\/p>\n<p style=\"text-align: justify\"><a href=\"https:\/\/wp.ufpel.edu.br\/prectaolongetaoperto\/sala-3-aprenda-a-enfrentar-a-crise-do-coronavirus\/\">Sala 3 &#8211; <strong>Aprenda a enfrentar a crise do Coronav\u00edrus<\/strong><\/a><\/p>\n<p style=\"text-align: justify\"><a href=\"https:\/\/wp.ufpel.edu.br\/prectaolongetaoperto\/sala-4-profissionais-da-frente-de-combate-a-covid-19-entre-acoes-e-reflexoes\/\">Sala 4 &#8211; <b>Profissionais da frente de combate \u00e0 Covid-19: entre a\u00e7\u00f5es e reflex\u00f5es<\/b><\/a><\/p>\n<p style=\"text-align: justify\"><a href=\"https:\/\/wp.ufpel.edu.br\/prectaolongetaoperto\/sala-5-a-vida-com-gastronomia-no-enfrentamento-ao-covid-19\/\">Sala 5 &#8211;\u00a0<strong>A vida com gastronomia no enfrentamento ao covid-19<\/strong><\/a><\/p>\n<p style=\"text-align: justify\"><a href=\"https:\/\/wp.ufpel.edu.br\/prectaolongetaoperto\/sala-6-conversas-sobre-arte-e-cultura-durante-a-pandemia-inscreva-se-aqui\/\">Sala 6 &#8211; <b>Conversas sobre arte e cultura durante a pandemia<\/b><\/a><\/p>\n<p style=\"text-align: justify\"><a href=\"https:\/\/wp.ufpel.edu.br\/prectaolongetaoperto\/sala-7-plano-de-cultura-da-ufpel\/\">Sala 7 &#8211; <strong>Plano de Cultura da UFPEL<\/strong><\/a><\/p>\n<p><a href=\"https:\/\/wp.ufpel.edu.br\/prectaolongetaoperto\/sala-8-artes-oficios\/\">Sala 8 &#8211; <strong>Artes &amp; Of\u00edcios<\/strong><\/a><\/p>\n<p><a href=\"https:\/\/wp.ufpel.edu.br\/prectaolongetaoperto\/sala-9-conversando-sobre-extensao\/\">Sala 9 &#8211; <strong>Conversando sobre Extens\u00e3o<\/strong><\/a><\/p>\n<p><a href=\"https:\/\/wp.ufpel.edu.br\/prectaolongetaoperto\/sala-10-conservacao-em-pauta\/\">Sala 10 \u2013 <strong>Conserva\u00e7\u00e3o em Pauta<\/strong><\/a><\/p>\n<p style=\"text-align: justify\"><span style=\"font-size: 18pt\"><strong>INFORMA\u00c7\u00d5ES:<\/strong><\/span><\/p>\n<p style=\"text-align: justify\"><strong>* Quem pode participar?<\/strong><\/p>\n<p style=\"text-align: justify\">Qualquer pessoa interessada no assunto.<\/p>\n<p style=\"text-align: justify\"><strong>* H\u00e1 algum custo para participar?<\/strong><\/p>\n<p style=\"text-align: justify\">Nenhum. Todas as atividades do site s\u00e3o gratuitas.<\/p>\n<p style=\"text-align: justify\"><strong>* Como se pode participar?<\/strong><\/p>\n<p style=\"text-align: justify\">O acesso \u00e0s salas \u00e9 livre, basta utilizar o link de acesso no hor\u00e1rio programado e participar.<\/p>\n<p style=\"text-align: justify\">Dados para certifica\u00e7\u00e3o dever\u00e3o ser informados ao mediador da sala durante a web confer\u00eancia.<\/p>\n<p style=\"text-align: justify\"><strong>* Como funciona a sala:\u00a0<\/strong><\/p>\n<p style=\"padding-left: 40px;text-align: justify\"><span style=\"font-weight: 400\">&#8211; O mediador abre a sala no hor\u00e1rio marcado e apresenta o funcionamento da conversa.<\/span><\/p>\n<p style=\"padding-left: 40px;text-align: justify\"><span style=\"font-weight: 400\">&#8211; 15 minutos s\u00e3o destinados ao convidado para contar sua experi\u00eancia. Depois, os inscritos podem perguntar ao convidado e\/ou fazer coment\u00e1rios mediante inscri\u00e7\u00e3o.<\/span><\/p>\n<p style=\"text-align: justify\"><span style=\"font-weight: 400\"><strong>* Qual \u00e9 a dura\u00e7\u00e3o de cada sala:<\/strong> <\/span><\/p>\n<p style=\"padding-left: 40px;text-align: justify\"><span style=\"font-weight: 400\">1 hora incluindo a apresenta\u00e7\u00e3o e conversa.<\/span><\/p>\n<p style=\"text-align: justify\">\n","protected":false},"excerpt":{"rendered":"<p>Um lugar virtual para ouvir, perguntar e conversar sobre temas diversos relacionados ao combate do COVID-19 e a nova rotina de isolamento social. SALAS: (Clique no t\u00edtulo da sala para acessar a agenda, inscri\u00e7\u00f5es e demais informa\u00e7\u00f5es) Sala 1 &#8211; Estudantes brasileiros pelo mundo em \u00e9poca de coronav\u00edrus Sala 2 &#8211;\u00a0Desempenho Ocupacional em tempos de &hellip; <\/p>\n<p><a class=\"more-link btn\" href=\"https:\/\/wp.ufpel.edu.br\/prectaolongetaoperto\/salas-de-conferencia\/\">Continue lendo<\/a><\/p>\n","protected":false},"author":990,"featured_media":408,"parent":0,"menu_order":0,"comment_status":"closed","ping_status":"closed","template":"","meta":{"footnotes":""},"class_list":["post-59","page","type-page","status-publish","has-post-thumbnail","hentry","nodate","item-wrap"],"jetpack_sharing_enabled":true,"jetpack-related-posts":[],"_links":{"self":[{"href":"https:\/\/wp.ufpel.edu.br\/prectaolongetaoperto\/wp-json\/wp\/v2\/pages\/59","targetHints":{"allow":["GET"]}}],"collection":[{"href":"https:\/\/wp.ufpel.edu.br\/prectaolongetaoperto\/wp-json\/wp\/v2\/pages"}],"about":[{"href":"https:\/\/wp.ufpel.edu.br\/prectaolongetaoperto\/wp-json\/wp\/v2\/types\/page"}],"author":[{"embeddable":true,"href":"https:\/\/wp.ufpel.edu.br\/prectaolongetaoperto\/wp-json\/wp\/v2\/users\/990"}],"replies":[{"embeddable":true,"href":"https:\/\/wp.ufpel.edu.br\/prectaolongetaoperto\/wp-json\/wp\/v2\/comments?post=59"}],"version-history":[{"count":65,"href":"https:\/\/wp.ufpel.edu.br\/prectaolongetaoperto\/wp-json\/wp\/v2\/pages\/59\/revisions"}],"predecessor-version":[{"id":1410,"href":"https:\/\/wp.ufpel.edu.br\/prectaolongetaoperto\/wp-json\/wp\/v2\/pages\/59\/revisions\/1410"}],"wp:featuredmedia":[{"embeddable":true,"href":"https:\/\/wp.ufpel.edu.br\/prectaolongetaoperto\/wp-json\/wp\/v2\/media\/408"}],"wp:attachment":[{"href":"https:\/\/wp.ufpel.edu.br\/prectaolongetaoperto\/wp-json\/wp\/v2\/media?parent=59"}],"curies":[{"name":"wp","href":"https:\/\/api.w.org\/{rel}","templated":true}]}}