{"id":545,"date":"2020-04-07T16:15:07","date_gmt":"2020-04-07T19:15:07","guid":{"rendered":"https:\/\/wp.ufpel.edu.br\/prectaolongetaoperto\/?page_id=545"},"modified":"2020-07-16T12:00:01","modified_gmt":"2020-07-16T15:00:01","slug":"noticias","status":"publish","type":"page","link":"https:\/\/wp.ufpel.edu.br\/prectaolongetaoperto\/noticias\/","title":{"rendered":"Not\u00edcias"},"content":{"rendered":"<p style=\"text-align: justify\">Acompanhe as a\u00e7\u00f5es que a comunidade acad\u00eamica da UFPel e outras institui\u00e7\u00f5es est\u00e3o fazendo durante a pandemia de Covid-19. Isolados, mas criativos, ativos e solid\u00e1rios h\u00e1 muitos trabalhando para encontrar solu\u00e7\u00f5es aos desafios do presente. Saiba o que est\u00e1 acontecendo!<\/p>\n<h3 class=\"corTexto\"><strong>Casa de Cinema de Porto Alegre libera 43 t\u00edtulos gratuitamente<\/strong><\/h3>\n<p><img data-recalc-dims=\"1\" loading=\"lazy\" decoding=\"async\" data-attachment-id=\"490\" data-permalink=\"https:\/\/wp.ufpel.edu.br\/prectaolongetaoperto\/cine-em-casa\/captura-de-tela-2020-04-03-as-16-22-13\/\" data-orig-file=\"https:\/\/i0.wp.com\/wp.ufpel.edu.br\/prectaolongetaoperto\/files\/2020\/04\/Captura-de-Tela-2020-04-03-a%CC%80s-16.22.13.png?fit=1492%2C974&amp;ssl=1\" data-orig-size=\"1492,974\" data-comments-opened=\"0\" data-image-meta=\"{&quot;aperture&quot;:&quot;0&quot;,&quot;credit&quot;:&quot;&quot;,&quot;camera&quot;:&quot;&quot;,&quot;caption&quot;:&quot;&quot;,&quot;created_timestamp&quot;:&quot;0&quot;,&quot;copyright&quot;:&quot;&quot;,&quot;focal_length&quot;:&quot;0&quot;,&quot;iso&quot;:&quot;0&quot;,&quot;shutter_speed&quot;:&quot;0&quot;,&quot;title&quot;:&quot;&quot;,&quot;orientation&quot;:&quot;0&quot;}\" data-image-title=\"Captura de Tela 2020-04-03 a\u0300s 16.22.13\" data-image-description=\"\" data-image-caption=\"\" data-medium-file=\"https:\/\/i0.wp.com\/wp.ufpel.edu.br\/prectaolongetaoperto\/files\/2020\/04\/Captura-de-Tela-2020-04-03-a%CC%80s-16.22.13.png?fit=400%2C261&amp;ssl=1\" data-large-file=\"https:\/\/i0.wp.com\/wp.ufpel.edu.br\/prectaolongetaoperto\/files\/2020\/04\/Captura-de-Tela-2020-04-03-a%CC%80s-16.22.13.png?fit=750%2C489&amp;ssl=1\" class=\"wp-image-490 size-thumbnail alignleft\" src=\"https:\/\/i0.wp.com\/wp.ufpel.edu.br\/prectaolongetaoperto\/files\/2020\/04\/Captura-de-Tela-2020-04-03-a%CC%80s-16.22.13.png?resize=200%2C200&#038;ssl=1\" alt=\"\" width=\"200\" height=\"200\" srcset=\"https:\/\/i0.wp.com\/wp.ufpel.edu.br\/prectaolongetaoperto\/files\/2020\/04\/Captura-de-Tela-2020-04-03-a%CC%80s-16.22.13.png?resize=200%2C200&amp;ssl=1 200w, https:\/\/i0.wp.com\/wp.ufpel.edu.br\/prectaolongetaoperto\/files\/2020\/04\/Captura-de-Tela-2020-04-03-a%CC%80s-16.22.13.png?zoom=2&amp;resize=200%2C200&amp;ssl=1 400w, https:\/\/i0.wp.com\/wp.ufpel.edu.br\/prectaolongetaoperto\/files\/2020\/04\/Captura-de-Tela-2020-04-03-a%CC%80s-16.22.13.png?zoom=3&amp;resize=200%2C200&amp;ssl=1 600w\" sizes=\"auto, (max-width: 200px) 100vw, 200px\" \/><\/p>\n<p>A\u00a0<strong>Casa de Cinema de Porto Alegre<\/strong>\u00a0disponibilizou 43 t\u00edtulos para visualiza\u00e7\u00e3o gratuita por streaming, atrav\u00e9s do canal da produtora no Vimeo, produzidos ao longo de 32 anos de atividades. A ideia \u00e9 entreter o p\u00fablico que sabe que deve ficar em casa durante a quarentena em preven\u00e7\u00e3o ao COVID-19.<\/p>\n<p>A s\u00e9rie\u00a0<strong><em>Grandes Cenas<\/em><\/strong>, produzida para o Canal Curta!, teve as duas temporadas liberadas na \u00edntegra. O projeto, que estreou em 2016, conta com 22 epis\u00f3dios de 15min dirigidos por\u00a0<strong>Ana Luiza Azevedo e Vicente Moreno<\/strong>. A s\u00e9rie documental traz a cada epis\u00f3dio, a an\u00e1lise de uma grande cena de filmes brasileiros e latino-americanos. Participam das entrevistas nomes como\u00a0<strong>Fernanda Montenegro, Jorge Furtado, Murilo Salles, Pablo Stoll, Pablo Trapero<\/strong>, entre outros.<\/p>\n<p>A sele\u00e7\u00e3o\u00a0<strong><em>Fique na Casa<\/em><\/strong>\u00a0conta com epis\u00f3dios de s\u00e9ries documentais e de fic\u00e7\u00e3o, curtas e longas-metragens, parte deles com legendas (opcionais) em ingl\u00eas, espanhol e portugu\u00eas, incluindo tr\u00eas espet\u00e1culos do\u00a0<strong>Grupo Cuidado que Mancha<\/strong>, especialmente destinados \u00e0s crian\u00e7as de todas as idades.<\/p>\n<p><strong>Acesse e assista:<\/strong><\/p>\n<p><a href=\"https:\/\/www.rogerlerina.com.br\/post\/17587\/casa-de-cinema-de-porto-alegre-libera-43-titulos-gratuitamente?mc_cid=91c53db561&amp;mc_eid=9c673d3f15\" data-saferedirecturl=\"https:\/\/www.google.com\/url?q=https:\/\/www.rogerlerina.com.br\/post\/17587\/casa-de-cinema-de-porto-alegre-libera-43-titulos-gratuitamente?mc_cid%3D91c53db561%26mc_eid%3D9c673d3f15&amp;source=gmail&amp;ust=1586188789987000&amp;usg=AFQjCNGLp7C9rle8q4db--pbaAEiG2JfNw\">https:\/\/www.rogerlerina.com.br\/post\/17587\/casa-de-cinema-de-porto-alegre-libera-43-titulos-gratuitamente?mc_cid=91c53db561&amp;mc_eid=9c673d3f15<\/a><\/p>\n<h3><\/h3>\n<h3 class=\"corTexto\">Prefeitura Municipal de Pelotas lan\u00e7a novos editais de cultura<\/h3>\n<p style=\"text-align: justify\"><img data-recalc-dims=\"1\" loading=\"lazy\" decoding=\"async\" data-attachment-id=\"1104\" data-permalink=\"https:\/\/wp.ufpel.edu.br\/prectaolongetaoperto\/noticias\/editais-secult\/\" data-orig-file=\"https:\/\/i0.wp.com\/wp.ufpel.edu.br\/prectaolongetaoperto\/files\/2020\/05\/editais-secult.jpg?fit=960%2C960&amp;ssl=1\" data-orig-size=\"960,960\" data-comments-opened=\"0\" data-image-meta=\"{&quot;aperture&quot;:&quot;0&quot;,&quot;credit&quot;:&quot;&quot;,&quot;camera&quot;:&quot;&quot;,&quot;caption&quot;:&quot;&quot;,&quot;created_timestamp&quot;:&quot;0&quot;,&quot;copyright&quot;:&quot;&quot;,&quot;focal_length&quot;:&quot;0&quot;,&quot;iso&quot;:&quot;0&quot;,&quot;shutter_speed&quot;:&quot;0&quot;,&quot;title&quot;:&quot;&quot;,&quot;orientation&quot;:&quot;0&quot;}\" data-image-title=\"editais secult\" data-image-description=\"\" data-image-caption=\"\" data-medium-file=\"https:\/\/i0.wp.com\/wp.ufpel.edu.br\/prectaolongetaoperto\/files\/2020\/05\/editais-secult.jpg?fit=400%2C400&amp;ssl=1\" data-large-file=\"https:\/\/i0.wp.com\/wp.ufpel.edu.br\/prectaolongetaoperto\/files\/2020\/05\/editais-secult.jpg?fit=750%2C750&amp;ssl=1\" class=\"alignleft size-thumbnail wp-image-1104\" src=\"https:\/\/i0.wp.com\/wp.ufpel.edu.br\/prectaolongetaoperto\/files\/2020\/05\/editais-secult.jpg?resize=200%2C200&#038;ssl=1\" alt=\"\" width=\"200\" height=\"200\" srcset=\"https:\/\/i0.wp.com\/wp.ufpel.edu.br\/prectaolongetaoperto\/files\/2020\/05\/editais-secult.jpg?resize=200%2C200&amp;ssl=1 200w, https:\/\/i0.wp.com\/wp.ufpel.edu.br\/prectaolongetaoperto\/files\/2020\/05\/editais-secult.jpg?resize=400%2C400&amp;ssl=1 400w, https:\/\/i0.wp.com\/wp.ufpel.edu.br\/prectaolongetaoperto\/files\/2020\/05\/editais-secult.jpg?resize=768%2C768&amp;ssl=1 768w, https:\/\/i0.wp.com\/wp.ufpel.edu.br\/prectaolongetaoperto\/files\/2020\/05\/editais-secult.jpg?w=960&amp;ssl=1 960w\" sizes=\"auto, (max-width: 200px) 100vw, 200px\" \/>A Pr\u00f3-Reitoria de Extens\u00e3o e Cultura divulga \u00e0 comunidade art\u00edstica\/cultural da UFPEL que a Secretaria de Cultura de Pelotas est\u00e1 com dois editais abertos, espec\u00edficos para o contexto de isolamento durante a Covid-19.<\/p>\n<p style=\"text-align: justify\"><span id=\"fbPhotoSnowliftCaption\" class=\"fbPhotosPhotoCaption\" data-ft=\"{&quot;tn&quot;:&quot;K&quot;}\"><span class=\"hasCaption\"><span class=\"text_exposed_show\">Os editais completos, com os anexos e a documenta\u00e7\u00e3o necess\u00e1ria est\u00e1 dispon\u00edvel no site da Prefeitura e pode ser acessado aqui: <a href=\"https:\/\/l.facebook.com\/l.php?u=http%3A%2F%2Fwww.pelotas.com.br%2Fcultura%2Feditais%3Ffbclid%3DIwAR3Qgd6-eBAcutpKshm4Bb_vpQiv2Ut1h_z04xS9wlLeQvlt7z9WXWyXAHg&amp;h=AT1HtbNWwpqeDepmWp6bORk5WuVxedoKjAtPY6lb0LAf0OhKoiblApr8-Ko_mKezGHLjFe_ZTkw1BWtTmVIsaxNZgGvBdZLfORKgs6YaK62xZHEfSaPnCXwlg3K1G6AkGq_jrug\" target=\"_blank\" rel=\"nofollow noopener noreferrer\" data-lynx-mode=\"asynclazy\">http:\/\/www.pelotas.com.br\/cultura\/editais<\/a><\/span><\/span><\/span><\/p>\n<h3 style=\"text-align: justify\"><strong>Aqui vai uma dica para os que gostam de ler<\/strong>:<\/h3>\n<p style=\"text-align: justify\">A Amazon est\u00e1 disponibilizando e-books de gra\u00e7a! V\u00e1rios t\u00edtulos em muitos g\u00eaneros. Dif\u00edcil n\u00e3o ter algum que agrade. A busca \u00e9 por \u00e1reas e s\u00e3o muitos t\u00edtulos!!!<\/p>\n<p style=\"text-align: justify\">A cole\u00e7\u00e3o completa est\u00e1 aqui: <a href=\"https:\/\/amzn.to\/2wDqnWU\">https:\/\/amzn.to\/2wDqnWU<\/a><\/p>\n<h3 style=\"text-align: justify\">Sala Virtual de Acompanhamento Pedag\u00f3gico traz temas para os pr\u00f3ximos encontros<\/h3>\n<p style=\"text-align: justify\">A Sala Virtual de Apoio e Acompanhamento Pedag\u00f3gico abordar\u00e1 em seus encontros a partir desta quarta-feira (8) temas espec\u00edficos para cada dia. A ideia \u00e9 proporcionar aos participantes debates e experi\u00eancias diferentes em cada uma das sess\u00f5es propostas pelo Programa de Interven\u00e7\u00e3o, Apoio e Acompanhamento Pedag\u00f3gico (Piape).<\/p>\n<p style=\"text-align: justify\">Saiba mais clicando <a href=\"http:\/\/ccs2.ufpel.edu.br\/wp\/2020\/04\/07\/sala-virtual-de-acompanhamento-pedagogico-traz-temas-para-os-proximos-encontros\/\"><strong>aqui<\/strong><\/a>.<\/p>\n<h3 style=\"text-align: justify\">Perto e \u00e0 dist\u00e2ncia: m\u00fasica na quarentena<\/h3>\n<p style=\"text-align: justify\">Coordena\u00e7\u00e3o: Prof. Dr. Rafael Noleto<\/p>\n<p style=\"text-align: justify\">Este \u00e9 um Projeto de Extens\u00e3o cujo objetivo \u00e9 mostrar a produ\u00e7\u00e3o musical de alunos\/as vinculados aos cursos de M\u00fasica da UFPEL (Licenciatura e Bacharelado), docentes de cursos de M\u00fasica em outras universidades brasileiras e tamb\u00e9m cantores e compositores externos ao ambiente acad\u00eamico. A ideia \u00e9, durante o per\u00edodo de quarentena por conta da pandemia do COVID-19, produzir online v\u00eddeos que conectem pessoas e repert\u00f3rios escolhidos de maneira negociada. Os resultados dessas conex\u00f5es musicais ser\u00e3o compartilhados para acesso p\u00fablico na plataforma YouTube e em redes sociais como Instagram e Facebook. O projeto visa endossar medidas de precau\u00e7\u00e3o no enfrentamento da pandemia do covid-19 atrav\u00e9s de um incentivo musical a campanhas para que as pessoas mantenham-se em isolamento social dentro de suas casas. Os v\u00eddeos s\u00e3o produzidos de modo inteiramente online. A forma\u00e7\u00e3o musical preponderante \u00e9 a de duo de voz (com m\u00fasicas cantadas pelo Prof. Rafael Noleto, coordenador do projeto) acompanhada por instrumento musical harm\u00f4nico (executado por instrumentistas convidados\/as), podendo haver varia\u00e7\u00f5es. O repert\u00f3rio \u00e9 escolhido de acordo com o perfil musical de cada instrumentista, abrangendo pe\u00e7as do repert\u00f3rio pessoal estudado por alunos dos cursos de M\u00fasica, composi\u00e7\u00f5es autorais dos\/as convidados\/as e can\u00e7\u00f5es conhecidas do repert\u00f3rio de m\u00fasica popular brasileira.<\/p>\n<p style=\"text-align: justify\"><strong>Os v\u00eddeos est\u00e3o sendo disponibilizados nos seguintes canais:<\/strong><\/p>\n<p style=\"text-align: justify\">Youtube: <a href=\"https:\/\/www.youtube.com\/channel\/UCL4mGAW4TpJ1z2b5Jj14WXQ?view_as=subscriber\">https:\/\/www.youtube.com\/channel\/UCL4mGAW4TpJ1z2b5Jj14WXQ?view_as=subscriber<\/a><br \/>\nInstagram: @noletorafa<\/p>\n<h3>Coron\u00e1rio<\/h3>\n<p style=\"text-align: justify\"><img data-recalc-dims=\"1\" loading=\"lazy\" decoding=\"async\" data-attachment-id=\"933\" data-permalink=\"https:\/\/wp.ufpel.edu.br\/prectaolongetaoperto\/noticias\/unnamed\/\" data-orig-file=\"https:\/\/i0.wp.com\/wp.ufpel.edu.br\/prectaolongetaoperto\/files\/2020\/05\/unnamed.jpg?fit=1080%2C1080&amp;ssl=1\" data-orig-size=\"1080,1080\" data-comments-opened=\"0\" data-image-meta=\"{&quot;aperture&quot;:&quot;0&quot;,&quot;credit&quot;:&quot;&quot;,&quot;camera&quot;:&quot;&quot;,&quot;caption&quot;:&quot;&quot;,&quot;created_timestamp&quot;:&quot;0&quot;,&quot;copyright&quot;:&quot;&quot;,&quot;focal_length&quot;:&quot;0&quot;,&quot;iso&quot;:&quot;0&quot;,&quot;shutter_speed&quot;:&quot;0&quot;,&quot;title&quot;:&quot;&quot;,&quot;orientation&quot;:&quot;0&quot;}\" data-image-title=\"unnamed\" data-image-description=\"\" data-image-caption=\"\" data-medium-file=\"https:\/\/i0.wp.com\/wp.ufpel.edu.br\/prectaolongetaoperto\/files\/2020\/05\/unnamed.jpg?fit=400%2C400&amp;ssl=1\" data-large-file=\"https:\/\/i0.wp.com\/wp.ufpel.edu.br\/prectaolongetaoperto\/files\/2020\/05\/unnamed.jpg?fit=750%2C750&amp;ssl=1\" class=\"alignleft size-thumbnail wp-image-933\" src=\"https:\/\/i0.wp.com\/wp.ufpel.edu.br\/prectaolongetaoperto\/files\/2020\/05\/unnamed.jpg?resize=200%2C200&#038;ssl=1\" alt=\"\" width=\"200\" height=\"200\" srcset=\"https:\/\/i0.wp.com\/wp.ufpel.edu.br\/prectaolongetaoperto\/files\/2020\/05\/unnamed.jpg?resize=200%2C200&amp;ssl=1 200w, https:\/\/i0.wp.com\/wp.ufpel.edu.br\/prectaolongetaoperto\/files\/2020\/05\/unnamed.jpg?resize=400%2C400&amp;ssl=1 400w, https:\/\/i0.wp.com\/wp.ufpel.edu.br\/prectaolongetaoperto\/files\/2020\/05\/unnamed.jpg?resize=1024%2C1024&amp;ssl=1 1024w, https:\/\/i0.wp.com\/wp.ufpel.edu.br\/prectaolongetaoperto\/files\/2020\/05\/unnamed.jpg?resize=768%2C768&amp;ssl=1 768w, https:\/\/i0.wp.com\/wp.ufpel.edu.br\/prectaolongetaoperto\/files\/2020\/05\/unnamed.jpg?w=1080&amp;ssl=1 1080w\" sizes=\"auto, (max-width: 200px) 100vw, 200px\" \/>Coron\u00e1rio \u00e9 uma obra de net art sobre a experi\u00eancia cultural do coronav\u00edrus, atentando para seu impacto na linguagem e para a naturaliza\u00e7\u00e3o da vigil\u00e2ncia no cotidiano. O ponto de partida do Coron\u00e1rio \u00e9 um conjunto de 25 palavras popularizadas no contexto da Covid-19, como \u00e1lcool gel, home office, testar positivo e pandemia, para as quais oferece um pequeno gloss\u00e1rio.<\/p>\n<p style=\"text-align: justify\">Um mapa de calor verifica dinamicamente a aten\u00e7\u00e3o do p\u00fablico \u00e0s palavras que listamos como componentes do l\u00e9xico do coronav\u00edrus. As mais acessadas pelo p\u00fablico mudam de cor, numa escala que varia do azul (mais frias) ao vermelho (mais quentes e, portanto, mais acessadas).<\/p>\n<p style=\"text-align: justify\">Esses mapas de calor tornaram-se imagens recorrentes no contexto da Covid-19 e podem ser interpretados como uma das imagens-chave do contexto pand\u00eamico. Carregados de sentido, no \u00e2mbito das est\u00e9ticas da vigil\u00e2ncia, os mapas de calor n\u00e3o apenas monitoram a fisiologia do corpo no espa\u00e7o, mas s\u00e3o usados tamb\u00e9m como uma ferramenta de rastreamento do comportamento do p\u00fablico diante de um site.<\/p>\n<p style=\"text-align: justify\">Coron\u00e1rio apropria-se do vocabul\u00e1rio visual do coronav\u00edrus para fazer um exerc\u00edcio cr\u00edtico de &#8220;vigil\u00e2ncia ao vivo&#8221;. Com isso, d\u00e1 ao p\u00fablico a oportunidade de ver um procedimento corriqueiro de monitoramento de seus modos de acessar a Internet, geralmente invis\u00edvel e ignorado. Ao mesmo tempo, o projeto discute o capital simb\u00f3lico da aten\u00e7\u00e3o e o seu papel estruturante na economia do olhar que rege o mundo digital.<\/p>\n<p style=\"text-align: justify\">Acesse: <a href=\"https:\/\/coronario.ims.com.br\">https:\/\/coronario.ims.com.br<\/a><\/p>\n","protected":false},"excerpt":{"rendered":"<p>Acompanhe as a\u00e7\u00f5es que a comunidade acad\u00eamica da UFPel e outras institui\u00e7\u00f5es est\u00e3o fazendo durante a pandemia de Covid-19. Isolados, mas criativos, ativos e solid\u00e1rios h\u00e1 muitos trabalhando para encontrar solu\u00e7\u00f5es aos desafios do presente. Saiba o que est\u00e1 acontecendo! Casa de Cinema de Porto Alegre libera 43 t\u00edtulos gratuitamente A\u00a0Casa de Cinema de Porto &hellip; <\/p>\n<p><a class=\"more-link btn\" href=\"https:\/\/wp.ufpel.edu.br\/prectaolongetaoperto\/noticias\/\">Continue lendo<\/a><\/p>\n","protected":false},"author":990,"featured_media":0,"parent":0,"menu_order":0,"comment_status":"closed","ping_status":"closed","template":"","meta":{"footnotes":""},"class_list":["post-545","page","type-page","status-publish","hentry","nodate","item-wrap"],"jetpack_sharing_enabled":true,"jetpack-related-posts":[],"_links":{"self":[{"href":"https:\/\/wp.ufpel.edu.br\/prectaolongetaoperto\/wp-json\/wp\/v2\/pages\/545","targetHints":{"allow":["GET"]}}],"collection":[{"href":"https:\/\/wp.ufpel.edu.br\/prectaolongetaoperto\/wp-json\/wp\/v2\/pages"}],"about":[{"href":"https:\/\/wp.ufpel.edu.br\/prectaolongetaoperto\/wp-json\/wp\/v2\/types\/page"}],"author":[{"embeddable":true,"href":"https:\/\/wp.ufpel.edu.br\/prectaolongetaoperto\/wp-json\/wp\/v2\/users\/990"}],"replies":[{"embeddable":true,"href":"https:\/\/wp.ufpel.edu.br\/prectaolongetaoperto\/wp-json\/wp\/v2\/comments?post=545"}],"version-history":[{"count":12,"href":"https:\/\/wp.ufpel.edu.br\/prectaolongetaoperto\/wp-json\/wp\/v2\/pages\/545\/revisions"}],"predecessor-version":[{"id":1440,"href":"https:\/\/wp.ufpel.edu.br\/prectaolongetaoperto\/wp-json\/wp\/v2\/pages\/545\/revisions\/1440"}],"wp:attachment":[{"href":"https:\/\/wp.ufpel.edu.br\/prectaolongetaoperto\/wp-json\/wp\/v2\/media?parent=545"}],"curies":[{"name":"wp","href":"https:\/\/api.w.org\/{rel}","templated":true}]}}