{"id":538,"date":"2020-04-07T15:57:36","date_gmt":"2020-04-07T18:57:36","guid":{"rendered":"https:\/\/wp.ufpel.edu.br\/prectaolongetaoperto\/?page_id=538"},"modified":"2020-04-08T11:18:10","modified_gmt":"2020-04-08T14:18:10","slug":"prosas-versos","status":"publish","type":"page","link":"https:\/\/wp.ufpel.edu.br\/prectaolongetaoperto\/prosas-versos\/","title":{"rendered":"Prosas &amp; Versos"},"content":{"rendered":"<p>Prosas &amp; Versos \u00e9 um espa\u00e7o para compartilhamento de produ\u00e7\u00f5es liter\u00e1rias, po\u00e9ticas, visando a pr\u00e1tica da leitura. Compartilhe aqui o que voc\u00ea gostaria de dizer nesse contexto de isolamento, evidenciando que: toda leitura de mundo demanda de um mundo de leitura.<\/p>\n<p>Envie a sua produ\u00e7\u00e3o clicando <a href=\"https:\/\/forms.gle\/4vFvr42265CVPg3X8\"><strong>aqui<\/strong><\/a>.<\/p>\n<p style=\"text-align: left\"><em><span style=\"font-size: 12pt\"><strong>Do tempo?<\/strong><\/span><\/em><\/p>\n<p style=\"text-align: left\"><em><span style=\"font-size: 12pt\">Porqu\u00ea n\u00e3o nos visitamos<\/span><\/em><br \/>\n<em><span style=\"font-size: 12pt\">Enquanto tudo vai bem?<\/span><\/em><br \/>\n<em><span style=\"font-size: 12pt\">E mesmo assim reclamamos<\/span><\/em><br \/>\n<em><span style=\"font-size: 12pt\">Que nem tempo a gente tem&#8230;<\/span><\/em><br \/>\n<em><span style=\"font-size: 12pt\">Agora a vida nos cobra<\/span><\/em><br \/>\n<em><span style=\"font-size: 12pt\">Nos dando tempo de sobra<\/span><\/em><br \/>\n<em><span style=\"font-size: 12pt\">Pra sentir falta de algu\u00e9m.<\/span><\/em><\/p>\n<p style=\"text-align: left\"><em><span style=\"font-size: 12pt\">Porqu\u00ea n\u00e3o nos abra\u00e7amos<\/span><\/em><br \/>\n<em><span style=\"font-size: 12pt\">Com mais frequ\u00eancia tamb\u00e9m!!!<\/span><\/em><br \/>\n<em><span style=\"font-size: 12pt\">Num sentimento fraterno<\/span><\/em><br \/>\n<em><span style=\"font-size: 12pt\">Que nos leve sempre al\u00e9m?<\/span><\/em><br \/>\n<em><span style=\"font-size: 12pt\">Estamos cegos, perdidos,<\/span><\/em><br \/>\n<em><span style=\"font-size: 12pt\">Que s\u00f3 botamos sentido<\/span><\/em><br \/>\n<em><span style=\"font-size: 12pt\">Naquilo que nos conv\u00e9m?<\/span><\/em><\/p>\n<p style=\"text-align: left\"><em><span style=\"font-size: 12pt\">A vida aflora em sil\u00eancio<\/span><\/em><br \/>\n<em><span style=\"font-size: 12pt\">E sabe como ningu\u00e9m&#8230;<\/span><\/em><br \/>\n<em><span style=\"font-size: 12pt\">O quanto faz refletirmos<\/span><\/em><br \/>\n<em><span style=\"font-size: 12pt\">Sobre o que os olhos n\u00e3o ve\u00eam,<\/span><\/em><br \/>\n<em><span style=\"font-size: 12pt\">Mesmo estando a nossa frente&#8230;<\/span><\/em><br \/>\n<em><span style=\"font-size: 12pt\">Tem coisas simples que a gente<\/span><\/em><br \/>\n<em><span style=\"font-size: 12pt\">S\u00f3 enxerga ficando sem.<\/span><\/em><\/p>\n<p style=\"text-align: left\"><em><span style=\"font-size: 12pt\">Afinal o que buscamos<\/span><\/em><br \/>\n<em><span style=\"font-size: 12pt\">Enquanto um vai e outro vem,<\/span><\/em><br \/>\n<em><span style=\"font-size: 12pt\">Na ilus\u00e3o que a correria<\/span><\/em><br \/>\n<em><span style=\"font-size: 12pt\">Do dia a dia cont\u00e9m?<\/span><\/em><br \/>\n<em><span style=\"font-size: 12pt\">Veja o ponto em que chegamos<\/span><\/em><br \/>\n<em><span style=\"font-size: 12pt\">E nem sequer nos culpamos.<\/span><\/em><br \/>\n<em><span style=\"font-size: 12pt\">Pergunto&#8230;a culpa \u00e9 de quem?<\/span><\/em><\/p>\n<p style=\"text-align: left\"><em><span style=\"font-size: 12pt\">A humanidade condena<\/span><\/em><br \/>\n<em><span style=\"font-size: 12pt\">A pr\u00f3pria esp\u00e9cie em quarentena<\/span><\/em><br \/>\n<em><span style=\"font-size: 12pt\">E sem rezar, diz am\u00e9m!<\/span><\/em><\/p>\n<p style=\"text-align: left\"><em><span style=\"font-size: 12pt\"><strong>Zeca Alves.<\/strong><\/span><\/em><\/p>\n","protected":false},"excerpt":{"rendered":"<p>Prosas &amp; Versos \u00e9 um espa\u00e7o para compartilhamento de produ\u00e7\u00f5es liter\u00e1rias, po\u00e9ticas, visando a pr\u00e1tica da leitura. Compartilhe aqui o que voc\u00ea gostaria de dizer nesse contexto de isolamento, evidenciando que: toda leitura de mundo demanda de um mundo de leitura. Envie a sua produ\u00e7\u00e3o clicando aqui. Do tempo? Porqu\u00ea n\u00e3o nos visitamos Enquanto tudo &hellip; <\/p>\n<p><a class=\"more-link btn\" href=\"https:\/\/wp.ufpel.edu.br\/prectaolongetaoperto\/prosas-versos\/\">Continue lendo<\/a><\/p>\n","protected":false},"author":990,"featured_media":0,"parent":0,"menu_order":0,"comment_status":"closed","ping_status":"closed","template":"","meta":{"footnotes":""},"class_list":["post-538","page","type-page","status-publish","hentry","nodate","item-wrap"],"jetpack_sharing_enabled":true,"jetpack-related-posts":[],"_links":{"self":[{"href":"https:\/\/wp.ufpel.edu.br\/prectaolongetaoperto\/wp-json\/wp\/v2\/pages\/538","targetHints":{"allow":["GET"]}}],"collection":[{"href":"https:\/\/wp.ufpel.edu.br\/prectaolongetaoperto\/wp-json\/wp\/v2\/pages"}],"about":[{"href":"https:\/\/wp.ufpel.edu.br\/prectaolongetaoperto\/wp-json\/wp\/v2\/types\/page"}],"author":[{"embeddable":true,"href":"https:\/\/wp.ufpel.edu.br\/prectaolongetaoperto\/wp-json\/wp\/v2\/users\/990"}],"replies":[{"embeddable":true,"href":"https:\/\/wp.ufpel.edu.br\/prectaolongetaoperto\/wp-json\/wp\/v2\/comments?post=538"}],"version-history":[{"count":5,"href":"https:\/\/wp.ufpel.edu.br\/prectaolongetaoperto\/wp-json\/wp\/v2\/pages\/538\/revisions"}],"predecessor-version":[{"id":557,"href":"https:\/\/wp.ufpel.edu.br\/prectaolongetaoperto\/wp-json\/wp\/v2\/pages\/538\/revisions\/557"}],"wp:attachment":[{"href":"https:\/\/wp.ufpel.edu.br\/prectaolongetaoperto\/wp-json\/wp\/v2\/media?parent=538"}],"curies":[{"name":"wp","href":"https:\/\/api.w.org\/{rel}","templated":true}]}}