{"id":5,"date":"2020-03-26T15:57:40","date_gmt":"2020-03-26T18:57:40","guid":{"rendered":"https:\/\/wp.ufpel.edu.br\/prectaolongetaoperto\/?page_id=5"},"modified":"2020-06-01T11:27:49","modified_gmt":"2020-06-01T14:27:49","slug":"concurso-de-fotos","status":"publish","type":"page","link":"https:\/\/wp.ufpel.edu.br\/prectaolongetaoperto\/concurso-de-fotos\/","title":{"rendered":"Concurso de fotos"},"content":{"rendered":"<h4 style=\"text-align: left\"><strong>Sobre o concurso:<\/strong><\/h4>\n<h2 style=\"text-align: left\">DA MINHA JANELA<\/h2>\n<p style=\"text-align: justify\">Este \u00e9 um convite para todas as pessoas, de qualquer lugar e qualquer idade, que queiram participar da exposi\u00e7\u00e3o e concurso online de fotografias DA MINHA JANELA.<\/p>\n<p style=\"text-align: justify\">O tema pretende que as pessoas que est\u00e3o atendendo \u00e0 orienta\u00e7\u00e3o de isolamento social, que est\u00e1 ocorrendo em v\u00e1rios pa\u00edses, expressem solidariedade e positividade apresentando o seu olhar sobre proteger a s\u00ed e aos demais atrav\u00e9s do simples cuidado em ficar em casa.<\/p>\n<h4 style=\"text-align: left\"><strong>Como participar da Exposi\u00e7\u00e3o e Concurso:<\/strong><\/h4>\n<ol>\n<li style=\"list-style-type: none\">\n<ol>\n<li style=\"font-weight: 400;text-align: justify\"><span style=\"font-weight: 400\">Esteja atento ao tema: &#8220;Da minha janela&#8221;.<\/span><\/li>\n<li style=\"font-weight: 400;text-align: justify\"><span style=\"font-weight: 400\">S\u00f3 pode participar quem tiver 18 anos ou mais ou for emancipado.<\/span><\/li>\n<li style=\"font-weight: 400;text-align: justify\"><span style=\"font-weight: 400\">Participe com uma foto por edi\u00e7\u00e3o, enviando-a para o concurso DA MINHA JANELA,\u00a0<\/span><span style=\"font-weight: 400\">clicando\u00a0<\/span><a href=\"https:\/\/docs.google.com\/forms\/d\/e\/1FAIpQLScxPIzSXjAZTKDKYRw_Y3s5yB7Fl0O4pfxANnaP-P24labGVw\/viewform?usp=sf_link\"><strong>AQUI<\/strong><\/a> <span style=\"font-weight: 400\">e preenchendo o formul\u00e1rio fornecido<\/span><span style=\"font-weight: 400\">.<\/span><\/li>\n<\/ol>\n<\/li>\n<\/ol>\n<h4 style=\"text-align: left\"><b>CRONOGRAMA<\/b><\/h4>\n<table style=\"border-collapse: collapse;width: 100%\" border=\"1\">\n<tbody>\n<tr style=\"height: 39px\">\n<td style=\"width: 70.4%;height: 39px;background-color: #87ffeb\">Envio da foto com depoimento e declara\u00e7\u00e3o de publica\u00e7\u00e3o<\/td>\n<td style=\"width: 29.6%;height: 39px;background-color: #87ffeb\">Fluxo Cont\u00ednuo<\/td>\n<\/tr>\n<tr style=\"height: 39px\">\n<td style=\"width: 70.4%;height: 39px;background-color: #87ffeb\">Exposi\u00e7\u00e3o das fotos no site https:\/\/wp.ufpel.edu.br\/prectaolongetaoperto<\/td>\n<td style=\"width: 29.6%;height: 39px;background-color: #87ffeb\">Fluxo Cont\u00ednuo<\/td>\n<\/tr>\n<tr style=\"height: 39px\">\n<td style=\"width: 70.4%;height: 39px;background-color: #fffdd1\">Vota\u00e7\u00e3o na melhor foto em exposi\u00e7\u00e3o (Fase 1 &#8211; Mar\u00e7o)<\/td>\n<td style=\"width: 29.6%;height: 39px;background-color: #fffdd1\">De 07 a 09 de abril<\/td>\n<\/tr>\n<tr style=\"height: 39px\">\n<td style=\"width: 70.4%;height: 39px;background-color: #fffdd1\">Divulga\u00e7\u00e3o das 10 fotos mais votadas da Fase 1<\/td>\n<td style=\"width: 29.6%;height: 39px;background-color: #fffdd1\">13 de abril<\/td>\n<\/tr>\n<tr style=\"height: 39px\">\n<td style=\"width: 70.4%;height: 39px;background-color: #87ffeb\">Vota\u00e7\u00e3o na melhor foto em exposi\u00e7\u00e3o (Fase 2 &#8211; Abril)<\/td>\n<td style=\"width: 29.6%;height: 39px;background-color: #87ffeb\">De 01 a 05 de maio<\/td>\n<\/tr>\n<tr style=\"height: 39px\">\n<td style=\"width: 70.4%;height: 39px;background-color: #87ffeb\">Divulga\u00e7\u00e3o das 10 fotos mais votadas da Fase 2<\/td>\n<td style=\"width: 29.6%;height: 39px;background-color: #87ffeb\">06 de maio<\/td>\n<\/tr>\n<tr style=\"height: 39px\">\n<td style=\"width: 70.4%;height: 39px;background-color: #fffdd1\">Vota\u00e7\u00e3o na melhor foto em exposi\u00e7\u00e3o (Fase 3 &#8211; Maio)<\/td>\n<td style=\"width: 29.6%;height: 39px;background-color: #fffdd1\">De 01 a 07 de junho<\/td>\n<\/tr>\n<tr style=\"height: 39px\">\n<td style=\"width: 70.4%;height: 39px;background-color: #fffdd1\">Divulga\u00e7\u00e3o das 10 fotos mais votadas da Fase 3<\/td>\n<td style=\"width: 29.6%;height: 39px;background-color: #fffdd1\">08 de junho<\/td>\n<\/tr>\n<tr>\n<td style=\"width: 70.4%;background-color: #87ffeb\">Vota\u00e7\u00e3o na melhor foto em exposi\u00e7\u00e3o (Fase 4 &#8211; Junho)<\/td>\n<td style=\"width: 29.6%;background-color: #87ffeb\">De 01 a 05 de julho<\/td>\n<\/tr>\n<tr>\n<td style=\"width: 70.4%;background-color: #87ffeb\">Divulga\u00e7\u00e3o das 10 fotos mais votadas da Fase 4<\/td>\n<td style=\"width: 29.6%;background-color: #87ffeb\">06 de julho<\/td>\n<\/tr>\n<\/tbody>\n<\/table>\n<h4 style=\"text-align: justify\">OBSERVA\u00c7\u00d5ES IMPORTANTES:<\/h4>\n<ol style=\"text-align: justify\">\n<li>Todas as fotos enviadas passar\u00e3o por uma verifica\u00e7\u00e3o de conte\u00fado. Fotografias com conte\u00fado destoante do tema, ofensivo ou indigno, n\u00e3o ser\u00e3o publicadas.<\/li>\n<li>Os depoimentos podem ser enviados em portugu\u00eas, espanhol e ingl\u00eas. N\u00e3o ser\u00e3o traduzidos.<\/li>\n<li>N\u00e3o h\u00e1 premia\u00e7\u00e3o. No entanto, se houver mais de uma edi\u00e7\u00e3o, as fotografias mais votadas poder\u00e3o ser publicadas em um cat\u00e1logo eletr\u00f4nico. Neste caso, poder\u00e1 ser solicitado a cada autor um resumo biogr\u00e1fico.<\/li>\n<li>A fotografia n\u00e3o ser\u00e1 publicada pela UFPel em qualquer outro site.<\/li>\n<\/ol>\n<p style=\"text-align: justify\">PARTICIPE! SUA VIS\u00c3O DO MUNDO A PARTIR DE ONDE VC SE ENCONTRA PODE AJUDAR OUTRAS PESSOAS A ENTENDER COMO \u00c9 IMPORTANTE CONTRIBUIR COM AS MEDIDAS DE SEGURAN\u00c7A PARA O COMBATE \u00c0 COVID-19.<\/p>\n<div style=\"text-align: justify\"><\/div>\n<div style=\"text-align: justify\"><\/div>\n<div style=\"text-align: justify\"><strong><a href=\"https:\/\/wp.ufpel.edu.br\/prectaolongetaoperto\/galeria\/\">Acesse a galeria completa clicando aqui.<\/a><\/strong><\/div>\n","protected":false},"excerpt":{"rendered":"<p>Sobre o concurso: DA MINHA JANELA Este \u00e9 um convite para todas as pessoas, de qualquer lugar e qualquer idade, que queiram participar da exposi\u00e7\u00e3o e concurso online de fotografias DA MINHA JANELA. O tema pretende que as pessoas que est\u00e3o atendendo \u00e0 orienta\u00e7\u00e3o de isolamento social, que est\u00e1 ocorrendo em v\u00e1rios pa\u00edses, expressem solidariedade &hellip; <\/p>\n<p><a class=\"more-link btn\" href=\"https:\/\/wp.ufpel.edu.br\/prectaolongetaoperto\/concurso-de-fotos\/\">Continue lendo<\/a><\/p>\n","protected":false},"author":990,"featured_media":792,"parent":0,"menu_order":0,"comment_status":"closed","ping_status":"closed","template":"","meta":{"footnotes":""},"class_list":["post-5","page","type-page","status-publish","has-post-thumbnail","hentry","nodate","item-wrap"],"jetpack_sharing_enabled":true,"jetpack-related-posts":[],"_links":{"self":[{"href":"https:\/\/wp.ufpel.edu.br\/prectaolongetaoperto\/wp-json\/wp\/v2\/pages\/5","targetHints":{"allow":["GET"]}}],"collection":[{"href":"https:\/\/wp.ufpel.edu.br\/prectaolongetaoperto\/wp-json\/wp\/v2\/pages"}],"about":[{"href":"https:\/\/wp.ufpel.edu.br\/prectaolongetaoperto\/wp-json\/wp\/v2\/types\/page"}],"author":[{"embeddable":true,"href":"https:\/\/wp.ufpel.edu.br\/prectaolongetaoperto\/wp-json\/wp\/v2\/users\/990"}],"replies":[{"embeddable":true,"href":"https:\/\/wp.ufpel.edu.br\/prectaolongetaoperto\/wp-json\/wp\/v2\/comments?post=5"}],"version-history":[{"count":42,"href":"https:\/\/wp.ufpel.edu.br\/prectaolongetaoperto\/wp-json\/wp\/v2\/pages\/5\/revisions"}],"predecessor-version":[{"id":1200,"href":"https:\/\/wp.ufpel.edu.br\/prectaolongetaoperto\/wp-json\/wp\/v2\/pages\/5\/revisions\/1200"}],"wp:featuredmedia":[{"embeddable":true,"href":"https:\/\/wp.ufpel.edu.br\/prectaolongetaoperto\/wp-json\/wp\/v2\/media\/792"}],"wp:attachment":[{"href":"https:\/\/wp.ufpel.edu.br\/prectaolongetaoperto\/wp-json\/wp\/v2\/media?parent=5"}],"curies":[{"name":"wp","href":"https:\/\/api.w.org\/{rel}","templated":true}]}}