{"id":486,"date":"2020-04-05T13:00:47","date_gmt":"2020-04-05T16:00:47","guid":{"rendered":"https:\/\/wp.ufpel.edu.br\/prectaolongetaoperto\/?page_id=486"},"modified":"2020-04-08T11:57:50","modified_gmt":"2020-04-08T14:57:50","slug":"cine-em-casa","status":"publish","type":"page","link":"https:\/\/wp.ufpel.edu.br\/prectaolongetaoperto\/cine-em-casa\/","title":{"rendered":"Cine em casa"},"content":{"rendered":"<table class=\" alignleft\">\n<tbody>\n<tr>\n<td>\n<p style=\"text-align: justify\"><strong>Casa de Cinema de Porto Alegre libera 43 t\u00edtulos gratuitamente<\/strong><\/p>\n<p style=\"text-align: justify\">A\u00a0<strong>Casa de Cinema de Porto Alegre<\/strong>\u00a0disponibilizou 43 t\u00edtulos para visualiza\u00e7\u00e3o gratuita por streaming, atrav\u00e9s do canal da produtora no Vimeo, produzidos ao longo de 32 anos de atividades. A ideia \u00e9 entreter o p\u00fablico que sabe que deve ficar em casa durante a quarentena em preven\u00e7\u00e3o ao COVID-19.<\/p>\n<p style=\"text-align: justify\">A s\u00e9rie\u00a0<strong><em>Grandes Cenas<\/em><\/strong>, produzida para o Canal Curta!, teve as duas temporadas liberadas na \u00edntegra. O projeto, que estreou em 2016, conta com 22 epis\u00f3dios de 15min dirigidos por\u00a0<strong>Ana Luiza Azevedo e Vicente Moreno<\/strong>. A s\u00e9rie documental traz a cada epis\u00f3dio, a an\u00e1lise de uma grande cena de filmes brasileiros e latino-americanos. Participam das entrevistas nomes como\u00a0<strong>Fernanda Montenegro, Jorge Furtado, Murilo Salles, Pablo Stoll, Pablo Trapero<\/strong>, entre outros.<\/p>\n<p style=\"text-align: justify\">A sele\u00e7\u00e3o\u00a0<strong><em>Fique na Casa<\/em><\/strong>\u00a0conta com epis\u00f3dios de s\u00e9ries documentais e de fic\u00e7\u00e3o, curtas e longas-metragens, parte deles com legendas (opcionais) em ingl\u00eas, espanhol e portugu\u00eas, incluindo tr\u00eas espet\u00e1culos do\u00a0<strong>Grupo Cuidado que Mancha<\/strong>, especialmente destinados \u00e0s crian\u00e7as de todas as idades.<\/p>\n<p><img data-recalc-dims=\"1\" loading=\"lazy\" decoding=\"async\" data-attachment-id=\"490\" data-permalink=\"https:\/\/wp.ufpel.edu.br\/prectaolongetaoperto\/cine-em-casa\/captura-de-tela-2020-04-03-as-16-22-13\/\" data-orig-file=\"https:\/\/i0.wp.com\/wp.ufpel.edu.br\/prectaolongetaoperto\/files\/2020\/04\/Captura-de-Tela-2020-04-03-a%CC%80s-16.22.13.png?fit=1492%2C974&amp;ssl=1\" data-orig-size=\"1492,974\" data-comments-opened=\"0\" data-image-meta=\"{&quot;aperture&quot;:&quot;0&quot;,&quot;credit&quot;:&quot;&quot;,&quot;camera&quot;:&quot;&quot;,&quot;caption&quot;:&quot;&quot;,&quot;created_timestamp&quot;:&quot;0&quot;,&quot;copyright&quot;:&quot;&quot;,&quot;focal_length&quot;:&quot;0&quot;,&quot;iso&quot;:&quot;0&quot;,&quot;shutter_speed&quot;:&quot;0&quot;,&quot;title&quot;:&quot;&quot;,&quot;orientation&quot;:&quot;0&quot;}\" data-image-title=\"Captura de Tela 2020-04-03 a\u0300s 16.22.13\" data-image-description=\"\" data-image-caption=\"\" data-medium-file=\"https:\/\/i0.wp.com\/wp.ufpel.edu.br\/prectaolongetaoperto\/files\/2020\/04\/Captura-de-Tela-2020-04-03-a%CC%80s-16.22.13.png?fit=400%2C261&amp;ssl=1\" data-large-file=\"https:\/\/i0.wp.com\/wp.ufpel.edu.br\/prectaolongetaoperto\/files\/2020\/04\/Captura-de-Tela-2020-04-03-a%CC%80s-16.22.13.png?fit=750%2C489&amp;ssl=1\" class=\"alignnone size-full wp-image-490\" src=\"https:\/\/i0.wp.com\/wp.ufpel.edu.br\/prectaolongetaoperto\/files\/2020\/04\/Captura-de-Tela-2020-04-03-a%CC%80s-16.22.13.png?resize=750%2C490&#038;ssl=1\" alt=\"\" width=\"750\" height=\"490\" srcset=\"https:\/\/i0.wp.com\/wp.ufpel.edu.br\/prectaolongetaoperto\/files\/2020\/04\/Captura-de-Tela-2020-04-03-a%CC%80s-16.22.13.png?w=1492&amp;ssl=1 1492w, https:\/\/i0.wp.com\/wp.ufpel.edu.br\/prectaolongetaoperto\/files\/2020\/04\/Captura-de-Tela-2020-04-03-a%CC%80s-16.22.13.png?resize=400%2C261&amp;ssl=1 400w, https:\/\/i0.wp.com\/wp.ufpel.edu.br\/prectaolongetaoperto\/files\/2020\/04\/Captura-de-Tela-2020-04-03-a%CC%80s-16.22.13.png?resize=1024%2C668&amp;ssl=1 1024w, https:\/\/i0.wp.com\/wp.ufpel.edu.br\/prectaolongetaoperto\/files\/2020\/04\/Captura-de-Tela-2020-04-03-a%CC%80s-16.22.13.png?resize=768%2C501&amp;ssl=1 768w\" sizes=\"auto, (max-width: 750px) 100vw, 750px\" \/><\/p>\n<p><strong>Acesse e assista:<\/strong><\/p>\n<p><a href=\"https:\/\/www.rogerlerina.com.br\/post\/17587\/casa-de-cinema-de-porto-alegre-libera-43-titulos-gratuitamente?mc_cid=91c53db561&amp;mc_eid=9c673d3f15\" data-saferedirecturl=\"https:\/\/www.google.com\/url?q=https:\/\/www.rogerlerina.com.br\/post\/17587\/casa-de-cinema-de-porto-alegre-libera-43-titulos-gratuitamente?mc_cid%3D91c53db561%26mc_eid%3D9c673d3f15&amp;source=gmail&amp;ust=1586188789987000&amp;usg=AFQjCNGLp7C9rle8q4db--pbaAEiG2JfNw\">https:\/\/www.rogerlerina.com.br\/post\/17587\/casa-de-cinema-de-porto-alegre-libera-43-titulos-gratuitamente?mc_cid=91c53db561&amp;mc_eid=9c673d3f15<\/a><\/td>\n<\/tr>\n<\/tbody>\n<\/table>\n<p style=\"text-align: left\">\n","protected":false},"excerpt":{"rendered":"<p>Casa de Cinema de Porto Alegre libera 43 t\u00edtulos gratuitamente A\u00a0Casa de Cinema de Porto Alegre\u00a0disponibilizou 43 t\u00edtulos para visualiza\u00e7\u00e3o gratuita por streaming, atrav\u00e9s do canal da produtora no Vimeo, produzidos ao longo de 32 anos de atividades. A ideia \u00e9 entreter o p\u00fablico que sabe que deve ficar em casa durante a quarentena em &hellip; <\/p>\n<p><a class=\"more-link btn\" href=\"https:\/\/wp.ufpel.edu.br\/prectaolongetaoperto\/cine-em-casa\/\">Continue lendo<\/a><\/p>\n","protected":false},"author":990,"featured_media":0,"parent":0,"menu_order":0,"comment_status":"closed","ping_status":"closed","template":"","meta":{"footnotes":""},"class_list":["post-486","page","type-page","status-publish","hentry","nodate","item-wrap"],"jetpack_sharing_enabled":true,"jetpack-related-posts":[],"_links":{"self":[{"href":"https:\/\/wp.ufpel.edu.br\/prectaolongetaoperto\/wp-json\/wp\/v2\/pages\/486","targetHints":{"allow":["GET"]}}],"collection":[{"href":"https:\/\/wp.ufpel.edu.br\/prectaolongetaoperto\/wp-json\/wp\/v2\/pages"}],"about":[{"href":"https:\/\/wp.ufpel.edu.br\/prectaolongetaoperto\/wp-json\/wp\/v2\/types\/page"}],"author":[{"embeddable":true,"href":"https:\/\/wp.ufpel.edu.br\/prectaolongetaoperto\/wp-json\/wp\/v2\/users\/990"}],"replies":[{"embeddable":true,"href":"https:\/\/wp.ufpel.edu.br\/prectaolongetaoperto\/wp-json\/wp\/v2\/comments?post=486"}],"version-history":[{"count":5,"href":"https:\/\/wp.ufpel.edu.br\/prectaolongetaoperto\/wp-json\/wp\/v2\/pages\/486\/revisions"}],"predecessor-version":[{"id":1439,"href":"https:\/\/wp.ufpel.edu.br\/prectaolongetaoperto\/wp-json\/wp\/v2\/pages\/486\/revisions\/1439"}],"wp:attachment":[{"href":"https:\/\/wp.ufpel.edu.br\/prectaolongetaoperto\/wp-json\/wp\/v2\/media?parent=486"}],"curies":[{"name":"wp","href":"https:\/\/api.w.org\/{rel}","templated":true}]}}