{"id":42,"date":"2020-03-26T16:12:48","date_gmt":"2020-03-26T19:12:48","guid":{"rendered":"https:\/\/wp.ufpel.edu.br\/prectaolongetaoperto\/?page_id=42"},"modified":"2020-05-09T15:42:37","modified_gmt":"2020-05-09T18:42:37","slug":"lives","status":"publish","type":"page","link":"https:\/\/wp.ufpel.edu.br\/prectaolongetaoperto\/lives\/","title":{"rendered":"Lives"},"content":{"rendered":"<p style=\"text-align: justify\">N\u00f3s, daqui!<\/p>\n<p style=\"text-align: justify\">Este \u00e9 um convite para todas as pessoas, de qualquer lugar e qualquer idade, participarem da a\u00e7\u00e3o N\u00d3S, DAQUI! enviando <a href=\"https:\/\/forms.gle\/LVzptSeQerFQ9Cj66\"><strong>aqui<\/strong> <\/a>, lives de m\u00fasica, para compartilhamento de apresenta\u00e7\u00f5es curtas que possam ser veiculadas na plataforma Youtube como proposta de cultura em per\u00edodos de isolamento. O tema pretende que as pessoas que est\u00e3o atendendo \u00e0 orienta\u00e7\u00e3o de isolamento social, que est\u00e1 ocorrendo em v\u00e1rios pa\u00edses, expressem solidariedade e positividade apresentando o seu olhar sobre proteger a si e aos demais atrav\u00e9s do simples cuidado em ficar em casa.<\/p>\n<p><strong>\u00a0<\/strong><\/p>\n<h4><span style=\"font-size: 14pt\"><strong>Leandro Maia &#8211; Samba da P\u00e1scoa (2015)<\/strong><\/span><\/h4>\n<div class=\"embed-container\"><iframe loading=\"lazy\" title=\"SAMBA DA PASCOA (Leandro Maia)\" width=\"750\" height=\"422\" src=\"https:\/\/www.youtube.com\/embed\/fYeNCqppspg?feature=oembed\" frameborder=\"0\" allow=\"accelerometer; autoplay; encrypted-media; gyroscope; picture-in-picture\" allowfullscreen><\/iframe><\/div>\n<p>&nbsp;<\/p>\n<h4><span style=\"font-size: 14pt\"><strong>Hanac Pachap en el Valle Sagrado de Cuzco<\/strong><\/span><\/h4>\n<div style=\"width: 750px;\" class=\"wp-video\"><video class=\"wp-video-shortcode\" id=\"video-42-1\" width=\"750\" height=\"420\" preload=\"metadata\" controls=\"controls\"><source type=\"video\/mp4\" src=\"https:\/\/wp.ufpel.edu.br\/prectaolongetaoperto\/files\/2020\/04\/90044365_524492548502349_3832075533521256448_n.mp4?_=1\" \/><a href=\"https:\/\/wp.ufpel.edu.br\/prectaolongetaoperto\/files\/2020\/04\/90044365_524492548502349_3832075533521256448_n.mp4\">https:\/\/wp.ufpel.edu.br\/prectaolongetaoperto\/files\/2020\/04\/90044365_524492548502349_3832075533521256448_n.mp4<\/a><\/video><\/div>\n<p style=\"text-align: center\"><span style=\"font-size: 10pt\">La Orquesta de Instrumentos Aut\u00f3ctonos y Nuevas Tecnolog\u00edas Untref interpreta HANAC PACHAP, primera obra coral de la Historia de Am\u00e9rica, en Quechua, en el Valle Sagrado de Cuzco. <\/span><span style=\"font-size: 10pt\">Dire\u00e7\u00e3o: Alejandro Iglesias Rossi<\/span><\/p>\n<h4><\/h4>\n<h4><span style=\"font-size: 14pt\"><strong>Ludmila e Leo Santana &#8211; Invocada &#8211; Vers\u00e3o Metal (2020) &#8211;\u00a0Papel Teixeira<\/strong><\/span><\/h4>\n<div class=\"embed-container\"><iframe loading=\"lazy\" title=\"Ludmila e L\u00e9o Santana - Invocada - TUDO VIRA METAL por Papel Teixeira\" width=\"750\" height=\"422\" src=\"https:\/\/www.youtube.com\/embed\/40jwG-bHNas?feature=oembed\" frameborder=\"0\" allow=\"accelerometer; autoplay; encrypted-media; gyroscope; picture-in-picture\" allowfullscreen><\/iframe><\/div>\n<p>&nbsp;<\/p>\n<h4><span style=\"font-size: 14pt\"><strong>Tom Jobim &#8211; Wave Instrumental (2017) &#8211; Papel Teixeira<br \/>\n<\/strong><\/span><\/h4>\n<div class=\"embed-container\"><iframe loading=\"lazy\" title=\"Wave - Tom Jobim por Papel Teixeira e Kevin Prado\" width=\"750\" height=\"422\" src=\"https:\/\/www.youtube.com\/embed\/eH1IPDxqeDM?feature=oembed\" frameborder=\"0\" allow=\"accelerometer; autoplay; encrypted-media; gyroscope; picture-in-picture\" allowfullscreen><\/iframe><\/div>\n<p>&nbsp;<\/p>\n<h4><\/h4>\n<h4><span style=\"font-size: 14pt\"><strong>Racer X- Technical Difficulties Cover &#8211; Papel Teixeira (2019)<\/strong><\/span><\/h4>\n<div class=\"embed-container\"><iframe loading=\"lazy\" title=\"Technical Difficulties - Racer X by Papel Teixeira\" width=\"750\" height=\"563\" src=\"https:\/\/www.youtube.com\/embed\/PUqAkoqItso?feature=oembed\" frameborder=\"0\" allow=\"accelerometer; autoplay; encrypted-media; gyroscope; picture-in-picture\" allowfullscreen><\/iframe><\/div>\n<h4><\/h4>\n<h4><span style=\"font-size: 14pt\"><strong>Noturnal &#8211; No Turn At All (Vers\u00e3o Instrumental) &#8211; Papel Teixeira (2014)<\/strong><\/span><\/h4>\n<div class=\"embed-container\"><iframe loading=\"lazy\" title=\"Noturnall - No Turn At All by Papel Teixeira\" width=\"750\" height=\"563\" src=\"https:\/\/www.youtube.com\/embed\/Q7ezKG4aSsU?feature=oembed\" frameborder=\"0\" allow=\"accelerometer; autoplay; encrypted-media; gyroscope; picture-in-picture\" allowfullscreen><\/iframe><\/div>\n<h4><\/h4>\n<h4 class=\"title style-scope ytd-video-primary-info-renderer\"><span style=\"font-size: 14pt\">Chorei Sem Querer &#8211; Bipolar<\/span><\/h4>\n<div class=\"embed-container\"><iframe loading=\"lazy\" title=\"Chorei Sem Querer - Bipolar\" width=\"750\" height=\"422\" src=\"https:\/\/www.youtube.com\/embed\/bAAf0OFBC2g?feature=oembed\" frameborder=\"0\" allow=\"accelerometer; autoplay; encrypted-media; gyroscope; picture-in-picture\" allowfullscreen><\/iframe><\/div>\n<p style=\"text-align: center\"><span style=\"font-size: 10pt\">Composi\u00e7\u00e3o: Vasco Jean Azevedo e Gustavo Mustaf\u00e9; .Arranjo: Chorei Sem Querer;\u00a0 <\/span><span style=\"font-size: 10pt\">Mixagem e masteriza\u00e7\u00e3o: Lucas Roma; <\/span><span style=\"font-size: 10pt\">Gravado ao vivo por Rodrigo &#8220;Esmute&#8221; Farias no Vila Santa Eul\u00e1lia Hostel.<\/span><\/p>\n<h4><\/h4>\n<h4 class=\"title style-scope ytd-video-primary-info-renderer\"><span style=\"font-size: 14pt\">Esnaola &#8211; El Desamor &#8211; Renata Gon\u00e7alves<\/span><\/h4>\n<div class=\"embed-container\"><iframe loading=\"lazy\" title=\"ESNAOLA - EL DESAMOR - RENATA GON\u00c7ALVES\" width=\"750\" height=\"563\" src=\"https:\/\/www.youtube.com\/embed\/ZEaWgflc1UM?feature=oembed\" frameborder=\"0\" allow=\"accelerometer; autoplay; encrypted-media; gyroscope; picture-in-picture\" allowfullscreen><\/iframe><\/div>\n<p style=\"text-align: center\"><span style=\"font-size: 10pt\">Voz: Renata Gon\u00e7alves\u00a0\u00a0\u00a0\u00a0\u00a0\u00a0\u00a0\u00a0\u00a0\u00a0\u00a0\u00a0 <\/span><span style=\"font-size: 10pt\">Pianista: Tom\u00e1s Storino<\/span><\/p>\n<p><span style=\"font-size: 14pt\"><strong>\u00a0<\/strong><\/span><\/p>\n<h4>Doidivanas &#8211; <span class=\"style-scope yt-formatted-string\" dir=\"auto\">Pr\u00f3ximos Distantes<\/span><\/h4>\n<div class=\"embed-container\"><iframe loading=\"lazy\" title=\"Pr\u00f3ximos Distantes (clipe oficial) #FiqueEmCasa #Comigo\" width=\"750\" height=\"422\" src=\"https:\/\/www.youtube.com\/embed\/videoseries?list=PLpiyR1uKLpf5sWJqSvwGRnxHQz4UgI-5A\" frameborder=\"0\" allow=\"accelerometer; autoplay; encrypted-media; gyroscope; picture-in-picture\" allowfullscreen><\/iframe><\/div>\n<p style=\"text-align: center\"><span class=\"style-scope yt-formatted-string\" dir=\"auto\" style=\"font-size: 10pt\">Em \u00e9poca de distanciamento social, o que aproxima as pessoas s\u00e3o os verdadeiros la\u00e7os de afeto. Quem est\u00e1 longe, est\u00e1 perto!<\/span><\/p>\n","protected":false},"excerpt":{"rendered":"<p>N\u00f3s, daqui! Este \u00e9 um convite para todas as pessoas, de qualquer lugar e qualquer idade, participarem da a\u00e7\u00e3o N\u00d3S, DAQUI! enviando aqui , lives de m\u00fasica, para compartilhamento de apresenta\u00e7\u00f5es curtas que possam ser veiculadas na plataforma Youtube como proposta de cultura em per\u00edodos de isolamento. O tema pretende que as pessoas que est\u00e3o &hellip; <\/p>\n<p><a class=\"more-link btn\" href=\"https:\/\/wp.ufpel.edu.br\/prectaolongetaoperto\/lives\/\">Continue lendo<\/a><\/p>\n","protected":false},"author":990,"featured_media":706,"parent":0,"menu_order":0,"comment_status":"closed","ping_status":"closed","template":"","meta":{"footnotes":""},"class_list":["post-42","page","type-page","status-publish","has-post-thumbnail","hentry","nodate","item-wrap"],"jetpack_sharing_enabled":true,"jetpack-related-posts":[],"_links":{"self":[{"href":"https:\/\/wp.ufpel.edu.br\/prectaolongetaoperto\/wp-json\/wp\/v2\/pages\/42","targetHints":{"allow":["GET"]}}],"collection":[{"href":"https:\/\/wp.ufpel.edu.br\/prectaolongetaoperto\/wp-json\/wp\/v2\/pages"}],"about":[{"href":"https:\/\/wp.ufpel.edu.br\/prectaolongetaoperto\/wp-json\/wp\/v2\/types\/page"}],"author":[{"embeddable":true,"href":"https:\/\/wp.ufpel.edu.br\/prectaolongetaoperto\/wp-json\/wp\/v2\/users\/990"}],"replies":[{"embeddable":true,"href":"https:\/\/wp.ufpel.edu.br\/prectaolongetaoperto\/wp-json\/wp\/v2\/comments?post=42"}],"version-history":[{"count":24,"href":"https:\/\/wp.ufpel.edu.br\/prectaolongetaoperto\/wp-json\/wp\/v2\/pages\/42\/revisions"}],"predecessor-version":[{"id":1390,"href":"https:\/\/wp.ufpel.edu.br\/prectaolongetaoperto\/wp-json\/wp\/v2\/pages\/42\/revisions\/1390"}],"wp:featuredmedia":[{"embeddable":true,"href":"https:\/\/wp.ufpel.edu.br\/prectaolongetaoperto\/wp-json\/wp\/v2\/media\/706"}],"wp:attachment":[{"href":"https:\/\/wp.ufpel.edu.br\/prectaolongetaoperto\/wp-json\/wp\/v2\/media?parent=42"}],"curies":[{"name":"wp","href":"https:\/\/api.w.org\/{rel}","templated":true}]}}