{"id":41,"date":"2020-03-26T16:12:48","date_gmt":"2020-03-26T19:12:48","guid":{"rendered":"https:\/\/wp.ufpel.edu.br\/prectaolongetaoperto\/?page_id=41"},"modified":"2020-04-01T16:08:34","modified_gmt":"2020-04-01T19:08:34","slug":"videos-2","status":"publish","type":"page","link":"https:\/\/wp.ufpel.edu.br\/prectaolongetaoperto\/videos-2\/","title":{"rendered":"Videos"},"content":{"rendered":"<p style=\"text-align: justify\"><span style=\"font-weight: 400\">Os v\u00eddeos que est\u00e3o aqui foram produzidos pela equipe do Projeto de Extens\u00e3o da UFPel Barraca da Sa\u00fade. S\u00e3o informativos curtos contendo dicas de como melhor se proteger das formas de cont\u00e1gio do Covid-19. S\u00e3o resultado do trabalho em parceria dos alunos de Enfermagem com os de Jornalismo e de Letras da Universidade Federal de Pelotas.<\/span><\/p>\n<p style=\"text-align: justify\"><span style=\"font-size: 14pt\"><strong>A Giulia, estudante de enfermagem conta mais sobre como se proteger contra o novo Coronav\u00edrus, e em libras!<\/strong><\/span><\/p>\n<p style=\"text-align: justify\">Grava\u00e7\u00e3o e edi\u00e7\u00e3o: Jessica Alves e Nathianni Gomes<br \/>\nBarraca da Sa\u00fade, um projeto de extens\u00e3o do curso de Enfermagem em parceria com a Pr\u00f3 Reitoria de Extens\u00e3o e Cultura da UFPel.<\/p>\n<p style=\"text-align: justify\">#coronav\u00edrus #preven\u00e7\u00e3o #libras #prasurdoouvir<\/p>\n<div style=\"width: 400px;\" class=\"wp-video\"><video class=\"wp-video-shortcode\" id=\"video-41-1\" width=\"400\" height=\"226\" preload=\"metadata\" controls=\"controls\"><source type=\"video\/mp4\" src=\"https:\/\/wp.ufpel.edu.br\/prectaolongetaoperto\/files\/2020\/03\/90996396_1138790469790694_6070117858287812608_n.mp4?_=1\" \/><a href=\"https:\/\/wp.ufpel.edu.br\/prectaolongetaoperto\/files\/2020\/03\/90996396_1138790469790694_6070117858287812608_n.mp4\">https:\/\/wp.ufpel.edu.br\/prectaolongetaoperto\/files\/2020\/03\/90996396_1138790469790694_6070117858287812608_n.mp4<\/a><\/video><\/div>\n<p style=\"text-align: justify\"><span style=\"font-size: 14pt\"><strong>A estudante de enfermagem Camila Oliveira da mais dicas sobre como se proteger contra o novo Coronav\u00edrus, e em libras!<\/strong><\/span><\/p>\n<p style=\"text-align: justify\">Grava\u00e7\u00e3o: Camila Oliveira.<br \/>\nEdi\u00e7\u00e3o: Nathianni Gomes<br \/>\nBarraca da Sa\u00fade, um projeto de extens\u00e3o do curso de Enfermagem em parceria com a Pr\u00f3 Reitoria de Extens\u00e3o e Cultura da UFPel.<\/p>\n<div style=\"width: 400px;\" class=\"wp-video\"><video class=\"wp-video-shortcode\" id=\"video-41-2\" width=\"400\" height=\"222\" preload=\"metadata\" controls=\"controls\"><source type=\"video\/mp4\" src=\"https:\/\/wp.ufpel.edu.br\/prectaolongetaoperto\/files\/2020\/03\/91041639_2294404500662158_7775794846366695424_n.mp4?_=2\" \/><a href=\"https:\/\/wp.ufpel.edu.br\/prectaolongetaoperto\/files\/2020\/03\/91041639_2294404500662158_7775794846366695424_n.mp4\">https:\/\/wp.ufpel.edu.br\/prectaolongetaoperto\/files\/2020\/03\/91041639_2294404500662158_7775794846366695424_n.mp4<\/a><\/video><\/div>\n<p style=\"text-align: justify\">Edi\u00e7\u00e3o: J\u00e9ssica Lopes<br \/>\nBarraca da Sa\u00fade, um projeto de extens\u00e3o do curso de Enfermagem em parceria com a Pr\u00f3 Reitoria de Extens\u00e3o e Cultura da UFPel.<\/p>\n<div style=\"width: 400px;\" class=\"wp-video\"><video class=\"wp-video-shortcode\" id=\"video-41-3\" width=\"400\" height=\"400\" preload=\"metadata\" controls=\"controls\"><source type=\"video\/mp4\" src=\"https:\/\/wp.ufpel.edu.br\/prectaolongetaoperto\/files\/2020\/03\/91127058_215057586512785_4142047828694269952_n.mp4?_=3\" \/><a href=\"https:\/\/wp.ufpel.edu.br\/prectaolongetaoperto\/files\/2020\/03\/91127058_215057586512785_4142047828694269952_n.mp4\">https:\/\/wp.ufpel.edu.br\/prectaolongetaoperto\/files\/2020\/03\/91127058_215057586512785_4142047828694269952_n.mp4<\/a><\/video><\/div>\n<div class=\"n1l5q3vz\" style=\"text-align: justify\">\n<div class=\"ni8dbmo4 stjgntxs ltmttdrg g0qnabr5\" title=\"COMO SE PREVENIR CONTRA O CORONAV\u00cdRUS (LIBRAS)\"><span style=\"font-size: 14pt\"><strong>COMO SE PREVENIR CONTRA O CORONAV\u00cdRUS (LIBRAS)<\/strong><\/span><\/div>\n<div title=\"COMO SE PREVENIR CONTRA O CORONAV\u00cdRUS (LIBRAS)\"><\/div>\n<\/div>\n<div class=\"buofh1pr owomucta n1l5q3vz cxmmr5t8 enqfppq2 hcukyx3x hihg3u9x ggxiycxj qv66sw1b\" style=\"text-align: justify\">\n<p><span class=\"oi732d6d ik7dh3pa d2edcug0 qv66sw1b c1et5uql a8c37x1j hop8lmos enqfppq2 e9vueds3 j5wam9gi knj5qynh m9osqain\" dir=\"auto\">Vem saber como se prevenir contra o novo Coronav\u00edrus e o que fazer caso haja suspeita de cont\u00e1gio.<\/span><\/p>\n<p>Data de grava\u00e7\u00e3o: 13 de mar\u00e7o de 2020<br \/>\nGrava\u00e7\u00e3o e edi\u00e7\u00e3o: Jessica Alves<br \/>\nBarraca da Sa\u00fade, um projeto de extens\u00e3o do curso de Enfermagem em parceria com a Pr\u00f3 Reitoria de Extens\u00e3o e Cultura da UFPel.<\/p>\n<\/div>\n<div style=\"text-align: justify\"><\/div>\n<div style=\"width: 400px;\" class=\"wp-video\"><video class=\"wp-video-shortcode\" id=\"video-41-4\" width=\"400\" height=\"226\" preload=\"metadata\" controls=\"controls\"><source type=\"video\/mp4\" src=\"https:\/\/wp.ufpel.edu.br\/prectaolongetaoperto\/files\/2020\/03\/88265977_240657187104776_838840832697040896_n.mp4?_=4\" \/><a href=\"https:\/\/wp.ufpel.edu.br\/prectaolongetaoperto\/files\/2020\/03\/88265977_240657187104776_838840832697040896_n.mp4\">https:\/\/wp.ufpel.edu.br\/prectaolongetaoperto\/files\/2020\/03\/88265977_240657187104776_838840832697040896_n.mp4<\/a><\/video><\/div>\n<p style=\"text-align: justify\"><span style=\"font-size: 14pt\"><strong>COMO SE PREVENIR CONTRA O CORONAV\u00cdRUS<\/strong><\/span><\/p>\n<p style=\"text-align: justify\">Alunos: Milena Nunes, Graziela Schiler, Wilson Teixeira, Camila Sebaje, Sidnei Morales,\u00a0<a class=\"profileLink\" title=\"D\u00e1kny Machado\" href=\"https:\/\/www.facebook.com\/dakny.santosmachado?eid=ARDPmniUqu0pe1CrawLKyczHh_uvmYnq7dla-rGrhse1hLGdPl8EpqzzW7PKeaFtSf5XxmPYN_CsmUXm\" data-hovercard=\"\/ajax\/hovercard\/user.php?id=100003603222908&amp;extragetparams=%7B%22eid%22%3A%22ARDPmniUqu0pe1CrawLKyczHh_uvmYnq7dla-rGrhse1hLGdPl8EpqzzW7PKeaFtSf5XxmPYN_CsmUXm%22%7D\" data-hovercard-prefer-more-content-show=\"1\">D\u00e1kny Machado<\/a>, Sara Dias, Carlos Junior, Lucas Dellalibera<\/p>\n<p style=\"text-align: justify\">Grava\u00e7\u00e3o e edi\u00e7\u00e3o: Jessica Alves<br \/>\nBarraca da Sa\u00fade, um projeto de extens\u00e3o do curso de Enfermagem em parceria com a Pr\u00f3 Reitoria de Extens\u00e3o e Cultura da UFPel.<\/p>\n<div style=\"width: 400px;\" class=\"wp-video\"><video class=\"wp-video-shortcode\" id=\"video-41-5\" width=\"400\" height=\"226\" preload=\"metadata\" controls=\"controls\"><source type=\"video\/mp4\" src=\"https:\/\/wp.ufpel.edu.br\/prectaolongetaoperto\/files\/2020\/03\/89081573_196941921588235_6587485340976545792_n.mp4?_=5\" \/><a href=\"https:\/\/wp.ufpel.edu.br\/prectaolongetaoperto\/files\/2020\/03\/89081573_196941921588235_6587485340976545792_n.mp4\">https:\/\/wp.ufpel.edu.br\/prectaolongetaoperto\/files\/2020\/03\/89081573_196941921588235_6587485340976545792_n.mp4<\/a><\/video><\/div>\n<p style=\"text-align: justify\">\n<p style=\"text-align: justify\"><span style=\"font-size: 14pt\"><strong>O estudante de enfermagem Denyan Silveira fez um som bem legal dando mais dicas sobre como se proteger contra o novo Coronav\u00edrus!<\/strong><\/span><\/p>\n<p style=\"text-align: justify\">Grava\u00e7\u00e3o: Denyan Silveira<br \/>\nEdi\u00e7\u00e3o: Jessica Alves<br \/>\nBarraca da Sa\u00fade, um projeto de extens\u00e3o do curso de Enfermagem em parceria com a Pr\u00f3 Reitoria de Extens\u00e3o e Cultura da UFPel.<\/p>\n<div style=\"width: 216px;\" class=\"wp-video\"><video class=\"wp-video-shortcode\" id=\"video-41-6\" width=\"216\" height=\"400\" preload=\"metadata\" controls=\"controls\"><source type=\"video\/mp4\" src=\"https:\/\/wp.ufpel.edu.br\/prectaolongetaoperto\/files\/2020\/04\/91069926_218924939174349_1330919968853721088_n.mp4?_=6\" \/><a href=\"https:\/\/wp.ufpel.edu.br\/prectaolongetaoperto\/files\/2020\/04\/91069926_218924939174349_1330919968853721088_n.mp4\">https:\/\/wp.ufpel.edu.br\/prectaolongetaoperto\/files\/2020\/04\/91069926_218924939174349_1330919968853721088_n.mp4<\/a><\/video><\/div>\n","protected":false},"excerpt":{"rendered":"<p>Os v\u00eddeos que est\u00e3o aqui foram produzidos pela equipe do Projeto de Extens\u00e3o da UFPel Barraca da Sa\u00fade. S\u00e3o informativos curtos contendo dicas de como melhor se proteger das formas de cont\u00e1gio do Covid-19. S\u00e3o resultado do trabalho em parceria dos alunos de Enfermagem com os de Jornalismo e de Letras da Universidade Federal de &hellip; <\/p>\n<p><a class=\"more-link btn\" href=\"https:\/\/wp.ufpel.edu.br\/prectaolongetaoperto\/videos-2\/\">Continue lendo<\/a><\/p>\n","protected":false},"author":990,"featured_media":0,"parent":0,"menu_order":0,"comment_status":"closed","ping_status":"closed","template":"","meta":{"footnotes":""},"class_list":["post-41","page","type-page","status-publish","hentry","nodate","item-wrap"],"jetpack_sharing_enabled":true,"jetpack-related-posts":[],"_links":{"self":[{"href":"https:\/\/wp.ufpel.edu.br\/prectaolongetaoperto\/wp-json\/wp\/v2\/pages\/41","targetHints":{"allow":["GET"]}}],"collection":[{"href":"https:\/\/wp.ufpel.edu.br\/prectaolongetaoperto\/wp-json\/wp\/v2\/pages"}],"about":[{"href":"https:\/\/wp.ufpel.edu.br\/prectaolongetaoperto\/wp-json\/wp\/v2\/types\/page"}],"author":[{"embeddable":true,"href":"https:\/\/wp.ufpel.edu.br\/prectaolongetaoperto\/wp-json\/wp\/v2\/users\/990"}],"replies":[{"embeddable":true,"href":"https:\/\/wp.ufpel.edu.br\/prectaolongetaoperto\/wp-json\/wp\/v2\/comments?post=41"}],"version-history":[{"count":12,"href":"https:\/\/wp.ufpel.edu.br\/prectaolongetaoperto\/wp-json\/wp\/v2\/pages\/41\/revisions"}],"predecessor-version":[{"id":440,"href":"https:\/\/wp.ufpel.edu.br\/prectaolongetaoperto\/wp-json\/wp\/v2\/pages\/41\/revisions\/440"}],"wp:attachment":[{"href":"https:\/\/wp.ufpel.edu.br\/prectaolongetaoperto\/wp-json\/wp\/v2\/media?parent=41"}],"curies":[{"name":"wp","href":"https:\/\/api.w.org\/{rel}","templated":true}]}}