{"id":40,"date":"2020-03-26T16:12:48","date_gmt":"2020-03-26T19:12:48","guid":{"rendered":"https:\/\/wp.ufpel.edu.br\/prectaolongetaoperto\/?page_id=40"},"modified":"2020-04-08T15:03:37","modified_gmt":"2020-04-08T18:03:37","slug":"gifs-animados","status":"publish","type":"page","link":"https:\/\/wp.ufpel.edu.br\/prectaolongetaoperto\/gifs-animados\/","title":{"rendered":"Gifs Animados"},"content":{"rendered":"<p style=\"text-align: justify\">EU &#8211; TU &#8211; ELE<br \/>\nProdu\u00e7\u00e3o de Pictogramas e Gifs representativos das orienta\u00e7\u00f5es sobre preven\u00e7\u00e3o do Covid-19.<br \/>\nVoltados para crian\u00e7as e jovens, os pictogramas est\u00e3o sendo produzidos pelo artista visual e docente<br \/>\nda UFPel Jos\u00e9 Carlos Nogueira.<\/p>\n<p style=\"text-align: justify\">Os desenhos apelam para a aten\u00e7\u00e3o do p\u00fablico infantil, sobretudo na faixa et\u00e1ria do ensino fundamental, que se encontram, em muitos casos, j\u00e1 em isolamento social.<\/p>\n<p style=\"text-align: justify\">Destina-se, tamb\u00e9m, aos professores da rede municipal como material de apoio.<\/p>\n<h2 style=\"text-align: justify\"><strong>M\u00e3os limpas, sa\u00fade. M\u00e3os sujas, perigo.<\/strong><\/h2>\n<div style=\"width: 640px;\" class=\"wp-video\"><video class=\"wp-video-shortcode\" id=\"video-40-1\" width=\"640\" height=\"512\" preload=\"metadata\" controls=\"controls\"><source type=\"video\/mp4\" src=\"https:\/\/wp.ufpel.edu.br\/prectaolongetaoperto\/files\/2020\/03\/gif.mp4?_=1\" \/><a href=\"https:\/\/wp.ufpel.edu.br\/prectaolongetaoperto\/files\/2020\/03\/gif.mp4\">https:\/\/wp.ufpel.edu.br\/prectaolongetaoperto\/files\/2020\/03\/gif.mp4<\/a><\/video><\/div>\n<p><a href=\"https:\/\/wp.ufpel.edu.br\/prectaolongetaoperto\/files\/2020\/03\/gif.mp4?_=1\"><strong>Baixe o gif aqui\u00a0<\/strong><\/a><\/p>\n<h2><strong>AAA&#8230; ASSIIIM!<\/strong><\/h2>\n<div style=\"width: 640px;\" class=\"wp-video\"><video class=\"wp-video-shortcode\" id=\"video-40-2\" width=\"640\" height=\"640\" preload=\"metadata\" controls=\"controls\"><source type=\"video\/mp4\" src=\"https:\/\/wp.ufpel.edu.br\/prectaolongetaoperto\/files\/2020\/04\/f57583c1-dc4c-489f-b01a-32077e7e2991.mp4?_=2\" \/><a href=\"https:\/\/wp.ufpel.edu.br\/prectaolongetaoperto\/files\/2020\/04\/f57583c1-dc4c-489f-b01a-32077e7e2991.mp4\">https:\/\/wp.ufpel.edu.br\/prectaolongetaoperto\/files\/2020\/04\/f57583c1-dc4c-489f-b01a-32077e7e2991.mp4<\/a><\/video><\/div>\n<p>&nbsp;<\/p>\n<p><strong><span style=\"font-size: 24pt\">Perto, longe!<\/span><\/strong><\/p>\n<div style=\"width: 480px;\" class=\"wp-video\"><video class=\"wp-video-shortcode\" id=\"video-40-3\" width=\"480\" height=\"244\" preload=\"metadata\" controls=\"controls\"><source type=\"video\/mp4\" src=\"https:\/\/wp.ufpel.edu.br\/prectaolongetaoperto\/files\/2020\/04\/WhatsApp-Video-2020-04-08-at-13.29.46.mp4?_=3\" \/><a href=\"https:\/\/wp.ufpel.edu.br\/prectaolongetaoperto\/files\/2020\/04\/WhatsApp-Video-2020-04-08-at-13.29.46.mp4\">https:\/\/wp.ufpel.edu.br\/prectaolongetaoperto\/files\/2020\/04\/WhatsApp-Video-2020-04-08-at-13.29.46.mp4<\/a><\/video><\/div>\n<p><a href=\"https:\/\/wp.ufpel.edu.br\/prectaolongetaoperto\/files\/2020\/04\/WhatsApp-Video-2020-04-08-at-13.29.46.mp4\"><strong>Baixe o gif aqui\u00a0<\/strong><\/a><\/p>\n<p><span style=\"font-size: 24pt\">Fique em casa.<\/span><\/p>\n<div style=\"width: 480px;\" class=\"wp-video\"><video class=\"wp-video-shortcode\" id=\"video-40-4\" width=\"480\" height=\"518\" preload=\"metadata\" controls=\"controls\"><source type=\"video\/mp4\" src=\"https:\/\/wp.ufpel.edu.br\/prectaolongetaoperto\/files\/2020\/04\/WhatsApp-Video-2020-04-08-at-13.30.29.mp4?_=4\" \/><a href=\"https:\/\/wp.ufpel.edu.br\/prectaolongetaoperto\/files\/2020\/04\/WhatsApp-Video-2020-04-08-at-13.30.29.mp4\">https:\/\/wp.ufpel.edu.br\/prectaolongetaoperto\/files\/2020\/04\/WhatsApp-Video-2020-04-08-at-13.30.29.mp4<\/a><\/video><\/div>\n<p style=\"text-align: left\"><a href=\"https:\/\/wp.ufpel.edu.br\/prectaolongetaoperto\/files\/2020\/04\/WhatsApp-Video-2020-04-08-at-13.30.29.mp4\"><strong>Baixe o gif aqui\u00a0<\/strong><\/a><\/p>\n<p>&nbsp;<\/p>\n","protected":false},"excerpt":{"rendered":"<p>EU &#8211; TU &#8211; ELE Produ\u00e7\u00e3o de Pictogramas e Gifs representativos das orienta\u00e7\u00f5es sobre preven\u00e7\u00e3o do Covid-19. Voltados para crian\u00e7as e jovens, os pictogramas est\u00e3o sendo produzidos pelo artista visual e docente da UFPel Jos\u00e9 Carlos Nogueira. Os desenhos apelam para a aten\u00e7\u00e3o do p\u00fablico infantil, sobretudo na faixa et\u00e1ria do ensino fundamental, que se &hellip; <\/p>\n<p><a class=\"more-link btn\" href=\"https:\/\/wp.ufpel.edu.br\/prectaolongetaoperto\/gifs-animados\/\">Continue lendo<\/a><\/p>\n","protected":false},"author":990,"featured_media":0,"parent":0,"menu_order":0,"comment_status":"closed","ping_status":"closed","template":"","meta":{"footnotes":""},"class_list":["post-40","page","type-page","status-publish","hentry","nodate","item-wrap"],"jetpack_sharing_enabled":true,"jetpack-related-posts":[],"_links":{"self":[{"href":"https:\/\/wp.ufpel.edu.br\/prectaolongetaoperto\/wp-json\/wp\/v2\/pages\/40","targetHints":{"allow":["GET"]}}],"collection":[{"href":"https:\/\/wp.ufpel.edu.br\/prectaolongetaoperto\/wp-json\/wp\/v2\/pages"}],"about":[{"href":"https:\/\/wp.ufpel.edu.br\/prectaolongetaoperto\/wp-json\/wp\/v2\/types\/page"}],"author":[{"embeddable":true,"href":"https:\/\/wp.ufpel.edu.br\/prectaolongetaoperto\/wp-json\/wp\/v2\/users\/990"}],"replies":[{"embeddable":true,"href":"https:\/\/wp.ufpel.edu.br\/prectaolongetaoperto\/wp-json\/wp\/v2\/comments?post=40"}],"version-history":[{"count":15,"href":"https:\/\/wp.ufpel.edu.br\/prectaolongetaoperto\/wp-json\/wp\/v2\/pages\/40\/revisions"}],"predecessor-version":[{"id":568,"href":"https:\/\/wp.ufpel.edu.br\/prectaolongetaoperto\/wp-json\/wp\/v2\/pages\/40\/revisions\/568"}],"wp:attachment":[{"href":"https:\/\/wp.ufpel.edu.br\/prectaolongetaoperto\/wp-json\/wp\/v2\/media?parent=40"}],"curies":[{"name":"wp","href":"https:\/\/api.w.org\/{rel}","templated":true}]}}