{"id":1415,"date":"2020-07-16T11:24:02","date_gmt":"2020-07-16T14:24:02","guid":{"rendered":"https:\/\/wp.ufpel.edu.br\/prectaolongetaoperto\/?page_id=1415"},"modified":"2020-07-16T11:54:18","modified_gmt":"2020-07-16T14:54:18","slug":"cine-ufpel-on-line","status":"publish","type":"page","link":"https:\/\/wp.ufpel.edu.br\/prectaolongetaoperto\/cine-ufpel-on-line\/","title":{"rendered":"Cine UFPel On-Line"},"content":{"rendered":"\n<p class=\"has-text-align-justify\">O projeto de extens\u00e3o <strong>Cine UFPel<\/strong> exibe mostra online de curtas universit\u00e1rios pelo facebook. A proposta do projeto de extens\u00e3o sempre foi a de valorizar o cinema brasileiro e a pot\u00eancia do &nbsp;encontro nas exibi\u00e7\u00f5es presenciais gratuitas na sala da Lagoa Mirim (rua \u00c1lvaro Chaves com Lobo da Costa).<br>Por\u00e9m, diante desse cen\u00e1rio de pandemia, o Cine UFPel inicia um projeto online, com sess\u00f5es comentadas de curtas universit\u00e1rios.&nbsp;<br>Inicialmente, nas primeiras sess\u00f5es, a curadoria ir\u00e1 centrar em curtas realizados por estudantes ou ex-estudantes dos dois cursos de Cinema da UFPel. A ideia \u00e9 intercalar entre live actions e anima\u00e7\u00f5es. Depois, universit\u00e1rios de outras regi\u00f5es do Brasil ser\u00e3o convidados.&nbsp;<\/p>\n\n\n\n<p class=\"has-text-align-justify\">As sess\u00f5es ocorrer\u00e3o quinzenalmente, <strong>\u00e0s quintas-feiras, \u00e0s 18h<\/strong>, com proje\u00e7\u00e3o s\u00edncrona seguida por debate. Os espectadores poder\u00e3o participar dos debates por meio de perguntas no chat. Tudo de forma aberta e gratuita pela p\u00e1gina do projeto. <\/p>\n\n\n\n<p class=\"has-text-align-justify\">As sess\u00f5es ficam dispon\u00edveis como postagens da p\u00e1gina do Cine para quem quiser assistir depois.<\/p>\n\n\n\n<h4 class=\"wp-block-heading\"><strong>Como participar:<\/strong><\/h4>\n\n\n\n<p><a rel=\"noreferrer noopener\" href=\"http:\/\/facebook.com\/cineufpel\" target=\"_blank\">Acessando a P\u00e1gina no Facebook do projeto Cine UFPel:<\/a><\/p>\n\n\n\n<div class=\"fb-page\" data-href=\"https:\/\/www.facebook.com\/cineufpel\" data-tabs=\"timeline\" data-width=\"500\" data-height=\"\" data-small-header=\"true\" data-adapt-container-width=\"true\" data-hide-cover=\"false\" data-show-facepile=\"true\"><blockquote cite=\"https:\/\/www.facebook.com\/cineufpel\" class=\"fb-xfbml-parse-ignore\"><a href=\"https:\/\/www.facebook.com\/cineufpel\">Cine UFPEL<\/a><\/blockquote><\/div>\n\n\n\n<h4 class=\"wp-block-heading\"><strong>Agenda:<\/strong><\/h4>\n\n\n\n<p>Quinzenalmente \u00e0s quintas-feiras, \u00e0s 18 horas.<\/p>\n","protected":false},"excerpt":{"rendered":"<p>O projeto de extens\u00e3o Cine UFPel exibe mostra online de curtas universit\u00e1rios pelo facebook. A proposta do projeto de extens\u00e3o sempre foi a de valorizar o cinema brasileiro e a pot\u00eancia do &nbsp;encontro nas exibi\u00e7\u00f5es presenciais gratuitas na sala da Lagoa Mirim (rua \u00c1lvaro Chaves com Lobo da Costa).Por\u00e9m, diante desse cen\u00e1rio de pandemia, o &hellip; <\/p>\n<p><a class=\"more-link btn\" href=\"https:\/\/wp.ufpel.edu.br\/prectaolongetaoperto\/cine-ufpel-on-line\/\">Continue lendo<\/a><\/p>\n","protected":false},"author":990,"featured_media":1417,"parent":0,"menu_order":0,"comment_status":"closed","ping_status":"closed","template":"","meta":{"footnotes":""},"class_list":["post-1415","page","type-page","status-publish","has-post-thumbnail","hentry","nodate","item-wrap"],"jetpack_sharing_enabled":true,"jetpack-related-posts":[],"_links":{"self":[{"href":"https:\/\/wp.ufpel.edu.br\/prectaolongetaoperto\/wp-json\/wp\/v2\/pages\/1415","targetHints":{"allow":["GET"]}}],"collection":[{"href":"https:\/\/wp.ufpel.edu.br\/prectaolongetaoperto\/wp-json\/wp\/v2\/pages"}],"about":[{"href":"https:\/\/wp.ufpel.edu.br\/prectaolongetaoperto\/wp-json\/wp\/v2\/types\/page"}],"author":[{"embeddable":true,"href":"https:\/\/wp.ufpel.edu.br\/prectaolongetaoperto\/wp-json\/wp\/v2\/users\/990"}],"replies":[{"embeddable":true,"href":"https:\/\/wp.ufpel.edu.br\/prectaolongetaoperto\/wp-json\/wp\/v2\/comments?post=1415"}],"version-history":[{"count":15,"href":"https:\/\/wp.ufpel.edu.br\/prectaolongetaoperto\/wp-json\/wp\/v2\/pages\/1415\/revisions"}],"predecessor-version":[{"id":1437,"href":"https:\/\/wp.ufpel.edu.br\/prectaolongetaoperto\/wp-json\/wp\/v2\/pages\/1415\/revisions\/1437"}],"wp:featuredmedia":[{"embeddable":true,"href":"https:\/\/wp.ufpel.edu.br\/prectaolongetaoperto\/wp-json\/wp\/v2\/media\/1417"}],"wp:attachment":[{"href":"https:\/\/wp.ufpel.edu.br\/prectaolongetaoperto\/wp-json\/wp\/v2\/media?parent=1415"}],"curies":[{"name":"wp","href":"https:\/\/api.w.org\/{rel}","templated":true}]}}