{"id":1403,"date":"2020-07-16T08:43:29","date_gmt":"2020-07-16T11:43:29","guid":{"rendered":"https:\/\/wp.ufpel.edu.br\/prectaolongetaoperto\/?page_id=1403"},"modified":"2020-12-10T08:19:22","modified_gmt":"2020-12-10T11:19:22","slug":"sala-10-conservacao-em-pauta","status":"publish","type":"page","link":"https:\/\/wp.ufpel.edu.br\/prectaolongetaoperto\/sala-10-conservacao-em-pauta\/","title":{"rendered":"Sala 10 \u2013 Conserva\u00e7\u00e3o em Pauta"},"content":{"rendered":"\n<p class=\"has-text-align-center has-medium-font-size\">Link de acesso \u00e0 sala<strong>&nbsp;<strong><a rel=\"noreferrer noopener\" href=\"https:\/\/webconf2.ufpel.edu.br\/b\/and-w6t-uau\" target=\"_blank\">aqui<\/a><\/strong>.<\/strong><\/p>\n\n\n\n<div class=\"wp-block-columns is-layout-flex wp-container-core-columns-is-layout-9d6595d7 wp-block-columns-is-layout-flex\">\n<div class=\"wp-block-column is-layout-flow wp-block-column-is-layout-flow\">\n<p><em><strong>Mediadoras:<\/strong>&nbsp;Andr\u00e9a Bachettini e Silvana Bojanoski \u2013 PREC\/UFPel<\/em><\/p>\n<\/div>\n\n\n\n<div class=\"wp-block-column is-layout-flow wp-block-column-is-layout-flow\">\n<p style=\"font-size:12px\"><strong>Acesso livre<\/strong>&nbsp;(Dados para certifica\u00e7\u00e3o devem ser informados durante a confer\u00eancia)<\/p>\n<\/div>\n<\/div>\n\n\n\n<p><strong><em>Conte\u00fado das conversas&nbsp;<\/em><\/strong><\/p>\n\n\n\n<p class=\"has-text-align-justify\">Neste momento, durante a pandemia da COVID-19, muitos profissionais da \u00e1rea da Patrim\u00f4nio est\u00e3o procurando alternativas para mostrar os seus trabalhos e projetos, as institui\u00e7\u00f5es que trabalham com a preserva\u00e7\u00e3o da mem\u00f3ria e do patrim\u00f4nio est\u00e3o desde mar\u00e7o com as portas fechadas e tiveram que enfrentar este per\u00edodo de isolamento se redescobrindo, procurando alternativas para divulgar seus trabalhos, assim como os profissionais ligados a esta tem\u00e1tica. Muitos institui\u00e7\u00f5es tiveram que se reinventar, os projetos passaram por readequa\u00e7\u00f5es para acontecer em ambientes virtuais e nas redes sociais. Por isso a ACOR-RS buscou a Rede de Museus da UFPel para estabelecer esta parceria com este projeto de extens\u00e3o que se chama \u201cConserva\u00e7\u00e3o em Pauta\u201d, que pretende apresentar diversos profissionais, trabalhos e institui\u00e7\u00f5es envolvidas com a preserva\u00e7\u00e3o do patrim\u00f4nio material e imaterial brasileiro, como forma de fortalecer o di\u00e1logo com a sociedade e o p\u00fablico. O projeto \u201cConserva\u00e7\u00e3o em Pauta\u201d proporcionar\u00e1 um di\u00e1logo &nbsp;entre diversos setores que compreendem o Patrim\u00f4nio Cultural Brasileiro que est\u00e3o trabalhando ou est\u00e3o com seus projetos parados, mas que de uma maneira ou de outra, permanecem atuando para disponibilizar artigos, oficinas e palestras, e o mais importante, fortalecer a\u00e7\u00f5es solid\u00e1rias durante a pandemia da COVID-19.<\/p>\n\n\n\n<h3 class=\"has-text-align-center wp-block-heading\"><strong>Eventos Realizados:<\/strong><\/h3>\n\n\n\n<hr class=\"wp-block-separator\" \/>\n\n\n\n<div class=\"wp-block-columns is-layout-flex wp-container-core-columns-is-layout-9d6595d7 wp-block-columns-is-layout-flex\">\n<div class=\"wp-block-column is-layout-flow wp-block-column-is-layout-flow\">\n<figure class=\"wp-block-embed-youtube wp-block-embed is-type-video is-provider-youtube wp-embed-aspect-16-9 wp-has-aspect-ratio\"><div class=\"wp-block-embed__wrapper\">\n<iframe loading=\"lazy\" title=\"A absor\u00e7\u00e3o do profissional  graduado em Conserva\u00e7\u00e3o e Restaura\u00e7\u00e3o  no mercado de trabalho\" width=\"750\" height=\"422\" src=\"https:\/\/www.youtube.com\/embed\/i1LTjDgiNcQ?feature=oembed\" frameborder=\"0\" allow=\"accelerometer; autoplay; clipboard-write; encrypted-media; gyroscope; picture-in-picture\" allowfullscreen><\/iframe>\n<\/div><figcaption><em><strong>A absor\u00e7\u00e3o do profissional&nbsp; graduado em Conserva\u00e7\u00e3o e Restaura\u00e7\u00e3o&nbsp; no mercado de trabalho<\/strong><\/em><\/figcaption><\/figure>\n<\/div>\n\n\n\n<div class=\"wp-block-column is-layout-flow wp-block-column-is-layout-flow\">\n<figure class=\"wp-block-embed-youtube wp-block-embed is-type-video is-provider-youtube wp-embed-aspect-16-9 wp-has-aspect-ratio\"><div class=\"wp-block-embed__wrapper\">\n<iframe loading=\"lazy\" title=\"Conserva\u00e7\u00e3o e restaura\u00e7\u00e3o de vitrais: um estudo de caso\" width=\"750\" height=\"422\" src=\"https:\/\/www.youtube.com\/embed\/SRZ6YkvlEIk?feature=oembed\" frameborder=\"0\" allow=\"accelerometer; autoplay; clipboard-write; encrypted-media; gyroscope; picture-in-picture\" allowfullscreen><\/iframe>\n<\/div><figcaption><em><strong>Conserva\u00e7\u00e3o e restaura\u00e7\u00e3o de vitrais: um estudo de caso<\/strong><\/em><\/figcaption><\/figure>\n<\/div>\n<\/div>\n\n\n\n<div class=\"wp-block-columns is-layout-flex wp-container-core-columns-is-layout-9d6595d7 wp-block-columns-is-layout-flex\">\n<div class=\"wp-block-column is-layout-flow wp-block-column-is-layout-flow\">\n<figure class=\"wp-block-embed-youtube wp-block-embed is-type-video is-provider-youtube wp-embed-aspect-16-9 wp-has-aspect-ratio\"><div class=\"wp-block-embed__wrapper\">\n<iframe loading=\"lazy\" title=\"Restauro &quot;De Lama L\u00e2mina&quot; em Inhotim: relatos de uma experi\u00eancia diante da arte de Matthew Barney\" width=\"750\" height=\"422\" src=\"https:\/\/www.youtube.com\/embed\/SyNyQVbDgzg?feature=oembed\" frameborder=\"0\" allow=\"accelerometer; autoplay; clipboard-write; encrypted-media; gyroscope; picture-in-picture\" allowfullscreen><\/iframe>\n<\/div><figcaption><em><strong>Restauro &#8220;De Lama L\u00e2mina&#8221; em Inhotim: relatos de uma experi\u00eancia diante da arte contempor\u00e2nea de Matthew Barney<\/strong><\/em><\/figcaption><\/figure>\n\n\n\n<p><\/p>\n<\/div>\n\n\n\n<div class=\"wp-block-column is-layout-flow wp-block-column-is-layout-flow\">\n<figure class=\"wp-block-embed-youtube wp-block-embed is-type-video is-provider-youtube wp-embed-aspect-16-9 wp-has-aspect-ratio\"><div class=\"wp-block-embed__wrapper\">\n<iframe loading=\"lazy\" title=\"Gest\u00e3o como forma de preserva\u00e7\u00e3o: Como e por que elaborar pol\u00edticas de gest\u00e3o de acervo em museus\" width=\"750\" height=\"422\" src=\"https:\/\/www.youtube.com\/embed\/5ckHhvOjz8A?feature=oembed\" frameborder=\"0\" allow=\"accelerometer; autoplay; clipboard-write; encrypted-media; gyroscope; picture-in-picture\" allowfullscreen><\/iframe>\n<\/div><figcaption><em><strong>Gest\u00e3o como forma de preserva\u00e7\u00e3o: Como e por que elaborar pol\u00edticas de gest\u00e3o de acervo em museus<\/strong><\/em><\/figcaption><\/figure>\n<\/div>\n<\/div>\n\n\n\n<div class=\"wp-block-columns is-layout-flex wp-container-core-columns-is-layout-9d6595d7 wp-block-columns-is-layout-flex\">\n<div class=\"wp-block-column is-layout-flow wp-block-column-is-layout-flow\">\n<figure class=\"wp-block-embed-youtube wp-block-embed is-type-video is-provider-youtube wp-embed-aspect-16-9 wp-has-aspect-ratio\"><div class=\"wp-block-embed__wrapper\">\n<iframe loading=\"lazy\" title=\"Restaura\u00e7\u00e3o da escultura met\u00e1lica do Deus Merc\u00fario no Mercado Central de Pelotas\" width=\"750\" height=\"422\" src=\"https:\/\/www.youtube.com\/embed\/RRGXgQ18_8E?feature=oembed\" frameborder=\"0\" allow=\"accelerometer; autoplay; clipboard-write; encrypted-media; gyroscope; picture-in-picture\" allowfullscreen><\/iframe>\n<\/div><figcaption><em><strong>Restaura\u00e7\u00e3o da escultura met\u00e1lica do Deus Merc\u00fario no Mercado Central de Pelotas<\/strong><\/em><\/figcaption><\/figure>\n<\/div>\n\n\n\n<div class=\"wp-block-column is-layout-flow wp-block-column-is-layout-flow\">\n<figure class=\"wp-block-embed-youtube wp-block-embed is-type-video is-provider-youtube wp-embed-aspect-16-9 wp-has-aspect-ratio\"><div class=\"wp-block-embed__wrapper\">\n<iframe loading=\"lazy\" title=\"Conserva\u00e7\u00e3o preventiva em cole\u00e7\u00f5es bibliogr\u00e1ficas especiais\" width=\"750\" height=\"422\" src=\"https:\/\/www.youtube.com\/embed\/zw0R8njHfNw?feature=oembed\" frameborder=\"0\" allow=\"accelerometer; autoplay; clipboard-write; encrypted-media; gyroscope; picture-in-picture\" allowfullscreen><\/iframe>\n<\/div><figcaption><em><strong>Conserva\u00e7\u00e3o preventiva em cole\u00e7\u00f5es bibliogr\u00e1ficas especiais<\/strong><\/em><\/figcaption><\/figure>\n<\/div>\n<\/div>\n\n\n\n<div class=\"wp-block-columns is-layout-flex wp-container-core-columns-is-layout-9d6595d7 wp-block-columns-is-layout-flex\">\n<div class=\"wp-block-column is-layout-flow wp-block-column-is-layout-flow\">\n<figure class=\"wp-block-embed-youtube wp-block-embed is-type-video is-provider-youtube wp-embed-aspect-16-9 wp-has-aspect-ratio\"><div class=\"wp-block-embed__wrapper\">\n<iframe loading=\"lazy\" title=\"As Miss\u00f5es Chiquitanas e a restaura\u00e7\u00e3o de Hans Roth\" width=\"750\" height=\"422\" src=\"https:\/\/www.youtube.com\/embed\/Iu44SrIjgKE?feature=oembed\" frameborder=\"0\" allow=\"accelerometer; autoplay; clipboard-write; encrypted-media; gyroscope; picture-in-picture\" allowfullscreen><\/iframe>\n<\/div><figcaption><em><strong>As Miss\u00f5es Chiquitanas e a restaura\u00e7\u00e3o de Hans Roth<\/strong><\/em><br><\/figcaption><\/figure>\n<\/div>\n\n\n\n<div class=\"wp-block-column is-layout-flow wp-block-column-is-layout-flow\">\n<figure class=\"wp-block-embed-youtube wp-block-embed is-type-video is-provider-youtube wp-embed-aspect-16-9 wp-has-aspect-ratio\"><div class=\"wp-block-embed__wrapper\">\n<iframe loading=\"lazy\" title=\"Patrim\u00f4nio Gr\u00e1fico em perspectiva\" width=\"750\" height=\"422\" src=\"https:\/\/www.youtube.com\/embed\/1_ip2HLW28w?feature=oembed\" frameborder=\"0\" allow=\"accelerometer; autoplay; clipboard-write; encrypted-media; gyroscope; picture-in-picture\" allowfullscreen><\/iframe>\n<\/div><figcaption><em><strong>Patrim\u00f4nio Gr\u00e1fico em perspectiva<\/strong><\/em><\/figcaption><\/figure>\n\n\n\n<p><\/p>\n<\/div>\n<\/div>\n\n\n\n<div class=\"wp-block-columns is-layout-flex wp-container-core-columns-is-layout-9d6595d7 wp-block-columns-is-layout-flex\">\n<div class=\"wp-block-column is-layout-flow wp-block-column-is-layout-flow\">\n<figure class=\"wp-block-embed-youtube wp-block-embed is-type-video is-provider-youtube wp-embed-aspect-16-9 wp-has-aspect-ratio\"><div class=\"wp-block-embed__wrapper\">\n<iframe loading=\"lazy\" title=\"Interven\u00e7\u00e3o em acervo arqueol\u00f3gico cer\u00e2mico: urnas funer\u00e1rias do MAC-Pains, Minas Gerais\" width=\"750\" height=\"422\" src=\"https:\/\/www.youtube.com\/embed\/hjcu8e5OPdo?feature=oembed\" frameborder=\"0\" allow=\"accelerometer; autoplay; clipboard-write; encrypted-media; gyroscope; picture-in-picture\" allowfullscreen><\/iframe>\n<\/div><figcaption><em><strong>Interven\u00e7\u00e3o em acervo arqueol\u00f3gico cer\u00e2mico: urnas funer\u00e1rias do MAC-Pains, Minas Gerais<\/strong><\/em><\/figcaption><\/figure>\n<\/div>\n\n\n\n<div class=\"wp-block-column is-layout-flow wp-block-column-is-layout-flow\">\n<figure class=\"wp-block-embed-youtube wp-block-embed is-type-video is-provider-youtube wp-embed-aspect-16-9 wp-has-aspect-ratio\"><div class=\"wp-block-embed__wrapper\">\n<iframe loading=\"lazy\" title=\"Conserva\u00e7\u00e3o e restauro de azulejos\" width=\"750\" height=\"422\" src=\"https:\/\/www.youtube.com\/embed\/SN8hGng1Z0Y?feature=oembed\" frameborder=\"0\" allow=\"accelerometer; autoplay; clipboard-write; encrypted-media; gyroscope; picture-in-picture\" allowfullscreen><\/iframe>\n<\/div><figcaption><em><strong>Conserva\u00e7\u00e3o e restauro de azulejos<\/strong><\/em><\/figcaption><\/figure>\n<\/div>\n<\/div>\n","protected":false},"excerpt":{"rendered":"<p>Link de acesso \u00e0 sala&nbsp;aqui. Mediadoras:&nbsp;Andr\u00e9a Bachettini e Silvana Bojanoski \u2013 PREC\/UFPel Acesso livre&nbsp;(Dados para certifica\u00e7\u00e3o devem ser informados durante a confer\u00eancia) Conte\u00fado das conversas&nbsp; Neste momento, durante a pandemia da COVID-19, muitos profissionais da \u00e1rea da Patrim\u00f4nio est\u00e3o procurando alternativas para mostrar os seus trabalhos e projetos, as institui\u00e7\u00f5es que trabalham com a preserva\u00e7\u00e3o &hellip; <\/p>\n<p><a class=\"more-link btn\" href=\"https:\/\/wp.ufpel.edu.br\/prectaolongetaoperto\/sala-10-conservacao-em-pauta\/\">Continue lendo<\/a><\/p>\n","protected":false},"author":990,"featured_media":408,"parent":0,"menu_order":0,"comment_status":"closed","ping_status":"closed","template":"","meta":{"footnotes":""},"class_list":["post-1403","page","type-page","status-publish","has-post-thumbnail","hentry","nodate","item-wrap"],"jetpack_sharing_enabled":true,"jetpack-related-posts":[],"_links":{"self":[{"href":"https:\/\/wp.ufpel.edu.br\/prectaolongetaoperto\/wp-json\/wp\/v2\/pages\/1403","targetHints":{"allow":["GET"]}}],"collection":[{"href":"https:\/\/wp.ufpel.edu.br\/prectaolongetaoperto\/wp-json\/wp\/v2\/pages"}],"about":[{"href":"https:\/\/wp.ufpel.edu.br\/prectaolongetaoperto\/wp-json\/wp\/v2\/types\/page"}],"author":[{"embeddable":true,"href":"https:\/\/wp.ufpel.edu.br\/prectaolongetaoperto\/wp-json\/wp\/v2\/users\/990"}],"replies":[{"embeddable":true,"href":"https:\/\/wp.ufpel.edu.br\/prectaolongetaoperto\/wp-json\/wp\/v2\/comments?post=1403"}],"version-history":[{"count":32,"href":"https:\/\/wp.ufpel.edu.br\/prectaolongetaoperto\/wp-json\/wp\/v2\/pages\/1403\/revisions"}],"predecessor-version":[{"id":1792,"href":"https:\/\/wp.ufpel.edu.br\/prectaolongetaoperto\/wp-json\/wp\/v2\/pages\/1403\/revisions\/1792"}],"wp:featuredmedia":[{"embeddable":true,"href":"https:\/\/wp.ufpel.edu.br\/prectaolongetaoperto\/wp-json\/wp\/v2\/media\/408"}],"wp:attachment":[{"href":"https:\/\/wp.ufpel.edu.br\/prectaolongetaoperto\/wp-json\/wp\/v2\/media?parent=1403"}],"curies":[{"name":"wp","href":"https:\/\/api.w.org\/{rel}","templated":true}]}}