{"id":110,"date":"2020-03-28T16:40:57","date_gmt":"2020-03-28T19:40:57","guid":{"rendered":"https:\/\/wp.ufpel.edu.br\/prectaolongetaoperto\/?page_id=110"},"modified":"2020-04-01T16:09:11","modified_gmt":"2020-04-01T19:09:11","slug":"ouvir-poemas-e-livros","status":"publish","type":"page","link":"https:\/\/wp.ufpel.edu.br\/prectaolongetaoperto\/ouvir-poemas-e-livros\/","title":{"rendered":"Ora, direis, ouvir poemas"},"content":{"rendered":"<p style=\"text-align: justify\"><span style=\"font-size: 12pt\">Leitura de trechos de poemas, de autores consagrados, executada na voz de Beatriz Helena da Rosa Pereira. Durante a pr\u00e1tica das diretrizes para o distanciamento social, isolamento dado pelo contexto do Covid-19, a a\u00e7\u00e3o tem o intuito de proporcionar \u00e0 comunidade, em especial \u00e0s pessoas portadoras de defici\u00eancia visual, um acesso f\u00e1cil e l\u00fadico aos trechos liter\u00e1rios escolhidos. Destina-se, tamb\u00e9m, aos professores da rede municipal como material de apoio. <\/span><\/p>\n<p style=\"text-align: justify\"><span style=\"font-size: 12pt\">As a\u00e7\u00f5es do site s\u00e3o organizadas pela Pr\u00f3-Reitoria de Extens\u00e3o e Cultura e contam com v\u00e1rios colaboradores. Gostaria de participar desta rede de colabora\u00e7\u00e3o? Escreva para taolongetaopertoufpel@gmail.com e diga como gostaria de participar.<br \/>\n<\/span><\/p>\n<p style=\"text-align: justify\"><span style=\"font-size: 12pt\">Beatriz Helena da Rosa Pereira<\/span><br \/>\n<span style=\"font-size: 12pt\">Licenciada em Letras, UFPel<\/span><br \/>\n<span style=\"font-size: 12pt\">Mestre em Literatura Brasileira, UFRGS<\/span><br \/>\n<span style=\"font-size: 12pt\">Apaixonada pelos livros e pela leitura, desde a inf\u00e2ncia tamb\u00e9m se encanta pelas hist\u00f3rias contadas e lidas em voz alta.<\/span><br \/>\n<span style=\"font-size: 12pt\">Ministrou oficinas de leitura no CAPS-Castelo, filiadas ao projeto Loucos de Cara, da Secult. Grava, voluntariamente, sua leitura de contos e poemas para pessoas cegas ou com baixa vis\u00e3o.<\/span><\/p>\n<p style=\"text-align: left\"><span style=\"font-size: 14pt\"><strong>A Recolhida : Sim\u00f5es<\/strong><\/span><\/p>\n<audio class=\"wp-audio-shortcode\" id=\"audio-110-1\" preload=\"none\" style=\"width: 100%;\" controls=\"controls\"><source type=\"audio\/mpeg\" src=\"https:\/\/wp.ufpel.edu.br\/prectaolongetaoperto\/files\/2020\/03\/A-Recolhida_Sim\u00f5es.m4a?_=1\" \/><a href=\"https:\/\/wp.ufpel.edu.br\/prectaolongetaoperto\/files\/2020\/03\/A-Recolhida_Sim\u00f5es.m4a\">https:\/\/wp.ufpel.edu.br\/prectaolongetaoperto\/files\/2020\/03\/A-Recolhida_Sim\u00f5es.m4a<\/a><\/audio>\n<p style=\"text-align: left\"><span style=\"font-size: 14pt\"><strong>A Tapera : Sim\u00f5es<\/strong><\/span><\/p>\n<audio class=\"wp-audio-shortcode\" id=\"audio-110-2\" preload=\"none\" style=\"width: 100%;\" controls=\"controls\"><source type=\"audio\/mpeg\" src=\"https:\/\/wp.ufpel.edu.br\/prectaolongetaoperto\/files\/2020\/03\/A-Tapera_Sim\u00f5es.m4a?_=2\" \/><a href=\"https:\/\/wp.ufpel.edu.br\/prectaolongetaoperto\/files\/2020\/03\/A-Tapera_Sim\u00f5es.m4a\">https:\/\/wp.ufpel.edu.br\/prectaolongetaoperto\/files\/2020\/03\/A-Tapera_Sim\u00f5es.m4a<\/a><\/audio>\n<p style=\"text-align: left\"><span style=\"font-size: 14pt\"><strong>A Torta de Ma\u00e7\u00e3 Goscinny Semp\u00e9 Leitura Beatriz Pereira<\/strong><\/span><\/p>\n<audio class=\"wp-audio-shortcode\" id=\"audio-110-3\" preload=\"none\" style=\"width: 100%;\" controls=\"controls\"><source type=\"audio\/mpeg\" src=\"https:\/\/wp.ufpel.edu.br\/prectaolongetaoperto\/files\/2020\/03\/A-TORTA-DE-MA\u00c7\u00c3_GOSCINNY_SEMP\u00c9_LEITURA-BEATRIZ-PEREIRA.mp3?_=3\" \/><a href=\"https:\/\/wp.ufpel.edu.br\/prectaolongetaoperto\/files\/2020\/03\/A-TORTA-DE-MA\u00c7\u00c3_GOSCINNY_SEMP\u00c9_LEITURA-BEATRIZ-PEREIRA.mp3\">https:\/\/wp.ufpel.edu.br\/prectaolongetaoperto\/files\/2020\/03\/A-TORTA-DE-MA\u00c7\u00c3_GOSCINNY_SEMP\u00c9_LEITURA-BEATRIZ-PEREIRA.mp3<\/a><\/audio>\n<p style=\"text-align: left\"><span style=\"font-size: 14pt\"><strong>Adolescente Wislawa Szymborska Lido por Beatriz Pereira<\/strong><\/span><\/p>\n<audio class=\"wp-audio-shortcode\" id=\"audio-110-4\" preload=\"none\" style=\"width: 100%;\" controls=\"controls\"><source type=\"audio\/mpeg\" src=\"https:\/\/wp.ufpel.edu.br\/prectaolongetaoperto\/files\/2020\/03\/ADOLESCENTE-WISLAWA-SZYMBORSKA-LIDO-POR-BEATRIZ-PEREIRA.mp3?_=4\" \/><a href=\"https:\/\/wp.ufpel.edu.br\/prectaolongetaoperto\/files\/2020\/03\/ADOLESCENTE-WISLAWA-SZYMBORSKA-LIDO-POR-BEATRIZ-PEREIRA.mp3\">https:\/\/wp.ufpel.edu.br\/prectaolongetaoperto\/files\/2020\/03\/ADOLESCENTE-WISLAWA-SZYMBORSKA-LIDO-POR-BEATRIZ-PEREIRA.mp3<\/a><\/audio>\n<p style=\"text-align: left\"><span style=\"font-size: 14pt\"><strong>\u00c1gua Wislawa Szymborska Lido por Beatriz Pereira<\/strong><\/span><\/p>\n<audio class=\"wp-audio-shortcode\" id=\"audio-110-5\" preload=\"none\" style=\"width: 100%;\" controls=\"controls\"><source type=\"audio\/mpeg\" src=\"https:\/\/wp.ufpel.edu.br\/prectaolongetaoperto\/files\/2020\/03\/\u00c1GUA-WISLAWA-SZYMBORSKA-LIDO-POR-BEATRIZ-PEREIRA.mp3?_=5\" \/><a href=\"https:\/\/wp.ufpel.edu.br\/prectaolongetaoperto\/files\/2020\/03\/\u00c1GUA-WISLAWA-SZYMBORSKA-LIDO-POR-BEATRIZ-PEREIRA.mp3\">https:\/\/wp.ufpel.edu.br\/prectaolongetaoperto\/files\/2020\/03\/\u00c1GUA-WISLAWA-SZYMBORSKA-LIDO-POR-BEATRIZ-PEREIRA.mp3<\/a><\/audio>\n<p style=\"text-align: left\"><span style=\"font-size: 14pt\"><strong>Desaten\u00e7\u00e3o Wislawa Szymborska Lido Por-beatriz Pereira<\/strong><\/span><\/p>\n<audio class=\"wp-audio-shortcode\" id=\"audio-110-6\" preload=\"none\" style=\"width: 100%;\" controls=\"controls\"><source type=\"audio\/mpeg\" src=\"https:\/\/wp.ufpel.edu.br\/prectaolongetaoperto\/files\/2020\/03\/DESATEN\u00c7\u00c3O-WISLAWA-SZYMBORSKA-LIDO-POR-BEATRIZ-PEREIRA.mp3?_=6\" \/><a href=\"https:\/\/wp.ufpel.edu.br\/prectaolongetaoperto\/files\/2020\/03\/DESATEN\u00c7\u00c3O-WISLAWA-SZYMBORSKA-LIDO-POR-BEATRIZ-PEREIRA.mp3\">https:\/\/wp.ufpel.edu.br\/prectaolongetaoperto\/files\/2020\/03\/DESATEN\u00c7\u00c3O-WISLAWA-SZYMBORSKA-LIDO-POR-BEATRIZ-PEREIRA.mp3<\/a><\/audio>\n<p style=\"text-align: left\"><span style=\"font-size: 14pt\"><strong>Fotografia de 11 de Setembro Wislawa Szymborska Lido por Beatriz Pereira<\/strong><\/span><\/p>\n<audio class=\"wp-audio-shortcode\" id=\"audio-110-7\" preload=\"none\" style=\"width: 100%;\" controls=\"controls\"><source type=\"audio\/mpeg\" src=\"https:\/\/wp.ufpel.edu.br\/prectaolongetaoperto\/files\/2020\/03\/FOTOGRAFIA-DE-11-DE-SETEMBRO-WISLAWA-SZYMBORSKA-LIDO-POR-BEATRIZ-PEREIRA.mp3?_=7\" \/><a href=\"https:\/\/wp.ufpel.edu.br\/prectaolongetaoperto\/files\/2020\/03\/FOTOGRAFIA-DE-11-DE-SETEMBRO-WISLAWA-SZYMBORSKA-LIDO-POR-BEATRIZ-PEREIRA.mp3\">https:\/\/wp.ufpel.edu.br\/prectaolongetaoperto\/files\/2020\/03\/FOTOGRAFIA-DE-11-DE-SETEMBRO-WISLAWA-SZYMBORSKA-LIDO-POR-BEATRIZ-PEREIRA.mp3<\/a><\/audio>\n<p style=\"text-align: left\"><span style=\"font-size: 14pt\"><strong>No Rio de Her\u00e1clito Wislawa Szymborska Lido por Beatriz Pereira<\/strong><\/span><\/p>\n<audio class=\"wp-audio-shortcode\" id=\"audio-110-8\" preload=\"none\" style=\"width: 100%;\" controls=\"controls\"><source type=\"audio\/mpeg\" src=\"https:\/\/wp.ufpel.edu.br\/prectaolongetaoperto\/files\/2020\/03\/NO-RIO-DE-HER\u00c1CLITO-WISLAWA-SZYMBORSKA-LIDO-POR-BEATRIZ-PEREIRA.mp3?_=8\" \/><a href=\"https:\/\/wp.ufpel.edu.br\/prectaolongetaoperto\/files\/2020\/03\/NO-RIO-DE-HER\u00c1CLITO-WISLAWA-SZYMBORSKA-LIDO-POR-BEATRIZ-PEREIRA.mp3\">https:\/\/wp.ufpel.edu.br\/prectaolongetaoperto\/files\/2020\/03\/NO-RIO-DE-HER\u00c1CLITO-WISLAWA-SZYMBORSKA-LIDO-POR-BEATRIZ-PEREIRA.mp3<\/a><\/audio>\n<p style=\"text-align: left\"><span style=\"font-size: 14pt\"><strong>O Cavalinho Branco Cec\u00edlia Meireles<\/strong><\/span><\/p>\n<audio class=\"wp-audio-shortcode\" id=\"audio-110-9\" preload=\"none\" style=\"width: 100%;\" controls=\"controls\"><source type=\"audio\/mpeg\" src=\"https:\/\/wp.ufpel.edu.br\/prectaolongetaoperto\/files\/2020\/03\/O-cavalinho-branco-Cec\u00edlia-Meireles.m4a?_=9\" \/><a href=\"https:\/\/wp.ufpel.edu.br\/prectaolongetaoperto\/files\/2020\/03\/O-cavalinho-branco-Cec\u00edlia-Meireles.m4a\">https:\/\/wp.ufpel.edu.br\/prectaolongetaoperto\/files\/2020\/03\/O-cavalinho-branco-Cec\u00edlia-Meireles.m4a<\/a><\/audio>\n<p style=\"text-align: left\"><span style=\"font-size: 14pt\"><strong>O Pequeno Nicolau<\/strong><\/span><\/p>\n<audio class=\"wp-audio-shortcode\" id=\"audio-110-10\" preload=\"none\" style=\"width: 100%;\" controls=\"controls\"><source type=\"audio\/mpeg\" src=\"https:\/\/wp.ufpel.edu.br\/prectaolongetaoperto\/files\/2020\/03\/O-pequeno-Nicolau.m4a?_=10\" \/><a href=\"https:\/\/wp.ufpel.edu.br\/prectaolongetaoperto\/files\/2020\/03\/O-pequeno-Nicolau.m4a\">https:\/\/wp.ufpel.edu.br\/prectaolongetaoperto\/files\/2020\/03\/O-pequeno-Nicolau.m4a<\/a><\/audio>\n<p style=\"text-align: left\"><span style=\"font-size: 14pt\"><strong>O \u00daltimo Rei<\/strong><\/span><\/p>\n<audio class=\"wp-audio-shortcode\" id=\"audio-110-11\" preload=\"none\" style=\"width: 100%;\" controls=\"controls\"><source type=\"audio\/mpeg\" src=\"https:\/\/wp.ufpel.edu.br\/prectaolongetaoperto\/files\/2020\/03\/O-\u00faltimo-rei.m4a?_=11\" \/><a href=\"https:\/\/wp.ufpel.edu.br\/prectaolongetaoperto\/files\/2020\/03\/O-\u00faltimo-rei.m4a\">https:\/\/wp.ufpel.edu.br\/prectaolongetaoperto\/files\/2020\/03\/O-\u00faltimo-rei.m4a<\/a><\/audio>\n<p style=\"text-align: left\"><span style=\"font-size: 14pt\"><strong>Ondjaki os \u00d3culos da Charlita<\/strong><\/span><\/p>\n<div style=\"width: 640px;\" class=\"wp-video\"><video class=\"wp-video-shortcode\" id=\"video-110-1\" width=\"640\" height=\"360\" preload=\"metadata\" controls=\"controls\"><source type=\"video\/mp4\" src=\"https:\/\/wp.ufpel.edu.br\/prectaolongetaoperto\/files\/2020\/03\/ondjaki_os-\u00f3culos-da-charlita.mp4?_=1\" \/><a href=\"https:\/\/wp.ufpel.edu.br\/prectaolongetaoperto\/files\/2020\/03\/ondjaki_os-\u00f3culos-da-charlita.mp4\">https:\/\/wp.ufpel.edu.br\/prectaolongetaoperto\/files\/2020\/03\/ondjaki_os-\u00f3culos-da-charlita.mp4<\/a><\/video><\/div>\n<p style=\"text-align: left\"><span style=\"font-size: 14pt\"><strong>Pensamentos Que Me Visitam nas Ruas Movimentadas Wislawa Szymborska Lido por Beatriz Pereira<\/strong><\/span><\/p>\n<audio class=\"wp-audio-shortcode\" id=\"audio-110-12\" preload=\"none\" style=\"width: 100%;\" controls=\"controls\"><source type=\"audio\/mpeg\" src=\"https:\/\/wp.ufpel.edu.br\/prectaolongetaoperto\/files\/2020\/03\/PENSAMENTOS-QUE-ME-VISITAM-NAS-RUAS-MOVIMENTADAS-WISLAWA-SZYMBORSKA-LIDO-POR-BEATRIZ-PEREIRA.mp3?_=12\" \/><a href=\"https:\/\/wp.ufpel.edu.br\/prectaolongetaoperto\/files\/2020\/03\/PENSAMENTOS-QUE-ME-VISITAM-NAS-RUAS-MOVIMENTADAS-WISLAWA-SZYMBORSKA-LIDO-POR-BEATRIZ-PEREIRA.mp3\">https:\/\/wp.ufpel.edu.br\/prectaolongetaoperto\/files\/2020\/03\/PENSAMENTOS-QUE-ME-VISITAM-NAS-RUAS-MOVIMENTADAS-WISLAWA-SZYMBORSKA-LIDO-POR-BEATRIZ-PEREIRA.mp3<\/a><\/audio>\n<p style=\"text-align: left\"><span style=\"font-size: 14pt\"><strong>Rememora\u00e7\u00e3o Wislawa Szymborska Lido por Beatriz Pereira<\/strong><\/span><\/p>\n<audio class=\"wp-audio-shortcode\" id=\"audio-110-13\" preload=\"none\" style=\"width: 100%;\" controls=\"controls\"><source type=\"audio\/mpeg\" src=\"https:\/\/wp.ufpel.edu.br\/prectaolongetaoperto\/files\/2020\/03\/REMEMORA\u00c7\u00c3O-WISLAWA-SZYMBORSKA-LIDO-POR-BEATRIZ-PEREIRA.mp3?_=13\" \/><a href=\"https:\/\/wp.ufpel.edu.br\/prectaolongetaoperto\/files\/2020\/03\/REMEMORA\u00c7\u00c3O-WISLAWA-SZYMBORSKA-LIDO-POR-BEATRIZ-PEREIRA.mp3\">https:\/\/wp.ufpel.edu.br\/prectaolongetaoperto\/files\/2020\/03\/REMEMORA\u00c7\u00c3O-WISLAWA-SZYMBORSKA-LIDO-POR-BEATRIZ-PEREIRA.mp3<\/a><\/audio>\n<p style=\"text-align: left\"><strong><span style=\"font-size: 14pt\">Riso Wislawa Szymborska Lido por Beatriz Pereira<\/span><\/strong><\/p>\n<audio class=\"wp-audio-shortcode\" id=\"audio-110-14\" preload=\"none\" style=\"width: 100%;\" controls=\"controls\"><source type=\"audio\/mpeg\" src=\"https:\/\/wp.ufpel.edu.br\/prectaolongetaoperto\/files\/2020\/03\/RISO-WISLAWA-SZYMBORSKA-LIDO-POR-BEATRIZ-PEREIRA.mp3?_=14\" \/><a href=\"https:\/\/wp.ufpel.edu.br\/prectaolongetaoperto\/files\/2020\/03\/RISO-WISLAWA-SZYMBORSKA-LIDO-POR-BEATRIZ-PEREIRA.mp3\">https:\/\/wp.ufpel.edu.br\/prectaolongetaoperto\/files\/2020\/03\/RISO-WISLAWA-SZYMBORSKA-LIDO-POR-BEATRIZ-PEREIRA.mp3<\/a><\/audio>\n","protected":false},"excerpt":{"rendered":"<p>Leitura de trechos de poemas, de autores consagrados, executada na voz de Beatriz Helena da Rosa Pereira. Durante a pr\u00e1tica das diretrizes para o distanciamento social, isolamento dado pelo contexto do Covid-19, a a\u00e7\u00e3o tem o intuito de proporcionar \u00e0 comunidade, em especial \u00e0s pessoas portadoras de defici\u00eancia visual, um acesso f\u00e1cil e l\u00fadico aos &hellip; <\/p>\n<p><a class=\"more-link btn\" href=\"https:\/\/wp.ufpel.edu.br\/prectaolongetaoperto\/ouvir-poemas-e-livros\/\">Continue lendo<\/a><\/p>\n","protected":false},"author":990,"featured_media":0,"parent":0,"menu_order":0,"comment_status":"closed","ping_status":"closed","template":"","meta":{"footnotes":""},"class_list":["post-110","page","type-page","status-publish","hentry","nodate","item-wrap"],"jetpack_sharing_enabled":true,"jetpack-related-posts":[],"_links":{"self":[{"href":"https:\/\/wp.ufpel.edu.br\/prectaolongetaoperto\/wp-json\/wp\/v2\/pages\/110","targetHints":{"allow":["GET"]}}],"collection":[{"href":"https:\/\/wp.ufpel.edu.br\/prectaolongetaoperto\/wp-json\/wp\/v2\/pages"}],"about":[{"href":"https:\/\/wp.ufpel.edu.br\/prectaolongetaoperto\/wp-json\/wp\/v2\/types\/page"}],"author":[{"embeddable":true,"href":"https:\/\/wp.ufpel.edu.br\/prectaolongetaoperto\/wp-json\/wp\/v2\/users\/990"}],"replies":[{"embeddable":true,"href":"https:\/\/wp.ufpel.edu.br\/prectaolongetaoperto\/wp-json\/wp\/v2\/comments?post=110"}],"version-history":[{"count":11,"href":"https:\/\/wp.ufpel.edu.br\/prectaolongetaoperto\/wp-json\/wp\/v2\/pages\/110\/revisions"}],"predecessor-version":[{"id":441,"href":"https:\/\/wp.ufpel.edu.br\/prectaolongetaoperto\/wp-json\/wp\/v2\/pages\/110\/revisions\/441"}],"wp:attachment":[{"href":"https:\/\/wp.ufpel.edu.br\/prectaolongetaoperto\/wp-json\/wp\/v2\/media?parent=110"}],"curies":[{"name":"wp","href":"https:\/\/api.w.org\/{rel}","templated":true}]}}