{"id":1048,"date":"2020-05-12T09:20:08","date_gmt":"2020-05-12T12:20:08","guid":{"rendered":"https:\/\/wp.ufpel.edu.br\/prectaolongetaoperto\/?page_id=1048"},"modified":"2020-09-25T21:44:49","modified_gmt":"2020-09-26T00:44:49","slug":"sala-9-conversando-sobre-extensao","status":"publish","type":"page","link":"https:\/\/wp.ufpel.edu.br\/prectaolongetaoperto\/sala-9-conversando-sobre-extensao\/","title":{"rendered":"Sala 9 \u2013 Conversando sobre Extens\u00e3o"},"content":{"rendered":"\n<div class=\"wp-block-group\"><div class=\"wp-block-group__inner-container is-layout-flow wp-block-group-is-layout-flow\">\n<p class=\"has-text-align-center has-medium-font-size\"><strong>Link de acesso \u00e0 sala&nbsp;<a href=\"https:\/\/webconf.ufpel.edu.br\/b\/ana-ndf-4ne\"><strong>aqui<\/strong><\/a>.<\/strong><\/p>\n<\/div><\/div>\n\n\n\n<div class=\"wp-block-columns is-layout-flex wp-container-core-columns-is-layout-9d6595d7 wp-block-columns-is-layout-flex\">\n<div class=\"wp-block-column is-layout-flow wp-block-column-is-layout-flow\">\n<p><em><strong>Mediadora:<\/strong>&nbsp;Ana Carolina Oliveira Nogueira \u2013 Chefe do N\u00facleo de Forma\u00e7\u00e3o, Registro e Acompanhamento<\/em><\/p>\n<\/div>\n\n\n\n<div class=\"wp-block-column is-layout-flow wp-block-column-is-layout-flow\">\n<p class=\"has-small-font-size\"><strong>Acesso livre<\/strong>&nbsp;(Dados para certifica\u00e7\u00e3o devem ser informados durante a confer\u00eancia)<\/p>\n<\/div>\n<\/div>\n\n\n\n<p><strong><em>Conte\u00fado das conversas&nbsp;<\/em><\/strong><\/p>\n\n\n\n<div class=\"wp-block-group\"><div class=\"wp-block-group__inner-container is-layout-flow wp-block-group-is-layout-flow\">\n<p>Para al\u00e9m do interm\u00e9dio entre universidade e sociedade, a Extens\u00e3o caracteriza-se, em sua ess\u00eancia, pelo seu potencial transformador. Esta dimens\u00e3o formativa, em suas m\u00faltiplas especificidades, oportuniza atrav\u00e9s de suas experi\u00eancias mudan\u00e7as significativas nos indiv\u00edduos que a vivenciam, bem como no contexto ao qual est\u00e3o inseridos.<\/p>\n<\/div><\/div>\n\n\n\n<p>Assim, este espa\u00e7o visa proporcionar momentos de di\u00e1logo e reflex\u00e3o sobre o saber e o fazer Extens\u00e3o, perpassando por sua hist\u00f3ria, seus sujeitos, atividades, financiamentos at\u00e9 o seu registro em nossa universidade.<\/p>\n\n\n\n<p>Venha conversar!<\/p>\n\n\n\n<h3 class=\"has-text-align-center wp-block-heading\"><strong>AGENDA:<\/strong><\/h3>\n\n\n\n<hr class=\"wp-block-separator\" \/>\n\n\n\n<h4 class=\"has-text-align-left wp-block-heading\">EVENTOS ANTERIORES:<\/h4>\n\n\n\n<hr class=\"wp-block-separator\" \/>\n\n\n\n<div class=\"wp-block-columns is-layout-flex wp-container-core-columns-is-layout-9d6595d7 wp-block-columns-is-layout-flex\">\n<div class=\"wp-block-column is-layout-flow wp-block-column-is-layout-flow\">\n<figure class=\"wp-block-embed-youtube wp-block-embed is-type-video is-provider-youtube wp-embed-aspect-16-9 wp-has-aspect-ratio\"><div class=\"wp-block-embed__wrapper\">\n<iframe loading=\"lazy\" title=\"Extens\u00e3o Universit\u00e1ria \u2013 Hist\u00f3ria, desafios e possibilidades durante a pandemia\" width=\"750\" height=\"422\" src=\"https:\/\/www.youtube.com\/embed\/4GXL-ceApd4?feature=oembed\" frameborder=\"0\" allow=\"accelerometer; autoplay; encrypted-media; gyroscope; picture-in-picture\" allowfullscreen><\/iframe>\n<\/div><figcaption><strong><em>Extens\u00e3o Universit\u00e1ria \u2013 Hist\u00f3ria, desafios e possibilidades durante a pandemia<\/em><\/strong><\/figcaption><\/figure>\n<\/div>\n\n\n\n<div class=\"wp-block-column is-layout-flow wp-block-column-is-layout-flow\">\n<figure class=\"wp-block-embed-youtube wp-block-embed is-type-video is-provider-youtube wp-embed-aspect-16-9 wp-has-aspect-ratio\"><div class=\"wp-block-embed__wrapper\">\n<iframe loading=\"lazy\" title=\"A Extens\u00e3o no seu curr\u00edculo \u2013 o protagonismo do estudante na extens\u00e3o universit\u00e1ria\" width=\"750\" height=\"422\" src=\"https:\/\/www.youtube.com\/embed\/JNzdt68rCDI?feature=oembed\" frameborder=\"0\" allow=\"accelerometer; autoplay; encrypted-media; gyroscope; picture-in-picture\" allowfullscreen><\/iframe>\n<\/div><figcaption><strong><em>A Extens\u00e3o no seu curr\u00edculo \u2013 o protagonismo do estudante na extens\u00e3o universit\u00e1ria<\/em><\/strong><\/figcaption><\/figure>\n<\/div>\n<\/div>\n\n\n\n<div class=\"wp-block-columns is-layout-flex wp-container-core-columns-is-layout-9d6595d7 wp-block-columns-is-layout-flex\">\n<div class=\"wp-block-column is-layout-flow wp-block-column-is-layout-flow\">\n<figure class=\"wp-block-embed-youtube aligncenter wp-block-embed is-type-video is-provider-youtube wp-embed-aspect-16-9 wp-has-aspect-ratio\"><div class=\"wp-block-embed__wrapper\">\n<iframe loading=\"lazy\" title=\"O cadastro das atividades extensionistas na UFPel \u2013 Conversando sobre os Projetos Unificados\" width=\"750\" height=\"422\" src=\"https:\/\/www.youtube.com\/embed\/ReEgwHoSbyE?feature=oembed\" frameborder=\"0\" allow=\"accelerometer; autoplay; encrypted-media; gyroscope; picture-in-picture\" allowfullscreen><\/iframe>\n<\/div><figcaption><strong><strong><em>O cadastro das atividades extensionistas na UFPel \u2013 Conversando sobre os Projetos Unificados<\/em><\/strong><\/strong><\/figcaption><\/figure>\n\n\n\n<p><\/p>\n<\/div>\n\n\n\n<div class=\"wp-block-column is-layout-flow wp-block-column-is-layout-flow\">\n<figure class=\"wp-block-embed-youtube wp-block-embed is-type-video is-provider-youtube wp-embed-aspect-16-9 wp-has-aspect-ratio\"><div class=\"wp-block-embed__wrapper\">\n<iframe loading=\"lazy\" title=\"Programas Nacionais de Extens\u00e3o - O Projeto Rondon\" width=\"750\" height=\"422\" src=\"https:\/\/www.youtube.com\/embed\/5tClxZWOnAg?feature=oembed\" frameborder=\"0\" allow=\"accelerometer; autoplay; encrypted-media; gyroscope; picture-in-picture\" allowfullscreen><\/iframe>\n<\/div><figcaption><strong><em>Programas Nacionais de Extens\u00e3o: O Projeto Rondon<\/em><\/strong><\/figcaption><\/figure>\n\n\n\n<p><\/p>\n<\/div>\n<\/div>\n\n\n\n<div class=\"wp-block-columns is-layout-flex wp-container-core-columns-is-layout-9d6595d7 wp-block-columns-is-layout-flex\">\n<div class=\"wp-block-column is-layout-flow wp-block-column-is-layout-flow\">\n<figure class=\"wp-block-embed-youtube wp-block-embed is-type-video is-provider-youtube wp-embed-aspect-16-9 wp-has-aspect-ratio\"><div class=\"wp-block-embed__wrapper\">\n<iframe loading=\"lazy\" title=\"Conversando sobre projetos de Extens\u00e3o com financeiro\" width=\"750\" height=\"422\" src=\"https:\/\/www.youtube.com\/embed\/4UheRZQx28M?feature=oembed\" frameborder=\"0\" allow=\"accelerometer; autoplay; encrypted-media; gyroscope; picture-in-picture\" allowfullscreen><\/iframe>\n<\/div><figcaption><strong><em>Conversando sobre projetos de Extens\u00e3o com financeiro<\/em><\/strong><\/figcaption><\/figure>\n<\/div>\n\n\n\n<div class=\"wp-block-column is-layout-flow wp-block-column-is-layout-flow\">\n<figure class=\"wp-block-embed-youtube wp-block-embed is-type-video is-provider-youtube wp-embed-aspect-16-9 wp-has-aspect-ratio\"><div class=\"wp-block-embed__wrapper\">\n<iframe loading=\"lazy\" title=\"As atividades extensionistas na UFPel \u2013 Fluxos, Relat\u00f3rios e Certifica\u00e7\u00e3o\" width=\"750\" height=\"422\" src=\"https:\/\/www.youtube.com\/embed\/DFspQuUbrwQ?feature=oembed\" frameborder=\"0\" allow=\"accelerometer; autoplay; encrypted-media; gyroscope; picture-in-picture\" allowfullscreen><\/iframe>\n<\/div><figcaption><strong><strong><em>As atividades extensionistas na UFPel \u2013 Fluxos, Relat\u00f3rios e Certifica\u00e7\u00e3o<\/em><\/strong><\/strong><\/figcaption><\/figure>\n<\/div>\n<\/div>\n\n\n\n<div class=\"wp-block-columns is-layout-flex wp-container-core-columns-is-layout-9d6595d7 wp-block-columns-is-layout-flex\">\n<div class=\"wp-block-column is-layout-flow wp-block-column-is-layout-flow\">\n<figure class=\"wp-block-embed-youtube wp-block-embed is-type-video is-provider-youtube wp-embed-aspect-16-9 wp-has-aspect-ratio\"><div class=\"wp-block-embed__wrapper\">\n<iframe loading=\"lazy\" title=\"Programas Nacionais de Extens\u00e3o: O CRUTAC\" width=\"750\" height=\"422\" src=\"https:\/\/www.youtube.com\/embed\/15b54TUSdHc?feature=oembed\" frameborder=\"0\" allow=\"accelerometer; autoplay; encrypted-media; gyroscope; picture-in-picture\" allowfullscreen><\/iframe>\n<\/div><figcaption><strong><em>Programas Nacionais de Extens\u00e3o: O CRUTAC<\/em><\/strong><\/figcaption><\/figure>\n<\/div>\n\n\n\n<div class=\"wp-block-column is-layout-flow wp-block-column-is-layout-flow\">\n<figure class=\"wp-block-embed-youtube wp-block-embed is-type-video is-provider-youtube wp-embed-aspect-16-9 wp-has-aspect-ratio\"><div class=\"wp-block-embed__wrapper\">\n<iframe loading=\"lazy\" title=\"Lan\u00e7amento do livro: A Extens\u00e3o nos 50 Anos da UFPel + Palestra: Hist\u00f3ria da Extens\u00e3o no Brasil\" width=\"750\" height=\"422\" src=\"https:\/\/www.youtube.com\/embed\/IZfe3Eesecg?feature=oembed\" frameborder=\"0\" allow=\"accelerometer; autoplay; encrypted-media; gyroscope; picture-in-picture\" allowfullscreen><\/iframe>\n<\/div><figcaption><strong>Lan\u00e7amento do livro: <\/strong><em><strong>A Extens\u00e3o Universit\u00e1ria nos 50 Anos da UFPel&nbsp;<\/strong><br><\/em><strong>Palestra:<\/strong><em><strong> Hist\u00f3ria da Extens\u00e3o no Brasil \u2013 Ana Luiza Lima Sousa \u2013 UFG<\/strong><\/em><\/figcaption><\/figure>\n<\/div>\n<\/div>\n\n\n\n<div class=\"wp-block-columns is-layout-flex wp-container-core-columns-is-layout-9d6595d7 wp-block-columns-is-layout-flex\">\n<div class=\"wp-block-column is-layout-flow wp-block-column-is-layout-flow\">\n<figure class=\"wp-block-embed-youtube wp-block-embed is-type-video is-provider-youtube wp-embed-aspect-16-9 wp-has-aspect-ratio\"><div class=\"wp-block-embed__wrapper\">\n<iframe loading=\"lazy\" title=\"Conversando com os coordenadores dos projetos estrat\u00e9gicos da PREC\" width=\"750\" height=\"422\" src=\"https:\/\/www.youtube.com\/embed\/nHRVp7sFxEU?feature=oembed\" frameborder=\"0\" allow=\"accelerometer; autoplay; encrypted-media; gyroscope; picture-in-picture\" allowfullscreen><\/iframe>\n<\/div><figcaption><strong><em>Conversando com os coordenadores dos projetos estrat\u00e9gicos da PREC<\/em><\/strong><\/figcaption><\/figure>\n<\/div>\n\n\n\n<div class=\"wp-block-column is-layout-flow wp-block-column-is-layout-flow\">\n<figure class=\"wp-block-embed-youtube wp-block-embed is-type-video is-provider-youtube wp-embed-aspect-16-9 wp-has-aspect-ratio\"><div class=\"wp-block-embed__wrapper\">\n<iframe loading=\"lazy\" title=\"FORPROEX \u2013 As contribui\u00e7\u00f5es e o comprometimento com o desenvolvimento da Extens\u00e3o Universit\u00e1ria\" width=\"750\" height=\"422\" src=\"https:\/\/www.youtube.com\/embed\/YbgvIHFEFbQ?feature=oembed\" frameborder=\"0\" allow=\"accelerometer; autoplay; encrypted-media; gyroscope; picture-in-picture\" allowfullscreen><\/iframe>\n<\/div><figcaption><em><strong>FORPROEX \u2013 As contribui\u00e7\u00f5es e o comprometimento com o desenvolvimento da Extens\u00e3o Universit\u00e1ria<\/strong><\/em><\/figcaption><\/figure>\n<\/div>\n<\/div>\n\n\n\n<div class=\"wp-block-columns is-layout-flex wp-container-core-columns-is-layout-9d6595d7 wp-block-columns-is-layout-flex\">\n<div class=\"wp-block-column is-layout-flow wp-block-column-is-layout-flow\">\n<figure class=\"wp-block-embed-youtube wp-block-embed is-type-video is-provider-youtube wp-embed-aspect-16-9 wp-has-aspect-ratio\"><div class=\"wp-block-embed__wrapper\">\n<iframe loading=\"lazy\" title=\"Programas Nacionais de Extens\u00e3o: O PROEXT\" width=\"750\" height=\"422\" src=\"https:\/\/www.youtube.com\/embed\/e9IAwz4YPs8?feature=oembed\" frameborder=\"0\" allow=\"accelerometer; autoplay; encrypted-media; gyroscope; picture-in-picture\" allowfullscreen><\/iframe>\n<\/div><figcaption><strong><em>Programas Nacionais de Extens\u00e3o: O PROEXT<\/em><\/strong><\/figcaption><\/figure>\n<\/div>\n\n\n\n<div class=\"wp-block-column is-layout-flow wp-block-column-is-layout-flow\">\n<figure class=\"wp-block-embed-youtube wp-block-embed is-type-video is-provider-youtube wp-embed-aspect-16-9 wp-has-aspect-ratio\"><div class=\"wp-block-embed__wrapper\">\n<iframe loading=\"lazy\" title=\"Indicadores de Avalia\u00e7\u00e3o da Extens\u00e3o Universit\u00e1ria\" width=\"750\" height=\"422\" src=\"https:\/\/www.youtube.com\/embed\/xX62VOW6QKg?feature=oembed\" frameborder=\"0\" allow=\"accelerometer; autoplay; encrypted-media; gyroscope; picture-in-picture\" allowfullscreen><\/iframe>\n<\/div><figcaption><strong><em>Indicadores de Avalia\u00e7\u00e3o da Extens\u00e3o Universit\u00e1ria<\/em><\/strong><\/figcaption><\/figure>\n<\/div>\n<\/div>\n\n\n\n<div class=\"wp-block-columns is-layout-flex wp-container-core-columns-is-layout-9d6595d7 wp-block-columns-is-layout-flex\">\n<div class=\"wp-block-column is-layout-flow wp-block-column-is-layout-flow\">\n<figure class=\"wp-block-embed-youtube wp-block-embed is-type-video is-provider-youtube wp-embed-aspect-16-9 wp-has-aspect-ratio\"><div class=\"wp-block-embed__wrapper\">\n<iframe loading=\"lazy\" title=\"1\u00aa Feira Virtual das Editoras Universit\u00e1rias \u2013 ABEU\" width=\"750\" height=\"422\" src=\"https:\/\/www.youtube.com\/embed\/jZLth3M2kYQ?feature=oembed\" frameborder=\"0\" allow=\"accelerometer; autoplay; encrypted-media; gyroscope; picture-in-picture\" allowfullscreen><\/iframe>\n<\/div><figcaption><em><strong>1\u00aa Feira Virtual das Editoras Universit\u00e1rias \u2013 ABEU<\/strong><\/em><\/figcaption><\/figure>\n<\/div>\n\n\n\n<div class=\"wp-block-column is-layout-flow wp-block-column-is-layout-flow\">\n<figure class=\"wp-block-embed-youtube wp-block-embed is-type-video is-provider-youtube wp-embed-aspect-16-9 wp-has-aspect-ratio\"><div class=\"wp-block-embed__wrapper\">\n<iframe loading=\"lazy\" title=\"Programas Nacionais de Extens\u00e3o: O Campus Avan\u00e7ado\" width=\"750\" height=\"422\" src=\"https:\/\/www.youtube.com\/embed\/L-RIJjjS-UE?feature=oembed\" frameborder=\"0\" allow=\"accelerometer; autoplay; encrypted-media; gyroscope; picture-in-picture\" allowfullscreen><\/iframe>\n<\/div><figcaption><strong><em>Programas Nacionais de Extens\u00e3o: O Campus Avan\u00e7ado<\/em><\/strong><\/figcaption><\/figure>\n<\/div>\n<\/div>\n\n\n\n<div class=\"wp-block-columns is-layout-flex wp-container-core-columns-is-layout-9d6595d7 wp-block-columns-is-layout-flex\">\n<div class=\"wp-block-column is-layout-flow wp-block-column-is-layout-flow\">\n<figure class=\"wp-block-embed-youtube wp-block-embed is-type-video is-provider-youtube wp-embed-aspect-16-9 wp-has-aspect-ratio\"><div class=\"wp-block-embed__wrapper\">\n<iframe loading=\"lazy\" title=\"Forma\u00e7\u00e3o para extens\u00e3o: a experi\u00eancia do IFFAR\" width=\"750\" height=\"422\" src=\"https:\/\/www.youtube.com\/embed\/xYd_78RL_Ow?feature=oembed\" frameborder=\"0\" allow=\"accelerometer; autoplay; clipboard-write; encrypted-media; gyroscope; picture-in-picture\" allowfullscreen><\/iframe>\n<\/div><figcaption><em><strong>Forma\u00e7\u00e3o para extens\u00e3o: a experi\u00eancia do IFFAR<\/strong><\/em><\/figcaption><\/figure>\n<\/div>\n\n\n\n<div class=\"wp-block-column is-layout-flow wp-block-column-is-layout-flow\">\n<figure class=\"wp-block-embed-youtube wp-block-embed is-type-video is-provider-youtube wp-embed-aspect-16-9 wp-has-aspect-ratio\"><div class=\"wp-block-embed__wrapper\">\n<iframe loading=\"lazy\" title=\"Brasil sem frestas - conforto t\u00e9rmico \u00e0s fam\u00edlias de Curitiba\" width=\"750\" height=\"422\" src=\"https:\/\/www.youtube.com\/embed\/FQsEUnljHSs?feature=oembed\" frameborder=\"0\" allow=\"accelerometer; autoplay; clipboard-write; encrypted-media; gyroscope; picture-in-picture\" allowfullscreen><\/iframe>\n<\/div><figcaption><em><strong>Brasil sem frestas &#8211; conforto t\u00e9rmico \u00e0s fam\u00edlias de Curitiba<\/strong><\/em><\/figcaption><\/figure>\n<\/div>\n<\/div>\n\n\n\n<div class=\"wp-block-columns is-layout-flex wp-container-core-columns-is-layout-9d6595d7 wp-block-columns-is-layout-flex\">\n<div class=\"wp-block-column is-layout-flow wp-block-column-is-layout-flow\">\n<figure class=\"wp-block-embed-youtube wp-block-embed is-type-video is-provider-youtube wp-embed-aspect-16-9 wp-has-aspect-ratio\"><div class=\"wp-block-embed__wrapper\">\n<iframe loading=\"lazy\" title=\"Forma\u00e7\u00e3o em Extens\u00e3o: O curso Reflex\u00f5es e Pr\u00e1ticas Extensionistas na UNIPAMPA\" width=\"750\" height=\"422\" src=\"https:\/\/www.youtube.com\/embed\/GgKwIoK-e90?feature=oembed\" frameborder=\"0\" allow=\"accelerometer; autoplay; clipboard-write; encrypted-media; gyroscope; picture-in-picture\" allowfullscreen><\/iframe>\n<\/div><figcaption><em><strong>Forma\u00e7\u00e3o em Extens\u00e3o: O curso Reflex\u00f5es e Pr\u00e1ticas Extensionistas na UNIPAMPA<\/strong><\/em><\/figcaption><\/figure>\n\n\n\n<p><\/p>\n<\/div>\n\n\n\n<div class=\"wp-block-column is-layout-flow wp-block-column-is-layout-flow\"><\/div>\n<\/div>\n\n\n\n<h4 class=\"has-text-align-center wp-block-heading\"><em><strong>Ciclo de conversas sobre o livro: A Extens\u00e3o Universit\u00e1ria nos 50 anos da UFPel<\/strong><\/em><\/h4>\n\n\n\n<hr class=\"wp-block-separator\" \/>\n\n\n\n<div class=\"wp-block-columns is-layout-flex wp-container-core-columns-is-layout-9d6595d7 wp-block-columns-is-layout-flex\">\n<div class=\"wp-block-column is-layout-flow wp-block-column-is-layout-flow\">\n<figure class=\"wp-block-embed-youtube wp-block-embed is-type-video is-provider-youtube wp-embed-aspect-16-9 wp-has-aspect-ratio\"><div class=\"wp-block-embed__wrapper\">\n<iframe loading=\"lazy\" title=\"Ciclo de conversas sobre o livro: A Extens\u00e3o Universit\u00e1ria nos 50 anos da UFPel - LINSE | UFPel\" width=\"750\" height=\"422\" src=\"https:\/\/www.youtube.com\/embed\/ZQgThLU1sIk?feature=oembed\" frameborder=\"0\" allow=\"accelerometer; autoplay; encrypted-media; gyroscope; picture-in-picture\" allowfullscreen><\/iframe>\n<\/div><figcaption><em><strong>Ciclo de conversas sobre o livro: A Extens\u00e3o Universit\u00e1ria nos 50 anos da UFPel<\/strong><br>LINSE | UFPel &#8211; Laborat\u00f3rio de Inspe\u00e7\u00e3o de Efici\u00eancia Energ\u00e9tica em Edifica\u00e7\u00f5es, uma d\u00e9cada promovendo efici\u00eancia energ\u00e9tica no pa\u00eds<\/em><\/figcaption><\/figure>\n\n\n\n<p><\/p>\n<\/div>\n\n\n\n<div class=\"wp-block-column is-layout-flow wp-block-column-is-layout-flow\">\n<figure class=\"wp-block-embed-youtube wp-block-embed is-type-video is-provider-youtube wp-embed-aspect-16-9 wp-has-aspect-ratio\"><div class=\"wp-block-embed__wrapper\">\n<iframe loading=\"lazy\" title=\"Ciclo de conversas sobre o livro: A Extens\u00e3o Universit\u00e1ria nos 50 anos da UFPel\" width=\"750\" height=\"422\" src=\"https:\/\/www.youtube.com\/embed\/mhoOmFGyLYQ?feature=oembed\" frameborder=\"0\" allow=\"accelerometer; autoplay; encrypted-media; gyroscope; picture-in-picture\" allowfullscreen><\/iframe>\n<\/div><figcaption><em><strong>Ciclo de conversas sobre o livro: A Extens\u00e3o Universit\u00e1ria nos 50 anos da UFPel<\/strong><br>&#8211; Matem\u00e1tica Itinerante: Um projeto em comemora\u00e7\u00e3o ao bi\u00eanio da matem\u00e1tica.<br>&#8211; O Internato dos Alunos de Medicina na Maternidade do Hospital Santa Casa de Miseric\u00f3rdia de Pelotas e o seu Papel Social<\/em><\/figcaption><\/figure>\n<\/div>\n<\/div>\n\n\n\n<div class=\"wp-block-columns is-layout-flex wp-container-core-columns-is-layout-9d6595d7 wp-block-columns-is-layout-flex\">\n<div class=\"wp-block-column is-layout-flow wp-block-column-is-layout-flow\">\n<figure class=\"wp-block-embed-youtube wp-block-embed is-type-video is-provider-youtube wp-embed-aspect-16-9 wp-has-aspect-ratio\"><div class=\"wp-block-embed__wrapper\">\n<iframe loading=\"lazy\" title=\"Ciclo de conversas sobre o livro: A Extens\u00e3o Universit\u00e1ria nos 50 anos da UFPel\" width=\"750\" height=\"422\" src=\"https:\/\/www.youtube.com\/embed\/P32uiPVs6RU?feature=oembed\" frameborder=\"0\" allow=\"accelerometer; autoplay; encrypted-media; gyroscope; picture-in-picture\" allowfullscreen><\/iframe>\n<\/div><figcaption><strong><em>Ciclo de conversas sobre o livro: A Extens\u00e3o Universit\u00e1ria nos 50 anos da UFPel<\/em><\/strong><br><em>\u2013 Promo\u00e7\u00e3o de sa\u00fade na inf\u00e2ncia como meta orientadora dos projetos de extens\u00e3o desenvolvidos na \u00e1rea de ortodontia da UFPel de 2015 at\u00e9 2018.<br>\u2013 Tat\u00e1 \u2013 N\u00facleo de Dan\u00e7a-Teatro.<\/em><\/figcaption><\/figure>\n<\/div>\n\n\n\n<div class=\"wp-block-column is-layout-flow wp-block-column-is-layout-flow\">\n<figure class=\"wp-block-embed-youtube wp-block-embed is-type-video is-provider-youtube wp-embed-aspect-16-9 wp-has-aspect-ratio\"><div class=\"wp-block-embed__wrapper\">\n<iframe loading=\"lazy\" title=\"Ciclo de conversas sobre o livro: A Extens\u00e3o Universit\u00e1ria nos 50 anos da UFPel - ZERO4 Cineclube\" width=\"750\" height=\"422\" src=\"https:\/\/www.youtube.com\/embed\/O3Az8vcYZz0?feature=oembed\" frameborder=\"0\" allow=\"accelerometer; autoplay; encrypted-media; gyroscope; picture-in-picture\" allowfullscreen><\/iframe>\n<\/div><figcaption><em><strong>Ciclo de conversas sobre o livro: A Extens\u00e3o Universit\u00e1ria nos 50 anos da UFPel<\/strong><br>\u2013 ZERO4 Cineclube: Nove anos promovendo a experi\u00eancia da cinefilia<\/em><\/figcaption><\/figure>\n\n\n\n<p><\/p>\n<\/div>\n<\/div>\n\n\n\n<div class=\"wp-block-columns is-layout-flex wp-container-core-columns-is-layout-9d6595d7 wp-block-columns-is-layout-flex\">\n<div class=\"wp-block-column is-layout-flow wp-block-column-is-layout-flow\">\n<figure class=\"wp-block-embed-youtube wp-block-embed is-type-video is-provider-youtube wp-embed-aspect-16-9 wp-has-aspect-ratio\"><div class=\"wp-block-embed__wrapper\">\n<iframe loading=\"lazy\" title=\"Ciclo de conversas sobre o livro: A Extens\u00e3o Universit\u00e1ria nos 50 anos da UFPel\" width=\"750\" height=\"422\" src=\"https:\/\/www.youtube.com\/embed\/HFTyZ1lLCzU?feature=oembed\" frameborder=\"0\" allow=\"accelerometer; autoplay; encrypted-media; gyroscope; picture-in-picture\" allowfullscreen><\/iframe>\n<\/div><figcaption><em><strong>Ciclo de conversas sobre o livro: A Extens\u00e3o Universit\u00e1ria nos 50 anos da UFPel<\/strong><br>\u2013 Vencendo desafios e ultrapassando preconceitos<br>\u2013 Brincando de faz-de-conta: a explora\u00e7\u00e3o de distintas pedagogias teatrais no trabalho desenvolvido com crian\u00e7as do Instituto Nossa Senhora da Concei\u00e7\u00e3o<\/em><\/figcaption><\/figure>\n<\/div>\n\n\n\n<div class=\"wp-block-column is-layout-flow wp-block-column-is-layout-flow\"><\/div>\n<\/div>\n\n\n\n<p><\/p>\n","protected":false},"excerpt":{"rendered":"<p>Link de acesso \u00e0 sala&nbsp;aqui. Mediadora:&nbsp;Ana Carolina Oliveira Nogueira \u2013 Chefe do N\u00facleo de Forma\u00e7\u00e3o, Registro e Acompanhamento Acesso livre&nbsp;(Dados para certifica\u00e7\u00e3o devem ser informados durante a confer\u00eancia) Conte\u00fado das conversas&nbsp; Para al\u00e9m do interm\u00e9dio entre universidade e sociedade, a Extens\u00e3o caracteriza-se, em sua ess\u00eancia, pelo seu potencial transformador. Esta dimens\u00e3o formativa, em suas m\u00faltiplas &hellip; <\/p>\n<p><a class=\"more-link btn\" href=\"https:\/\/wp.ufpel.edu.br\/prectaolongetaoperto\/sala-9-conversando-sobre-extensao\/\">Continue lendo<\/a><\/p>\n","protected":false},"author":990,"featured_media":408,"parent":0,"menu_order":0,"comment_status":"closed","ping_status":"closed","template":"","meta":{"footnotes":""},"class_list":["post-1048","page","type-page","status-publish","has-post-thumbnail","hentry","nodate","item-wrap"],"jetpack_sharing_enabled":true,"jetpack-related-posts":[],"_links":{"self":[{"href":"https:\/\/wp.ufpel.edu.br\/prectaolongetaoperto\/wp-json\/wp\/v2\/pages\/1048","targetHints":{"allow":["GET"]}}],"collection":[{"href":"https:\/\/wp.ufpel.edu.br\/prectaolongetaoperto\/wp-json\/wp\/v2\/pages"}],"about":[{"href":"https:\/\/wp.ufpel.edu.br\/prectaolongetaoperto\/wp-json\/wp\/v2\/types\/page"}],"author":[{"embeddable":true,"href":"https:\/\/wp.ufpel.edu.br\/prectaolongetaoperto\/wp-json\/wp\/v2\/users\/990"}],"replies":[{"embeddable":true,"href":"https:\/\/wp.ufpel.edu.br\/prectaolongetaoperto\/wp-json\/wp\/v2\/comments?post=1048"}],"version-history":[{"count":49,"href":"https:\/\/wp.ufpel.edu.br\/prectaolongetaoperto\/wp-json\/wp\/v2\/pages\/1048\/revisions"}],"predecessor-version":[{"id":1767,"href":"https:\/\/wp.ufpel.edu.br\/prectaolongetaoperto\/wp-json\/wp\/v2\/pages\/1048\/revisions\/1767"}],"wp:featuredmedia":[{"embeddable":true,"href":"https:\/\/wp.ufpel.edu.br\/prectaolongetaoperto\/wp-json\/wp\/v2\/media\/408"}],"wp:attachment":[{"href":"https:\/\/wp.ufpel.edu.br\/prectaolongetaoperto\/wp-json\/wp\/v2\/media?parent=1048"}],"curies":[{"name":"wp","href":"https:\/\/api.w.org\/{rel}","templated":true}]}}