{"id":2,"date":"2022-12-01T08:58:07","date_gmt":"2022-12-01T11:58:07","guid":{"rendered":"https:\/\/wp.ufpel.edu.br\/precalculoceng\/?page_id=2"},"modified":"2023-09-12T18:14:06","modified_gmt":"2023-09-12T21:14:06","slug":"pagina-exemplo","status":"publish","type":"page","link":"https:\/\/wp.ufpel.edu.br\/precalculoceng\/pagina-exemplo\/","title":{"rendered":"Bem-vindos!"},"content":{"rendered":"\r\n<p style=\"text-align: justify;\">O curso de Pr\u00e9-C\u00e1lculo tem como objetivo principal preparar o aluno para o C\u00e1lculo A e aborda de maneira direta e acess\u00edvel os conceitos de matem\u00e1tica b\u00e1sica e elementar fundamental. Fa\u00e7a sua inscri\u00e7\u00e3o!<\/p>\r\n<p>&nbsp;<\/p>\r\n<p><img class=\"wp-image-27 aligncenter\" src=\"https:\/\/wp.ufpel.edu.br\/precalculoceng\/files\/2023\/09\/bannerpronto-400x226.png\" alt=\"\" width=\"707\" height=\"400\" srcset=\"https:\/\/wp.ufpel.edu.br\/precalculoceng\/files\/2023\/09\/bannerpronto-400x226.png 400w, https:\/\/wp.ufpel.edu.br\/precalculoceng\/files\/2023\/09\/bannerpronto-1024x579.png 1024w, https:\/\/wp.ufpel.edu.br\/precalculoceng\/files\/2023\/09\/bannerpronto-768x434.png 768w, https:\/\/wp.ufpel.edu.br\/precalculoceng\/files\/2023\/09\/bannerpronto-1536x868.png 1536w, https:\/\/wp.ufpel.edu.br\/precalculoceng\/files\/2023\/09\/bannerpronto-2048x1158.png 2048w\" sizes=\"(max-width: 707px) 100vw, 707px\" \/><\/p>\r\n<p>&nbsp;<\/p>\r\n<p>\r\n\r\n<\/p>\r\n<p class=\"is-layout-flow wp-block-quote-is-layout-flow\" style=\"text-align: justify;\">\u00a0<\/p>\r\n","protected":false},"excerpt":{"rendered":"<p>O curso de Pr\u00e9-C\u00e1lculo tem como objetivo principal preparar o aluno para o C\u00e1lculo A e aborda de maneira direta e acess\u00edvel os conceitos de matem\u00e1tica b\u00e1sica e elementar fundamental. Fa\u00e7a sua inscri\u00e7\u00e3o! &nbsp; &nbsp; \u00a0<\/p>\n","protected":false},"author":318,"featured_media":0,"parent":0,"menu_order":0,"comment_status":"closed","ping_status":"closed","template":"","meta":{"footnotes":""},"class_list":["post-2","page","type-page","status-publish","hentry"],"_links":{"self":[{"href":"https:\/\/wp.ufpel.edu.br\/precalculoceng\/wp-json\/wp\/v2\/pages\/2","targetHints":{"allow":["GET"]}}],"collection":[{"href":"https:\/\/wp.ufpel.edu.br\/precalculoceng\/wp-json\/wp\/v2\/pages"}],"about":[{"href":"https:\/\/wp.ufpel.edu.br\/precalculoceng\/wp-json\/wp\/v2\/types\/page"}],"author":[{"embeddable":true,"href":"https:\/\/wp.ufpel.edu.br\/precalculoceng\/wp-json\/wp\/v2\/users\/318"}],"replies":[{"embeddable":true,"href":"https:\/\/wp.ufpel.edu.br\/precalculoceng\/wp-json\/wp\/v2\/comments?post=2"}],"version-history":[{"count":11,"href":"https:\/\/wp.ufpel.edu.br\/precalculoceng\/wp-json\/wp\/v2\/pages\/2\/revisions"}],"predecessor-version":[{"id":26,"href":"https:\/\/wp.ufpel.edu.br\/precalculoceng\/wp-json\/wp\/v2\/pages\/2\/revisions\/26"}],"wp:attachment":[{"href":"https:\/\/wp.ufpel.edu.br\/precalculoceng\/wp-json\/wp\/v2\/media?parent=2"}],"curies":[{"name":"wp","href":"https:\/\/api.w.org\/{rel}","templated":true}]}}