{"id":6938,"date":"2017-05-25T11:41:58","date_gmt":"2017-05-25T14:41:58","guid":{"rendered":"https:\/\/wp.ufpel.edu.br\/prec\/?page_id=6938"},"modified":"2019-09-17T14:48:08","modified_gmt":"2019-09-17T17:48:08","slug":"conselhos","status":"publish","type":"page","link":"https:\/\/wp.ufpel.edu.br\/prec\/conselhos\/","title":{"rendered":"Conselhos"},"content":{"rendered":"<p><strong>CONEXT &#8211; Conselho de Extens\u00e3o<\/strong><\/p>\n<p>Criado em 2017, \u00e9 \u00f3rg\u00e3o colegiado, consultivo e propositivo vinculado \u00e0 PREC, que atua sobre os assuntos de extens\u00e3o e cultura da Universidade. Al\u00e9m de representantes da equipe da PREC, \u00e9integrado por representantes das 22 unidades acad\u00eamicas da UFPel, dos discentes e do F\u00f3rum Social de Extens\u00e3o.<\/p>\n<p>&nbsp;<\/p>\n<p><strong>F\u00f3rum Social de Extens\u00e3o<\/strong><\/p>\n<p>Regulamentado em 2016, \u00e9 \u00f3rg\u00e3o consultivo para assessoramento da Pr\u00f3-Reitoria de Extens\u00e3o e Cultura da UFPel, que tem por finalidade representar a comunidade civil organizada perante a Universidade, visando \u00e0 aproxima\u00e7\u00e3o dessa com os movimentos sociais organizados.<\/p>\n<p>&nbsp;<\/p>\n<p><strong>Plano de Cultura da UFPel<\/strong><\/p>\n<p>O Plano de cultura da UFPel, iniciado em 2019, tem por objetivo \u201c30. Integrar as pol\u00edticas de extens\u00e3o com as pol\u00edticas p\u00fablicas, fortalecendo e qualificando as pol\u00edticas de gest\u00e3o institucional em termos de financiamento, cobertura, efici\u00eancia e efetividade\u201d, conforme consta no Plano de Desenvolvimento Institucional da UFPel, no que tange \u00e0 Extens\u00e3o Universit\u00e1ria.<\/p>\n<p>&nbsp;<\/p>\n<p><strong>Conselho Consultivo do Museu do Doce<\/strong><\/p>\n<p><strong>Comit\u00ea Local de Acompanhamento e Avalia\u00e7\u00e3o dos Grupos PET (CLAAPET)<\/strong><\/p>\n<p><strong>Comtur &#8211; Conselho Municipal de Turismo<\/strong><\/p>\n<p><strong>Conselho da Rede de Museus<\/strong><\/p>\n","protected":false},"excerpt":{"rendered":"<p>CONEXT &#8211; Conselho de Extens\u00e3o Criado em 2017, \u00e9 \u00f3rg\u00e3o colegiado, consultivo e propositivo vinculado \u00e0 PREC, que atua sobre os assuntos de extens\u00e3o e cultura da Universidade. Al\u00e9m de representantes da equipe da PREC, \u00e9integrado por representantes das 22 unidades acad\u00eamicas da UFPel, dos discentes e do F\u00f3rum Social de Extens\u00e3o. &nbsp; F\u00f3rum Social [&hellip;]<\/p>\n","protected":false},"author":34,"featured_media":0,"parent":0,"menu_order":0,"comment_status":"closed","ping_status":"closed","template":"","meta":{"footnotes":""},"class_list":["post-6938","page","type-page","status-publish","hentry"],"jetpack_sharing_enabled":true,"jetpack_shortlink":"https:\/\/wp.me\/P70d9s-1NU","_links":{"self":[{"href":"https:\/\/wp.ufpel.edu.br\/prec\/wp-json\/wp\/v2\/pages\/6938","targetHints":{"allow":["GET"]}}],"collection":[{"href":"https:\/\/wp.ufpel.edu.br\/prec\/wp-json\/wp\/v2\/pages"}],"about":[{"href":"https:\/\/wp.ufpel.edu.br\/prec\/wp-json\/wp\/v2\/types\/page"}],"author":[{"embeddable":true,"href":"https:\/\/wp.ufpel.edu.br\/prec\/wp-json\/wp\/v2\/users\/34"}],"replies":[{"embeddable":true,"href":"https:\/\/wp.ufpel.edu.br\/prec\/wp-json\/wp\/v2\/comments?post=6938"}],"version-history":[{"count":5,"href":"https:\/\/wp.ufpel.edu.br\/prec\/wp-json\/wp\/v2\/pages\/6938\/revisions"}],"predecessor-version":[{"id":12583,"href":"https:\/\/wp.ufpel.edu.br\/prec\/wp-json\/wp\/v2\/pages\/6938\/revisions\/12583"}],"wp:attachment":[{"href":"https:\/\/wp.ufpel.edu.br\/prec\/wp-json\/wp\/v2\/media?parent=6938"}],"curies":[{"name":"wp","href":"https:\/\/api.w.org\/{rel}","templated":true}]}}