{"id":6650,"date":"2017-05-17T08:12:59","date_gmt":"2017-05-17T11:12:59","guid":{"rendered":"https:\/\/wp.ufpel.edu.br\/prec\/?page_id=6650"},"modified":"2017-05-17T08:15:11","modified_gmt":"2017-05-17T11:15:11","slug":"comunicacoes","status":"publish","type":"page","link":"https:\/\/wp.ufpel.edu.br\/prec\/comunicacoes\/","title":{"rendered":"Comunica\u00e7\u00f5es"},"content":{"rendered":"<p>Comunica\u00e7\u00f5es que ser\u00e3o apresentadas nos dias 17 e 18 de maio as 14 hs no Museu do Doce da UFPel. Clique <a href=\"https:\/\/wp.ufpel.edu.br\/prec\/files\/2017\/05\/Comunica\u00e7\u00f5es.pdf\" target=\"_blank\" rel=\"noopener noreferrer\">aqui<\/a>.<\/p>\n","protected":false},"excerpt":{"rendered":"<p>Comunica\u00e7\u00f5es que ser\u00e3o apresentadas nos dias 17 e 18 de maio as 14 hs no Museu do Doce da UFPel. Clique aqui.<\/p>\n","protected":false},"author":34,"featured_media":0,"parent":0,"menu_order":0,"comment_status":"closed","ping_status":"closed","template":"","meta":{"footnotes":""},"class_list":["post-6650","page","type-page","status-publish","hentry"],"jetpack_sharing_enabled":true,"jetpack_shortlink":"https:\/\/wp.me\/P70d9s-1Jg","_links":{"self":[{"href":"https:\/\/wp.ufpel.edu.br\/prec\/wp-json\/wp\/v2\/pages\/6650","targetHints":{"allow":["GET"]}}],"collection":[{"href":"https:\/\/wp.ufpel.edu.br\/prec\/wp-json\/wp\/v2\/pages"}],"about":[{"href":"https:\/\/wp.ufpel.edu.br\/prec\/wp-json\/wp\/v2\/types\/page"}],"author":[{"embeddable":true,"href":"https:\/\/wp.ufpel.edu.br\/prec\/wp-json\/wp\/v2\/users\/34"}],"replies":[{"embeddable":true,"href":"https:\/\/wp.ufpel.edu.br\/prec\/wp-json\/wp\/v2\/comments?post=6650"}],"version-history":[{"count":2,"href":"https:\/\/wp.ufpel.edu.br\/prec\/wp-json\/wp\/v2\/pages\/6650\/revisions"}],"predecessor-version":[{"id":6656,"href":"https:\/\/wp.ufpel.edu.br\/prec\/wp-json\/wp\/v2\/pages\/6650\/revisions\/6656"}],"wp:attachment":[{"href":"https:\/\/wp.ufpel.edu.br\/prec\/wp-json\/wp\/v2\/media?parent=6650"}],"curies":[{"name":"wp","href":"https:\/\/api.w.org\/{rel}","templated":true}]}}