{"id":6434,"date":"2017-04-26T13:14:49","date_gmt":"2017-04-26T16:14:49","guid":{"rendered":"https:\/\/wp.ufpel.edu.br\/prec\/?page_id=6434"},"modified":"2019-03-11T09:40:06","modified_gmt":"2019-03-11T12:40:06","slug":"pba-extensao-projetos-2019","status":"publish","type":"page","link":"https:\/\/wp.ufpel.edu.br\/prec\/bolsas-de-extensao\/bolsas\/formulario-de-solicitacao-de-bolsas\/pba-extensao-projetos-2019\/","title":{"rendered":"PBA \/Extens\u00e3o Projetos &#8211; 2019"},"content":{"rendered":"<p>Acesse <a href=\"https:\/\/goo.gl\/forms\/8Yk09Ia7HSfMbHo73\" target=\"_blank\" rel=\"noopener noreferrer\">aqui<\/a> o formul\u00e1rio de solicita\u00e7\u00e3o de bolsa.<\/p>\n","protected":false},"excerpt":{"rendered":"<p>Acesse aqui o formul\u00e1rio de solicita\u00e7\u00e3o de bolsa.<\/p>\n","protected":false},"author":34,"featured_media":0,"parent":2176,"menu_order":0,"comment_status":"closed","ping_status":"closed","template":"","meta":{"footnotes":""},"class_list":["post-6434","page","type-page","status-publish","hentry"],"jetpack_sharing_enabled":true,"jetpack_shortlink":"https:\/\/wp.me\/P70d9s-1FM","_links":{"self":[{"href":"https:\/\/wp.ufpel.edu.br\/prec\/wp-json\/wp\/v2\/pages\/6434","targetHints":{"allow":["GET"]}}],"collection":[{"href":"https:\/\/wp.ufpel.edu.br\/prec\/wp-json\/wp\/v2\/pages"}],"about":[{"href":"https:\/\/wp.ufpel.edu.br\/prec\/wp-json\/wp\/v2\/types\/page"}],"author":[{"embeddable":true,"href":"https:\/\/wp.ufpel.edu.br\/prec\/wp-json\/wp\/v2\/users\/34"}],"replies":[{"embeddable":true,"href":"https:\/\/wp.ufpel.edu.br\/prec\/wp-json\/wp\/v2\/comments?post=6434"}],"version-history":[{"count":7,"href":"https:\/\/wp.ufpel.edu.br\/prec\/wp-json\/wp\/v2\/pages\/6434\/revisions"}],"predecessor-version":[{"id":10779,"href":"https:\/\/wp.ufpel.edu.br\/prec\/wp-json\/wp\/v2\/pages\/6434\/revisions\/10779"}],"up":[{"embeddable":true,"href":"https:\/\/wp.ufpel.edu.br\/prec\/wp-json\/wp\/v2\/pages\/2176"}],"wp:attachment":[{"href":"https:\/\/wp.ufpel.edu.br\/prec\/wp-json\/wp\/v2\/media?parent=6434"}],"curies":[{"name":"wp","href":"https:\/\/api.w.org\/{rel}","templated":true}]}}