{"id":6238,"date":"2018-02-15T18:24:45","date_gmt":"2018-02-15T20:24:45","guid":{"rendered":"https:\/\/wp.ufpel.edu.br\/prec\/?page_id=6238"},"modified":"2026-01-22T10:27:24","modified_gmt":"2026-01-22T13:27:24","slug":"tutoriais","status":"publish","type":"page","link":"https:\/\/wp.ufpel.edu.br\/prec\/projetos\/tutoriais\/","title":{"rendered":"Tutoriais"},"content":{"rendered":"<p><strong>Tutoriais e Fluxos de Extens\u00e3o \u2013 PREC | Universidade Federal de Pelotas (UFPel)<\/strong><\/p>\n<p style=\"text-align: justify\">Nesta p\u00e1gina, voc\u00ea encontra os principais tutoriais sobre a submiss\u00e3o, execu\u00e7\u00e3o e avalia\u00e7\u00e3o de atividades extensionistas da Universidade Federal de Pelotas (UFPel). A Pr\u00f3-Reitoria de Extens\u00e3o e Cultura (PREC) disponibiliza guias passo a passo para o cadastro de programas, projetos e a\u00e7\u00f5es, al\u00e9m de orienta\u00e7\u00f5es sobre prorroga\u00e7\u00f5es, relat\u00f3rios, certifica\u00e7\u00f5es e outros processos de registro e acompanhamento da extens\u00e3o universit\u00e1ria. Est\u00e3o dispon\u00edveis tamb\u00e9m os fluxos necess\u00e1rios para o bom andamento das atividades, acess\u00edveis a todos os extensionistas da institui\u00e7\u00e3o.<\/p>\n<p>&nbsp;<\/p>\n<p><strong>Tutoriais:<\/strong><\/p>\n<ul>\n<li>Cadastro de Projetos: (<a href=\"https:\/\/wp.ufpel.edu.br\/prec\/files\/2025\/10\/CADASTRO-DE-PROJETO.pdf\" target=\"_blank\" rel=\"noopener\">PDF<\/a>) | <a href=\"https:\/\/youtu.be\/eNcWifh9btA\">(V\u00cdDEO)\u00a0<\/a>| (<a href=\"https:\/\/wp.ufpel.edu.br\/prec\/files\/2025\/10\/Guia_de_Cadastro__Cobalto_Projeto.mp4\" target=\"_blank\" rel=\"noopener\">RESUMO EM V\u00cdDEO<\/a>)<\/li>\n<li>Cadastro de Programas: (<a href=\"https:\/\/wp.ufpel.edu.br\/prec\/files\/2025\/10\/CADASTRO-DE-PROGRAMA.pdf\" target=\"_blank\" rel=\"noopener\">PDF<\/a>) | (V\u00cdDEO) | (<a href=\"https:\/\/wp.ufpel.edu.br\/prec\/files\/2025\/10\/Cadastro_no_Cobalto_-Programa.mp4\" target=\"_blank\" rel=\"noopener\">RESUMO EM V\u00cdDEO<\/a>)<\/li>\n<li>Cadastro de A\u00e7\u00f5es: (<a href=\"https:\/\/wp.ufpel.edu.br\/prec\/files\/2025\/10\/CADASTRO-DE-ACOES.pdf\" target=\"_blank\" rel=\"noopener\">PDF<\/a>) | <a href=\"https:\/\/youtu.be\/7Er4-j9d6Hc\">(V\u00cdDEO)\u00a0<\/a>| (<a href=\"https:\/\/wp.ufpel.edu.br\/prec\/files\/2025\/10\/Registar_Acao_de_Extensao_UFPel.mp4\" target=\"_blank\" rel=\"noopener\">RESUMO EM V\u00cdDEO<\/a>)<\/li>\n<li>Cadastro de Pessoas Externas: <a href=\"https:\/\/www.youtube.com\/watch?v=A-dn-OnVzTs\">(V\u00cdDEO)<\/a><\/li>\n<li>Processo de Certifica\u00e7\u00e3o &#8211; Instru\u00e7\u00f5es para encaminhamento via SEI: (<a href=\"https:\/\/wp.ufpel.edu.br\/prec\/files\/2025\/10\/Guia_SEI_Certificados.pdf\" target=\"_blank\" rel=\"noopener\">PDF<\/a>)<\/li>\n<li>Prorroga\u00e7\u00e3o de Projetos: (<a href=\"https:\/\/wp.ufpel.edu.br\/prec\/files\/2025\/10\/PRORROGACAO.pdf\" target=\"_blank\" rel=\"noopener\">PDF<\/a>) | <a href=\"https:\/\/youtu.be\/fAQrt9QqORU\">(V\u00cdDEO)<\/a><\/li>\n<li>Relat\u00f3rio: (<a href=\"https:\/\/wp.ufpel.edu.br\/prec\/files\/2025\/10\/Relatorio.pdf\" target=\"_blank\" rel=\"noopener\">PDF<\/a>) | <a href=\"https:\/\/youtu.be\/wYd-SlgU_u4\">(V\u00cdDEO)<\/a><\/li>\n<li>Visualizar o parecer da CIP em nova proposta de a\u00e7\u00e3o em projeto unificado <a href=\"https:\/\/youtu.be\/YTOSx2Sk5A0\" target=\"_blank\" rel=\"noopener\">(V\u00cdDEO)<\/a><\/li>\n<\/ul>\n<p>&nbsp;<\/p>\n<p><strong>Base de conhecimento SEI:<\/strong><\/p>\n<ul>\n<li><a href=\"https:\/\/wp.ufpel.edu.br\/prec\/files\/2025\/03\/SEI-_-UFPel-Cadastro-ou-Alteracao-de-Instituicao-Parceira-SRA.pdf\" target=\"_blank\" rel=\"noopener\">Cadastro ou altera\u00e7\u00e3o de institui\u00e7\u00e3o parceira<\/a><\/li>\n<li><a href=\"https:\/\/wp.ufpel.edu.br\/prec\/files\/2025\/07\/Cancelamento-de-Acao_Projeto-de-Extensao.pdf\" target=\"_blank\" rel=\"noopener\">Cancelamento de A\u00e7\u00e3o\/Projeto de Extens\u00e3o<\/a><\/li>\n<li><a href=\"https:\/\/wp.ufpel.edu.br\/prec\/files\/2022\/08\/SEI-_-UFPel-Correcao-de-Certificado-SRA.pdf\" target=\"_blank\" rel=\"noopener noreferrer\">Corre\u00e7\u00e3o de Certificado<\/a><\/li>\n<li><a href=\"https:\/\/wp.ufpel.edu.br\/prec\/files\/2022\/08\/SEI-_-UFPel-Dados-de-Extensao-SRA.pdf\" target=\"_blank\" rel=\"noopener noreferrer\">Dados de Extens\u00e3o<\/a><\/li>\n<li><a href=\"https:\/\/wp.ufpel.edu.br\/prec\/files\/2022\/08\/SEI-_-UFPel-Emissao-de-Certificado-SRA.pdf\" target=\"_blank\" rel=\"noopener noreferrer\">Emiss\u00e3o de Certificado<\/a><\/li>\n<li><a href=\"https:\/\/wp.ufpel.edu.br\/prec\/files\/2022\/08\/SEI-_-UFPel-Prorrogacao-de-Prazo-de-Projeto-de-Extensao-SRA.pdf\" target=\"_blank\" rel=\"noopener noreferrer\">Prorroga\u00e7\u00e3o de prazo de projeto de Extens\u00e3o<\/a><\/li>\n<li><a href=\"https:\/\/wp.ufpel.edu.br\/prec\/files\/2022\/08\/SEI-_-UFPel-Relatorio-de-Projeto_Acao-de-Extensao-SRA.pdf\" target=\"_blank\" rel=\"noopener noreferrer\">Relat\u00f3rio de A\u00e7\u00e3o\/Projeto de Extens\u00e3o<\/a><\/li>\n<li><a href=\"https:\/\/wp.ufpel.edu.br\/prec\/files\/2022\/09\/SEI-_-UFPel-Solicitacao-de-Ajuste-em-Programas-Projetos-e-Acoes-de-Extensao-SRA.pdf\" target=\"_blank\" rel=\"noopener\">Solicita\u00e7\u00e3o de ajuste em Programa\/Projeto\/A\u00e7\u00e3o de Extens\u00e3o<\/a><\/li>\n<li><a href=\"https:\/\/wp.ufpel.edu.br\/prec\/files\/2022\/08\/SEI-_-UFPel-Substituicao-da-Coordenacao-de-Projeto-de-Extensao-SRA.pdf\" target=\"_blank\" rel=\"noopener noreferrer\">Substitui\u00e7\u00e3o da Coordena\u00e7\u00e3o de Projeto de Extens\u00e3o<\/a><\/li>\n<li><a href=\"https:\/\/wp.ufpel.edu.br\/prec\/files\/2022\/08\/SEI-_-UFPel-Substituicao-de-Bolsista-em-Programa_-Projeto-de-Extensao-SRA.pdf\" target=\"_blank\" rel=\"noopener\">Substitui\u00e7\u00e3o de Bolsista em Projeto de Extens\u00e3o<\/a><\/li>\n<\/ul>\n<p>&nbsp;<\/p>\n","protected":false},"excerpt":{"rendered":"<p>Tutoriais e Fluxos de Extens\u00e3o \u2013 PREC | Universidade Federal de Pelotas (UFPel) Nesta p\u00e1gina, voc\u00ea encontra os principais tutoriais sobre a submiss\u00e3o, execu\u00e7\u00e3o e avalia\u00e7\u00e3o de atividades extensionistas da Universidade Federal de Pelotas (UFPel). A Pr\u00f3-Reitoria de Extens\u00e3o e Cultura (PREC) disponibiliza guias passo a passo para o cadastro de programas, projetos e a\u00e7\u00f5es, [&hellip;]<\/p>\n","protected":false},"author":34,"featured_media":14123,"parent":12557,"menu_order":0,"comment_status":"closed","ping_status":"closed","template":"","meta":{"footnotes":""},"class_list":["post-6238","page","type-page","status-publish","has-post-thumbnail","hentry"],"jetpack_sharing_enabled":true,"jetpack_shortlink":"https:\/\/wp.me\/P70d9s-1CC","_links":{"self":[{"href":"https:\/\/wp.ufpel.edu.br\/prec\/wp-json\/wp\/v2\/pages\/6238","targetHints":{"allow":["GET"]}}],"collection":[{"href":"https:\/\/wp.ufpel.edu.br\/prec\/wp-json\/wp\/v2\/pages"}],"about":[{"href":"https:\/\/wp.ufpel.edu.br\/prec\/wp-json\/wp\/v2\/types\/page"}],"author":[{"embeddable":true,"href":"https:\/\/wp.ufpel.edu.br\/prec\/wp-json\/wp\/v2\/users\/34"}],"replies":[{"embeddable":true,"href":"https:\/\/wp.ufpel.edu.br\/prec\/wp-json\/wp\/v2\/comments?post=6238"}],"version-history":[{"count":3,"href":"https:\/\/wp.ufpel.edu.br\/prec\/wp-json\/wp\/v2\/pages\/6238\/revisions"}],"predecessor-version":[{"id":24019,"href":"https:\/\/wp.ufpel.edu.br\/prec\/wp-json\/wp\/v2\/pages\/6238\/revisions\/24019"}],"up":[{"embeddable":true,"href":"https:\/\/wp.ufpel.edu.br\/prec\/wp-json\/wp\/v2\/pages\/12557"}],"wp:featuredmedia":[{"embeddable":true,"href":"https:\/\/wp.ufpel.edu.br\/prec\/wp-json\/wp\/v2\/media\/14123"}],"wp:attachment":[{"href":"https:\/\/wp.ufpel.edu.br\/prec\/wp-json\/wp\/v2\/media?parent=6238"}],"curies":[{"name":"wp","href":"https:\/\/api.w.org\/{rel}","templated":true}]}}